{"id":75,"date":"2018-08-29T17:40:27","date_gmt":"2018-08-29T16:40:27","guid":{"rendered":"http:\/\/blog.uclm.es\/pascualgonzalez\/?page_id=75"},"modified":"2025-12-16T19:48:06","modified_gmt":"2025-12-16T18:48:06","slug":"tesis-doctorales-dirigidas","status":"publish","type":"page","link":"https:\/\/blog.uclm.es\/pascualgonzalez\/tesis-doctorales-dirigidas\/","title":{"rendered":"Tesis doctorales dirigidas"},"content":{"rendered":"<p>\u2022 MAS4DT: A proposal for developing digital twins based-on multi-agent system. (FPU: FPU2021\/02679).\u00a0 Mar\u00eda Elena Pretel Fern\u00e1ndez. (Sobresaliente Cum Laude &#8211; doctorado Europeo). Universidad de Castilla-La Mancha. Elena Navarro Mart\u00ednez, Pascual Gonz\u00e1lez L\u00f3pez (directores),\u00a027\/11\/2025<\/p>\n<p>\u2022 Evaluaci\u00f3n ecol\u00f3gica de las funciones ejecutivas en adolescentes con trastornos por d\u00e9ficit de atenci\u00f3n con hiperactividad (TDAH).\u00a0 Antonio del Pino Gonz\u00e1lez. (Sobresaliente). Universidad de Granada. Dulce Nombre De Maria Romero Ayuso, Pascual Gonz\u00e1lez L\u00f3pez (directores), 07\/11\/2025<\/p>\n<p><span style=\"font-size: revert\">\u2022 Bocetado de interacciones enactivas. Andr\u00e9s Rodr\u00edguez (Sobresaliente Cum Laude). Universidad: Universidad Nacional de la Plata (Argentina).Facultad \/ Escuela: Facultad de Inform\u00e1tica (Doctorado en Ciencias Inform\u00e1ticas) Gustavo Rossi, Pascual Gonz\u00e1lez L\u00f3pez (directores), 22\/11\/2019<\/span><\/p>\n<p>\u2022 Interacci\u00f3n multisensorial sin cables, en entornos inteligentes de rehabilitaci\u00f3n(FPU: FPU13\/03141). Miguel Oliver Segovia (Sobresaliente Cum Laude &#8211; doctorado Europeo). Universidad de Castilla-La Mancha. Pascual Gonz\u00e1lez L\u00f3pez, Jos\u00e9 Pascual Molina Mass\u00f3 (directores), 10\/01\/2019<\/p>\n<p>\u2022 Improving collaborative post-wimpsystems through requirements specification .(FPU: AP2010-0259). Miguel Angel Teruel Mart\u00ednez (Sobresaliente Cum Laude &#8211; doctorado Europeo). Universidad de Castilla-La Mancha. Pascual Gonz\u00e1lez L\u00f3pez, Elena Navarro Mart\u00ednez (directores), 06\/09\/2016. <strong>Mejor Tesis Doctoral en el \u00e1rea de Ingenier\u00eda y Arquitectura UCLM 2017<\/strong>; <strong>Mejor Tesis Doctoral otorgada por la Sociedad Ingenier\u00eda del Software y las Tecnolog\u00edas de Desarrollo de Software (SISTEDES), 2018<\/strong><\/p>\n<p>\u2022 A vibrotactile prototyping toolkit for virtual reality and videogames. Jonatan Mart\u00ednez Mu\u00f1oz (Sobresaliente Cum Laude &#8211; doctorado Europeo). Universidad de Castilla-La Mancha. Pascual Gonz\u00e1lez L\u00f3pez, Jos\u00e9 Pascual Molina Mass\u00f3 (directores), 25\/02\/2014<\/p>\n<p>\u2022 AFreeCA: A development platform for collaborative virtual environments. Diego Mart\u00ednez Plasencia (Sobresaliente Cum Laude &#8211; doctorado Europeo). Universidad de Castilla-La Mancha. Pascual Gonz\u00e1lez L\u00f3pez, Jos\u00e9 Pascual Molina Mass\u00f3 (directores), 24\/11\/2010<\/p>\n<p>\u2022 Estudio y mejoras de la interacci\u00f3n en entornos virtuales colaborativos.: Arturo Sim\u00f3n Garc\u00eda Jim\u00e9nez (Sobresaliente Cum Laude &#8211; doctorado Europeo). Universidad de Castilla-La Mancha. Pascual Gonz\u00e1lez L\u00f3pez, Jos\u00e9 Pascual Molina Mass\u00f3(directores), 18\/01\/2010<\/p>\n<p>\u2022 Un enfoque estructurado para el desarrollo de interfaces de usuario 3D. Jos\u00e9 Pascual Molina Mass\u00f3 (Sobresaliente Cum Laude &#8211; doctorado Europeo). Universidad de Castilla-La Mancha. Pascual Gonz\u00e1lez L\u00f3pez (director), 29\/02\/2008<\/p>\n<p>\u2022 Integraci\u00f3n de recursos espaciales y no espaciales en la web. Un acercamiento a la web sem\u00e1ntica geoespacial. Jos\u00e9 Eduardo C\u00f3rcoles Tendero (Sobresaliente Cum Laude) Universidad de Castilla-La Mancha. Pascual Gonz\u00e1lez L\u00f3pez (director), 17\/10\/2005<\/p>\n<p>\u2022 Interfaces de usuario adaptativos basados en modelos y agentes software. V\u00edctor Manuel L\u00f3pez Jaquero. (Sobresaliente Cum Laude &#8211; doctorado Europeo). Universidad de Castilla-La Mancha. Pascual Gonz\u00e1lez L\u00f3pez, Antonio Fern\u00e1ndez Caballero (directores), 14\/10\/2005<\/p>\n<p>\u2022 Integraci\u00f3n de calidad y experiencia en el desarrollo de interfaces de usuario dirigido por modelos. Francisco Montero Simarro. (Sobresaliente Cum Laude &#8211; doctorado Europeo). Universidad de Castilla-La Mancha. Pascual Gonz\u00e1lez L\u00f3pez, Mar\u00eda Dolores Lozano P\u00e9rez(directores), 13\/10\/2005<\/p>\n<p>\u2022 Entorno metodol\u00f3gico orientado a objetos para la especificaci\u00f3n y desarrollo de interfaces de usuario. Mar\u00eda Dolores Lozano P\u00e9rez. Sobresaliente Cum Laude. Universidad Polit\u00e9cnica de Valencia. Isidro Ramos Salavert, Pascual Gonz\u00e1lez L\u00f3pez (directores), 5\/12\/2001<\/p>\n","protected":false},"excerpt":{"rendered":"<p>\u2022 MAS4DT: A proposal for developing digital twins based-on multi-agent system. (FPU: FPU2021\/02679).\u00a0 Mar\u00eda Elena Pretel Fern\u00e1ndez. (Sobresaliente Cum Laude &#8211; doctorado Europeo). Universidad de Castilla-La Mancha. Elena Navarro Mart\u00ednez, Pascual Gonz\u00e1lez L\u00f3pez (directores),\u00a027\/11\/2025 \u2022 Evaluaci\u00f3n ecol\u00f3gica de las funciones ejecutivas en adolescentes con trastornos por d\u00e9ficit de atenci\u00f3n con hiperactividad (TDAH).\u00a0 Antonio del Pino &hellip; <a href=\"https:\/\/blog.uclm.es\/pascualgonzalez\/tesis-doctorales-dirigidas\/\" class=\"more-link\">Seguir leyendo <span class=\"screen-reader-text\">Tesis doctorales dirigidas<\/span> <span class=\"meta-nav\">&rarr;<\/span><\/a><\/p>\n","protected":false},"author":113,"featured_media":0,"parent":0,"menu_order":0,"comment_status":"closed","ping_status":"closed","template":"","meta":{"footnotes":""},"class_list":["post-75","page","type-page","status-publish","hentry"],"_links":{"self":[{"href":"https:\/\/blog.uclm.es\/pascualgonzalez\/wp-json\/wp\/v2\/pages\/75","targetHints":{"allow":["GET"]}}],"collection":[{"href":"https:\/\/blog.uclm.es\/pascualgonzalez\/wp-json\/wp\/v2\/pages"}],"about":[{"href":"https:\/\/blog.uclm.es\/pascualgonzalez\/wp-json\/wp\/v2\/types\/page"}],"author":[{"embeddable":true,"href":"https:\/\/blog.uclm.es\/pascualgonzalez\/wp-json\/wp\/v2\/users\/113"}],"replies":[{"embeddable":true,"href":"https:\/\/blog.uclm.es\/pascualgonzalez\/wp-json\/wp\/v2\/comments?post=75"}],"version-history":[{"count":2,"href":"https:\/\/blog.uclm.es\/pascualgonzalez\/wp-json\/wp\/v2\/pages\/75\/revisions"}],"predecessor-version":[{"id":708,"href":"https:\/\/blog.uclm.es\/pascualgonzalez\/wp-json\/wp\/v2\/pages\/75\/revisions\/708"}],"wp:attachment":[{"href":"https:\/\/blog.uclm.es\/pascualgonzalez\/wp-json\/wp\/v2\/media?parent=75"}],"curies":[{"name":"wp","href":"https:\/\/api.w.org\/{rel}","templated":true}]}}