{"id":59,"date":"2018-08-27T18:07:36","date_gmt":"2018-08-27T17:07:36","guid":{"rendered":"http:\/\/blog.uclm.es\/pascualgonzalez\/?page_id=59"},"modified":"2025-03-12T19:52:48","modified_gmt":"2025-03-12T18:52:48","slug":"libros-y-capitulos-de-libros","status":"publish","type":"page","link":"https:\/\/blog.uclm.es\/pascualgonzalez\/libros-y-capitulos-de-libros\/","title":{"rendered":"Libros y Cap\u00edtulos de Libros"},"content":{"rendered":"<p>42.- Luj\u00e1n Mill\u00e1n, F., Gonz\u00e1lez L\u00f3pez, P., Garc\u00eda Bravo, A. B., Mart\u00ednez Mu\u00f1oz, J., Garc\u00eda Jim\u00e9nez, A. S., &amp; Molina Mass\u00f3, J. P. (2025). The Future of Midwife Training: Towards a Virtual Reality Haptic Obstetric Simulator with Two Points of Contact. In <i>Future Perspectives on Human-Computer Interaction Research: Towards the Year 2030<\/i> (pp. 187-206). Cham: Springer Nature Switzerland. DOI 10.1007\/978-3-031-71697-3_8<\/p>\n<p>41.- Mart\u00ednez, J., Garc\u00eda, A. S., Oliver, M., Gonz\u00e1lez, P., &amp; Molina, J. P. (2020). Chapter 10: The Sense of Touch as the Last Frontier in Virtual Reality Technology. <i>Virtual Reality Designs<\/i>, 218-246. DOI: 10.1201\/9781003019589-10<\/p>\n<p>40.- Paulo Novais, P., Jung, J.J., Villarrubia-Gonz\u00e1lez, G., Fern\u00e1ndez-Caballero, A., Navarro, E., Gonz\u00e1lez, P., Carneiro, D., Pinto, A., Campbell, A.T., Dur\u00e3es, D. (Editors) (2018) <em>Ambient Intelligence &#8211; Software and Applications -, 9th International Symposium on Ambient Intelligence<\/em> (ISBN: 978-3-030-01745-3). Advances in Intelligent Systems and Computing book series. Vol. 806, pp 1-413 DOI: 10.1007\/978-3-030-01746-0<\/p>\n<p>39.- Fdez-Riverola, F., Mohamad, M.s., Rocha, M., De Paz, J.F., Gonz\u00e1lez, P. (Editors) (2018) <em>Practical Applications of Computational Biology and Bioinformatics, 12th International Conference<\/em> (ISBN: 978-3-319-98701-9). Advances in Intelligent Systems and Computing book series. Vol. 803, pp 1-226 DOI: 10.1007\/978-3-319-98702-6<\/p>\n<p>38.- Montero, F. L\u00f3pez-Jaquero, V. Gonz\u00e1lez, P. (2015) Accessibility: An Open Issue in the Interactive Digital Television. <em>Applications and Usability of Interactive TV<\/em>. Communications in Computer and Information Science. ISBN: 978-3-319-22655-2. Vol. 389, pp. 105-119 DOI: 10.1007\/978-3-319-22656-9_8<\/p>\n<p>37.- Gonz\u00e1lez, S. Montero, F. Gonz\u00e1lez, P. (2013) Chapter10. BaLOReS: A Framework for Quantitative User Interface Evaluation. <em>New Trends in Interaction, Virtual Reality and Modeling<\/em>. (ISBN: 978-1-4471-5445-7), pp. 127-143 DOI: 10.1007\/978-1-4471-5445-7_10<\/p>\n<p>36.- Mu\u00f1oz, M.A., Mart\u00ednez; J., Molina, J.P., Gonzalez, P., Fernandez,A. (2013) Evaluation of a 3d Video Conference System Based on Multi-Camera Motion Parallax. <em>Natural and Artificial Computation in Engineering and Medical Applications<\/em>. Lecture Notes in Computer Science. ISBN: 978-3-642-38621-3. Vol. 7931, pp. 159-168 DOI: 10.1007\/978-3-642-38622-0_17<\/p>\n<p>35.- Teruel, M.A., Navarro, E., L\u00f3pez-Jaquero, V., Montero, F., Gonz\u00e1lez, P. (2013) Comparing Goal-Oriented Approaches to Model Requirements for CSCW. <em>Evaluation of Novel Approaches to Software Engineering<\/em>. Maciaszek, Leszek A.; Zhang, Kang (Eds.) Communications in Computer and Information Science. ISBN 978-3-642-32341-6. Volume 275, pp. 169-184 DOI: 10.1007\/978-3-642-32341-6_12<\/p>\n<p>34.- Lopez-Jaquero, V. Montero, F. Gonz\u00e1lez, P. (2011) T:XML: A Tool Supporting User Interface Model Transformation. <em>Model-driven development of advanced user interfaces<\/em>. Edited By: Hussmann, H. , Meixner, G., Zuehlke, D., (ISBN:978-3-642-14561-2), pp. 241-256 DOI: 10.1007\/978-3-642-14562-9_12<\/p>\n<p>33.- Gonz\u00e1lez, G., Molina, J.P., Garc\u00eda, A.S., Mart\u00ednez, D., Gonz\u00e1lez, P. (2009) Chapter 11: Evaluation of Text Input Techniques in Immersive Virtual Environments. <em>New Trends on Human-Computer Interaction: Research, Development, New Tools and Methods<\/em>. Edited By: J.A. Mac\u00edas, T. Granollers &amp; P.M. Latorre, (ISBN: 978-1-84882-351-8), pp. 109-118 DOI: 10.1007\/978-1-84882-352-5_11<\/p>\n<p>32.- C\u00f3rcoles, J.E., Gonz\u00e1lez, P. (2009) Chapter I: GML as Database &#8211; Present and Future. <em>Handbook of Research on Geoinformatics<\/em>, Edited By: Hassan A. Karimi, University of Pittsburgh, USA (ISBN:978-1-59140-996-0), pp.1-10 DOI: 10.4018\/978-1-59140-995-3.ch001<\/p>\n<p>31.- C\u00f3rcoles, J.E., Gonz\u00e1lez, P. (2009) Chapter II: Querying GML &#8211; A Pressing Need. <em>Handbook of Research on Geoinformatics<\/em>, Edited By: Hassan A. Karimi, University of Pittsburgh, USA (ISBN:978-1-59140-996-0), pp. 11-20 DOI: 10.4018\/978-1-59140-995-3.ch002<\/p>\n<p>30.- Molina, J.P., Gonz\u00e1lez, P., Vanderdonckt, J., Garc\u00eda, A.S., Mart\u00ednez, D. (2009) Chapter 10. A Space model for 3D user interface development. <em>Computer-Aided Design of User Interfaces VI<\/em>, ISBN: 978-1-84882-205-4, pp. 103-114 DOI:10.1007\/978-1-84882-206-1_10<\/p>\n<p>29.- L\u00f3pez-Jaquero, V. Montero, F. Gonz\u00e1lez, P. (2009) Chapter 24. Quality of adaptation: user cognitive models in adaptation quality assessment. <em>Computer-Aided Design of User Interfaces VI<\/em>, ISBN: 978-1-84882-205-4, pp. 265-275 DOI: 10.1007\/978-1-84882-206-1_24<\/p>\n<p>28.- Gonz\u00e1lez, P. (2009) Capitulo 4. Investigaci\u00f3n, cultura emprendedora y empresa. El Parque Cient\u00edfico y Tecnol\u00f3gico de Albacete: una nueva infraestructura para potenciar la Sociedad del Conocimiento. <em>Informe CYD 2009<\/em> (ISBN: 2009 978-84-614-0189-5), pp. 227-227<\/p>\n<p>27.- Montero, F. Lozano, M. Gonz\u00e1lez, P. (2008) Chapter XIII: Usability-Oriented Quality Model based on Ergonomic Criteria. <em>Handbook of Research on Web Information Systems Quality<\/em>. Calero, C., Moraga, M. and Piattini,M (eds). ISBN: 9781599048475, pp. 220-233 DOI: 10.4018\/978-1-59904-847-5.ch013<\/p>\n<p>26.- Garc\u00eda, A.S., Mart\u00ednez, D., Molina, J.P., Gonz\u00e1lez, P. (2008) Creation and Evaluation of a Virtual and Collaborative Playground. <em>Engineering the User Interface. From Research to Practice<\/em>. M. Redondo, C. Bravo, M. Ortega (eds) ISBN: 978-1-84800-135-0, pp. 195-210 DOI: 10.1007\/978-1-84800-136-7_14<\/p>\n<p>25.- L\u00f3pez-Jaquero, V. Montero, F., Molina, J.P., Gonz\u00e1lez, P. (2008) Intelligent User Interfaces: Past, Present and Future. <em>Engineering the User Interface. From Research to Practice<\/em>. M. Redondo, C. Bravo, M. Ortega (eds) ISBN: 978-1-84800-135-0, pp. 259-270 DOI: 10.1007\/978-1-84800-136-7_18<\/p>\n<p>24.- Molina, J.P., Vanderdonckt, J., Gonz\u00e1lez, P., Fern\u00e1ndez-Caballero, A., Lozano, M. (2007) Rapid prototyping of distributed user interfaces. <em>Computer-Aided Design of User Interfaces V<\/em>. Calvary, G.; Pribeanu, C.; Santucci, G.; Vanderdonckt, J. (Eds.) ISBN 978-1-4020-5819-6, pp. 151-166 DOI: 10.1007\/978-1-4020-5820-2_12<\/p>\n<p>23.- Lozano, M., Montero, F., Garc\u00eda, F.J., Gonz\u00e1lez, P. (2005) Cap\u00edtulo 8: Calidad en el desarrollo de aplicaciones Web: modelos, m\u00e9todos de evaluaci\u00f3n y m\u00e9tricas de calidad. <em>Ingenier\u00eda de la Web y patrones de dise\u00f1o<\/em> (ISBN 84-205-4609-7). pp. 241-265<\/p>\n<p>22.- Gonz\u00e1lez, P., Montero, F., Lozano, M. (2005) La Calidad en una Web Usable y Accesible. <em>Colecci\u00f3n Ciencia y T\u00e9cnica n\u00ba 47.<\/em> Sistemas Interactivos y colaborativos en la Web (ISBN 84-8427-352-0). pp. 125-145<\/p>\n<p>21.- Molina, J-P., Gonz\u00e1lez, P., Lozano, M., Montero, F., L\u00f3pez, V. (2003) Bridging the gap: developing 2D and 3D user interfaces with IDEAS methodology. <em>Interactive Systems: Design, Specification and Verification<\/em>. 10th Workshop on the Design, Specification and Verification of Interactive System (DSV-IS 2003), Madeira, Portugal, June 4-6, 2003, Proceedings. Lecture Notes in Computer Science (ISBN: 978-3-540-20159-5). Vol. 2844, pp. 303-315 DOI: 10.1007\/978-3-540-39929-2_21<\/p>\n<p>20.- L\u00f3pez, V., Montero, F., Molina, J.P., Ferandez-Caballero, A., Gonz\u00e1lez, P. (2003) Model-based design of adaptive user interfaces through connectors. <em>Interactive Systems: Design, Specification and Verification<\/em>. 10th Workshop on the Design, Specification and Verification of Interactive System (DSV-IS 2003), Madeira, Portugal, June 4-6, 2003, Proceedings. Lecture Notes in Computer Science (ISBN: 978-3-540-20159-5). Vol. 2844, pp. 245-257 DOI: 10.1007\/978-3-540-39929-2_17<\/p>\n<p>19.- Montero, F. L\u00f3pez, V., Molina, J.P., Gonz\u00e1lez, P. (2003) An Approach to Develop User Interfaces with Plasticity. <em>Interactive Systems: Design, Specification and Verification<\/em>. 10th Workshop on the Design, Specification and Verification of Interactive System (DSV-IS 2003), Madeira, Portugal, June 4-6, 2003, Proceedings. Lecture Notes in Computer Science (ISBN: 978-3-540-20159-5). Vol. 2844, pp. 420-423 DOI: 10.1007\/978-3-540-39929-2_31<\/p>\n<p>18.- Molina, J.P,. Gonz\u00e1lez, P., Lozano, M. (2003) Developing 3D Uis using the IDEAS Tool: A case of study. <em>Human-Computer Interaction. Theory and Practic<\/em>e (ISBN 0-8058-4930-0).pp. 1193-1197<\/p>\n<p>17.- Montero , F., L\u00f3pez, V., Lozano, M., Gonz\u00e1lez, P. (2003) A Quality Model for Testing the Usability of Web Sites.<em> Human-Computer Interaction. Theory and Practice<\/em> (ISBN 0-8058-4930-0). pp. 803-807<\/p>\n<p>16.- Molina, J.P., Gonz\u00e1lez, P. (2003) La generaci\u00f3n de interfaces Post WIMP y su desarrollo en el Laboratorio de Interacci\u00f3n Persona-Ordenador de Albacete. <em>Tendencias actuales en la interacci\u00f3n persona-ordenador: accesibilidad, adaptabilidad y nuevos paradigmas<\/em> (ISBN: 84-921873-1-X). pp 77-94<\/p>\n<p>15.- Monta\u00f1\u00e9s, J., et al. (2003) <em>Aprender y Jugar: Actividades Educativas Mediante el Material L\u00fadico-Did\u00e1ctico Prismaker System<\/em> (ISBN: 84-8427-253-2), pp. 1-291<\/p>\n<p>14.- Gonz\u00e1lez, P. (2003) Grandes Infraestructuras de futuro: Infraestructuras para la Sociedad del Conocimiento. <em>XXV a\u00f1os de historia social y econ\u00f3mica en Albacete 1977\/2002<\/em> (ISBN: 84-95394-56-1), pp. 563-584<\/p>\n<p>13.- Montero, F., Lozano, M., Gonz\u00e1lez, P. (2002) Calidad en Interfaces de Usuario. <em>Calidad Desarrollo y Mantenimiento del Software<\/em>. (ISBN 84-7897-544-6). pp. 93-118<\/p>\n<p>12.- Gonz\u00e1lez, P. (2002) Parque Cient\u00edfico y Tecnol\u00f3gico de Albacete: un espacio para la innovaci\u00f3n. <em>Parques Cient\u00edficos y Tecnol\u00f3gicos : Una apuesta innovadora<\/em> (ISBN: 84-607-5067-1). pp. 1-14<\/p>\n<p>11.- Garc\u00eda-Consuegra, J.D., Gonz\u00e1lez, P., Lozano, M., Fern\u00e1ndez-Caballero, A. (2002) Desarrollando los sistemas de la sociedad de la informaci\u00f3n. <em>Parques Cient\u00edficos y Tecnol\u00f3gicos : Una apuesta innovadora<\/em> (ISBN: 84-607-5067-1). pp. 139-150<\/p>\n<p>10.- Gonz\u00e1lez, P., Moyano, E., Molina, J.P., Verd\u00fa, I. (2001) Chapter 1: Analyzing Parallel Ray Tracing Algorithms. <em>Parallel and Distributed Computer Graphics<\/em> ISBN: 1-59033-176-1. pp. 1-14<\/p>\n<p>9.- Montero, F., L\u00f3pez, V., Lozano, M., Gonz\u00e1lez, P (2001) Interfaces de usuario. El gran reto de los Sistemas de Informaci\u00f3n Geogr\u00e1fica. Sistemas de Informaci\u00f3n Geogr\u00e1fica. <em>Una aproximaci\u00f3n desde la Ingenier\u00eda del Software y las Bases de Datos<\/em> (ISBN 84-931933-1-3). pp. 107-118<\/p>\n<p>8.- Lozano, M., Gonz\u00e1lez, P., Ramos I. (2000) Especificaci\u00f3n de Interfaces de Usuario en un Entorno de Producci\u00f3n Autom\u00e1tica de Software Orientado a Objetos. Aproximaci\u00f3n Basada en Modelos. <em>Ingenier\u00eda del Software y Bases de Datos. Tendencias Actuales<\/em>. (ISBN.-84-8427-077-7). Vol. Ciencia y T\u00e9cnica n\u00ba 28, pp. 35-58<\/p>\n<p>7.- Gonz\u00e1lez, P., Garc\u00eda-Consuegra, J. (Editors) (1998) <em>Inform\u00e1tica Gr\u00e1fica <\/em>(ISBN.-84-89958-23-8). Vol. Ciencia y T\u00e9cnica n\u00ba 19, pp. 1-296<\/p>\n<p>6.- Gonz\u00e1lez, P., Gisbert, F., Garc\u00eda-Consuegra, J. (1998) Tratamiento de gr\u00e1ficos en 2D. <em>Inform\u00e1tica Gr\u00e1fica <\/em>(ISBN.-84-89958-23-8). Vol. Ciencia y T\u00e9cnica n\u00ba 19, pp. 12-30<\/p>\n<p>5.- Gallud, J.A., Gald\u00f3n, , Gonz\u00e1lez, P. (1995) <em>Inform\u00e1tica de Gesti\u00f3n<\/em> (ISBN:920449-2-6)<\/p>\n<p>4.- Fern\u00e1ndez, M.A., Moreno, G., Gonz\u00e1lez, P., Rojo,T. (Editors) (1995) Vida Artificial (ISBN:84-88255-98-5).Vol. Ciencia y T\u00e9cnica n\u00ba 10, pp. 1-206<\/p>\n<p>3.- Gonz\u00e1lez, P. (1995) <em>Evaluaci\u00f3n de Sistemas Inform\u00e1ticos<\/em> (ISBN:84-87626-13-0)<\/p>\n<p>2.- Gonz\u00e1lez, P. (1994) Una versi\u00f3n paralela del algoritmo trazador de rayos para la generaci\u00f3n de im\u00e1genes \u201cfoto-realistas\u201d. <em>Nuevas tendencias en la Inform\u00e1tica : Arquitecturas paralelas y programaci\u00f3n declarativa<\/em>. ISBN.: 84-88255-63-2. pp. 201-217<\/p>\n<p>1.- Gonz\u00e1lez, A.A., Gonz\u00e1lez, P. (1994) I<em>ntroducci\u00f3n a la programaci\u00f3n<\/em> (ISBN: 84-87626-40-8)<\/p>\n","protected":false},"excerpt":{"rendered":"<p>42.- Luj\u00e1n Mill\u00e1n, F., Gonz\u00e1lez L\u00f3pez, P., Garc\u00eda Bravo, A. B., Mart\u00ednez Mu\u00f1oz, J., Garc\u00eda Jim\u00e9nez, A. S., &amp; Molina Mass\u00f3, J. P. (2025). The Future of Midwife Training: Towards a Virtual Reality Haptic Obstetric Simulator with Two Points of Contact. In Future Perspectives on Human-Computer Interaction Research: Towards the Year 2030 (pp. 187-206). Cham: &hellip; <a href=\"https:\/\/blog.uclm.es\/pascualgonzalez\/libros-y-capitulos-de-libros\/\" class=\"more-link\">Seguir leyendo <span class=\"screen-reader-text\">Libros y Cap\u00edtulos de Libros<\/span> <span class=\"meta-nav\">&rarr;<\/span><\/a><\/p>\n","protected":false},"author":113,"featured_media":0,"parent":0,"menu_order":0,"comment_status":"closed","ping_status":"closed","template":"","meta":{"footnotes":""},"class_list":["post-59","page","type-page","status-publish","hentry"],"_links":{"self":[{"href":"https:\/\/blog.uclm.es\/pascualgonzalez\/wp-json\/wp\/v2\/pages\/59","targetHints":{"allow":["GET"]}}],"collection":[{"href":"https:\/\/blog.uclm.es\/pascualgonzalez\/wp-json\/wp\/v2\/pages"}],"about":[{"href":"https:\/\/blog.uclm.es\/pascualgonzalez\/wp-json\/wp\/v2\/types\/page"}],"author":[{"embeddable":true,"href":"https:\/\/blog.uclm.es\/pascualgonzalez\/wp-json\/wp\/v2\/users\/113"}],"replies":[{"embeddable":true,"href":"https:\/\/blog.uclm.es\/pascualgonzalez\/wp-json\/wp\/v2\/comments?post=59"}],"version-history":[{"count":1,"href":"https:\/\/blog.uclm.es\/pascualgonzalez\/wp-json\/wp\/v2\/pages\/59\/revisions"}],"predecessor-version":[{"id":678,"href":"https:\/\/blog.uclm.es\/pascualgonzalez\/wp-json\/wp\/v2\/pages\/59\/revisions\/678"}],"wp:attachment":[{"href":"https:\/\/blog.uclm.es\/pascualgonzalez\/wp-json\/wp\/v2\/media?parent=59"}],"curies":[{"name":"wp","href":"https:\/\/api.w.org\/{rel}","templated":true}]}}