{"id":459,"date":"2018-05-23T10:38:35","date_gmt":"2018-05-23T10:38:35","guid":{"rendered":"http:\/\/blog.uclm.es\/ascualgonzalez\/?page_id=2"},"modified":"2026-03-23T20:10:06","modified_gmt":"2026-03-23T19:10:06","slug":"pagina-ejemplo-2","status":"publish","type":"page","link":"https:\/\/blog.uclm.es\/pascualgonzalez\/pagina-ejemplo-2\/","title":{"rendered":"Quien soy"},"content":{"rendered":"<p>Soy Licenciado en Inform\u00e1tica (1986) y Doctor en Inform\u00e1tica (1999) por la Universidad Polit\u00e9cnica de Madrid. Tras finalizar mis estudios de licenciatura trabaj\u00e9 en diferentes empresas como Unilever (empresa multinacional); GCI-Inform\u00e1tica (empresa de servicios inform\u00e1ticos) o AB Asesores Burs\u00e1tiles (empresa de bolsa). En 1991 me incorporo como profesor a la Universidad de Castilla-La Mancha dentro del departamento de Sistemas Inform\u00e1ticos, donde he impartido docencia en asignaturas del Grado, Master y Doctorado y donde actualmente ejerzo como Catedr\u00e1tico de Universidad.<\/p>\n<p>Mis <strong>l\u00edneas de investigaci\u00f3n<\/strong> se asocian con la interacci\u00f3n persona ordenador (HCI) y la ingenier\u00eda del software (SE), principales \u00e1reas de actuaci\u00f3n del grupo <a href=\"http:\/\/www.i3a.uclm.es\/louise\/louise\/index.php?lang=en\" target=\"_blank\" rel=\"noopener noreferrer\">LoUISE<\/a> (Laboratorio de Interacci\u00f3n con el Usuario e Ingenier\u00eda del Software) que dirijo desde su creaci\u00f3n en el a\u00f1o 2000. Dentro del \u00e1rea de HCI mi principal investigaci\u00f3n se ha centrado en el \u00e1mbito de la Realidad Virtual (RV) y del desarrollo de Sistemas Colaborativos y Adaptativos siguiendo el paradigma del Desarrollo Dirigido por Modelos. En este \u00faltimo \u00e1mbito he participado, junto al resto de mi equipo, en redes europeas (SIMILAR), acciones COST (294-MAUSE y TwinTide IC0904) y en la definici\u00f3n de UsiXML, proyecto dirigido por el profesor Jean Vanderdonckt de la Universit\u00e9 Catholique de Louvain (Belgium). Dentro del \u00e1mbito de la RV es relevante indicar que soy socio desde sus inicios de la European Association for Virtual Reality and Augmented Reality (EuroXR) y en la iniciativa de la Comisi\u00f3n Europea para potenciar la industria XR en Europa (XR4ALL<strong>)<\/strong>. M\u00e1s recientemente mi inter\u00e9s se centra en el uso de gemelos digitales dentro de diferentes \u00e1mbitos, principalmente en el \u00e1mbito del desarrollo de sistemas de tele-rehabilitaci\u00f3n para mejorar las terapias asociadas a la rehabilitaci\u00f3n de ni\u00f1os con TDAH, personas afectadas de Da\u00f1o Cerebral Sobrevenido y personas ancianas.<span style=\"font-size: inherit\">\u00a0Igualmente dentro del \u00e1mbito de la salud, y m\u00e1s concretamente de la salud mental, formo parte del Centro de Investigaci\u00f3n Biom\u00e9dica en Red de Salud Mental (<\/span><a style=\"font-size: inherit\" href=\"https:\/\/www.cibersam.es\/grupos\/grupo-de-investigacion?id=24612\" target=\"_blank\" rel=\"noopener noreferrer\">CIBERSAM<\/a><span style=\"font-size: inherit\">), donde nos centramos en el dise\u00f1o de terapias para diferentes problemas que sufren personas con esquizofrenia.<\/span><\/p>\n<p>Toda esta <strong>actividad investigadora <\/strong> se ha reflejado 13 tesis doctorales dirigidas, numerosos art\u00edculos (m\u00e1s de 177 aparecen registrados en Scopus) en conferencias y revistas relevantes en el \u00e1mbito internacional y nacional, de los cuales 62 han sido publicados en revistas indexadas en JCR (Q1:28 ; Q2:18; Q3:5; Q4:11) y otros 29 lo est\u00e1n en conferencias indexadas en CORE dentro de las categor\u00edas A y B (CORE A: 13; CORE B: 16). A su vez, soy editor de varios Special Issues en revistas indexadas en JCR como Pervasive and Mobile Computing, Cognitive Computation, Expert Systems o Applied Sciences, colaborando, igualmente, como revisor de revistas como IEEE Internet Computing; Journal of Systems and Software; Science of Computer Programming; Journal of Universal Computer Science; IEEE Access; Sensors; Artificial Intelligence in Medicine; Computers in Human Behavior; etc. Todo ello ha sido posible, en parte, a los diferentes proyectos del Plan Nacional de los que he sido investigador principal, cuatro en los \u00faltimos diez a\u00f1os, dos de los cuales han sido coordinados y en ellos he sido responsable de su coordinaci\u00f3n.<\/p>\n<p>Por otra parte, en al \u00e1mbito de la <strong> transferencia de tecnolog\u00eda <\/strong>, junto a la direcci\u00f3n de numerosos proyectos con empresas (PROFIT; AVANZA y Art. 83), que han dado lugar a la creaci\u00f3n de sistemas innovadores a disposici\u00f3n de las empresas, es de destacar la participaci\u00f3n en una patente con la empresa Eurocopter Espa\u00f1a (actualmente Airbus Helicopters). Igualmente, es relevante remarcar que he sido Socio Fundador de la Spin-off SymbiaIT. Esta empresa fue creada al amparo del primer proyecto de creaci\u00f3n de empresas (Spin-off) de la UCLM en 2007, y de la cual fui nombrado presidente del Consejo de Administraci\u00f3n en el a\u00f1o 2012. A su vez, es importante resaltar que durante el per\u00edodo 2002-2012 he compaginado mi actividad docente e investigadora con el cargo de Director General de la Fundaci\u00f3n Parque Cient\u00edfico y Tecnol\u00f3gico de Albacete (Fundaci\u00f3n P\u00fablica Regional). Esta actividad me ha permitido gestionar proyectos relevantes como el <a href=\"http:\/\/www.educa.jccm.es\/idiuniv\/es\/investigacion\/instituto-recursos-humanos-ciencia-tecnologia-increcyt\" target=\"_blank\" rel=\"noopener noreferrer\">INCRECYT<\/a>, proyecto de incorporaci\u00f3n de investigadores al Sistema Regional de Investigaci\u00f3n de Castilla-La Mancha, y otros asociados a la adquisici\u00f3n y gesti\u00f3n de infraestructuras de investigaci\u00f3n. A su vez, desde la direcci\u00f3n de la Fundaci\u00f3n Parque Cient\u00edfico y Tecnol\u00f3gico de Albacete, lidere varios proyectos de <strong>divulgaci\u00f3n cient\u00edfica <\/strong>. El m\u00e1s relevante fue el proyecto denominado \u201cFeria Vive la Ciencia\u201d que cont\u00f3 con financiaci\u00f3n de la FECYT y del gobierno regional. Estas jornadas de divulgaci\u00f3n, realizadas durante varios cursos acad\u00e9micos, ofrec\u00edan la posibilidad de que ni\u00f1os y j\u00f3venes de colegios e institutos de la provincia presentaran sus proyectos cient\u00edficos al p\u00fablico en una feria que duraba varios d\u00edas. Estas actividades se complementaban con otras actividades de puesta en contacto de empresa con grupos de investigaci\u00f3n (como por ejemplo el proyecto \u201cParque Tecnol\u00f3gico Virtual\u201d), lo que dio lugar a la creaci\u00f3n de un tejido innovador alrededor de la empresa del parque, aumentando el n\u00famero de proyectos de investigaci\u00f3n de las empresas en colaboraci\u00f3n con la UCLM y la contrataci\u00f3n de doctores a trav\u00e9s del programa Torres Quevedo por dichas empresas. En este momento ese proyecto que inicie en 2002 se ha convertido hoy en uno de los polos de innovaci\u00f3n m\u00e1s relevantes de la regi\u00f3n con m\u00e1s de 40 empresas y de 800 trabajadores, la inmensa mayor\u00eda titulados universitarios.<\/p>\n","protected":false},"excerpt":{"rendered":"<p>Soy Licenciado en Inform\u00e1tica (1986) y Doctor en Inform\u00e1tica (1999) por la Universidad Polit\u00e9cnica de Madrid. Tras finalizar mis estudios de licenciatura trabaj\u00e9 en diferentes empresas como Unilever (empresa multinacional); GCI-Inform\u00e1tica (empresa de servicios inform\u00e1ticos) o AB Asesores Burs\u00e1tiles (empresa de bolsa). En 1991 me incorporo como profesor a la Universidad de Castilla-La Mancha dentro &hellip; <a href=\"https:\/\/blog.uclm.es\/pascualgonzalez\/pagina-ejemplo-2\/\" class=\"more-link\">Seguir leyendo <span class=\"screen-reader-text\">Quien soy<\/span> <span class=\"meta-nav\">&rarr;<\/span><\/a><\/p>\n","protected":false},"author":113,"featured_media":0,"parent":0,"menu_order":0,"comment_status":"closed","ping_status":"open","template":"","meta":{"footnotes":""},"class_list":["post-459","page","type-page","status-publish","hentry"],"_links":{"self":[{"href":"https:\/\/blog.uclm.es\/pascualgonzalez\/wp-json\/wp\/v2\/pages\/459","targetHints":{"allow":["GET"]}}],"collection":[{"href":"https:\/\/blog.uclm.es\/pascualgonzalez\/wp-json\/wp\/v2\/pages"}],"about":[{"href":"https:\/\/blog.uclm.es\/pascualgonzalez\/wp-json\/wp\/v2\/types\/page"}],"author":[{"embeddable":true,"href":"https:\/\/blog.uclm.es\/pascualgonzalez\/wp-json\/wp\/v2\/users\/113"}],"replies":[{"embeddable":true,"href":"https:\/\/blog.uclm.es\/pascualgonzalez\/wp-json\/wp\/v2\/comments?post=459"}],"version-history":[{"count":9,"href":"https:\/\/blog.uclm.es\/pascualgonzalez\/wp-json\/wp\/v2\/pages\/459\/revisions"}],"predecessor-version":[{"id":735,"href":"https:\/\/blog.uclm.es\/pascualgonzalez\/wp-json\/wp\/v2\/pages\/459\/revisions\/735"}],"wp:attachment":[{"href":"https:\/\/blog.uclm.es\/pascualgonzalez\/wp-json\/wp\/v2\/media?parent=459"}],"curies":[{"name":"wp","href":"https:\/\/api.w.org\/{rel}","templated":true}]}}