{"id":233,"date":"2018-08-30T13:16:22","date_gmt":"2018-08-30T12:16:22","guid":{"rendered":"http:\/\/blog.uclm.es\/pascualgonzalez\/proyectos-como-ip\/"},"modified":"2018-08-30T13:16:22","modified_gmt":"2018-08-30T12:16:22","slug":"proyectos-como-ip-2","status":"publish","type":"page","link":"https:\/\/blog.uclm.es\/pascualgonzalez\/proyectos-como-ip-2\/","title":{"rendered":"Principal Investigator"},"content":{"rendered":"<blockquote><p><strong>European<\/strong><\/p><\/blockquote>\n<p>\u2022\tEnhancing user interface design. UsiXML (01\/10\/2009 &#8211; 28\/02\/2012)<br \/>\nFunding entity: EUREKA-ITEA2 (08026)<br \/>\nOther participating entities: A\u00e9rodrones, Baum Engineering,CSB Hanse, Company for Software and Development, DAI-Labor, DefiMedia, ErgoSign, Gostai, Informatics-Telematics Inst., Inst. T\u00e9l\u00e9com,  LIP6,Namahn, OutSystems, ProDevelop, See &amp; Touch, SIV AG, Telef\u00f3nica I+D, Thales, Univ. Castilla-La Mancha, Univ. Madeira, Univ. Polit\u00e9cnica de Valencia, Univ. Joseph Fourier, Univ. Catholique de Louvain, Univ. Namur,Univ. Paderborn, Univ. Rostock,VRSense<br \/>\nPrincipal Investigator: Pascual Gonz\u00e1lez L\u00f3pez\t<\/p>\n<p>\u2022\tMyMobileWeb: Advanced technologies enabling multi-device mobile access to current and future web applications, services and information portals (01\/01\/2007 &#8211; 31\/12\/2009)<br \/>\nFunding entity: EUREKA-CELTIC (ID: CP4-020)<br \/>\nOther participating entities: Telef\u00f3nica I+D; Telef\u00f3nica M\u00f3viles; GERMINUS XXI; INTERNET WEB SERVIES; ANSWARETECH; YACO; Fundaci\u00f3n CTIC; Universidad Polit\u00e9cnica de Madrid, Tisco<br \/>\nPrincipal Investigator: Pascual Gonz\u00e1lez L\u00f3pez<\/p>\n<blockquote><p><strong>National<\/strong><\/p><\/blockquote>\n<p>\u2022\tArquitectura y tecnologias post-wimp para el desarrollo de entornos virtuales sociales, multi-sensoriales y adaptativos en tele-rehabilitacion (01\/01\/2017 &#8211; 31\/12\/2019); Project amount: 90.900 \u20ac<br \/>\nFunding entity: Ministerio de Econom\u00eda y Competitividad (TIN2016-79100-R)<br \/>\nPrincipal Investigator: Pascual Gonz\u00e1lez L\u00f3pez, Elena Navarro Mart\u00ednez<\/p>\n<p>\u2022\tAmpliando UsiXML para el desarrollo de interfaces de usuario post-wimp (01\/01\/2013 &#8211; 31\/12\/2015); Project amount: 130.900 \u20ac<br \/>\nFunding entity: Ministerio de Econom\u00eda y Competitividad (TIN2012-34003)<br \/>\nPrincipal Investigator: Pascual Gonz\u00e1lez L\u00f3pez<\/p>\n<p>\u2022\tCalidad, adaptacion y nuevos paradigmas aplicados a sistemas colaborativos (01\/01\/2009 &#8211; 31\/12\/2012); Project amount: 102.000 \u20ac<br \/>\nFunding entity: Ministerio de Ciencia e Innovaci\u00f3n (TIN2008-06596-C02-01)<br \/>\nOther participating entities: Universidad de Granada, Universidad de Lleida<br \/>\nPrincipal Investigator: Pascual Gonz\u00e1lez L\u00f3pez<\/p>\n<p>\u2022\tADACO\/ Entornos colaborativos: metodolog\u00edas de desarrollo de interfaces adaptativas (COMEDIA) (13\/12\/2004 &#8211; 31\/12\/2007); Project amount: 55.200,00 \u20ac<br \/>\nFunding entity: CICYT (TIN2004-08000-C03-01)<br \/>\nOther participating entitiess: Universidad de Granada, Universidad de Lleida<br \/>\nPrincipal Investigator: Pascual Gonz\u00e1lez L\u00f3pez<\/p>\n<p>\u2022\tMyMobileWeb: Advanced technologies enabling multi-device mobile access to current and future web applications, services and information portals (25\/06\/2007 &#8211; 31\/03\/2011) ; Project amount: 75.000,00 \u20ac ; 43.000 \u20ac; 21.302 \u20ac; 16.207 \u20ac<br \/>\nFunding entity: PROFIT (FIT-350405-2007-1); AvanzaI+D (TSI-020301-2008-25); AvanzaI+D (TSI-020301-2009-14); AvanzaCompetitividadI+D+I (TSI-020400-2010-118)<br \/>\nOther participating entities: Telef\u00f3nica I+D; Telef\u00f3nica M\u00f3viles; GERMINUS XXI; Internet web servies; ANSWARETECH; YACO; Fundaci\u00f3n CTIC; Universidad Polit\u00e9cnica de Madrid<br \/>\nPrincipal Investigator: Pascual Gonz\u00e1lez L\u00f3pez<\/p>\n<p>\u2022\t7th International Conference on Computer Aided Design on User Interface (01\/01\/2008 &#8211; 22\/12\/2008) ; Project amount:  12.000 \u20ac<br \/>\nFunding entity: Ministerio de Ciencia e Innovaci\u00f3n (TIN2008-02066-E)<br \/>\nPrincipal Investigator: Pascual Gonz\u00e1lez<\/p>\n<p>\u2022\tIX Congreso Internacional de Interacci\u00f3n Persona-Ordenador (01\/01\/2008 &#8211; 22\/12\/2008) ; Project amount:  3.000 \u20ac<br \/>\nFunding entity: Ministerio de Ciencia e Innovaci\u00f3n (TIN2008-00797-E)<br \/>\nPrincipal Investigator: Pascual Gonz\u00e1lez<\/p>\n<blockquote><p><strong>Regional<\/strong><\/p><\/blockquote>\n<p>\u2022\tNuevos entornos y paradigmas de interacci\u00f3n (01\/04\/2009 &#8211; 31\/12\/2012); Project amount: 180.000 \u20ac<br \/>\nFunding entity: JCCM (PEII09-0054-9581)<br \/>\nPrincipal Investigator: Pascual Gonz\u00e1lez<\/p>\n<p>\u2022\tMoodle Mobile de la Mancha (27\/07\/2010 &#8211; 26\/07\/2012); Project amount: 12.000 \u20ac<br \/>\nFunding entity: JCCM (Proyectos de innovaci\u00f3n e investigaci\u00f3n. Programa IV convenio cooperaci\u00f3n UCLM-JCCM)<br \/>\nPrincipal Investigator: Pascual Gonz\u00e1lez<\/p>\n<p>\u2022\tEntornos virtuales colaborativos aplicados a sistemas de aprendizaje( 09\/04\/2006 &#8211; 31\/12\/2008); Project amount: 101.980,00 \u20ac<br \/>\nFunding entity: JCCM (PAI06-0093-8836)<br \/>\nOther participating entities: Universidad Miguel Hern\u00e1ndez<br \/>\nPrincipal Investigator: Pascual Gonz\u00e1lez L\u00f3pez<\/p>\n<p>\u2022\tNuevas t\u00e9cnicas de interacci\u00f3n: realidad virtual y visi\u00f3n por computador (1\/04\/2005 &#8211; 31\/12\/2007); Project amount: 130.092,34 \u20ac<br \/>\nFunding entity: Fondos FEDER Infraestructura Cient\u00edfica (UNCM05-23-050)<br \/>\nPrincipal Investigator: Pascual Gonz\u00e1lez L\u00f3pez<\/p>\n<p>\u2022\tMetodolog\u00edas de desarrollo de Interfaces de usuario din\u00e1micas (1\/01\/2003 &#8211; 31\/12\/2005); Project amount: 78.000,00 \u20ac<br \/>\nFunding entity: Junta de Comunidades de Castilla-La Mancha (PBC-03-003)<br \/>\nOther participating entities: Universidad Polit\u00e9cnica de Valencia, Universidad Miguel Hern\u00e1ndez<br \/>\nPrincipal Investigator: Pascual Gonz\u00e1lez L\u00f3pez<\/p>\n<p>\u2022\tRed de estaciones de trabajo para gesti\u00f3n de aplicaciones de realidad virtual (1\/08\/2002 &#8211; 31\/12\/2003); Project amount: 125.010,52 \u20ac<br \/>\nFunding entity: Fondos FEDER Infraestructura Cient\u00edfica<br \/>\nPrincipal Investigator: Pascual Gonz\u00e1lez L\u00f3pez<\/p>\n<p>\u2022\tIntervenci\u00f3n en educaci\u00f3n infantil y primaria, mediante material l\u00fadico did\u00e1ctico VIRTUAL-PRISMAKER (1\/01\/2001 &#8211; 31\/12\/2001); Project amount: 6.500.000 pts.<br \/>\nFunding entity: Junta de Comunidades de Castilla-La Mancha y el Fondo Social Europeo. (2000020264)<br \/>\nOther participating entities: PRIMAKER SYSTEM, S.L.<br \/>\nPrincipal Investigator: Pascual Gonz\u00e1lez L\u00f3pez<\/p>\n<p>\u2022\tEstudio de Metodolog\u00edas de Dise\u00f1o de Interfaces de Usuario en Entornos Distribuidos y Portables (1\/01\/2001 &#8211; 31\/12\/2001); Project amount:  500.000 pts.<br \/>\nFunding entity: Universidad de Castilla-La Mancha. (011.1255)<br \/>\nPrincipal Investigator: Pascual Gonz\u00e1lez L\u00f3pez\t<\/p>\n<p>\u2022\tGesti\u00f3n de explotaciones ganaderas (1\/07\/2000 &#8211; 31\/3\/2001); Project amount:  6.896.551 pts.<br \/>\nFunding entity: Junta de Comunidades de Castilla-La Mancha<br \/>\nPrincipal Investigator: Pascual Gonz\u00e1lez L\u00f3pez<\/p>\n","protected":false},"excerpt":{"rendered":"<p>European \u2022 Enhancing user interface design. UsiXML (01\/10\/2009 &#8211; 28\/02\/2012) Funding entity: EUREKA-ITEA2 (08026) Other participating entities: A\u00e9rodrones, Baum Engineering,CSB Hanse, Company for Software and Development, DAI-Labor, DefiMedia, ErgoSign, Gostai, Informatics-Telematics Inst., Inst. T\u00e9l\u00e9com, LIP6,Namahn, OutSystems, ProDevelop, See &amp; Touch, SIV AG, Telef\u00f3nica I+D, Thales, Univ. Castilla-La Mancha, Univ. Madeira, Univ. Polit\u00e9cnica de Valencia, Univ. &hellip; <a href=\"https:\/\/blog.uclm.es\/pascualgonzalez\/proyectos-como-ip-2\/\" class=\"more-link\">Seguir leyendo <span class=\"screen-reader-text\">Principal Investigator<\/span> <span class=\"meta-nav\">&rarr;<\/span><\/a><\/p>\n","protected":false},"author":113,"featured_media":0,"parent":0,"menu_order":0,"comment_status":"closed","ping_status":"closed","template":"","meta":{"footnotes":""},"class_list":["post-233","page","type-page","status-publish","hentry"],"_links":{"self":[{"href":"https:\/\/blog.uclm.es\/pascualgonzalez\/wp-json\/wp\/v2\/pages\/233","targetHints":{"allow":["GET"]}}],"collection":[{"href":"https:\/\/blog.uclm.es\/pascualgonzalez\/wp-json\/wp\/v2\/pages"}],"about":[{"href":"https:\/\/blog.uclm.es\/pascualgonzalez\/wp-json\/wp\/v2\/types\/page"}],"author":[{"embeddable":true,"href":"https:\/\/blog.uclm.es\/pascualgonzalez\/wp-json\/wp\/v2\/users\/113"}],"replies":[{"embeddable":true,"href":"https:\/\/blog.uclm.es\/pascualgonzalez\/wp-json\/wp\/v2\/comments?post=233"}],"version-history":[{"count":0,"href":"https:\/\/blog.uclm.es\/pascualgonzalez\/wp-json\/wp\/v2\/pages\/233\/revisions"}],"wp:attachment":[{"href":"https:\/\/blog.uclm.es\/pascualgonzalez\/wp-json\/wp\/v2\/media?parent=233"}],"curies":[{"name":"wp","href":"https:\/\/api.w.org\/{rel}","templated":true}]}}