{"id":147,"date":"2018-08-31T19:18:59","date_gmt":"2018-08-31T18:18:59","guid":{"rendered":"http:\/\/blog.uclm.es\/pascualgonzalez\/?page_id=147"},"modified":"2018-08-31T19:18:59","modified_gmt":"2018-08-31T18:18:59","slug":"trabajos","status":"publish","type":"page","link":"https:\/\/blog.uclm.es\/pascualgonzalez\/trabajos\/","title":{"rendered":"Trabajos Fin de Carrera \/ Grado"},"content":{"rendered":"<blockquote><p><strong>Proyectos Fin de Carrera Diplomatura en Inform\u00e1tica<\/strong><\/p><\/blockquote>\n<p>\u2022  D. Francisco Torrente  Peinado. 1991-1992. Orientacion  a  obietos, El  nuevo paradigma  de  los  noventa: propuesta  de  una metodologla completa.<br \/>\n\u2022  D. Jos\u00e9  Mario  Mepeda  Mu\u00f1oz. 1991-1992. La  estrategia  de  desarrollo  del  software  m\u00e1s importante  de  los a\u00f1os  noventa:  la reutilizacion.<br \/>\n\u2022  D. Agust\u00edn  Campos  Soriano. 1992-1993. Prototipado:  metodologla  alternativa  de  desarrollo  de sistemas  de  informaci\u00f3n.<br \/>\n\u2022  D. Javier Castillo Navarro. 1992-1993. Aproximaci\u00f3n aI  reconocimiento  geom\u00e9trico  de formas.<br \/>\n\u2022  D. Rafael Velasco S\u00e1nchez. 1992-1993. Merise: aplicaci\u00f3n del  m\u00e9ndo en  un  entorno  real.<br \/>\n\u2022  D\u00f1a. Julia  S\u00e1nchezRodrlguez-Acosta. 1992-1993.Gu\u00eda te\u00f3rico-pr\u00e1ctica  del  m\u00e9todo Merise.<br \/>\n\u2022  D. Fernando  Cantero S\u00e1nchez. 1992-1993. Sistemas soporte  de  decisiones: Tratamiento  desde  una  perspectiva  de  l\u00f3gica borrosa.<br \/>\n\u2022  D. Manuel Altamirano Talavera. 1993-1994. Information engineering y su aplicaci\u00f3n para obtener el sistema de informaci\u00f3n de una empresa.<br \/>\n\u2022  D. Miguel Angel Lara Villanueva. 1993-1994. Elecci\u00f3n e implantaci\u00f3n de una metodolog\u00eda de concepci\u00f3n an\u00e1lisis y desarrollo de sistemas de informaci\u00f3n en una organizaci\u00f3n.<\/p>\n<blockquote><p><strong>Proyectos Fin de Carrera de las Ingenier\u00edas T\u00e9cnicas, Ingenier\u00eda Superior y Trabajos Fin de Grado<\/strong><\/p><\/blockquote>\n<p>\u2022  D. Jos\u00e9 Pascual Molina Mass\u00f3. 1999-2000. Estudio de t\u00e9cnicas de aceleraci\u00f3n del trazado de rayos basadas en la utilizaci\u00f3n de estructuras de descomposici\u00f3n asociadas a las escenas.<br \/>\n\u2022  D. Jos\u00e9 Antonio Catal\u00e1n Alarc\u00f3n. 2000-2001. Evaluaci\u00f3n de la metodolog\u00eda IDEAS a trav\u00e9s de su aplicaci\u00f3n a casos reales .<br \/>\n\u2022  D. Luis Enrique Ram\u00edrez Pel\u00e1ez. 2000-2001. Utilizaci\u00f3n de lenguajes paralelos de paso de mensajes (MPI) para la optimizaci\u00f3n de proceso de s\u00edntesis de im\u00e1genes tridimensionales.<br \/>\n\u2022  D. Alfonso Jes\u00fas Garc\u00eda Bravo. 2001-2002. Herramientas de an\u00e1lisis y recopilaci\u00f3n de requisitos para la generaci\u00f3n autom\u00e1tica de interfaces de usuario en un entorno de desarrollo orientado a objetos.<br \/>\n\u2022  D. Antonio Jos\u00e9 Mart\u00ednez Onate. 2001-2002. Implementaci\u00f3n de una herramienta de dise\u00f1o y especificaci\u00f3n de componentes de interfaces de usuario.<br \/>\n\u2022  D. Jos\u00e9 Luis Gil Gil. 2001-2002. Estudio de lenguajes de definici\u00f3n de interfaces de usuario basados en extensiones de XML.<br \/>\n\u2022  D. Ram\u00f3n de Haro Navarro. 2003-2004. Evoluci\u00f3n de sistemas legados. Un enfoque pr\u00e1ctico.<br \/>\n\u2022  D. Jos\u00e9 Ignacio Vecina S\u00e1nchez. 2005-2006. Realidad  Aumentada en dispositivos portables.<br \/>\n\u2022  D. Alberto Rabanal C\u00f3rcoles. 2010-2011. Realidad aumentada para dispositivos m\u00f3viles aplicada al proceso de montaje de sistemas complejos.<br \/>\n\u2022  D. Jos\u00e9 Manuel Braz\u00e1lez Segovia. 2011-2012. Interfaz  Multimodal Hombre-M\u00e1quina para la Manipulaci\u00f3n de C\u00e1maras Pan-Tilt-Zoom.<br \/>\n\u2022  D. Jose Ignacio Blanco Cruzado. 2011-2012. Simulaci\u00f3n de Telas usando un Modelo de Part\u00edculas de tipo Masa-Resorte en Tiempo Real.<br \/>\n\u2022  D. Alvaro Alcolea Cuevas. 2013-2014. Entorno para la captura y gesti\u00f3n de movimientos utilizando Kinect.<br \/>\n\u2022  D. Jos\u00e9 \u00c1ngel Pardo Cerd\u00e1n. 2015-2016.Desarrollo de una herramienta de creaci\u00f3n de juegos 3D para el tratamiento de la heminegligencia.<br \/>\n\u2022  D. Pablo Pla Gutierrez. 2015-2016. Manejo de sistemas interactivos a trav\u00e9s de la mente.<br \/>\n\u2022  D. Iv\u00e1n Vizca\u00edno M\u00fagica. 2016-2017. Desarrollo de una herramienta de gesti\u00f3n de proyectos basados en Scrum.<br \/>\n\u2022  D. Mario Garc\u00eda S\u00e1nchez. 2016-2017. Creaci\u00f3n de una herramienta para el dise\u00f1o y ejecuci\u00f3n de terapias de cognici\u00f3n social.<br \/>\n\u2022  D. Jorge Juan Gonz\u00e1lez. 2017-2018. Dise\u00f1o de espacios virtuales para actividades de rehabilitaci\u00f3n: evaluaci\u00f3n de diferentes modos de navegaci\u00f3n. <strong>Premio al mejor proyecto Fin de Grado de 2019 de la Asociaci\u00f3n Interacci\u00f3n Persona-Ordenado<\/strong><br \/>\n\u2022  D. \u00d3scar Rodr\u00edguez Villalobos. 2018-2019. Definici\u00f3n de patrones de dise\u00f1o de interfaces de usuario 3D para la web social.<br \/>\n\u2022  D. Fernando Luj\u00e1n Mill\u00e1n. 2018-2019. Desarrollo de un simulador obst\u00e9trico con retorno h\u00e1ptico a dos dedos.<br \/>\n\u2022  D. Francisco Javier Celdr\u00e1n Mart\u00ednez. 2018-2019. Dise\u00f1o de herramientas de evaluaci\u00f3n ecol\u00f3gica de las actividades instrumentales de la vida diaria.<br \/>\n\u2022  D. Pablo Molina Villar. 2018-2019.Creaci\u00f3n de un Sistema Interactivo para Rehabilitaci\u00f3n basado en Manipulaci\u00f3n de Objetos Virtuales considerando su Gamificaci\u00f3n.<\/p>\n<blockquote><p><strong>Trabajos Acad\u00e9micamente Dirigidos<\/strong><\/p><\/blockquote>\n<p>\u2022  D. Federico Albujer Zornoza, 1997-1998. Paralelizaci\u00f3n del algoritmo de ray tracing mediante MPI<\/p>\n","protected":false},"excerpt":{"rendered":"<p>Proyectos Fin de Carrera Diplomatura en Inform\u00e1tica \u2022 D. Francisco Torrente Peinado. 1991-1992. Orientacion a obietos, El nuevo paradigma de los noventa: propuesta de una metodologla completa. \u2022 D. Jos\u00e9 Mario Mepeda Mu\u00f1oz. 1991-1992. La estrategia de desarrollo del software m\u00e1s importante de los a\u00f1os noventa: la reutilizacion. \u2022 D. Agust\u00edn Campos Soriano. 1992-1993. Prototipado: &hellip; <a href=\"https:\/\/blog.uclm.es\/pascualgonzalez\/trabajos\/\" class=\"more-link\">Seguir leyendo <span class=\"screen-reader-text\">Trabajos Fin de Carrera \/ Grado<\/span> <span class=\"meta-nav\">&rarr;<\/span><\/a><\/p>\n","protected":false},"author":113,"featured_media":0,"parent":0,"menu_order":0,"comment_status":"closed","ping_status":"closed","template":"","meta":{"footnotes":""},"class_list":["post-147","page","type-page","status-publish","hentry"],"_links":{"self":[{"href":"https:\/\/blog.uclm.es\/pascualgonzalez\/wp-json\/wp\/v2\/pages\/147","targetHints":{"allow":["GET"]}}],"collection":[{"href":"https:\/\/blog.uclm.es\/pascualgonzalez\/wp-json\/wp\/v2\/pages"}],"about":[{"href":"https:\/\/blog.uclm.es\/pascualgonzalez\/wp-json\/wp\/v2\/types\/page"}],"author":[{"embeddable":true,"href":"https:\/\/blog.uclm.es\/pascualgonzalez\/wp-json\/wp\/v2\/users\/113"}],"replies":[{"embeddable":true,"href":"https:\/\/blog.uclm.es\/pascualgonzalez\/wp-json\/wp\/v2\/comments?post=147"}],"version-history":[{"count":0,"href":"https:\/\/blog.uclm.es\/pascualgonzalez\/wp-json\/wp\/v2\/pages\/147\/revisions"}],"wp:attachment":[{"href":"https:\/\/blog.uclm.es\/pascualgonzalez\/wp-json\/wp\/v2\/media?parent=147"}],"curies":[{"name":"wp","href":"https:\/\/api.w.org\/{rel}","templated":true}]}}