{"id":130,"date":"2018-08-31T18:50:27","date_gmt":"2018-08-31T17:50:27","guid":{"rendered":"http:\/\/blog.uclm.es\/pascualgonzalez\/?page_id=130"},"modified":"2024-03-03T18:49:06","modified_gmt":"2024-03-03T17:49:06","slug":"otra-informacion","status":"publish","type":"page","link":"https:\/\/blog.uclm.es\/pascualgonzalez\/otra-informacion\/","title":{"rendered":"Otra Informaci\u00f3n"},"content":{"rendered":"<blockquote><p><strong>Sexenios de Investigaci\u00f3n\/Transferencia <\/strong><\/p><\/blockquote>\n<p>\u2022 4 sexenios de investigaci\u00f3n concedidos en los a\u00f1os 2001 \/ 2007 \/ 2013 \/2019<br \/>\n\u2022 1 sexenio de transferencia concedido en la primera convocatoria en 2019<\/p>\n<blockquote><p><strong>Actividades de gesti\u00f3n<\/strong><\/p><\/blockquote>\n<p>\u2022 Fundador y director del Grupo de investigaci\u00f3n <a href=\"http:\/\/www.i3a.uclm.es\/louise\/louise\/index.php?lang=en\">LoUISE<\/a>, 2000 &#8211; Actualidad<br \/>\n\u2022 Director de la Secci\u00f3n de Tecnolog\u00eda de la Informaci\u00f3n del Instituto de Desarrollo Regional dependiente de la UCLM, 2000 &#8211; 2002<br \/>\n\u2022 Secretario del Instituto de Desarrollo Regional dependiente de la UCLM, 2000 &#8211; 2002<br \/>\n\u2022 Dir. General Fundaci\u00f3n Parque Cient\u00edfico y Tecnol\u00f3gico de Albacete (Fund. p\u00fablica regional) 2002-2012<\/p>\n<blockquote><p><strong>Editor de n\u00fameros especiales en revistas indexadas en JCR<\/strong><\/p><\/blockquote>\n<p>\u2022 Special Issue on <a href=\"http:\/\/www.mdpi.com\/journal\/applsci\/special_issues\/Socio_Cognitive_and\">Socio-Cognitive and Affective Computing<\/a> in <em>Applied Sciences<\/em> (IF: 1.679), Expected 2018<br \/>\n\u2022 Special Issue on <a href=\"https:\/\/www.sciencedirect.com\/science\/article\/pii\/S1574119216304187?via%3Dihub\">Pervasive Computing for Gerontechnology<\/a> in <em>Pervasive and Mobile Computing<\/em> (IF: 1.667), 2017<br \/>\n\u2022 Special Issue on <a href=\"https:\/\/onlinelibrary.wiley.com\/doi\/abs\/10.1111\/exsy.12203\">Gerontechnologies: Current Achievements and Future Trends<\/a> in <em>Expert Systems<\/em> (IF: 0.75), 2017<br \/>\n\u2022 Special Issue on <a href=\"https:\/\/link.springer.com\/article\/10.1007%2Fs12559-016-9392-x\">Cognitively-inspired Computing for Gerontechnology<\/a> in <em>Cognitive Computation<\/em> (IF: 0.867), 2016<\/p>\n<blockquote><p><strong>Evaluador de proyectos<\/strong><\/p><\/blockquote>\n<p>\u2022 Agencia Nac. Promoci\u00f3n Cient\u00edfica y Tecnol\u00f3gica de la Rep\u00fablica Argentina (FONCYT); 2013-2015<br \/>\n\u2022 Evaluador ANEP<br \/>\n\u2022 Evaluador de diferentes Agencias Regionales<br \/>\n\u2022 Miembro de la Comisi\u00f3n T\u00e9cnica del \u00e1rea Tecnolog\u00edas Inform\u00e1ticas (TIN), Tecnolog\u00edas para la Sociedad de la Informaci\u00f3n (TIN-TSI) y Comisi\u00f3n de<br \/>\nselecci\u00f3n del \u00c1rea Tem\u00e1tica Tecnolog\u00edas y Servicios para la Sociedad de la Informaci\u00f3n (TIN-TSI); 2010 y 2014<\/p>\n<blockquote><p><strong>Participaci\u00f3n en Redes y asociaciones internacionales<\/strong><\/p><\/blockquote>\n<p>Miembro de la asociaci\u00f3n EuroXR y de las redes de excelencia y acciones COST: SIMILAR Network, COST action 294, COST action TwinTide IC0904 y RedAUTI<\/p>\n","protected":false},"excerpt":{"rendered":"<p>Sexenios de Investigaci\u00f3n\/Transferencia \u2022 4 sexenios de investigaci\u00f3n concedidos en los a\u00f1os 2001 \/ 2007 \/ 2013 \/2019 \u2022 1 sexenio de transferencia concedido en la primera convocatoria en 2019 Actividades de gesti\u00f3n \u2022 Fundador y director del Grupo de investigaci\u00f3n LoUISE, 2000 &#8211; Actualidad \u2022 Director de la Secci\u00f3n de Tecnolog\u00eda de la Informaci\u00f3n &hellip; <a href=\"https:\/\/blog.uclm.es\/pascualgonzalez\/otra-informacion\/\" class=\"more-link\">Seguir leyendo <span class=\"screen-reader-text\">Otra Informaci\u00f3n<\/span> <span class=\"meta-nav\">&rarr;<\/span><\/a><\/p>\n","protected":false},"author":113,"featured_media":0,"parent":0,"menu_order":0,"comment_status":"closed","ping_status":"closed","template":"","meta":{"footnotes":""},"class_list":["post-130","page","type-page","status-publish","hentry"],"_links":{"self":[{"href":"https:\/\/blog.uclm.es\/pascualgonzalez\/wp-json\/wp\/v2\/pages\/130","targetHints":{"allow":["GET"]}}],"collection":[{"href":"https:\/\/blog.uclm.es\/pascualgonzalez\/wp-json\/wp\/v2\/pages"}],"about":[{"href":"https:\/\/blog.uclm.es\/pascualgonzalez\/wp-json\/wp\/v2\/types\/page"}],"author":[{"embeddable":true,"href":"https:\/\/blog.uclm.es\/pascualgonzalez\/wp-json\/wp\/v2\/users\/113"}],"replies":[{"embeddable":true,"href":"https:\/\/blog.uclm.es\/pascualgonzalez\/wp-json\/wp\/v2\/comments?post=130"}],"version-history":[{"count":1,"href":"https:\/\/blog.uclm.es\/pascualgonzalez\/wp-json\/wp\/v2\/pages\/130\/revisions"}],"predecessor-version":[{"id":665,"href":"https:\/\/blog.uclm.es\/pascualgonzalez\/wp-json\/wp\/v2\/pages\/130\/revisions\/665"}],"wp:attachment":[{"href":"https:\/\/blog.uclm.es\/pascualgonzalez\/wp-json\/wp\/v2\/media?parent=130"}],"curies":[{"name":"wp","href":"https:\/\/api.w.org\/{rel}","templated":true}]}}