{"id":664,"date":"2018-08-31T18:50:27","date_gmt":"2018-08-31T17:50:27","guid":{"rendered":"https:\/\/blog.uclm.es\/pascualgonzalez\/other-information\/"},"modified":"2018-08-31T18:50:27","modified_gmt":"2018-08-31T17:50:27","slug":"other-information","status":"publish","type":"page","link":"https:\/\/blog.uclm.es\/pascualgonzalez\/en\/other-information\/","title":{"rendered":"Other Information"},"content":{"rendered":"<blockquote><p><strong>Six-year research\/transfer periods <\/strong><\/p><\/blockquote>\n<p>\u2022 4 six-year research periods (2001 \/ 2007 \/ 2013 \/2019)<br \/>\n\u2022 1 six-year transfer period (2019)<\/p>\n<blockquote><p><strong>Management activities<\/strong><\/p><\/blockquote>\n<p>\u2022 Actualidad Founder and director of the <a href=\"http:\/\/www.i3a.uclm.es\/louise\/louise\/index.php?lang=en\">LoUISE<\/a>research group (2000 &#8211; Present)<br \/>\n\u2022 Director of the Information Technology Section of the Regional Development Institute of the UCLM (2000 &#8211; 2002)<br \/>\n\u2022 Secretary of the Institute of Regional Development of the UCLM (2000 &#8211; 2002)<br \/>\n\u2022 Managing Director Albacete Science and Technology Park Foundation (Regional public foundation) 2002-2012<\/p>\n<blockquote><p><strong>Editor of special issues in JCR-indexed journals<\/strong><\/p><\/blockquote>\n<p>\u2022 Special Issue on <a href=\"http:\/\/www.mdpi.com\/journal\/applsci\/special_issues\/Socio_Cognitive_and\">Socio-Cognitive and Affective Computing<\/a> in <em>Applied Sciences<\/em> (IF: 1.679), 2018<br \/>\n\u2022 Special Issue on <a href=\"https:\/\/www.sciencedirect.com\/science\/article\/pii\/S1574119216304187?via%3Dihub\">Pervasive Computing for Gerontechnology<\/a> in <em>Pervasive and Mobile Computing<\/em> (IF: 1.667), 2017<br \/>\n\u2022 Special Issue on <a href=\"https:\/\/onlinelibrary.wiley.com\/doi\/abs\/10.1111\/exsy.12203\">Gerontechnologies: Current Achievements and Future Trends<\/a> in <em>Expert Systems<\/em> (IF: 0.75), 2017<br \/>\n\u2022 Special Issue on <a href=\"https:\/\/link.springer.com\/article\/10.1007%2Fs12559-016-9392-x\">Cognitively-inspired Computing for Gerontechnology<\/a> in <em>Cognitive Computation<\/em> (IF: 0.867), 2016<\/p>\n<blockquote><p><strong>Project Evaluator<\/strong><\/p><\/blockquote>\n<p>\u2022 National Agency Promoci\u00f3n Cient\u00edfica y Tecnol\u00f3gica de la Rep\u00fablica Argentina (FONCYT); 2013-2015<br \/>\n\u2022 ANEP Evaluator<br \/>\n\u2022 Evaluator of different Regional Agencies<br \/>\n\u2022 Member of the Technical Commission of the Information Technology area (TIN), Technologies for the Information Society (TIN-TSI).<br \/>\nand Selection Committee for the Thematic Area Technologies and Services for the Information Society (TIN-TSI); 2010 y 2014<\/p>\n<blockquote><p><strong>Participation in international networks and associations<\/strong><\/p><\/blockquote>\n<p>Member of the EuroXR association and of the networks of excellence and actions. COST: SIMILAR Network, COST action 294, COST action TwinTide IC0904 y RedAUTI<\/p>\n","protected":false},"excerpt":{"rendered":"<p>Six-year research\/transfer periods \u2022 4 six-year research periods (2001 \/ 2007 \/ 2013 \/2019) \u2022 1 six-year transfer period (2019) Management activities \u2022 Actualidad Founder and director of the LoUISEresearch group (2000 &#8211; Present) \u2022 Director of the Information Technology Section of the Regional Development Institute of the UCLM (2000 &#8211; 2002) \u2022 Secretary of &hellip; <a href=\"https:\/\/blog.uclm.es\/pascualgonzalez\/en\/other-information\/\" class=\"more-link\">Continue reading <span class=\"screen-reader-text\">Other Information<\/span> <span class=\"meta-nav\">&rarr;<\/span><\/a><\/p>\n","protected":false},"author":113,"featured_media":0,"parent":0,"menu_order":0,"comment_status":"closed","ping_status":"closed","template":"","meta":{"footnotes":""},"class_list":["post-664","page","type-page","status-publish","hentry"],"_links":{"self":[{"href":"https:\/\/blog.uclm.es\/pascualgonzalez\/en\/wp-json\/wp\/v2\/pages\/664","targetHints":{"allow":["GET"]}}],"collection":[{"href":"https:\/\/blog.uclm.es\/pascualgonzalez\/en\/wp-json\/wp\/v2\/pages"}],"about":[{"href":"https:\/\/blog.uclm.es\/pascualgonzalez\/en\/wp-json\/wp\/v2\/types\/page"}],"author":[{"embeddable":true,"href":"https:\/\/blog.uclm.es\/pascualgonzalez\/en\/wp-json\/wp\/v2\/users\/113"}],"replies":[{"embeddable":true,"href":"https:\/\/blog.uclm.es\/pascualgonzalez\/en\/wp-json\/wp\/v2\/comments?post=664"}],"version-history":[{"count":0,"href":"https:\/\/blog.uclm.es\/pascualgonzalez\/en\/wp-json\/wp\/v2\/pages\/664\/revisions"}],"wp:attachment":[{"href":"https:\/\/blog.uclm.es\/pascualgonzalez\/en\/wp-json\/wp\/v2\/media?parent=664"}],"curies":[{"name":"wp","href":"https:\/\/api.w.org\/{rel}","templated":true}]}}