{"id":663,"date":"2018-08-29T18:08:06","date_gmt":"2018-08-29T17:08:06","guid":{"rendered":"https:\/\/blog.uclm.es\/pascualgonzalez\/technology-transfer\/"},"modified":"2025-03-12T20:35:43","modified_gmt":"2025-03-12T19:35:43","slug":"technology-transfer","status":"publish","type":"page","link":"https:\/\/blog.uclm.es\/pascualgonzalez\/en\/technology-transfer\/","title":{"rendered":"Technology transfer"},"content":{"rendered":"<blockquote>\n<p><strong>SPIN-OFF<\/strong><\/p>\n<\/blockquote>\n<p>Founding partner (2008) and Chairman of the Board of Directors (2012) of the spin-off Symbia-IT.<\/p>\n<blockquote>\n<p><strong>Contracts<\/strong><\/p>\n<\/blockquote>\n<p>\u2022 Development of a monitoring system for a cutlery company.<br \/>Funding: MART\u00cdNEZ Y GASC\u00d3N, S.A. (16\/10\/2018-16\/05\/2019). 102.487,00 \u20ac<br \/>PI: Rafael Morales Herrera<\/p>\n<p>\u2022 Support to R&amp;D activities for a monitoring system in a cutlery company.<br \/>Funding: MART\u00cdNEZ Y GASC\u00d3N, S.A. (18\/01\/2017 &#8211; 18\/05\/2017); 8.099,17 \u20ac<br \/>PI: Rafael Morales Herrera<\/p>\n<p>\u2022 The cybercopter platform and widget catalog. Virtual cockpit<br \/>Funding: EUROCOPTER Espa\u00f1a (10\/02\/2010 &#8211; 31\/03\/2011); 210.121,82 \u20ac<br \/>PI: Jos\u00e9 Pascual Molina Mass\u00f3<\/p>\n<p>\u2022 Widget catalog development<br \/>Funding: EUROCOPTER Espa\u00f1a (22\/07\/2009 &#8211; 31\/12\/2010); 69.201,82 \u20ac<br \/>PI: Jos\u00e9 Pascual Molina Mass\u00f3<\/p>\n<p>\u2022 External equipment integration activities<br \/>Funding: EUROCOPTER Espa\u00f1a (02\/03\/2009 &#8211; 30\/06\/2009); 8.545,35 \u20ac<br \/>PI: Pascual Gonz\u00e1lez L\u00f3pez<\/p>\n<p>\u2022 DMAP application<br \/>Funding: EUROCOPTER Espa\u00f1a (14\/03\/2008 &#8211; 31\/01\/2009); 61.152 \u20ac<br \/>PI: Pascual Gonz\u00e1lez L\u00f3pez<\/p>\n<p>\u2022 MCDU simulator development<br \/>Funding: EUROCOPTER Espa\u00f1a (14\/03\/2008 &#8211; 31\/01\/2009); 61.152 \u20ac<br \/>PI: Pascual Gonz\u00e1lez L\u00f3pez<\/p>\n<p>\u2022 3D-TV<br \/>Funding: Unimedia Desarrollos Multimedia, S.L. (01\/10\/2006 &#8211; 31\/03\/2007); 3.527 \u20ac<br \/>PI: Pascual Gonz\u00e1lez L\u00f3pez<\/p>\n<p>\u2022 Design and implementation of a web-based communication system between the Official Associations of Industrial Technical Engineering of Castilla-La Mancha.<br \/>Funding: Colegio Oficial de Ingenieros T\u00e9cnicos Industriales (1\/10\/01 &#8211; 31\/06\/02); 21.035 \u20ac<br \/>PI: Pascual Gonz\u00e1lez L\u00f3pez<\/p>\n<p>\u2022 Training course on Microsoft Office 2000 Suite modules.<br \/>Funding: Maestranza A\u00e9rea de Albacete (5\/11\/01 &#8211; 31\/11\/01); 8.414 \u20ac<br \/>PI: Pascual Gonz\u00e1lez L\u00f3pez<\/p>\n<p>\u2022 Computerized System for the Management of Mentally Handicapped Persons<br \/>Funding: FAPMAN (5\/07\/96 &#8211; 31\/01\/97); 25.242 \u20ac<br \/>PI: Pascual Gonz\u00e1lez L\u00f3pez<\/p>\n<blockquote>\n<p><strong>Patents<\/strong><\/p>\n<\/blockquote>\n<p>1.- Inventors: Oscar Ciudad Ceprian, Jonathan Mart\u00ednez Mu\u00f1oz, Antonio Jos\u00e9 L\u00f3pez S\u00e1nchez, Arturo Garc\u00eda Jim\u00e9nez, Jos\u00e9 Pascual Molina Mass\u00f3, Pascual Gonz\u00e1lez L\u00f3pez<\/p>\n<p>VIRTUAL MOCK UP WITH HAPTIC HAND HELD AID<\/p>\n<p>Patent Number : EP264238 date: 02\/02\/2012<\/p>\n<p>N. Applic.: EP12380006.2 -1222 \/ 2624238A1<\/p>\n<p>Owner: EUROCOPTER ESPA\u00d1A (Airbus Helicopters Espa\u00f1a S.A.)<br \/>Countries: AL, AT, BE, BG, CH, CY, CZ, DE, DK, EE, ES, FI, FR, GB, GR, HR, HU, IE, IS, IT ,LI, LU, LV, MC, MK, MT, NL, NO, PL, PT, RO, RS, SE, SI, SK, SM, TR<\/p>\n<p>2.- Inventors: Rafael Morales Herrera; Alejandro Lucas Borja; Antonio Fern\u00e1ndez Caballero; Pascual Gonz\u00e1lez L\u00f3pez; Jonatan Mart\u00ednez Mu\u00f1oz, Rub\u00e9n Ib\u00e1\u00f1ez Mart\u00ednez,<\/p>\n<p>SYSTEM FOR MONITORING THE USE OF HAND TOOLS, HAND TOOL, AND METHOD FOR THE MONITORING OF HAND TOOLS<\/p>\n<p>Patent Number : ES2844589A1 &#8211; EP4095777A1 date: 21\/01\/2021<\/p>\n<p>N. Applic.:\u00a0 EP21708712.1\u00a0 \u00a021.01.2021 \/ 4095777A1<\/p>\n<p>Owner: Mart\u00ednez y Gasc\u00f3n . S.A<br \/>Countries: AL, AT, BE, BG, CH, CY, CZ, DE, DK, EE, ES, FI, FR, GB, GR, HR, HU, IE, IS, IT ,LI, LU, LV, MC, MK, MT, NL, NO, PL, PT, RO, RS, SE, SI, SK, SM, TR<\/p>\n\n\n<p><\/p>\n","protected":false},"excerpt":{"rendered":"<p>SPIN-OFF Founding partner (2008) and Chairman of the Board of Directors (2012) of the spin-off Symbia-IT. Contracts \u2022 Development of a monitoring system for a cutlery company.Funding: MART\u00cdNEZ Y GASC\u00d3N, S.A. (16\/10\/2018-16\/05\/2019). 102.487,00 \u20acPI: Rafael Morales Herrera \u2022 Support to R&amp;D activities for a monitoring system in a cutlery company.Funding: MART\u00cdNEZ Y GASC\u00d3N, S.A. (18\/01\/2017 &hellip; <a href=\"https:\/\/blog.uclm.es\/pascualgonzalez\/en\/technology-transfer\/\" class=\"more-link\">Continue reading <span class=\"screen-reader-text\">Technology transfer<\/span> <span class=\"meta-nav\">&rarr;<\/span><\/a><\/p>\n","protected":false},"author":113,"featured_media":0,"parent":0,"menu_order":0,"comment_status":"closed","ping_status":"closed","template":"","meta":{"footnotes":""},"class_list":["post-663","page","type-page","status-publish","hentry"],"_links":{"self":[{"href":"https:\/\/blog.uclm.es\/pascualgonzalez\/en\/wp-json\/wp\/v2\/pages\/663","targetHints":{"allow":["GET"]}}],"collection":[{"href":"https:\/\/blog.uclm.es\/pascualgonzalez\/en\/wp-json\/wp\/v2\/pages"}],"about":[{"href":"https:\/\/blog.uclm.es\/pascualgonzalez\/en\/wp-json\/wp\/v2\/types\/page"}],"author":[{"embeddable":true,"href":"https:\/\/blog.uclm.es\/pascualgonzalez\/en\/wp-json\/wp\/v2\/users\/113"}],"replies":[{"embeddable":true,"href":"https:\/\/blog.uclm.es\/pascualgonzalez\/en\/wp-json\/wp\/v2\/comments?post=663"}],"version-history":[{"count":1,"href":"https:\/\/blog.uclm.es\/pascualgonzalez\/en\/wp-json\/wp\/v2\/pages\/663\/revisions"}],"predecessor-version":[{"id":682,"href":"https:\/\/blog.uclm.es\/pascualgonzalez\/en\/wp-json\/wp\/v2\/pages\/663\/revisions\/682"}],"wp:attachment":[{"href":"https:\/\/blog.uclm.es\/pascualgonzalez\/en\/wp-json\/wp\/v2\/media?parent=663"}],"curies":[{"name":"wp","href":"https:\/\/api.w.org\/{rel}","templated":true}]}}