{"id":651,"date":"2018-08-05T11:53:58","date_gmt":"2018-08-05T10:53:58","guid":{"rendered":"https:\/\/blog.uclm.es\/pascualgonzalez\/other-journals\/"},"modified":"2018-08-05T11:53:58","modified_gmt":"2018-08-05T10:53:58","slug":"other-journals","status":"publish","type":"page","link":"https:\/\/blog.uclm.es\/pascualgonzalez\/en\/other-journals\/","title":{"rendered":"Other Journals"},"content":{"rendered":"<p>Other Journals<\/p>\n<p>18.- : L\u00f3pez-Jaquero, V., Genaro Motti, V., Montero,F., Gonz\u00e1lez, P., (2021) GISATIE: A User Interface Adaptation Life-Cycle. <em>International Journal of User-System Interaction <\/em>. Vol. 14(1), pp. 1-29 DOI: 10.37789\/ijusi.2021.14.1.1<\/p>\n<p>17.- : L\u00f3pez-Jaquero, V., Genaro Motti, V., Montero,F., Gonz\u00e1lez, P., Burny, N. (2021) A Profile and Design Space for Characterizing User Interface Adaptation. <em>International Journal of User-System Interaction <\/em>. Vol. 14(2), pp. 47-67 DOI: 10.37789\/ijusi.2021.14.2.1<\/p>\n<p>16.- Oliver, M., Molina, J. P., Fern\u00e1ndez-Caballero, A., Gonz\u00e1lez, P. (2017) Collaborative Computer-Assisted Cognitive Rehabilitation System. <em>ADCAIJ: Advances in Distributed Computing and Artificial Intelligence Journal<\/em>. Vol. 6(3), pp. 57-74 DOI: 10.14201\/ADCAIJ2017635774<\/p>\n<p>15.- Rodr\u00edguez, A., Gonz\u00e1lez, P., Rossi, G. (2015) Marco de Trabajo para el Bocetado de Interacciones Enactivas. <em>Revista Colombiana de Computaci\u00f3n<\/em> \u2013 RCC. Vol. 16 (1), pp. 48-74 http:\/\/revistas.unab.edu.co\/index.php?journal=rcc&amp;page=article&amp;op=viewArticle&amp;path%5B%5D=2493<\/p>\n<p>14.- Mart\u00ednez, J., Garc\u00eda A.S., Mart\u00ednez, D., Molina, J.P., Gonz\u00e1lez, P. (2011) Comparaci\u00f3n de Retorno de Fuerza, Vibrot\u00e1ctil y Estimulaci\u00f3n Directa para la Detecci\u00f3n de Texturas. <em>Nov\u00e1tiva<\/em>. Vol. 214, pp. 57-60 http:\/\/www2.ati.es\/novatica\/2011\/214\/nv214sum.html#art57<\/p>\n<p>13.- Garc\u00eda, A.S., Molina, J.P., Mart\u00ednez D., Gonz\u00e1lez, P. (2009) Enhancing Collaborative Manipulation Through the Use of Feedback and Awareness in CVEs. <em>The International Journal of Virtual Reality<\/em>, Vol. 8(2), pp. 45-50 http:\/\/www.ijvr.org\/web\/search\/singleArticle\/248<\/p>\n<p>12.- Garc\u00eda, J., Molina, J.P., Mart\u00ednez, D., Garc\u00eda, A.S., Gonz\u00e1lez P., Vanderdonckt, J. (2008) Prototyping and evaluating glove-based multimodal interfaces. <em>Journal on Multimodal User Interfaces<\/em>. Vol. 2(1), pp. 43-52, DOI: 10.1007\/s12193-008-0005-1 I.F.: 0,833 (75\/115) Q3 (primera aparici\u00f3n en JCR 2012)<\/p>\n<p>11.- Gascue\u00f1a, J. M., Fern\u00e1ndez-Caballero, A., Gonz\u00e1lez, P. (2006) Ontologies for student and domain models in an adaptive and collaborative learning system. <em>Research on Computing Science<\/em>. Vol. 17, pp. 33-42 http:\/\/www.rcs.cic.ipn.mx\/Vol-17-Applications.pdf<\/p>\n<p>10.- Gonz\u00e1lez, P. (2005) Infraestructuras para la Sociedad del Conocimiento. <em>A\u00f1il<\/em>. Vol. 29, pp. 27-28 Verano-Oto\u00f1o2005 http:\/\/biblioteca2.uclm.es\/biblioteca\/CECLM\/ARTREVISTAS\/a%C3%B1il\/anil29\/infraestructuras_gonzalez.pdf<\/p>\n<p>9.- Botella, F., Lazcorreta, E., Fern\u00e1ndez-Caballero, A., Gonzalez, P. (2005) Personalisation through inferring user navigation maps from web log files. <em>Operations Research Center<\/em>. Vol. March 2005, pp. 1-10 https:\/\/www.researchgate.net\/publication\/241491285_Personalization_through_Inferring_User_Navigation_Maps_from_Web_Log_Files<\/p>\n<p>8.- Pe\u00f1arrubia, A., Fern\u00e1ndez-Caballero, A., Gonz\u00e1lez, P., Botella, F., Grau, A., Mart\u00ednez, O. (2004) Ontology-based interface adaptivity in web-based learning systems. <em>Operations Research Center.<\/em> Vol. Diciembre_2004,pp.1-6 https:\/\/pdfs.semanticscholar.org\/8636\/3c2feab3dd20f01de0d09ec1e316a120e9a8.pdf<\/p>\n<p>7.- Lozano, M., Molina, J.P., Montero, F., Gonz\u00e1lez, P., Ramos,I. (2002) Desarrollo y Generaci\u00f3n de Interfaces de Usuario a partir de T\u00e9cnicas de An\u00e1lisis de Tareas y Casos de Uso. <em>Revista Iberoamericana de Inteligencia Artificial<\/em>. Vol. 6 (16), pp. 83-92 https:\/\/www.researchgate.net\/publication\/220071667_Desarrollo_y_generacion_de_interfaces_de_usuario_a_partir_de_tecnicas_de_de_Analisis_de_Tareas_y_Casos_de_Uso<\/p>\n<p>6.- Lozano, M., Gonz\u00e1lez, P., Ramos, I. (2001) Generaci\u00f3n de interfaces de usuario: tendencias actuales. <em>Novatica<\/em>. Vol. 150, pp. 26- 30 http:\/\/www2.ati.es\/novatica\/2001\/150\/nv150sum.html<\/p>\n<p>5.- Gonz\u00e1lez P. (1996) Integraci\u00f3n de diferentes modos de coherencia en la aceleraci\u00f3n del trazado de rayos. <em>Ensayos<\/em>, Vol. 11, pp. 227-240 https:\/\/dialnet.unirioja.es\/servlet\/articulo?codigo=2282767<\/p>\n<p>4.- Gallud, J.A., Gonz\u00e1lez, P., Garc\u00eda-Consuegra, J. (1995) Una introducci\u00f3n a los sistemas multimedia. <em>Ensayos<\/em>. Vol.10, pp.183-194 https:\/\/dialnet.unirioja.es\/servlet\/articulo?codigo=2282558<\/p>\n<p>3.- Gonz\u00e1lez, P., Gonz\u00e1lez, A. A., Gallud, J. A. (1995) Herramientas CASE: \u00bfC\u00f3mo incorporarlas con \u00e9xito en nuestra organizaci\u00f3n?. <em>Ensayos<\/em>. Vol.10, pp.195-208 https:\/\/dialnet.unirioja.es\/servlet\/articulo?codigo=2282561<\/p>\n<p>2.- Gonz\u00e1lez,P., Moreno, G., Gonz\u00e1lez, A.A. (1994) La Reutilizaci\u00f3n: Un camino hacia la industrializaci\u00f3n del desarrollo del software. <em>Ensayos<\/em>. Vol.9, pp.267-282 https:\/\/dialnet.unirioja.es\/servlet\/articulo?codigo=2281735<\/p>\n<p>1.- Moreno, G., Rojo, T., Gonz\u00e1lez,P. (1994) \u00c1lgebra relacional como lenguaje de acceso a bases de datos relacionales. <em>Ensayos<\/em>. Vol.9, pp.309-326 https:\/\/dialnet.unirioja.es\/servlet\/articulo?codigo=2281768<\/p>\n","protected":false},"excerpt":{"rendered":"<p>Other Journals 18.- : L\u00f3pez-Jaquero, V., Genaro Motti, V., Montero,F., Gonz\u00e1lez, P., (2021) GISATIE: A User Interface Adaptation Life-Cycle. International Journal of User-System Interaction . Vol. 14(1), pp. 1-29 DOI: 10.37789\/ijusi.2021.14.1.1 17.- : L\u00f3pez-Jaquero, V., Genaro Motti, V., Montero,F., Gonz\u00e1lez, P., Burny, N. (2021) A Profile and Design Space for Characterizing User Interface Adaptation. International &hellip; <a href=\"https:\/\/blog.uclm.es\/pascualgonzalez\/en\/other-journals\/\" class=\"more-link\">Continue reading <span class=\"screen-reader-text\">Other Journals<\/span> <span class=\"meta-nav\">&rarr;<\/span><\/a><\/p>\n","protected":false},"author":113,"featured_media":0,"parent":0,"menu_order":0,"comment_status":"closed","ping_status":"closed","template":"","meta":{"footnotes":""},"class_list":["post-651","page","type-page","status-publish","hentry"],"_links":{"self":[{"href":"https:\/\/blog.uclm.es\/pascualgonzalez\/en\/wp-json\/wp\/v2\/pages\/651","targetHints":{"allow":["GET"]}}],"collection":[{"href":"https:\/\/blog.uclm.es\/pascualgonzalez\/en\/wp-json\/wp\/v2\/pages"}],"about":[{"href":"https:\/\/blog.uclm.es\/pascualgonzalez\/en\/wp-json\/wp\/v2\/types\/page"}],"author":[{"embeddable":true,"href":"https:\/\/blog.uclm.es\/pascualgonzalez\/en\/wp-json\/wp\/v2\/users\/113"}],"replies":[{"embeddable":true,"href":"https:\/\/blog.uclm.es\/pascualgonzalez\/en\/wp-json\/wp\/v2\/comments?post=651"}],"version-history":[{"count":0,"href":"https:\/\/blog.uclm.es\/pascualgonzalez\/en\/wp-json\/wp\/v2\/pages\/651\/revisions"}],"wp:attachment":[{"href":"https:\/\/blog.uclm.es\/pascualgonzalez\/en\/wp-json\/wp\/v2\/media?parent=651"}],"curies":[{"name":"wp","href":"https:\/\/api.w.org\/{rel}","templated":true}]}}