{"id":647,"date":"2018-08-05T11:54:07","date_gmt":"2018-08-05T10:54:07","guid":{"rendered":"https:\/\/blog.uclm.es\/pascualgonzalez\/indexed-journals\/"},"modified":"2026-03-23T20:07:28","modified_gmt":"2026-03-23T19:07:28","slug":"indexed-journals","status":"publish","type":"page","link":"https:\/\/blog.uclm.es\/pascualgonzalez\/en\/indexed-journals\/","title":{"rendered":"Indexed Journals"},"content":{"rendered":"<p><strong>JCR Indexed Journals (<\/strong><strong> Q1: 28 (D1:5); Q2: 18; Q3: 5; Q4: 11) <\/strong><\/p>\n<p>62.- Zhinin-Vera, L., Gonz\u00e1lez-Garc\u00eda, J. J., L\u00f3pez-Jaquero, V., Navarro, E., &amp; Gonz\u00e1lez, P. (2026). Theory of mind and continual reinforcement learning for bullying intervention. <em>Neural Computing and Applications<\/em>,\u00a0<em>38<\/em>(6), 160 <em>\u00a0<\/em>DOI: 10.1007\/s00521-025-11835-w. I.F.: 4.5, Q2 (51\/197)<\/p>\n<p>61.-\u00a0Romero-Ayuso, D., Vidal-Ram\u00edrez, C., P\u00e9rez-Rodr\u00edguez, S., del Pino-Gonz\u00e1lez, A., Trivi\u00f1o-Ju\u00e1rez, J. M., Celdr\u00e1n-Mart\u00ednez, F. J., &amp; Gonz\u00e1lez, P. (2025). User-centred usability of a virtual reality tool for assessing instrumental activities of daily living in children and adolescents with ADHD.\u00a0<em>Disability and Rehabilitation: Assistive Technology<\/em>, DOI: 10.1080\/17483107.2025.2607061 I.F.: 2.2, Q2 (44\/175)<\/p>\n<p>60.- Gonz\u00e1lez-Garc\u00eda, J.J., Pretel, E., L\u00f3pez-Jaquero, V., Montero, F., Gonz\u00e1lez, P. (2025). Smart-Pomodoro: Wearable Technology for Improving Time-Management, Engagement and Focus in Children with ADHD. <em>International Journal of Human\u2013Computer Interaction (IJHCI). <\/em>DOI: 10.1080\/10447318.2025.2542886. I.F.: 4.9, Q1 (6\/31)<\/p>\n<p>59.-\u00a0Panagiotidis-Arrizabalaga, A., Teruel, M.A., Lavalle, A., Trujillo, J., Navarro, E.,\u00a0 Gonzalez, P. (2025). Comparing Desktop, Virtual and Augmented Reality Gaming Environments for ADHD Attention Measurement. <em>International Journal of Human\u2013Computer Interaction (IJHCI). <\/em>DOI: 10.1080\/10447318.2025.2581259. I.F.: 4.9, Q1 (6\/31)<\/p>\n<p>58.-\u00a0Abell\u00e1n, J., Pretel, E., Navarro, E., L\u00f3pez-Jaquero, V., Gonz\u00e1lez, P. (2025). Human Digital Twins \u2013 Principles and Challenges.\u00a0<em>Journal of Ambient Intelligence and Smart Environments. <\/em>DOI: 10.1177\/18761364251388806. I.F.: 2.0, Q3 (136\/204)<\/p>\n<p>57.- Zhinin-Vera, L., Pretel, E., L\u00f3pez-Jaquero, V., Navarro, E., Gonz\u00e1lez, P. (2025). Mindful Human Digital Twins: Integrating Theory of Mind with multi-agent reinforcement learning.\u00a0<em>Applied Soft Computing<\/em> Vol. 174, 112939\u00a0 DOI: 10.1016\/j.asoc.2025.112939. I.F.: 6.6,\u00a0Q1 (35\/204)<\/p>\n<p>56.- Pretel, E., Zhinin-Vera, L., Navarro, E., L\u00f3pez-Jaquero, V., &amp; Gonz\u00e1lez, P. (2025). MAS4DT: A novel proposal for developing Digital Twins following a Multi-Agent system approach.\u00a0<i>Journal of Systems and Software<\/i>,\u00a0<i>222<\/i>, 112344. DOI: 10.1016\/j.jss.2025.112344. I.F.: 3.7, Q1 (95\/250)<\/p>\n<p>55.- Celdr\u00e1n, F. J., Jim\u00e9nez-Ruescas, J., Lobato, C., Salazar, L., S\u00e1nchez-Margallo, J. A., S\u00e1nchez-Margallo, F. M., &amp; Gonz\u00e1lez, P. (2025) Use of Augmented Reality for Training Assistance in Laparoscopic Surgery: Scoping Literature Review. <i>Journal of Medical Internet Research<\/i>,\u00a0<i>27<\/i>, e58108. DOI: 10.2196\/58108. I.F.: 3.7, Q1 (95\/250)<\/p>\n<p>54.- Jim\u00e9nez-Ruescas, J., Celdr\u00e1n, F. J., Salazar, L., S\u00e1nchez-Margallo, J. A., S\u00e1nchez-Margallo, F. M., &amp; Gonz\u00e1lez, P. (2025) Assessing the Use of Virtual Pointers in Laparoscopic Surgery Training Activities. <i>Surgical Innovation<\/i>,\u00a0<i>32<\/i>(1), 54-61. DOI: 10.1177\/15533506241292854. I.F.: 1.2, Q3 (187\/292)<\/p>\n<p>53.-Garc\u00eda, A. S., Molina, J. P., Juan-Gonz\u00e1lez, J., &amp; Gonz\u00e1lez, P. (2024) Evaluation of virtual locomotion techniques in virtual urban spaces. <i>Multimedia Tools and Applications<\/i>, 1-34. DOI: 10.1007\/s11042-024-20487-2. I.F.: 3.0, Q2 (37\/132)<\/p>\n<p>52.- Romero-Ayuso, D., del Pino-Gonz\u00e1lez, A., Torres-Jim\u00e9nez, A., Juan-Gonz\u00e1lez, J., Celdr\u00e1n, F. J., Franchella, M. C., &#8230; &amp; Gonz\u00e1lez, P. (2024) Enhancing Ecological Validity: Virtual Reality Assessment of Executive Functioning in Children and Adolescents with ADHD. <i>Children<\/i>,\u00a0<i>11<\/i>(8), 986. DOI: 10.3390\/children11080986.\u00a0 I.F.: 2.0, Q2 (68\/186)<\/p>\n<p>51.- Pretel, E., Moya, A., Navarro, E., L\u00f3pez-Jaquero, V., &amp; Gonz\u00e1lez, P. (2024) Analysing the synergies between Multi-agent Systems and Digital Twins: A systematic literature review. <i>Information and Software Technology<\/i>, Vol. 174, 107503. DOI: 10.1016\/j.infsof.2024.107503. I.F<strong>.: <\/strong>3.8, Q1 (26\/132)<\/p>\n<p>50.- Mac\u00edas, A., Mu\u00f1oz, D., Navarro, E., Gonz\u00e1lez, P. (2023) Data Fabric and Digital Twins: an Integrated Approach for Data Fusion Design and Evaluation of Pervasive Systems. <em>Information Fusion\u00a0 <\/em>DOI: 10.1016\/j.inffus.2023.102139.\u00a0 I.F.: 18.6, Q1-D1 (4\/145)<\/p>\n<p>49.- Vicente-Querol, M. A., Fern\u00e1ndez-Caballero, A., Gonz\u00e1lez, P., Gonz\u00e1lez-Gualda, L. M., Fern\u00e1ndez-Sotos, P., Molina, J. P., Garc\u00eda, A. S. (2023) Effect of Action Units, Viewpoint and Immersion on Emotion Recognition Using Dynamic Virtual Faces. <em>International Journal of Neural Systems <\/em>DOI: 10.1142\/S0129065723500533.\u00a0 I.F.: 8.0, Q1 (25\/145)<\/p>\n<p>48.- Juan-Gonzalez, J.,\u00a0 Garcia, A.S.,\u00a0 Molina, J.P., L\u00f3pez-Jaquero, V., Navarro, E., Romero-Ayuso, D., Gonz\u00e1lez, P. (2023) UrbanRehab: A virtual\u00a0 urban\u00a0 scenario design\u00a0 tool\u00a0 for rehabilitating instrumental activities of daily living. \u00a0<em>Journal of Ambient Intelligence and Humanized Computing\u00a0 <\/em>DOI: 10.1007\/s12652-021-03061-8. I.F.: 3.662, Q2 (68\/145)<\/p>\n<p>47.- Garcia, A.S., Fern\u00e1ndez-Sotos, P., Gonz\u00e1lez, P., Navarro, E., Rodriguez-Jimenez, R., Fern\u00e1ndez-Caballero, A.. (2022) Behavioral intention of mental health practitioners toward the adoption of virtual humans in affect recognition training. <em>Frontiers in Psychology <\/em>DOI: 10.3389\/fpsyg.2022.934880.\u00a0 I.F.: 4.232, Q1 (35\/148)<\/p>\n<p>46.- Romero-Ayuso, D., Toledano-Gonz\u00e1lez, A., Rodr\u00edguez-Mart\u00ednez, M.C., Arroyo-Castillo, P., Trivi\u00f1o-Ju\u00e1rez, J. M., Gonz\u00e1lez, P., Ariza-Vega, P., Del Pino Gonz\u00e1lez, A., Segura-Fragoso, A. (2021) Effectiveness of Virtual Reality-Based Interventions for Children and Adolescents with ADHD: A Systematic Review and Meta-Analysis. <em>Children, <\/em>Vol. 8(2), 70 DOI: 10.3390\/children8020070. I.F.: 2. 835, Q2 (59\/130)<\/p>\n<p>45.- Romero-Ayuso, D., Castillero-Perea, A., Gonz\u00e1lez, P., Navarro, E., Ariza-Vega, P., Molina-Mass\u00f3, J.P., Funes-Molina, M. J., Toledano-Gonz\u00e1lez, A., Trivi\u00f1o-Ju\u00e1rez, J.M. (2021) Assessment of Cognitive Instrumental Activities of Daily Living: a Systematic Review. <em>Disability and Rehabilitation<\/em>, Sep 24; 1-17. DOI: 10.1080\/09638288.2019.1665720. I.F.: 2.439, Q2 (28\/68)<\/p>\n<p>44.- Romero-Ayuso, D., Alc\u00e1ntara-V\u00e1zquez, P., Almenara-Garc\u00eda, A., Nu\u00f1ez-Camarero, I., Trivi\u00f1o-Ju\u00e1rez, J. M., Ariza-Vega, P., Molina, J.P., Gonz\u00e1lez, P. (2020) Self-Regulation in Children with Neurodevelopmental Disorders \u201cSR-MRehab: Un Colegio Emocionante\u201d: A Protocol Study. <em>Journal of Environmental Research and Public Health,\u00a0<\/em> Vol 17(12), 4198 DOI: 10.3390\/ijerph17124198. I.F.: 3. 390, Q1 (41\/176)<\/p>\n<p>43.- Moya, A., Navarro, E., Ja\u00e9n, J., Gonz\u00e1lez, P. (2020) Fuzzy-Description Logic for supporting the rehabilitation of the elderly. <em>Expert Systems<\/em>, Vol 37(2), e12464 DOI: 10.1111\/exsy.12464. I.F.: 2.587, Q2 (31\/110)<\/p>\n<p>42.-Garcia, A.S., Fern\u00e1ndez-Sotos, P., Fern\u00e1ndez-Caballero, A., Navarro, E., Latorre, J.M., Rodriguez-Jimenez, R., Gonz\u00e1lez, P. (2020) Acceptance and use of a multi\u2011modal avatar\u2011based tool for remediation of social cognition deficits. <em>Journal of Ambient Intelligence and Humanized Computing<\/em>,\u00a0 <i>11<\/i>, 4513-4524 DOI: 10.1007\/s12652-019-01418-8.\u00a0 I.F.: 7.104, Q1-D1 (16\/161)<\/p>\n<p>41.- Fern\u00e1ndez-Sotos, P., Torio, I., Fern\u00e1ndez-Caballero, A., Navarro, E., Gonz\u00e1lez, P., Dompablo, M., Rodriguez-Jimenez, R. (2019) Social cognition remediation interventions: a systematic mapping review. <em>PLoS One<\/em>, <i>14<\/i>(6), e0218720 DOI: 10.1371\/journal.pone.0218720. I.F.: 2.740 Q2 (27\/71)<\/p>\n<p>40.- Teruel, M.A., Mat\u00e9, A., Navarro, E., Gonz\u00e1lez, P., Trujillo, J. C. (2019) The new era of Business Intelligence Applications: building from a collaborative point of view. <em>Business &amp; Information Systems Engineering<\/em>, Vol. 61(5), pp. 615-634 DOI: 10.1007\/s12599-019-00578-3. I.F.: 5.837, Q1-D1 (10\/156)<\/p>\n<p>39.- Fern\u00e1ndez-Sotos, P., Fern\u00e1ndez-Caballero, A., Gonz\u00e1lez, P., Aparicio, A.I., Mart\u00ednez-Gras, I., Torio, I., Dompablo, M., Garc\u00eda-Fern\u00e1ndez, L., Santos, J.L., Rodriguez-Jimenez, R. (2019) Digital technology for Internet access by patients with early stage schizophrenia in Spain: A multicenter research study. <em>Journal of Medical Internet Research <\/em>, Vol. 21(4): e11824 DOI: 10.2196\/11824. I.F.: 5.034, Q1-D1 (2\/27)<\/p>\n<p>38.- Sanchez-Reolid,R.,Garcia, A.S, Vicente-Querol, M.A., Fern\u00e1ndez-Aguilar, L., L\u00f3pez, M.T., Fernandez-Caballero, A., Gonz\u00e1lez, P. (2018) Artificial Neural Networks to Assess Emotional States from Brain-Computer Interface. <em> Electronics <\/em> Vol. 7(12), 384 DOI: 10.3390\/electronics7120384. I.F.: 1.764, Q3 (154\/265)<\/p>\n<p>37.- Oliver, M., Teruel, M.A., Molina, J.P.; Romero-Ayuso, D., Gonzalez, P. (2018) Ambient Intelligence Environment for Home Cognitive Telerehabilitation. <em>Sensor<\/em> Vol. 18(11), 3671, DOI: 10.3390\/s18113671. I.F.: 3.031, Q1 (15\/61)<\/p>\n<p>36.- Navarro, E., Gonz\u00e1lez, P., L\u00f3pez-Jaquero, V., Montero, F., Molina, J.P., Romero-Ayuso, D. (2018) Adaptive, multisensorial, physiological and social: the next generation of telerehabilitation systems. <em>Frontiers in Neuroinformatics<\/em>, Vol. 12 (34) DOI: 10.3389\/fninf.2018.00043. I.F.: 2.680, Q1 (8\/59)<\/p>\n<p>35.- Fern\u00e1ndez-Caballero, A., Gonz\u00e1lez, P., L\u00f3pez, M. T., Navarro, E. (2018) Special Issue on Socio-Cognitive and Affective Computing. <em>Applied Scences<\/em>. Vol. 8(8), 1371 DOI: 10.3390\/app8081371. I.F.: 1.689, Q3 (77\/146)<\/p>\n<p>34.- Martinez, A., Garcia, B., Alcaraz, R., Gonz\u00e1lez, P., Fern\u00e1ndez-Caballero, A. (2018) Multiscale Entropy Analysis for Recognition of Visually Elicited Negative Stress from EEG Recordings. <em>International Journal of Neural Systems<\/em>. DOI: 10.1142\/S0129065718500387. I.F.: 6.400, Q1-D1 (10\/133)<\/p>\n<p>33.- Teruel, M.A., Condori-Fernandez, N., Navarro, E., Gonz\u00e1lez, P. Lago, P. (2018) Assessing the Impact of the Awareness Level on a Co-operative Game. <em>Information and Software Technology<\/em>, Vol. 98, pp. 89-116, DOI: 10.1016\/j.infsof.2018.02.008. I.F.: 2.921 Q1 (17\/107)<\/p>\n<p>32.- Fern\u00e1ndez-Caballero, A., Navarro, E., Fern\u00e1ndez-Sotos, P., Gonz\u00e1lez, P., Ricarte, J., Latorre-Postigo,JM, Rodriguez-Jimenez,R. (2017) Human-Avatar Symbiosis for the Treatment of Auditory Verbal Hallucinations in Schizophrenia through Virtual\/Augmented Reality and Brain-Computer Interfaces. <em>Frontiers in Neuroinformatics<\/em>, Vol 11(64) Manuscript ID: M282944, DOI: 10.3389\/fninf.2017.00064. I.F.: 3.074 Q1 (8\/59)<\/p>\n<p>31.- Roda, C., Rodriguez, A., L\u00f3pez-Jaquero, V., Navarro, E., Gonz\u00e1lez, P. (2017) A Multi-Agent System for Acquired Brain Injury Rehabilitation in Ambient Intelligence Environments.: <em>Neurocomputing<\/em>, Vol. 231, pp. 11-18, DOI:10.1016\/j.neucom.2016.04.066. I.F.: 3.317, Q1 (24\/133)<\/p>\n<p>30.- Fern\u00e1ndez-Caballero, A., Gonz\u00e1lez, P., Navarro, E. (2017) Gerontechnologies &#8211; Current achievements and future trends. <em>Expert Systems<\/em>, Vol. 34 (2), DOI: 10.1111\/exsy.12203 I.F.: 1.430, Q2 (48\/103)<\/p>\n<p>29.- Teruel, M.A., Navarro, E., Gonz\u00e1lez, P. (2017) Exploiting Awareness for the Development of Collaborative Rehabilitation Systems. <em>Mobile Information Systems<\/em>, Vol. 2017, Article ID 4714328, pp.1-15, DOI: 10.1155\/2017\/4714328. I.F.: 0.849, Q4 (121\/146)<\/p>\n<p>28.- Fern\u00e1ndez-Caballero, A., Gonz\u00e1lez, P., Navarro, E. Cook. D. (2017) Pervasive Computing for Gerontechnology. <em>Pervasive and Mobile Computing<\/em>, Vol. 34, pp. 1-2 DOI: 10.1016\/j.pmcj.2016.12.004. I.F.: 2.974, Q1 (33\/148)<\/p>\n<p>27.- Teruel, M.A., Navarro, E., Gonz\u00e1lez, P., L\u00f3pez-Jaquero, V., Montero F (2017) A Comprehensive Framework for Modeling Requirements of CSCW Systems. <em>Journal of Software-Evolution and Process<\/em>, Vol.29 (5), e1858, DOI: 10.1002\/smr.1858. I.F.: 1.033, Q3 (74\/106)<\/p>\n<p>26.- L\u00f3pez-Jaquero, V., Rodr\u00edguez, A. C., Teruel, M. A., Montero, F., Navarro, E., Gonzalez, P. (2016) A bio-inspired model-based approach for context-aware Post-WIMP tele-rehabilitation. <em>Sensors<\/em>, Vol. 16 (10): 1-25 , DOI: 10.3390\/s16101689. I.F.: 2.677, Q1 (10\/58)<\/p>\n<p>25.- Fern\u00e1ndez-Caballero, A., Gonz\u00e1lez, P., Navarro, E. (2016) Cognitively-Inspired Computing for Gerontechnology. <em>Cognitive Computation<\/em>, Vol 8(2): 297-298, DOI: 10.1007\/s12559-016-9392-x. I.F.: 3.441, Q1 (22\/133)<\/p>\n<p>24.- Catal\u00e1, A., Oliver, M., Molina, J.P., Gonz\u00e1lez, P. (2016) Involving multiple fingers in exploring a haptic surface: an evaluation study. <em>Visual Computer<\/em>, Vol. 32(6): 921-932, DOI: 10.1007\/s00371-016-1250-z. I.F.: 1.468, Q2 (53\/106)<\/p>\n<p>23.- Rodr\u00edguez, A., Roda, C., Montero, F., Gonz\u00e1lez, P., Navarro, E. (2016) An Interactive Fuzzy Inference System for Teletherapy of Older People. <em>Cognitive Computation<\/em>, Vol 8(2): 318-335, DOI: 10.1007\/s12559-015-9356-6. IF: 3.441, Q1 (22\/133)<\/p>\n<p>22.- Mart\u00ednez, J., Garc\u00eda, A.S., Oliver, M., Molina, J.P., Gonz\u00e1lez, P. (2016). Identification of 3D Geometric Forms with a Vibrotactile Glove. <em>IEEE Computer Graphics and Applications<\/em>, Vol 36 (1): 42-51, DOI:10.1109\/MCG.2014.81. I.F.: 1.987, Q2 (29\/106)<\/p>\n<p>21.- Teruel, M. A. Navarro, E., L\u00f3pez-Jaquero, V., Montero, F., Gonz\u00e1lez, P. (2016). Applying Thematic Analysis to define an Awareness Interpretation for Collaborative Computer Games. <em>Information and Software Technology<\/em>, Vol. 74: 17-44, DOI: 10.1016\/j.infsof.2016.01.009. I.F.: 2,694, Q1 (16\/106)<\/p>\n<p>20.- Oliver, M., Montero, F., Molina, J.P., Gonz\u00e1lez, P., Fern\u00e1ndez-Caballero, A. (2016) Multi-camera systems for rehabilitation therapies &#8211; A study on the precision of Microsoft Kinect sensors. <em>Frontiers of Information Technology &amp; Electronic Engineering <\/em>(previously Journal of Zhejiang University SCIENCE C) Vol. 17 (4), pp. 348-364, DOI:10.1631\/FITEE.1500347. I.F.: 0,622, Q4 (95\/106)<\/p>\n<p>19.- Mu\u00f1oz, M.A., Mart\u00ednez, J., Molina, J.P., Garc\u00eda, A.S., Gonz\u00e1lez, P., Fern\u00e1ndez-Caballero, A.(2015). Computational biomodel of motion parallax for multiview 3D video conferencing. <em>Neurocomputing<\/em>, Vol. 151 (1), pp. 108-115, DOI: 10.1016\/j.neucom.2014.07.076. I.F.: 2.392, Q1 (31\/130)<\/p>\n<p>18.- Nacher, V., Jaen, J., Navarro, E., Catala, A., Gonzalez, P. (2015) Multi-touch gestures for pre-kindergarten children. <em>International Journal of Human-Computer Studies<\/em>, Vol. 73, pp. 37-51, DOI: 10.1016\/j.ijhcs.2014.08.004. I.F.: 1.476, Q1 (4\/16)<\/p>\n<p>17.- Oliver, M., Montero, F., Fern\u00e1ndez-Caballero, A., Gonz\u00e1lez, P., Molina, J.P. (2015) RGB-D assistive technologies for acquired brain injury: Description and assessment of user experience. <em>Expert Systems<\/em>, Vol. 32 (3), pp. 370-380, DOI: 10.1111\/exsy.12096. I.F.: 0.947, Q3 (57\/105)<\/p>\n<p>16.- Mart\u00ednez, J., Garc\u00eda, A.S., Oliver, M., Molina, J.P., Gonzalez, P. (2014) VITAKI: A Vibrotactile Prototyping Toolkit for Virtual Reality and Videogames. <em>International Journal of Human-Computer Interaction<\/em>, Vol. 30(11), pp. 855-871, DOI:10.1080\/10447318.2014.941272. I.F.: 0.850, Q3 (16\/24)<\/p>\n<p>15.- Teruel, M. A., Navarro, E, L\u00f3pez-Jaquero, V., Montero, F, Gonz\u00e1lez, P. (2014) A CSCW Requirements Engineering CASE Tool: Development and Usability Evaluation. <em>Information and Software Technology<\/em>, Vol. 56(8), pp. 922-949, DOI: 10.1016\/j.infsof.2014.02.009. I.F.: 1,046, Q2 (46\/104)<\/p>\n<p>14.- Navarro, E., Cuesta, C., Perry, D., Gonz\u00e1lez, P. (2013) Antipatterns for architectural knowledge management. <em>Journal of Information Technology and Decision Making<\/em>, Vol. 12(3), pp. 547-589, DOI: 10.1142\/S0219622013500211ISSN: 0219-6220. I.F.:1.890, Q1 (24\/135)<\/p>\n<p>13.- Garc\u00eda, A.S., Olivas, A., Molina, J.P., Mart\u00ednez, J., Gonz\u00e1lez, P., Mart\u00ednez,D. (2013) An Evaluation of Targeting Accuracy in Immersive First-Person Shooters Comparing Different Tracking Approaches and Mapping Models. <em>Journal of Universal Computer Science<\/em>, Vol. 19(8), pp.1086-1104, DOI: 10.3217\/jucs-019-08-1086. I.F.: 0,401, Q4 (89\/102)<\/p>\n<p>12.- Figueroa-Martinez, J., Gutierrez-Vela, F.L., Lopez-Jaquero, V., Gonz\u00e1lez, P. (2013). Enriching UsiXML language to support Awareness. <em>Science of Computer Programming<\/em>, Vol. 78(11), pp. 2259-2267, DOI:10.1016\/j.scico.2012.09.020 I.F.: 0,548, Q4 (86\/105)<\/p>\n<p>11.- Mart\u00ednez, J., Garc\u00eda, A.S., Molina, J.P., Mart\u00ednez, D., Gonzalez, P. (2013) An Empirical Evaluation of Different Haptic Feedback for Shape and Texture Recognition. <em>Visual Computer<\/em>, Vol. 29(2), pp.111-121, DOI: 10.1007\/s00371-013-0781-9. I.F.: 1,073, Q2 (46\/105)<\/p>\n<p>10.- Teruel, M.A., Navarro, E., L\u00f3pez-Jaquero, V., Montero, F., Ja\u00e9n, J., Gonz\u00e1lez, P. (2012) Analyzing the Understandability of Requirements Engineering Languages for CSCW Systems: A Family of Experiments. <em>Information and Software Technology<\/em>, Vol. 54(11), pp. 1215-1228, DOI:10.1016\/j.infsof.2012.06.001. I.F.: 1,522, Q1 (23\/105)<\/p>\n<p>9.- Martinez, D., Kieffer, S., Martinez, J., Molina, J. P., Macq, B., Gonzalez, P. (2010) Usability Evaluation of Virtual Reality Interaction Techniques for Positioning and Manoeuvring in Reduced, Manipulation-oriented Environments. <em>Visual Computer<\/em>, Vol. 26 (6-8). pp. 619-628, DOI: 10.1007\/s00371-010-0499-x. I.F.: 0,583, Q4 (82\/99)<\/p>\n<p>8.- Lopez-Jaquero, V., Montero, F., Gonz\u00e1lez, P. (2009) AB-HCI: A Interface Multi-Agent System to Support Human Centred Computing. <em>IET Software<\/em>, Vol. 3(1), pp. 14-25, DOI: 10.1049\/iet-sen:20070108. I.F.: 0,650, Q4 (72\/93)<\/p>\n<p>7.- Mart\u00ednez, D., Garc\u00eda, A. S., Mart\u00ednez, J., Molina, J.P., Gonz\u00e1lez, P. (2008) A model of interaction for CVEs based in the human model of communication. <em>Journal of Universal Computer Science<\/em>, Vol. 14(19), pp. 3071-3084 http:\/\/www.jucs.org\/jucs_14_19\/a_model_of_interaction. I.F.: 0,488, Q4 (74\/86)<\/p>\n<p>6.- L\u00f3pez-Jaquero, V., Montero, F., Molina-Mass\u00f3, J.P., Gonz\u00e1lez, P., Fern\u00e1ndez-Caballero, A. (2005) A Multi-agent System Architecture for the Adaptation of User Interfaces. <em>Lecture Notes in Computer Science<\/em>, Vol. 3690\/2005, pp. 583-586, DOI: 10.1007\/11559221_6. I.F. 0,402, Q4 (62\/71)<\/p>\n<p>5.- L\u00f3pez-Jaquero, V., Montero, F., Molina-Mass\u00f3, J.P., Gonz\u00e1lez, P., Fern\u00e1ndez-Caballero, A. (2005) A seamless development process of adaptive user interfaces explicitly based on usability properties. <em>Lecture Notes in Computer Science<\/em>, Vol. 3425\/2005, pp. 289-292, DOI: 10.1007\/11431879_19. I.F.: 0,402, Q4 (62\/71)<\/p>\n<p>4.- C\u00f3rcoles, J.E., Gonz\u00e1lez, P. (2004) Using RDF to query Spatial XML. <em>Lecture Notes in Computer Science<\/em>, Vol. 3140\/2004, pp. 316-329, DOI: 10.1007\/978-3-540-27834-4_40. I.F. 0,513, Q4 (53\/70)<\/p>\n<p>3.- C\u00f3rcoles, J.E., Gonz\u00e1lez, P. (2004) Querying Spatial Resources. An Approach to the Semantic Geospatial Web. <em>Lecture Notes in Computer Science<\/em>, Vol. 3095\/2004, pp. 41-50, DOI: 10.1007\/978-3-540-25982-4_5 I.F. 0, 513, Q4 (53\/70)<\/p>\n<p>2.- Molina, J.P., Gonz\u00e1lez, P. (2003) Automatic Hybrid Hierarchy Creation: a Cost-model Based Approach. <em>Computer Graphics Forum<\/em>, Vol. 22(1), pp. 5-13, DOI: 10.1111\/1467-8659.t01-1-00641. I.F.: 0,699, Q2 (34\/78)<\/p>\n<p>1.- Moreno, G., Gonz\u00e1lez, P., G\u00e1mez J.A. (1993) Parallel Algorithm for Table Division in Relational Database. <em>Microprocessing and Microprograming<\/em>. The Euromicro Journal (ISSN 0165-6074).(Jounal of Systems Architecture) Vol. 39, pp. 169-172, DOI: 10.1016\/0165-6074(93)90081-U. I.F.: 0,667, Q2 (12\/47)<\/p>\n","protected":false},"excerpt":{"rendered":"<p>JCR Indexed Journals ( Q1: 28 (D1:5); Q2: 18; Q3: 5; Q4: 11) 62.- Zhinin-Vera, L., Gonz\u00e1lez-Garc\u00eda, J. J., L\u00f3pez-Jaquero, V., Navarro, E., &amp; Gonz\u00e1lez, P. (2026). Theory of mind and continual reinforcement learning for bullying intervention. Neural Computing and Applications,\u00a038(6), 160 \u00a0DOI: 10.1007\/s00521-025-11835-w. I.F.: 4.5, Q2 (51\/197) 61.-\u00a0Romero-Ayuso, D., Vidal-Ram\u00edrez, C., P\u00e9rez-Rodr\u00edguez, S., del &hellip; <a href=\"https:\/\/blog.uclm.es\/pascualgonzalez\/en\/indexed-journals\/\" class=\"more-link\">Continue reading <span class=\"screen-reader-text\">Indexed Journals<\/span> <span class=\"meta-nav\">&rarr;<\/span><\/a><\/p>\n","protected":false},"author":113,"featured_media":0,"parent":0,"menu_order":0,"comment_status":"closed","ping_status":"closed","template":"","meta":{"footnotes":""},"class_list":["post-647","page","type-page","status-publish","hentry"],"_links":{"self":[{"href":"https:\/\/blog.uclm.es\/pascualgonzalez\/en\/wp-json\/wp\/v2\/pages\/647","targetHints":{"allow":["GET"]}}],"collection":[{"href":"https:\/\/blog.uclm.es\/pascualgonzalez\/en\/wp-json\/wp\/v2\/pages"}],"about":[{"href":"https:\/\/blog.uclm.es\/pascualgonzalez\/en\/wp-json\/wp\/v2\/types\/page"}],"author":[{"embeddable":true,"href":"https:\/\/blog.uclm.es\/pascualgonzalez\/en\/wp-json\/wp\/v2\/users\/113"}],"replies":[{"embeddable":true,"href":"https:\/\/blog.uclm.es\/pascualgonzalez\/en\/wp-json\/wp\/v2\/comments?post=647"}],"version-history":[{"count":4,"href":"https:\/\/blog.uclm.es\/pascualgonzalez\/en\/wp-json\/wp\/v2\/pages\/647\/revisions"}],"predecessor-version":[{"id":733,"href":"https:\/\/blog.uclm.es\/pascualgonzalez\/en\/wp-json\/wp\/v2\/pages\/647\/revisions\/733"}],"wp:attachment":[{"href":"https:\/\/blog.uclm.es\/pascualgonzalez\/en\/wp-json\/wp\/v2\/media?parent=647"}],"curies":[{"name":"wp","href":"https:\/\/api.w.org\/{rel}","templated":true}]}}