{"id":640,"date":"2018-08-31T16:56:03","date_gmt":"2018-08-31T15:56:03","guid":{"rendered":"https:\/\/blog.uclm.es\/pascualgonzalez\/member-of-the-research-team\/"},"modified":"2024-02-29T20:51:55","modified_gmt":"2024-02-29T19:51:55","slug":"member-of-the-research-team","status":"publish","type":"page","link":"https:\/\/blog.uclm.es\/pascualgonzalez\/en\/member-of-the-research-team\/","title":{"rendered":"Research Team Member"},"content":{"rendered":"<p>\u2022 Digital human twins to encourage prosocial behavior (16\/10\/2023- 15\/10\/2026); 119.500 \u20ac<br \/>\nFunding: MCIN \/AEI \/10.13039\/501100011033-FEDER (PID2022-PID2022-140907OB-I00)<br \/>\nPI: V\u00edctor L\u00f3pez L\u00f3pez, Francisco Montero Simarro<\/p>\n<p>\u2022 Reconfigurable heterogeneous highly parallel processing platform for safe and secure AI (31\/12\/2022- 31\/07\/2026); 162.795 \u20ac<br \/>\nFunding: HORIZON-KDT-JU-2021-2-RIA(101097224) MCIN\/AEI\/10.13039\/501100011033 (PCI2022-135043-2)<br \/>\nPI: Arturo S. Garc\u00eda Jim\u00e9nez<\/p>\n<p>\u2022 Design and evaluation of a framework driven by the user experience for the development of cyberphysical social systems for healthcare (01\/06\/2020- 29\/02\/2024); 115.797 \u20ac<br \/>\nFunding: Ministerio de Econom\u00eda, Industria y Competitividad (PID2019-108915RB-I00)<br \/>\nPI: Elena Navarro Mart\u00ednez, V\u00edctor L\u00f3pez L\u00f3pez<\/p>\n<p>\u2022 Verification and validation of automated systems\u2019 safety and security funding organization (01\/05\/2020- 30\/04\/2023); 119.270 \u20ac<br \/>\nFunding: H2020-ECSEL(VALU3S, 876852)<br \/>\nPI: Jos\u00e9 Luis de la Vara<\/p>\n<p>\u2022 iRel4.0 intelligent reliability 4.0 (01\/05\/2020- 30\/04\/2023); 119.270 \u20ac<br \/>\nFunding: H2020-ECSEL(iRel 4.0 8766592)<br \/>\nPI: Antonio Fern\u00e1ndez Caballero<\/p>\n<p>\u2022 Human-Avatar Symbiosis in Cognitive Cybertherapies: Proof of Concept for Auditory Auditory Hallucinations Rehabilitation (01\/01\/2017 &#8211; 31\/12\/2018); 50.000 \u20ac<br \/>\nFunding: Ministerio de Econom\u00eda y Competitividad (TIN2015-72931-EXP)<br \/>\nParticipants: Hospital 12 de Octubre; Complejo Hospitalario Universitario de Albacete (CHUA)<br \/>\nPI: Antonio Fern\u00e1ndez Caballero<\/p>\n<p>\u2022 User interface eXtensible Mark-up Language (27\/07\/2011 &#8211; 26\/07\/2013) 37.049 \u20ac<br \/>\nFunding: Avanza I+D (TSI-020400-2011-20)<br \/>\nParticipants: Bilbom\u00e1tica, Vector SF, Prodevelop, Symbia it, Universidad Polit\u00e9cnica de Valencia<br \/>\nPI: Victor L\u00f3pez-Jaquero<\/p>\n<p>\u2022 Model-driven engineering for the development of multi-sensor surveillance systems (01\/04\/2009 &#8211; 31\/03\/12); 90.000 \u20ac<br \/>\nFunding: JCCM (PII2I09-0069-0094)<br \/>\nPI: Antonio Fernandez Caballero<\/p>\n<p>\u2022 Application of leading technologies to unmanned aircrafts for Research and Development in ATM (ATLANTIDA) (07\/09\/2007 &#8211; 31\/12\/2010); 477.818,19 \u20ac<br \/>\nFunding: CDTI, Programa CENIT<br \/>\nParticipants: Boeing Research &amp; Technology Europe, S.L.; Indra; Gmv; Altran; Atos Origin; Tti; Isdefe; Iberia; Aernnova; Tcp; Insa; Aerovision;<br \/>\nPI: Luis Orozco Barbosa<\/p>\n<p>\u2022 DOLMEN\/Improved object development (1\/12\/2000 &#8211; 1\/12\/2003); 14.840.000 pts.<br \/>\nFunding: CICYT (TIC 2000-1673-C06-06)<br \/>\nPI: Mario Piattini Velthuis<\/p>\n<p>\u2022 GEOZOCO \/ Study of interoperability in distributed systems: application to geographic information systems. (1\/12\/2000 &#8211; 1\/12\/2003); 6.700.000 pts.<br \/>\nFunding: CICYT (TIC 2000-1106-C02-02)<br \/>\nPI: Jes\u00fas Garc\u00eda-Consuegra Bleda<\/p>\n<p>\u2022 Intervention in infant and primary education, using PRISMAKER didactic play material, to optimize development.(1\/01\/2000 &#8211; 31\/12\/2001); 25.641.000 pts.<br \/>\nFunding: Cofinanciado con Fondos FEDER y CICYT (ref. 1FD97-1017)<br \/>\nParticipants: PRIMAKER SYSTEM<br \/>\nPI: Juan Monta\u00f1es Rodr\u00edguez<\/p>\n<p>\u2022 Creation of an integrated computer system for the analysis and improvement of data on the Manchega sheep breed. (1\/04\/1999 &#8211; 31\/12\/2001); 15.332.000 pts.<br \/>\nFunding: Cofinanciado con Fondos FEDER y CICYT (ref. 1FD97-0678-C02-02)<br \/>\nParticipants: CERSYRA,AGRAMA<br \/>\nPI: Fernando Cuartero G\u00f3mez<\/p>\n<p>\u2022 Design of a Telematic System with Internet technology for Distributed Data Analysis. (1\/03\/1999 &#8211; 31\/12\/1999); 6.170.000 pts.<br \/>\nFunding: Junta de Comunidades de Castilla-La Mancha y Fondo Social Europeo<br \/>\nPI: Jos\u00e9 Luis S\u00e1nchez Garc\u00eda<\/p>\n<p>\u2022 Expansion of the Hospital Telemedicine project in Castilla-La Mancha (1\/03\/1999 &#8211; 31\/12\/1999); 9.205.000 pts.<br \/>\nFunding: Junta de Comunidades de Castilla-La Mancha y Fondo Social Europeo<br \/>\nParticipants: Cl\u00ednicas Recoletas<br \/>\nPI: Antonio Garrido del Solo<\/p>\n<p>\u2022 Development of a high-performance, low-cost workstation network (1\/08\/1997 &#8211; 1\/08\/2000); 11.200.000 pts.<br \/>\nFunding: CICYT (TIC97-0897-C04-03)<br \/>\nPI: Francisco Jos\u00e9 Quiles Flor<\/p>\n<p>\u2022 Development of adaptive routing techniques. Application to interconnection networks for massively parallel computers (5\/04\/94 -19\/05\/97); 7.920.000 pts.<br \/>\nFunding: CICYT (TIC94-0510-C02-02)<br \/>\nPI: Jos\u00e9 Manuel Garc\u00eda Carrasco<\/p>\n<p>\u2022 Distributed scope for geographic information system applications (1\/01\/2003 &#8211; 31\/12\/2004)<br \/>\nFunding: Fondos FEDER Infraestructura Cient\u00edfica (UNCM03-23-054-2)<br \/>\nPI: Jes\u00fas Garc\u00eda-Consuegra.<\/p>\n<p>\u2022 Advanced network modeling and evaluation equipment (1\/01\/2002 &#8211; 31\/12\/2003)<br \/>\nFunding: Fondos FEDER Infraestructura Cient\u00edfica (UNCM00-23-025) 2002-2003<br \/>\nPI: Antonio Garrido.<\/p>\n","protected":false},"excerpt":{"rendered":"<p>\u2022 Digital human twins to encourage prosocial behavior (16\/10\/2023- 15\/10\/2026); 119.500 \u20ac Funding: MCIN \/AEI \/10.13039\/501100011033-FEDER (PID2022-PID2022-140907OB-I00) PI: V\u00edctor L\u00f3pez L\u00f3pez, Francisco Montero Simarro \u2022 Reconfigurable heterogeneous highly parallel processing platform for safe and secure AI (31\/12\/2022- 31\/07\/2026); 162.795 \u20ac Funding: HORIZON-KDT-JU-2021-2-RIA(101097224) MCIN\/AEI\/10.13039\/501100011033 (PCI2022-135043-2) PI: Arturo S. Garc\u00eda Jim\u00e9nez \u2022 Design and evaluation of a &hellip; <a href=\"https:\/\/blog.uclm.es\/pascualgonzalez\/en\/member-of-the-research-team\/\" class=\"more-link\">Continue reading <span class=\"screen-reader-text\">Research Team Member<\/span> <span class=\"meta-nav\">&rarr;<\/span><\/a><\/p>\n","protected":false},"author":113,"featured_media":0,"parent":0,"menu_order":0,"comment_status":"closed","ping_status":"closed","template":"","meta":{"footnotes":""},"class_list":["post-640","page","type-page","status-publish","hentry"],"_links":{"self":[{"href":"https:\/\/blog.uclm.es\/pascualgonzalez\/en\/wp-json\/wp\/v2\/pages\/640","targetHints":{"allow":["GET"]}}],"collection":[{"href":"https:\/\/blog.uclm.es\/pascualgonzalez\/en\/wp-json\/wp\/v2\/pages"}],"about":[{"href":"https:\/\/blog.uclm.es\/pascualgonzalez\/en\/wp-json\/wp\/v2\/types\/page"}],"author":[{"embeddable":true,"href":"https:\/\/blog.uclm.es\/pascualgonzalez\/en\/wp-json\/wp\/v2\/users\/113"}],"replies":[{"embeddable":true,"href":"https:\/\/blog.uclm.es\/pascualgonzalez\/en\/wp-json\/wp\/v2\/comments?post=640"}],"version-history":[{"count":1,"href":"https:\/\/blog.uclm.es\/pascualgonzalez\/en\/wp-json\/wp\/v2\/pages\/640\/revisions"}],"predecessor-version":[{"id":642,"href":"https:\/\/blog.uclm.es\/pascualgonzalez\/en\/wp-json\/wp\/v2\/pages\/640\/revisions\/642"}],"wp:attachment":[{"href":"https:\/\/blog.uclm.es\/pascualgonzalez\/en\/wp-json\/wp\/v2\/media?parent=640"}],"curies":[{"name":"wp","href":"https:\/\/api.w.org\/{rel}","templated":true}]}}