{"id":629,"date":"2018-08-30T13:16:22","date_gmt":"2018-08-30T12:16:22","guid":{"rendered":"https:\/\/blog.uclm.es\/pascualgonzalez\/principal-investigator\/"},"modified":"2026-03-23T19:37:19","modified_gmt":"2026-03-23T18:37:19","slug":"principal-investigator","status":"publish","type":"page","link":"https:\/\/blog.uclm.es\/pascualgonzalez\/en\/principal-investigator\/","title":{"rendered":"Principal Investigator"},"content":{"rendered":"<blockquote><p><strong>European<\/strong><\/p><\/blockquote>\n<p>\u2022 Enhancing user interface design. UsiXML (01\/10\/2009 &#8211; 28\/02\/2012)<br \/>\nFunding: EUREKA-ITEA2 (08026)<br \/>\nParticipants: A\u00e9rodrones, Baum Engineering,CSB Hanse, Company for Software and Development, DAI-Labor, DefiMedia, ErgoSign, Gostai, Informatics-Telematics Inst., Inst. T\u00e9l\u00e9com, LIP6,Namahn, OutSystems, ProDevelop, See &amp; Touch, SIV AG, Telef\u00f3nica I+D, Thales, Univ. Castilla-La Mancha, Univ. Madeira, Univ. Polit\u00e9cnica de Valencia, Univ. Joseph Fourier, Univ. Catholique de Louvain, Univ. Namur,Univ. Paderborn, Univ. Rostock,VRSense<br \/>\nPI: Pascual Gonz\u00e1lez L\u00f3pez<\/p>\n<p>\u2022 MyMobileWeb: Advanced technologies enabling multi-device mobile access to current and future web applications, services and information portals (01\/01\/2007 &#8211; 31\/12\/2009)<br \/>\nFunding: EUREKA-CELTIC (ID: CP4-020)<br \/>\nParticipants: Telef\u00f3nica I+D; Telef\u00f3nica M\u00f3viles; GERMINUS XXI; INTERNET WEB SERVIES; ANSWARETECH; YACO; Fundaci\u00f3n CTIC; Universidad Polit\u00e9cnica de Madrid, Tisco<br \/>\nPI: Pascual Gonz\u00e1lez L\u00f3pez<\/p>\n<blockquote><p><strong>National<\/strong><\/p><\/blockquote>\n<p>\u2022 Architecture and post-wimp technologies for the development of social, multi-sensory and adaptive virtual environments in tele-rehabilitation. (01\/01\/2017 &#8211; 31\/12\/2019); 90.900 \u20ac<br \/>\nFunding: Ministerio de Econom\u00eda y Competitividad (TIN2016-79100-R)<br \/>\nPI: Pascual Gonz\u00e1lez L\u00f3pez, Elena Navarro Mart\u00ednez<\/p>\n<p>\u2022Extending UsiXML for post-wimp UI development (01\/01\/2013 &#8211; 31\/12\/2015); 130.900 \u20ac<br \/>\nFunding: Ministerio de Econom\u00eda y Competitividad (TIN2012-34003)<br \/>\nPI: Pascual Gonz\u00e1lez L\u00f3pez<\/p>\n<p>\u2022 Quality, adaptation and new paradigms applied to collaborative systems (01\/01\/2009 &#8211; 31\/12\/2012); 102.000 \u20ac<br \/>\nFunding: Ministerio de Ciencia e Innovaci\u00f3n (TIN2008-06596-C02-01)<br \/>\nParticipants: Universidad de Granada, Universidad de Lleida<br \/>\nPI: Pascual Gonz\u00e1lez L\u00f3pez<\/p>\n<p>\u2022 ADACO\/ Collaborative environments: adaptive interface development methodologies (COMEDIA) (13\/12\/2004 &#8211; 31\/12\/2007); 55.200,00 \u20ac<br \/>\nFunding: CICYT (TIN2004-08000-C03-01)<br \/>\nParticipants: Universidad de Granada, Universidad de Lleida<br \/>\nPI: Pascual Gonz\u00e1lez L\u00f3pez<\/p>\n<p>\u2022 MyMobileWeb: Advanced technologies enabling multi-device mobile access to current and future web applications, services and information portals (25\/06\/2007 &#8211; 31\/03\/2011) ; 75.000,00 \u20ac ; 43.000 \u20ac; 21.302 \u20ac; 16.207 \u20ac<br \/>\nFunding: PROFIT (FIT-350405-2007-1); AvanzaI+D (TSI-020301-2008-25); AvanzaI+D (TSI-020301-2009-14); AvanzaCompetitividadI+D+I (TSI-020400-2010-118)<br \/>\nParticipants: Telef\u00f3nica I+D; Telef\u00f3nica M\u00f3viles; GERMINUS XXI; Internet web servies; ANSWARETECH; YACO; Fundaci\u00f3n CTIC; Universidad Polit\u00e9cnica de Madrid<br \/>\nPI: Pascual Gonz\u00e1lez L\u00f3pez<\/p>\n<p>\u2022 7th International Conference on Computer Aided Design on User Interface (01\/01\/2008 &#8211; 22\/12\/2008) ; 12.000 \u20ac<br \/>\nFunding: Ministerio de Ciencia e Innovaci\u00f3n (TIN2008-02066-E)<br \/>\nPI: Pascual Gonz\u00e1lez L\u00f3pez<\/p>\n<p>\u2022 IX Congreso Internacional de Interacci\u00f3n Persona-Ordenador (01\/01\/2008 &#8211; 22\/12\/2008) ; 3.000 \u20ac<br \/>\nFunding: Ministerio de Ciencia e Innovaci\u00f3n (TIN2008-00797-E)<br \/>\nPI: Pascual Gonz\u00e1lez L\u00f3pez<\/p>\n<blockquote><p><strong>Regional<\/strong><\/p><\/blockquote>\n<p>\u2022 A framework for developing federated digital twins to pursue the society 5.0 (01\/09\/2025 \u2013 31\/08\/2028):\u00a0 113.218,59 \u20ac<br \/>\nFunding: Junta de Comunidades de Castilla-La Mancha-FEDER (SBPLY\/24\/180225\/000020)<br \/>\nPI: Elena Navarro, Pascual Gonz\u00e1lez<\/p>\n<p>\u2022 A holistic approach to domain independent development of digital twins (01\/09\/2025 \u2013 31\/08\/2026);\u00a0 90.136,28 \u20ac<br \/>\nFunding: Universidad de Castilla-La Mancha-FEDER (2025-GRIN-38441)<br \/>\nPI: Pascual Gonz\u00e1lez L\u00f3pez<\/p>\n<p>\u2022 User-centered design of assistive drones using digital twins(01\/09\/2022 &#8211; 31\/08\/2025); 116.803 \u20ac<br \/>\nFunding: Junta de Comunidades de Castilla-La Mancha-FEDER (SBPLY\/21\/180501\/000030)<br \/>\nPI: Pascual Gonz\u00e1lez L\u00f3pez, Rafael Morales Herrera<\/p>\n<p>\u2022 Interaction paradigms for the new era of digital resilience (01\/04\/2023 &#8211; 31\/03\/2025); 60.820 \u20ac<br \/>\nFunding: Universidad de Castilla-La Mancha-FEDER (2022-GRIN-34436)<br \/>\nPI: Pascual Gonz\u00e1lez L\u00f3pez<\/p>\n<p>\u2022 New environments and interaction paradigms (01\/04\/2009 &#8211; 31\/12\/2012); 180.000 \u20ac<br \/>\nFunding: JCCM (PEII09-0054-9581)<br \/>\nPI: Pascual Gonz\u00e1lez L\u00f3pez<\/p>\n<p>\u2022 Moodle Mobile de la Mancha (27\/07\/2010 &#8211; 26\/07\/2012); 12.000 \u20ac<br \/>\nFunding: JCCM (Proyectos de innovaci\u00f3n e investigaci\u00f3n. Programa IV convenio cooperaci\u00f3n UCLM-JCCM)<br \/>\nPI: Pascual Gonz\u00e1lez L\u00f3pez<\/p>\n<p>\u2022Collaborative virtual environments applied to learning systems. ( 09\/04\/2006 &#8211; 31\/12\/2008); 101.980,00 \u20ac<br \/>\nFunding: JCCM (PAI06-0093-8836)<br \/>\nParticipants: Universidad Miguel Hern\u00e1ndez<br \/>\nPI: Pascual Gonz\u00e1lez L\u00f3pez<\/p>\n<p>\u2022 New interaction techniques: virtual reality and computer vision (1\/04\/2005 &#8211; 31\/12\/2007); 130.092,34 \u20ac<br \/>\nFunding: Fondos FEDER Infraestructura Cient\u00edfica (UNCM05-23-050)<br \/>\nPI: Pascual Gonz\u00e1lez L\u00f3pez<\/p>\n<p>\u2022 Dynamic User Interface Development Methodologies (1\/01\/2003 &#8211; 31\/12\/2005); 78.000,00 \u20ac<br \/>\nFunding: Junta de Comunidades de Castilla-La Mancha (PBC-03-003)<br \/>\nParticipants: Universidad Polit\u00e9cnica de Valencia, Universidad Miguel Hern\u00e1ndez<br \/>\nPI: Pascual Gonz\u00e1lez L\u00f3pez<\/p>\n<p>\u2022 Virtual reality application management workstation network (1\/08\/2002 &#8211; 31\/12\/2003); 125.010,52 \u20ac<br \/>\nFunding: Fondos FEDER Infraestructura Cient\u00edfica<br \/>\nPI: Pascual Gonz\u00e1lez L\u00f3pez<\/p>\n<p>\u2022 Intervention in infant and primary education, through playful didactic material VIRTUAL-PRISMAKER (1\/01\/2001 &#8211; 31\/12\/2001); 6.500.000 pts.<br \/>\nFunding: Junta de Comunidades de Castilla-La Mancha y el Fondo Social Europeo. (2000020264)<br \/>\nParticipants: PRIMAKER SYSTEM, S.L.<br \/>\nPI: Pascual Gonz\u00e1lez L\u00f3pez<\/p>\n<p>\u2022 Study of User Interface Design Methodologies in Distributed and Portable Environments(1\/01\/2001 &#8211; 31\/12\/2001); 500.000 pts.<br \/>\nFunding: Universidad de Castilla-La Mancha. (011.1255)<br \/>\nPI: Pascual Gonz\u00e1lez L\u00f3pez<\/p>\n<p>\u2022 Livestock farm management (1\/07\/2000 &#8211; 31\/3\/2001); 6.896.551 pts.<br \/>\nFunding: Junta de Comunidades de Castilla-La Mancha<br \/>\nPI: Pascual Gonz\u00e1lez L\u00f3pez<\/p>\n","protected":false},"excerpt":{"rendered":"<p>European \u2022 Enhancing user interface design. UsiXML (01\/10\/2009 &#8211; 28\/02\/2012) Funding: EUREKA-ITEA2 (08026) Participants: A\u00e9rodrones, Baum Engineering,CSB Hanse, Company for Software and Development, DAI-Labor, DefiMedia, ErgoSign, Gostai, Informatics-Telematics Inst., Inst. T\u00e9l\u00e9com, LIP6,Namahn, OutSystems, ProDevelop, See &amp; Touch, SIV AG, Telef\u00f3nica I+D, Thales, Univ. Castilla-La Mancha, Univ. Madeira, Univ. Polit\u00e9cnica de Valencia, Univ. Joseph Fourier, Univ. &hellip; <a href=\"https:\/\/blog.uclm.es\/pascualgonzalez\/en\/principal-investigator\/\" class=\"more-link\">Continue reading <span class=\"screen-reader-text\">Principal Investigator<\/span> <span class=\"meta-nav\">&rarr;<\/span><\/a><\/p>\n","protected":false},"author":113,"featured_media":0,"parent":0,"menu_order":0,"comment_status":"closed","ping_status":"closed","template":"","meta":{"footnotes":""},"class_list":["post-629","page","type-page","status-publish","hentry"],"_links":{"self":[{"href":"https:\/\/blog.uclm.es\/pascualgonzalez\/en\/wp-json\/wp\/v2\/pages\/629","targetHints":{"allow":["GET"]}}],"collection":[{"href":"https:\/\/blog.uclm.es\/pascualgonzalez\/en\/wp-json\/wp\/v2\/pages"}],"about":[{"href":"https:\/\/blog.uclm.es\/pascualgonzalez\/en\/wp-json\/wp\/v2\/types\/page"}],"author":[{"embeddable":true,"href":"https:\/\/blog.uclm.es\/pascualgonzalez\/en\/wp-json\/wp\/v2\/users\/113"}],"replies":[{"embeddable":true,"href":"https:\/\/blog.uclm.es\/pascualgonzalez\/en\/wp-json\/wp\/v2\/comments?post=629"}],"version-history":[{"count":4,"href":"https:\/\/blog.uclm.es\/pascualgonzalez\/en\/wp-json\/wp\/v2\/pages\/629\/revisions"}],"predecessor-version":[{"id":728,"href":"https:\/\/blog.uclm.es\/pascualgonzalez\/en\/wp-json\/wp\/v2\/pages\/629\/revisions\/728"}],"wp:attachment":[{"href":"https:\/\/blog.uclm.es\/pascualgonzalez\/en\/wp-json\/wp\/v2\/media?parent=629"}],"curies":[{"name":"wp","href":"https:\/\/api.w.org\/{rel}","templated":true}]}}