{"id":745,"date":"2018-04-13T11:53:57","date_gmt":"2018-04-13T10:53:57","guid":{"rendered":"http:\/\/blogdev.uclm.es\/pablohigueras\/?page_id=13"},"modified":"2023-01-13T14:05:38","modified_gmt":"2023-01-13T13:05:38","slug":"docencia-2","status":"publish","type":"page","link":"https:\/\/blog.uclm.es\/pablohigueras\/docencia-2\/","title":{"rendered":"Docencia"},"content":{"rendered":"\n<h2 class=\"wp-block-heading\">Yacimientos minerales<\/h2>\n\n\n\n<p><a rel=\"noreferrer noopener\" href=\"https:\/\/campusvirtual.uclm.es\/\" target=\"_blank\">Acceso a Campus virtual<\/a><br><a href=\"http:\/\/blog.uclm.es\/pablohigueras\/yacimientos-minerales\/\">Documentaci\u00f3n adicional de la asignatura<\/a><\/p>\n\n\n\n<h2 class=\"wp-block-heading\">Tecnolog\u00eda ambiental minera<\/h2>\n\n\n\n<p><a rel=\"noreferrer noopener\" href=\"https:\/\/campusvirtual.uclm.es\/\" target=\"_blank\">Acceso a Campus Virtual<\/a><br><a href=\"http:\/\/blog.uclm.es\/pablohigueras\/curso-de-mineria-y-medio-ambiente\/\">Documentaci\u00f3n adicional de la asignatura<\/a><\/p>\n","protected":false},"excerpt":{"rendered":"<p>Yacimientos minerales Acceso a Campus virtualDocumentaci\u00f3n adicional de la asignatura Tecnolog\u00eda ambiental minera Acceso a Campus VirtualDocumentaci\u00f3n adicional de la asignatura<\/p>\n","protected":false},"author":109,"featured_media":0,"parent":0,"menu_order":0,"comment_status":"closed","ping_status":"closed","template":"","meta":{"footnotes":""},"class_list":["post-745","page","type-page","status-publish","hentry"],"_links":{"self":[{"href":"https:\/\/blog.uclm.es\/pablohigueras\/wp-json\/wp\/v2\/pages\/745","targetHints":{"allow":["GET"]}}],"collection":[{"href":"https:\/\/blog.uclm.es\/pablohigueras\/wp-json\/wp\/v2\/pages"}],"about":[{"href":"https:\/\/blog.uclm.es\/pablohigueras\/wp-json\/wp\/v2\/types\/page"}],"author":[{"embeddable":true,"href":"https:\/\/blog.uclm.es\/pablohigueras\/wp-json\/wp\/v2\/users\/109"}],"replies":[{"embeddable":true,"href":"https:\/\/blog.uclm.es\/pablohigueras\/wp-json\/wp\/v2\/comments?post=745"}],"version-history":[{"count":2,"href":"https:\/\/blog.uclm.es\/pablohigueras\/wp-json\/wp\/v2\/pages\/745\/revisions"}],"predecessor-version":[{"id":775,"href":"https:\/\/blog.uclm.es\/pablohigueras\/wp-json\/wp\/v2\/pages\/745\/revisions\/775"}],"wp:attachment":[{"href":"https:\/\/blog.uclm.es\/pablohigueras\/wp-json\/wp\/v2\/media?parent=745"}],"curies":[{"name":"wp","href":"https:\/\/api.w.org\/{rel}","templated":true}]}}