{"id":7,"date":"2018-04-13T10:29:28","date_gmt":"2018-04-13T10:29:28","guid":{"rendered":"http:\/\/blogdev.uclm.es\/pablohigueras\/?page_id=2"},"modified":"2023-01-13T14:01:58","modified_gmt":"2023-01-13T13:01:58","slug":"pagina-ejemplo-2","status":"publish","type":"page","link":"https:\/\/blog.uclm.es\/pablohigueras\/","title":{"rendered":"Inicio"},"content":{"rendered":"\n<div class=\"wp-block-columns is-layout-flex wp-container-core-columns-is-layout-9d6595d7 wp-block-columns-is-layout-flex\">\n<div class=\"wp-block-column is-layout-flow wp-block-column-is-layout-flow\">\n<figure class=\"wp-block-image size-large is-resized\"><img loading=\"lazy\" decoding=\"async\" src=\"https:\/\/blog.uclm.es\/pablohigueras\/wp-content\/uploads\/sites\/132\/2018\/05\/Foto2PH-1024x682.jpg\" alt=\"\" class=\"wp-image-79\" width=\"236\" height=\"157\" srcset=\"https:\/\/blog.uclm.es\/pablohigueras\/wp-content\/uploads\/sites\/132\/2018\/05\/Foto2PH-1024x682.jpg 1024w, https:\/\/blog.uclm.es\/pablohigueras\/wp-content\/uploads\/sites\/132\/2018\/05\/Foto2PH-300x200.jpg 300w, https:\/\/blog.uclm.es\/pablohigueras\/wp-content\/uploads\/sites\/132\/2018\/05\/Foto2PH-768x512.jpg 768w, https:\/\/blog.uclm.es\/pablohigueras\/wp-content\/uploads\/sites\/132\/2018\/05\/Foto2PH.jpg 1181w\" sizes=\"auto, (max-width: 236px) 100vw, 236px\" \/><\/figure>\n<\/div>\n\n\n\n<div class=\"wp-block-column is-layout-flow wp-block-column-is-layout-flow\">\n<h2 class=\"wp-block-heading\"><strong>Catedr\u00e1tico de Universidad<\/strong><\/h2>\n\n\n\n<p><strong>Departamento de Ingenier\u00eda Geol\u00f3gica y Minera<\/strong><\/p>\n\n\n\n<p><strong>EUP Almad\u00e9n<\/strong><\/p>\n\n\n\n<p><strong>Universidad de Castilla-La Mancha<\/strong><\/p>\n\n\n\n<p><strong>Almad\u00e9n (Ciudad Real)<\/strong><\/p>\n\n\n\n<p><strong>Espa\u00f1a.<\/strong><\/p>\n<\/div>\n<\/div>\n","protected":false},"excerpt":{"rendered":"<p>Catedr\u00e1tico de Universidad Departamento de Ingenier\u00eda Geol\u00f3gica y Minera EUP Almad\u00e9n Universidad de Castilla-La Mancha Almad\u00e9n (Ciudad Real) Espa\u00f1a.<\/p>\n","protected":false},"author":109,"featured_media":0,"parent":0,"menu_order":0,"comment_status":"closed","ping_status":"open","template":"page-templates\/full-width.php","meta":{"footnotes":""},"class_list":["post-7","page","type-page","status-publish","hentry"],"_links":{"self":[{"href":"https:\/\/blog.uclm.es\/pablohigueras\/wp-json\/wp\/v2\/pages\/7","targetHints":{"allow":["GET"]}}],"collection":[{"href":"https:\/\/blog.uclm.es\/pablohigueras\/wp-json\/wp\/v2\/pages"}],"about":[{"href":"https:\/\/blog.uclm.es\/pablohigueras\/wp-json\/wp\/v2\/types\/page"}],"author":[{"embeddable":true,"href":"https:\/\/blog.uclm.es\/pablohigueras\/wp-json\/wp\/v2\/users\/109"}],"replies":[{"embeddable":true,"href":"https:\/\/blog.uclm.es\/pablohigueras\/wp-json\/wp\/v2\/comments?post=7"}],"version-history":[{"count":2,"href":"https:\/\/blog.uclm.es\/pablohigueras\/wp-json\/wp\/v2\/pages\/7\/revisions"}],"predecessor-version":[{"id":773,"href":"https:\/\/blog.uclm.es\/pablohigueras\/wp-json\/wp\/v2\/pages\/7\/revisions\/773"}],"wp:attachment":[{"href":"https:\/\/blog.uclm.es\/pablohigueras\/wp-json\/wp\/v2\/media?parent=7"}],"curies":[{"name":"wp","href":"https:\/\/api.w.org\/{rel}","templated":true}]}}