{"id":34,"date":"2018-05-07T09:27:18","date_gmt":"2018-05-07T08:27:18","guid":{"rendered":"http:\/\/blogdev.uclm.es\/pablohigueras\/?page_id=34"},"modified":"2023-01-13T15:24:20","modified_gmt":"2023-01-13T14:24:20","slug":"actividad-profesional-en-empresas","status":"publish","type":"page","link":"https:\/\/blog.uclm.es\/pablohigueras\/investigacion-2\/actividad-profesional-en-empresas\/","title":{"rendered":"Actividad profesional en Empresas"},"content":{"rendered":"<h3>1975<\/h3>\n<p>Prospecci\u00f3n y preexplotaci\u00f3n de Fe en las explotaciones de la <b>Compa\u00f1\u00eda Andaluza<\/b><b>\u00a0de Minas<\/b> (Alquife, Granada).<\/p>\n<h3>1976<\/h3>\n<p>Reconocimiento de indicios en Sierra de <span class=\"SpellE\">C\u00e1zulas<\/span>\u00a0y geoqu\u00edmica de suelos en la Sierra de\u00a0<span class=\"SpellE\">Aguilas<\/span>\u00a0(Lorca, Murcia). Para\u00a0<b>CHARTER EXPLORACIONES<\/b>.<\/p>\n<h3>1978<\/h3>\n<p>Prospecci\u00f3n y preexplotaci\u00f3n de Fe en las explotaciones de la <b>Compa\u00f1\u00eda Andaluza<\/b><b>\u00a0de Minas<\/b> (Alquife, Granada).<\/p>\n<h3>Agosto de 1980 &#8211; Julio 1984<\/h3>\n<p>Ge\u00f3logo de proyectos en <b>Investigaciones Geol\u00f3gicas y Mineras<\/b><i>\u00a0<\/i><b>S. A. (INGEMISA)<\/b>, participando en la ejecuci\u00f3n de Proyectos de Investigaci\u00f3n Minera (fundamentalmente para el ITGE) y en la realizaci\u00f3n de hojas MAGNA de la Zona de Ossa-Morena (Usagre, Llerena, Pe\u00f1arroya-Pueblonuevo, entre otras).<\/p>\n<h3>Agosto 1984 &#8211; Marzo 1991<\/h3>\n<p>Ge\u00f3logo de proyectos en <b>Minas de Almad\u00e9n y Arrayanes, S.A. (MAYASA)<\/b>, participando en la realizaci\u00f3n de proyectos de investigaci\u00f3n minera propia (fundamentalmente para mercurio) y tambi\u00e9n para otras empresas y organismos.<\/p>\n<h3>Desde Marzo 1991<\/h3>\n<p>Profesor del <b>Departamento de Ingenier\u00eda Geol\u00f3gica y Minera<\/b>de la Universidad de Castilla-La Mancha, con destino en la Escuela de Ingenier\u00eda Minera e Industrial de Almad\u00e9n.<\/p>\n","protected":false},"excerpt":{"rendered":"<p>1975 Prospecci\u00f3n y preexplotaci\u00f3n de Fe en las explotaciones de la Compa\u00f1\u00eda Andaluza\u00a0de Minas (Alquife, Granada). 1976 Reconocimiento de indicios en Sierra de C\u00e1zulas\u00a0y geoqu\u00edmica de suelos en la Sierra de\u00a0Aguilas\u00a0(Lorca, Murcia). Para\u00a0CHARTER EXPLORACIONES. 1978 Prospecci\u00f3n y preexplotaci\u00f3n de Fe en las explotaciones de la Compa\u00f1\u00eda Andaluza\u00a0de Minas (Alquife, Granada). Agosto de 1980 &#8211; Julio &hellip; <a href=\"https:\/\/blog.uclm.es\/pablohigueras\/investigacion-2\/actividad-profesional-en-empresas\/\" class=\"more-link\">Seguir leyendo <span class=\"screen-reader-text\">Actividad profesional en Empresas<\/span> <span class=\"meta-nav\">&rarr;<\/span><\/a><\/p>\n","protected":false},"author":109,"featured_media":0,"parent":21,"menu_order":0,"comment_status":"closed","ping_status":"closed","template":"","meta":{"footnotes":""},"class_list":["post-34","page","type-page","status-publish","hentry"],"_links":{"self":[{"href":"https:\/\/blog.uclm.es\/pablohigueras\/wp-json\/wp\/v2\/pages\/34","targetHints":{"allow":["GET"]}}],"collection":[{"href":"https:\/\/blog.uclm.es\/pablohigueras\/wp-json\/wp\/v2\/pages"}],"about":[{"href":"https:\/\/blog.uclm.es\/pablohigueras\/wp-json\/wp\/v2\/types\/page"}],"author":[{"embeddable":true,"href":"https:\/\/blog.uclm.es\/pablohigueras\/wp-json\/wp\/v2\/users\/109"}],"replies":[{"embeddable":true,"href":"https:\/\/blog.uclm.es\/pablohigueras\/wp-json\/wp\/v2\/comments?post=34"}],"version-history":[{"count":2,"href":"https:\/\/blog.uclm.es\/pablohigueras\/wp-json\/wp\/v2\/pages\/34\/revisions"}],"predecessor-version":[{"id":780,"href":"https:\/\/blog.uclm.es\/pablohigueras\/wp-json\/wp\/v2\/pages\/34\/revisions\/780"}],"up":[{"embeddable":true,"href":"https:\/\/blog.uclm.es\/pablohigueras\/wp-json\/wp\/v2\/pages\/21"}],"wp:attachment":[{"href":"https:\/\/blog.uclm.es\/pablohigueras\/wp-json\/wp\/v2\/media?parent=34"}],"curies":[{"name":"wp","href":"https:\/\/api.w.org\/{rel}","templated":true}]}}