{"id":24,"date":"2018-04-13T12:02:34","date_gmt":"2018-04-13T11:02:34","guid":{"rendered":"http:\/\/blogdev.uclm.es\/pablohigueras\/?page_id=24"},"modified":"2023-01-20T11:18:46","modified_gmt":"2023-01-20T10:18:46","slug":"publicaciones","status":"publish","type":"page","link":"https:\/\/blog.uclm.es\/pablohigueras\/investigacion-2\/publicaciones\/","title":{"rendered":"Publicaciones"},"content":{"rendered":"\n<p><strong>The As-contaminated Elqui river basin: a long lasting perspective (1975-1995) covering the initiation and development of Au-Cu-As mining in the high Andes of northern Chile<\/strong><br><br>Oyarzun, R.; Guevara, S.; Oyarz\u00fan, J.; Lillo, J.; Maturana, H.; Higueras, P.<br>Environmental Geochemistry and Health. En prensa.<br>Publication year: 2006<\/p>\n\n\n\n<p><br><strong>Alteraci\u00f3n de materiales volc\u00e1nicos paleozoicos del sinclinal de Almad\u00e9n<\/strong><br><br>Higueras, P.; Acosta, A.<br>Bolet\u00edn de\u00a0la Sociedad Espa\u00f1ola\u00a0de Mineralog\u00eda, 15-1: 176-180<br>Publication year: 1992<br><\/p>\n\n\n\n<p><strong>Geochemical constraints on the petrogenesis of mafic magmas in the Almad\u00e9n mercury mining district<\/strong><br><br>Higueras, P.; Munh\u00e1, J.<br>Terra\u00a0Abstracts, 6: 12-13.<br>Publication year: 1993<br><\/p>\n\n\n\n<p><strong>Discrimina\u00e7\u00e2o\u00a0geoqu\u00edmica,\u00a0petrog\u00e9nese\u00a0e ambiente geotect\u00f3nico da\u00a0actividade\u00a0magm\u00e1tica no sinclinal de Almad\u00e9n (Ciudad Real,\u00a0Espanha)<\/strong><br><br>Museu e Laborat\u00f3rio Mineral\u00f3gico e Geol\u00f3gico da Fac. Ciencias de U. Porto, Mem\u00f3rias, 3: 247-248.<br>Publication year: 1993<br><\/p>\n\n\n\n<p><strong>Alteration of basic igneous rocks from the Almad\u00e9n mercury mining district<\/strong><br><br>Higueras Pablo<br>En: Fenoll, P.; Torres, J.; Gervilla, F. (Eds.). Current research on geology applied to mineral deposits.\u00a0SGA-Universidad de Granada: 131-135. ISBN: 84-338-1772-8<br>Publication year: 1993<br><\/p>\n\n\n\n<p><strong>Modelizaci\u00f3n num\u00e9rica de la alteraci\u00f3n que afecta al magmatismo b\u00e1sico relacionado con las mineralizaciones de mercurio del distrito de Almad\u00e9n<\/strong><br><br>Higueras Pablo<br>En: Rey, J.; Mart\u00ednez Fr\u00edas, J.; Lunar, R. (Eds.). Geolog\u00eda y metalogenia en ambientes oce\u00e1nicos. Dep\u00f3sitos hidrotermales submarinos. Publicaciones especiales del Instituto Espa\u00f1ol de Oceanograf\u00eda, n\u00fam. 18: 21-30. ISBN: 84-491-0124-7<br>Publication year: 1994<br><\/p>\n\n\n\n<p><strong>An\u00e1lisis estratigr\u00e1fico de la \u00abcuarcita de Criadero\u00bb en el sinclinal de Almad\u00e9n<\/strong><br><br>Gallardo,\u00a0J.L.; Higueras, P.; Molina,\u00a0J.M.<br>Bolet\u00edn Geol\u00f3gico y Minero, 105-2: 135-145<br>Publication year: 1994<br>Aspectos composicionales de los piroxenos \u00edgneos del magmatismo b\u00e1sico del sinclinal de Almad\u00e9n. Implicaciones petrogen\u00e9ticas<br>Publicaciones<br>Higueras, P.; Morata, D.<br>Geogaceta, 16: 19-22<br>Publication year: 1994<br><\/p>\n\n\n\n<p><strong>Procesos petrogen\u00e9ticos y de alteraci\u00f3n de las rocas magm\u00e1ticas asociadas a las mineralizaciones de mercurio del distrito de Almad\u00e9n<\/strong><br><br>Higueras Pablo<br>Ediciones de la Universidad de Castilla-La Mancha (Cuenca). Tesis Doctorales, 33. 270 pg. ISBN: 84-89492-06-9<br>Publication year: 1995<br><\/p>\n\n\n\n<p><strong>Procesos petrogen\u00e9ticos y de alteraci\u00f3n de las rocas magm\u00e1ticas asociadas a las mineralizaciones de mercurio del distrito de Almad\u00e9n (Edici\u00f3n en Microfichas)<\/strong><br><br>Higueras Pablo<br>Ediciones de la Universidad de Castilla-La Mancha (Cuenca). Tesis Doctorales. ISBN: 84-89492-07-7<br>Publication year: 1995<br><\/p>\n\n\n\n<p><strong>Metamorfismo de grado-bajo en facies prehnita-pumpellyita en las metabasitas del sinclinal de Almad\u00e9n<\/strong><br><br>Higueras, P.; Morata, D.; Munh\u00e1, J.<br>Bolet\u00edn de\u00a0la Sociedad Espa\u00f1ola\u00a0de Mineralog\u00eda, 18: 46-72<br>Publication year: 1995<br><\/p>\n\n\n\n<p><strong>Procesos de alteraci\u00f3n asociados a la removilizaci\u00f3n hidrotermal de cinabrio en el yacimiento de \u00abLas Cuevas\u00bb (Almad\u00e9n, Ciudad Real)<\/strong><br><br>Higueras, P.; Parras, J.; S\u00e1nchez, C.<br>Bolet\u00edn de\u00a0la Sociedad Espa\u00f1ola\u00a0de Mineralog\u00eda, 18: 112-153.<br>Publication year: 1995<br><\/p>\n\n\n\n<p><strong>Dataci\u00f3n Ar39\/Ar40 de mineralizaciones de mercurio del sinclinal de Almad\u00e9n<\/strong><br><br>Hall,\u00a0C.M.; Higueras, P.; Kesler,\u00a0S.E.; Lunar, R.;\u00a0Dong, H.;\u00a0Halliday,\u00a0A.N.<br>Geogaceta, 20-1: 483-486.<br>Publication year: 1996<br><\/p>\n\n\n\n<p><strong>Rocas granitoides calcoalcalinas altas en potasio en la Zona Centroib\u00e9rica: el \u00e1rea Garlitos &#8211; El Borracho<\/strong><br><br>Donaire, T.; Pascual, E.; Higueras, P.; Morata, D.<br>Geogaceta, 20-3: 579-581.<br>Publication year: 1996<br><\/p>\n\n\n\n<p><strong>Geolog\u00eda y prospecci\u00f3n geoqu\u00edmica para oro en la zona de Lora del R\u00edo (Sevilla)<\/strong><br><br>Higueras, P.; Borrero, J.; Urbano, R.; Ord\u00f3\u00f1ez,\u00a0J.L.<br>Bolet\u00edn Geol\u00f3gico y Minero, 103-2: 99-116.<br>Publication year: 1992<br><\/p>\n\n\n\n<p><strong>Magmatismo y mineralizaciones de edad sil\u00farica en\u00a0la Zona Centroib\u00e9rica<\/strong><br><br>Higueras, P.; Monterrubio, S.<br>En: Guti\u00e9rrez Marco, J.C.; Saavedra, J. &amp; R\u00e1bano, I. (Eds). Paleozoico Inferior de Iberoam\u00e9rica. Univ. Extremadura:.\u00a0535-543. ISBN: 84-604-2767-6<br>Publication year: 1992<br><\/p>\n\n\n\n<p><strong>Geolog\u00eda y g\u00e9nesis de las mineralizaciones de mercurio asociadas a volcanitas b\u00e1sicas en el sector de Corchuelo (Dev\u00f3nico Superior del sinclinal de Almad\u00e9n)<\/strong><br><br>Borrero, J.; Higueras, P.<br>Bolet\u00edn de\u00a0la Sociedad Espa\u00f1ola\u00a0de Mineralog\u00eda, 14: 117-124.<br>Publication year: 1991<br><\/p>\n\n\n\n<p><strong>Mapa Geol\u00f3gico Nacional a escala 1: 50.000. Hoja n\u00ba; 877 (Llerena)<\/strong><br><br>Higueras Pablo<br>ITGE-INGEMISA (1983) . Hoja n\u00ba; 877 (Llerena)<br>Publication year: 1983<br><\/p>\n\n\n\n<p><strong>Mapa Geol\u00f3gico Nacional a escala 1: 50.000. Hoja n\u00ba 855 (Usagre)<\/strong><br><br>Higueras Pablo<br>ITGE-INGEMISA (1983) . Hoja n\u00ba 855 (Usagre)<br>Publication year: 1983<br><\/p>\n\n\n\n<p><strong>Mapa Geol\u00f3gico Nacional a escala 1: 50.000. Hoja n\u00ba 879 (Pe\u00f1arroya-Pueblonuevo)<\/strong><br><br>Higueras Pablo<br>ITGE-INGEMISA (1984) . Hoja n\u00ba 879 (Pe\u00f1arroya-Pueblonuevo)<br>Publication year: 1984<br><\/p>\n\n\n\n<p><strong>Mapa Geol\u00f3gico Nacional a escala 1: 50.000. Hoja n\u00ba 880 (Espiel)<\/strong><br><br>Higueras Pablo<br>ITGE-INGEMISA (1985) Hoja n\u00ba 880 (Espiel)<br>Publication year: 1985<br><\/p>\n\n\n\n<p><strong>Mapa Geol\u00f3gico Nacional a escala 1: 50.000. Hoja n\u00ba 901 (Villaviciosa de C\u00f3rdoba)<\/strong><br><br>Higueras Pablo<br>ITGE-INGEMISA (1985) . Hoja n\u00ba 901 (Villaviciosa de C\u00f3rdoba)<br>Publication year: 1985<br><\/p>\n\n\n\n<p><strong>Mapa Geol\u00f3gico Nacional a escala 1: 50.000. Hoja n\u00ba 878 (Azuaga)<\/strong><br><br>Higueras Pablo<br>ITGE-INGEMISA (1985). Hoja n\u00ba 878 (Azuaga)<br>Publication year: 1985<br><\/p>\n\n\n\n<p><strong>Mapa Geol\u00f3gico Nacional a escala 1: 50.000. Hoja n\u00ba 899 (Guadalcanal)<\/strong><br><br>Higueras Pablo<br>ITGE-INGEMISA (1985) . Hoja n\u00ba 899 (Guadalcanal)<br>Publication year: 1985<br><\/p>\n\n\n\n<p><strong>Mapa Geol\u00f3gico Nacional a escala 1: 50.000. Hoja n\u00ba 902 (Adamuz)<\/strong><br><br>Higueras Pablo<br>ITGE-INGEMISA (1985) . Hoja n\u00ba 902 (Adamuz)<br>Publication year: 1985<br><\/p>\n\n\n\n<p><strong>Divisi\u00f3n en grupos de rocas en Sierra Morena Oriental. Colecci\u00f3n Temas Geol\u00f3gico-Mineros<\/strong><br><br>Apalategui, O.; Borrero, J.; Higueras, P.<br>Publication year: 1985<br><\/p>\n\n\n\n<p><strong>Mapa Geol\u00f3gico Nacional a escala 1: 50.000. Hoja n\u00ba 830 (Hornachos)<\/strong><br><br>Higueras Pablo<br>ITGE-INGEMISA (1988) . Hoja n\u00ba 830 (Hornachos)<br>Publication year: 1988<br><\/p>\n\n\n\n<p><strong>Mineralizaciones filonianas de W asociadas al Plut\u00f3n de Santa Eufemia (Batolito de Los Pedroches, C\u00f3rdoba)<\/strong><br><br>Garc\u00eda Casco, A.; Pascual Mart\u00ednez, E.; Fenoll Hach Al\u00ed, P.; Higueras, P.<br>Bolet\u00edn de\u00a0la Sociedad Espa\u00f1ola\u00a0de Mineralog\u00eda, 11-1: 113-124.<br>Publication year: 1988<br><\/p>\n\n\n\n<p><strong>Nuevos conocimientos sobre la geolog\u00eda y\u00a0metalog\u00e9nesisde los yacimientos de Mercurio de Almad\u00e9n (Ciudad Real)<\/strong><br><br>Borrero, J.; Higueras, P.<br>Publication year: 1990<br><\/p>\n\n\n\n<p><strong>El Granito de\u00a0Plasenzuela\u00a0(C\u00e1ceres). Una nueva variedad de granito ornamental<\/strong><br><br>Hern\u00e1ndez, A.; Higueras, P.<br>Roc\u00a0Maquina, 15: 31-35.<br>Publication year: 1991<\/p>\n\n\n\n<p><strong>Propiedades cer\u00e1micas de las pizarras de la cuenca carbon\u00edfera de Puertollano (Ciudad Real)<\/strong><br><br>Parras, J.; S\u00e1nchez,\u00a0C.J.; S\u00e1nchez, V.; Higueras, P.<br>Geogaceta, 20-3: 717-720.<br>Publication year: 1996<br><\/p>\n\n\n\n<p><strong>Rocas granitoides calcoalcalinas altas en potasio en la Zona Centroib\u00e9rica: el \u00e1rea Garlitos &#8211; El Borracho<\/strong><br><br>Donaire, T.; Pascual, E.; Higueras, P.; Morata, D.<br>Geogaceta, 20-3: 579-581.<br>Publication year: 1996<br><\/p>\n\n\n\n<p><strong>El Granito de\u00a0Plasenzuela\u00a0(C\u00e1ceres). Una nueva variedad de granito ornamental<\/strong><br><br>Hern\u00e1ndez, A.; Higueras, P.<br>Roc\u00a0Maquina, 15: 31-35.<br>Publication year: 1991<br><\/p>\n\n\n\n<p><strong>Nuevos conocimientos sobre la geolog\u00eda y\u00a0metalog\u00e9nesisde los yacimientos de Mercurio de Almad\u00e9n (Ciudad Real)<\/strong><br><br>Borrero, J.; Higueras, P.<br>Publication year: 1990<br><\/p>\n\n\n\n<p><strong>Mineralizaciones filonianas de W asociadas al Plut\u00f3n de Santa Eufemia (Batolito de Los Pedroches, C\u00f3rdoba)<\/strong><br><br>Garc\u00eda Casco, A.; Pascual Mart\u00ednez, E.; Fenoll Hach Al\u00ed, P.; Higueras, P.<br>Bolet\u00edn de\u00a0la Sociedad Espa\u00f1ola\u00a0de Mineralog\u00eda, 11-1: 113-124.<br>Publication year: 1988<br><\/p>\n\n\n\n<p><strong>Mapa Geol\u00f3gico Nacional a escala 1: 50.000. Hoja n\u00ba 830 (Hornachos)<\/strong><br><br>Higueras Pablo<br>ITGE-INGEMISA (1988) . Hoja n\u00ba 830 (Hornachos)<br>Publication year: 1988<br><\/p>\n\n\n\n<p><strong>Divisi\u00f3n en grupos de rocas en Sierra Morena Oriental. Colecci\u00f3n Temas Geol\u00f3gico-Mineros<\/strong><br><br>Apalategui, O.; Borrero, J.; Higueras, P.<br>Publication year: 1985<br><\/p>\n\n\n\n<p><strong>Mapa Geol\u00f3gico Nacional a escala 1: 50.000. Hoja n\u00ba 902 (Adamuz)<\/strong><br><br>Higueras Pablo<br>ITGE-INGEMISA (1985) . Hoja n\u00ba 902 (Adamuz)<br>Publication year: 1985<br><\/p>\n\n\n\n<p><strong>Mapa Geol\u00f3gico Nacional a escala 1: 50.000. Hoja n\u00ba 899 (Guadalcanal)<\/strong><br><br>Higueras Pablo<br>ITGE-INGEMISA (1985) . Hoja n\u00ba 899 (Guadalcanal)<br>Publication year: 1985<br><\/p>\n\n\n\n<p><strong>Mapa Geol\u00f3gico Nacional a escala 1: 50.000. Hoja n\u00ba 878 (Azuaga)<\/strong><br><br>Higueras Pablo<br>ITGE-INGEMISA (1985). Hoja n\u00ba 878 (Azuaga)<br>Publication year: 1985<br><\/p>\n\n\n\n<p><strong>Mapa Geol\u00f3gico Nacional a escala 1: 50.000. Hoja n\u00ba 901 (Villaviciosa de C\u00f3rdoba)<\/strong><br><br>Higueras Pablo<br>ITGE-INGEMISA (1985) . Hoja n\u00ba 901 (Villaviciosa de C\u00f3rdoba)<br>Publication year: 1985<br><\/p>\n\n\n\n<p><strong>Mapa Geol\u00f3gico Nacional a escala 1: 50.000. Hoja n\u00ba 880 (Espiel)<\/strong><br><br>Higueras Pablo<br>ITGE-INGEMISA (1985) Hoja n\u00ba 880 (Espiel)<br>Publication year: 1985<br><\/p>\n\n\n\n<p><strong>Mapa Geol\u00f3gico Nacional a escala 1: 50.000. Hoja n\u00ba 879 (Pe\u00f1arroya-Pueblonuevo)<\/strong><br><br>Higueras Pablo<br>ITGE-INGEMISA (1984) . Hoja n\u00ba 879 (Pe\u00f1arroya-Pueblonuevo)<br>Publication year: 1984<br><\/p>\n\n\n\n<p><strong>Mapa Geol\u00f3gico Nacional a escala 1: 50.000. Hoja n\u00ba 855 (Usagre)<\/strong><br><br>Higueras Pablo<br>ITGE-INGEMISA (1983) . Hoja n\u00ba 855 (Usagre)<br>Publication year: 1983<br><\/p>\n\n\n\n<p><strong>Mapa Geol\u00f3gico Nacional a escala 1: 50.000. Hoja n\u00ba; 877 (Llerena)<\/strong><br><br>Higueras Pablo<br>ITGE-INGEMISA (1983) . Hoja n\u00ba; 877 (Llerena)<br>Publication year: 1983<br><\/p>\n\n\n\n<p><strong>Geolog\u00eda y g\u00e9nesis de las mineralizaciones de mercurio asociadas a volcanitas b\u00e1sicas en el sector de Corchuelo (Dev\u00f3nico Superior del sinclinal de Almad\u00e9n)<\/strong><br><br>Borrero, J.; Higueras, P.<br>Bolet\u00edn de\u00a0la Sociedad Espa\u00f1ola\u00a0de Mineralog\u00eda, 14: 117-124.<br>Publication year: 1991<br><\/p>\n\n\n\n<p><strong>Magmatismo y mineralizaciones de edad sil\u00farica en\u00a0la Zona Centroib\u00e9rica<\/strong><br><br>Higueras, P.; Monterrubio, S.<br>En: Guti\u00e9rrez Marco, J.C.; Saavedra, J. &amp; R\u00e1bano, I. (Eds). Paleozoico Inferior de Iberoam\u00e9rica. Univ. Extremadura:.\u00a0535-543. ISBN: 84-604-2767-6<br>Publication year: 1992<br><\/p>\n\n\n\n<p><strong>Dataci\u00f3n Ar39\/Ar40 de mineralizaciones de mercurio del sinclinal de Almad\u00e9n<\/strong><br><br>Hall,\u00a0C.M.; Higueras, P.; Kesler,\u00a0S.E.; Lunar, R.;\u00a0Dong, H.;\u00a0Halliday,\u00a0A.N.<br>Geogaceta, 20-1: 483-486.<br>Publication year: 1996<br><\/p>\n\n\n\n<p><strong>Procesos de alteraci\u00f3n asociados a la removilizaci\u00f3n hidrotermal de cinabrio en el yacimiento de \u00abLas Cuevas\u00bb (Almad\u00e9n, Ciudad Real)<\/strong><br><br>Higueras, P.; Parras, J.; S\u00e1nchez, C.<br>Bolet\u00edn de\u00a0la Sociedad Espa\u00f1ola\u00a0de Mineralog\u00eda, 18: 112-153.<br>Publication year: 1995<br><\/p>\n\n\n\n<p><strong>Metamorfismo de grado-bajo en facies prehnita-pumpellyita en las metabasitas del sinclinal de Almad\u00e9n<\/strong><br><br>Higueras, P.; Morata, D.; Munh\u00e1, J.<br>Bolet\u00edn de\u00a0la Sociedad Espa\u00f1ola\u00a0de Mineralog\u00eda, 18: 46-72<br>Publication year: 1995<br><\/p>\n\n\n\n<p><strong>Procesos petrogen\u00e9ticos y de alteraci\u00f3n de las rocas magm\u00e1ticas asociadas a las mineralizaciones de mercurio del distrito de Almad\u00e9n (Edici\u00f3n en Microfichas)<\/strong><br><br>Higueras Pablo<br>Ediciones de la Universidad de Castilla-La Mancha (Cuenca). Tesis Doctorales. ISBN: 84-89492-07-7<br>Publication year: 1995<br><\/p>\n\n\n\n<p><strong>Procesos petrogen\u00e9ticos y de alteraci\u00f3n de las rocas magm\u00e1ticas asociadas a las mineralizaciones de mercurio del distrito de Almad\u00e9n<\/strong><br><br>Higueras Pablo<br>Ediciones de la Universidad de Castilla-La Mancha (Cuenca). Tesis Doctorales, 33. 270 pg. ISBN: 84-89492-06-9<br>Publication year: 1995<br><\/p>\n\n\n\n<p><strong>Aspectos composicionales de los piroxenos \u00edgneos del magmatismo b\u00e1sico del sinclinal de Almad\u00e9n. Implicaciones petrogen\u00e9ticas<\/strong><br><br>Higueras, P.; Morata, D.<br>Geogaceta, 16: 19-22<br>Publication year: 1994<br><\/p>\n\n\n\n<p><strong>An\u00e1lisis estratigr\u00e1fico de la \u00abcuarcita de Criadero\u00bb en el sinclinal de Almad\u00e9n<\/strong><br><br>Gallardo,\u00a0J.L.; Higueras, P.; Molina,\u00a0J.M.<br>Bolet\u00edn Geol\u00f3gico y Minero, 105-2: 135-145<br>Publication year: 1994<br><\/p>\n\n\n\n<p><strong>Modelizaci\u00f3n num\u00e9rica de la alteraci\u00f3n que afecta al magmatismo b\u00e1sico relacionado con las mineralizaciones de mercurio del distrito de Almad\u00e9n<\/strong><br><br>Higueras Pablo<br>En: Rey, J.; Mart\u00ednez Fr\u00edas, J.; Lunar, R. (Eds.). Geolog\u00eda y metalogenia en ambientes oce\u00e1nicos. Dep\u00f3sitos hidrotermales submarinos. Publicaciones especiales del Instituto Espa\u00f1ol de Oceanograf\u00eda, n\u00fam. 18: 21-30. ISBN: 84-491-0124-7<br>Publication year: 1994<br><\/p>\n\n\n\n<p><strong>Alteration of basic igneous rocks from the Almad\u00e9n mercury mining district<\/strong><br><br>Higueras Pablo<br>En: Fenoll, P.; Torres, J.; Gervilla, F. (Eds.). Current research on geology applied to mineral deposits.\u00a0SGA-Universidad de Granada: 131-135. ISBN: 84-338-1772-8<br>Publication year: 1993<br><\/p>\n\n\n\n<p><strong>Discrimina\u00e7\u00e2o\u00a0geoqu\u00edmica,\u00a0petrog\u00e9nese\u00a0e ambiente geotect\u00f3nico da\u00a0actividade\u00a0magm\u00e1tica no sinclinal de Almad\u00e9n (Ciudad Real,\u00a0Espanha)<\/strong><br><br>Museu e Laborat\u00f3rio Mineral\u00f3gico e Geol\u00f3gico da Fac. Ciencias de U. Porto, Mem\u00f3rias, 3: 247-248.<br>Publication year: 1993<br><\/p>\n\n\n\n<p><strong>Geochemical constraints on the petrogenesis of mafic magmas in the Almad\u00e9n mercury mining district<\/strong><br><br>Higueras, P.; Munh\u00e1, J.<br>Terra\u00a0Abstracts, 6: 12-13.<br>Publication year: 1993<br><\/p>\n\n\n\n<p><strong>Alteraci\u00f3n de materiales volc\u00e1nicos paleozoicos del sinclinal de Almad\u00e9n<\/strong><br><br>Higueras, P.; Acosta, A.<br>Bolet\u00edn de\u00a0la Sociedad Espa\u00f1ola\u00a0de Mineralog\u00eda, 15-1: 176-180<br>Publication year: 1992<br><\/p>\n\n\n\n<p><strong>Geolog\u00eda y prospecci\u00f3n geoqu\u00edmica para oro en la zona de Lora del R\u00edo (Sevilla)<\/strong><br><br>Higueras, P.; Borrero, J.; Urbano, R.; Ord\u00f3\u00f1ez,\u00a0J.L.<br>Bolet\u00edn Geol\u00f3gico y Minero, 103-2: 99-116.<br>Publication year: 1992<\/p>\n\n\n\n<p><strong>Discrimina\u00e7\u00e2o\u00a0geoqu\u00edmica,\u00a0petrog\u00e9nese\u00a0e ambiente geotect\u00f3nico da\u00a0actividade\u00a0magm\u00e1tica no sinclinal de Almad\u00e9n (Ciudad Real,\u00a0Espanha)<\/strong><br><br>Museu e Laborat\u00f3rio Mineral\u00f3gico e Geol\u00f3gico da Fac. Ciencias de U. Porto, Mem\u00f3rias, 3: 247-248.<br>Publication year: 1993<br><\/p>\n\n\n\n<p><strong>Alteration of basic igneous rocks from the Almad\u00e9n mercury mining district<\/strong><br><br>Higueras Pablo<br>En: Fenoll, P.; Torres, J.; Gervilla, F. (Eds.). Current research on geology applied to mineral deposits.\u00a0SGA-Universidad de Granada: 131-135. ISBN: 84-338-1772-8<br>Publication year: 1993<br><\/p>\n\n\n\n<p><strong>Modelizaci\u00f3n num\u00e9rica de la alteraci\u00f3n que afecta al magmatismo b\u00e1sico relacionado con las mineralizaciones de mercurio del distrito de Almad\u00e9n<\/strong><br><br>Higueras Pablo<br>En: Rey, J.; Mart\u00ednez Fr\u00edas, J.; Lunar, R. (Eds.). Geolog\u00eda y metalogenia en ambientes oce\u00e1nicos. Dep\u00f3sitos hidrotermales submarinos. Publicaciones especiales del Instituto Espa\u00f1ol de Oceanograf\u00eda, n\u00fam. 18: 21-30. ISBN: 84-491-0124-7<br>Publication year: 1994<br><\/p>\n\n\n\n<p><strong>An\u00e1lisis de la evoluci\u00f3n de los resultados de la prueba de selectividad (Geolog\u00eda) en la Universidad de Castilla-La Mancha en el per\u00edodo 1988-1995<\/strong><br><br>Casta\u00f1o, S.; Higueras, P.<br>Geogaceta, 20-6: 1449-1452.<br>Publication year: 1996<br><\/p>\n\n\n\n<p><strong>Aspectos petrol\u00f3gicos, geoqu\u00edmicos y metalog\u00e9nicos del magmatismo intraplaca en distintos contextos y edades geol\u00f3gicas<\/strong><br><br>Gervilla, F.; Fenoll Hach-Al\u00ed, P.; Garc\u00eda-Casco, A.; Higueras, P.; Molina,\u00a0J.F.; Morata, D.; Puga, E.; S\u00e1nchez-Anguita, A.<br>Geogaceta, 20-7: 1653-1656.<br>Publication year: 1996<br><\/p>\n\n\n\n<p><strong>Historia de la mina de mercurio de La Nueva Concepci\u00f3n. En: Mansilla, L.; Fern\u00e1ndez Barba, R.C. (Coord.). Actas de la primera sesi\u00f3n cient\u00edfica sobre patrimonio minero metal\u00fargico<\/strong><br><br>Higueras, P. Crespo,\u00a0J.L.; Hern\u00e1ndez, A.<br>Colecci\u00f3n Ciencia y T\u00e9cnica, Ediciones de la Universidad de Castilla-La Mancha: 211-222. ISBN: 84-89492-82-4<br>Publication year: 1997<br><\/p>\n\n\n\n<p><strong>El distrito minero de Almad\u00e9n<\/strong><br><br>Higueras Pablo<br>En: Higueras, P.; S\u00e1nchez, C. (Eds.). Itinerarios geol\u00f3gicos: El distrito minero de Almad\u00e9n. La regi\u00f3n volc\u00e1nica del Campo de Calatrava. Mineralizaciones de Mn-(Co) del Campo de Calatrava. Universidad de Castilla-La Mancha, 1-25. ISBN: 84-89492-89-1<br>Publication year: 1997<br><\/p>\n\n\n\n<p><strong>Itinerarios geol\u00f3gicos: El distrito minero de Almad\u00e9n. La regi\u00f3n volc\u00e1nica del Campo de Calatrava. Mineralizaciones de Mn-(Co) del Campo de Calatrava<\/strong><br><br>Higueras, P.; S\u00e1nchez, C.<br>Universidad de Castilla-La Mancha. 88 pg. ISBN: 84-89492-89-1<br>Publication year: 1997<br><\/p>\n\n\n\n<p><strong>Presencia y significado de fuchsita en enclaves ultrab\u00e1sicos de la roca frailesca de Almad\u00e9n<\/strong><br><br>Morata, D.; Higueras, P.; Dom\u00ednguez-Bella, S.; Velasco, F.<br>Bolet\u00edn de\u00a0la Sociedad Espa\u00f1ola\u00a0de Mineralog\u00eda, 20-A: 85-86.<br>Publication year: 1997<br><\/p>\n\n\n\n<p><strong>Datos geoqu\u00edmicos e isot\u00f3picos sobre el yacimiento de Nuevo Entredicho, Almad\u00e9n, Espa\u00f1a<\/strong><br><br>J\u00e9brak, M.; Higueras, P.; Hern\u00e1ndez, A.;\u00a0Marcoux, E.<br>Bolet\u00edn de\u00a0la Sociedad Espa\u00f1ola\u00a0de Mineralog\u00eda, 20-A: 87-88.<br>Publication year: 1997<br><\/p>\n\n\n\n<p><strong>Dating of alteration episodes related to mercury mineralization in the Almad\u00e9n district, Spain<\/strong><br><br>Hall,\u00a0C.M.; Higueras, P.; Kesler,\u00a0S.E.; Lunar, R.;\u00a0Dong, H.;\u00a0Halliday,\u00a0A.N.<br>Earth and Planetary Science Letters, 148: 287-298.<br>Publication year: 1997<br><\/p>\n\n\n\n<p><strong>Caracterizaci\u00f3n geoqu\u00edmica de part\u00edculas sedimentadas en una poblaci\u00f3n urbana e industrial: el caso de Puertollano (Ciudad Real)<\/strong><br><br>Illescas,\u00a0J.A.; Llamas, J.; Higueras, P.; Del Barrio, S.<br>Geogaceta, 20-5: 1152-1154.<br>Publication year: 1996<br><\/p>\n\n\n\n<p><strong>Propiedades cer\u00e1micas de las pizarras de la cuenca carbon\u00edfera de Puertollano (Ciudad Real)<\/strong><br><br>Parras, J.; S\u00e1nchez,\u00a0C.J.; S\u00e1nchez, V.; Higueras, P.<br>Geogaceta, 20-3: 717-720.<br>Publication year: 1996<br><\/p>\n\n\n\n<p><strong>An\u00e1lisis estratigr\u00e1fico de la \u00abcuarcita de Criadero\u00bb en el sinclinal de Almad\u00e9n<\/strong><br><br>Gallardo,\u00a0J.L.; Higueras, P.; Molina,\u00a0J.M.<br>Bolet\u00edn Geol\u00f3gico y Minero, 105-2: 135-145<br>Publication year: 1994<br><\/p>\n\n\n\n<p><strong>Aspectos composicionales de los piroxenos \u00edgneos del magmatismo b\u00e1sico del sinclinal de Almad\u00e9n. Implicaciones petrogen\u00e9ticas<\/strong><br><br>Higueras, P.; Morata, D.<br>Geogaceta, 16: 19-22<br>Publication year: 1994<br><\/p>\n\n\n\n<p><strong>Procesos petrogen\u00e9ticos y de alteraci\u00f3n de las rocas magm\u00e1ticas asociadas a las mineralizaciones de mercurio del distrito de Almad\u00e9n<\/strong><br><br>Higueras Pablo<br>Ediciones de la Universidad de Castilla-La Mancha (Cuenca). Tesis Doctorales, 33. 270 pg. ISBN: 84-89492-06-9<br>Publication year: 1995<br><\/p>\n\n\n\n<p><strong>Procesos petrogen\u00e9ticos y de alteraci\u00f3n de las rocas magm\u00e1ticas asociadas a las mineralizaciones de mercurio del distrito de Almad\u00e9n (Edici\u00f3n en Microfichas)<\/strong><br><br>Higueras Pablo<br>Ediciones de la Universidad de Castilla-La Mancha (Cuenca). Tesis Doctorales. ISBN: 84-89492-07-7<br>Publication year: 1995<br><\/p>\n\n\n\n<p><strong>Metamorfismo de grado-bajo en facies prehnita-pumpellyita en las metabasitas del sinclinal de Almad\u00e9n<\/strong><br><br>Higueras, P.; Morata, D.; Munh\u00e1, J.<br>Bolet\u00edn de\u00a0la Sociedad Espa\u00f1ola\u00a0de Mineralog\u00eda, 18: 46-72<br>Publication year: 1995<br><\/p>\n\n\n\n<p><strong>Procesos de alteraci\u00f3n asociados a la removilizaci\u00f3n hidrotermal de cinabrio en el yacimiento de \u00abLas Cuevas\u00bb (Almad\u00e9n, Ciudad Real)<\/strong><br><br>Higueras, P.; Parras, J.; S\u00e1nchez, C.<br>Bolet\u00edn de\u00a0la Sociedad Espa\u00f1ola\u00a0de Mineralog\u00eda, 18: 112-153.<br>Publication year: 1995<br><\/p>\n\n\n\n<p><strong>Dataci\u00f3n Ar39\/Ar40 de mineralizaciones de mercurio del sinclinal de Almad\u00e9n<\/strong><br><br>Hall,\u00a0C.M.; Higueras, P.; Kesler,\u00a0S.E.; Lunar, R.;\u00a0Dong, H.;\u00a0Halliday,\u00a0A.N.<br>Geogaceta, 20-1: 483-486.<br>Publication year: 1996<br><\/p>\n\n\n\n<p><strong>Rocas granitoides calcoalcalinas altas en potasio en la Zona Centroib\u00e9rica: el \u00e1rea Garlitos &#8211; El Borracho<\/strong><br><br>Donaire, T.; Pascual, E.; Higueras, P.; Morata, D.<br>Geogaceta, 20-3: 579-581.<br>Publication year: 1996<br><\/p>\n\n\n\n<p><strong>HTML: un lenguaje con aplicaciones did\u00e1cticas hipermedia para docencia en Ciencias de la Tierra y Miner\u00eda<\/strong><br><br>Higueras Pablo<br>X Congreso Internacional de Miner\u00eda y Metalurgia, T. 5: 681-686.<br>Publication year: 1998<\/p>\n","protected":false},"excerpt":{"rendered":"<p>The As-contaminated Elqui river basin: a long lasting perspective (1975-1995) covering the initiation and development of Au-Cu-As mining in the high Andes of northern Chile Oyarzun, R.; Guevara, S.; Oyarz\u00fan, J.; Lillo, J.; Maturana, H.; Higueras, P.Environmental Geochemistry and Health. En prensa.Publication year: 2006 Alteraci\u00f3n de materiales volc\u00e1nicos paleozoicos del sinclinal de Almad\u00e9n Higueras, P.; &hellip; <a href=\"https:\/\/blog.uclm.es\/pablohigueras\/investigacion-2\/publicaciones\/\" class=\"more-link\">Seguir leyendo <span class=\"screen-reader-text\">Publicaciones<\/span> <span class=\"meta-nav\">&rarr;<\/span><\/a><\/p>\n","protected":false},"author":109,"featured_media":0,"parent":21,"menu_order":0,"comment_status":"closed","ping_status":"closed","template":"page-publications.php","meta":{"footnotes":""},"class_list":["post-24","page","type-page","status-publish","hentry"],"_links":{"self":[{"href":"https:\/\/blog.uclm.es\/pablohigueras\/wp-json\/wp\/v2\/pages\/24","targetHints":{"allow":["GET"]}}],"collection":[{"href":"https:\/\/blog.uclm.es\/pablohigueras\/wp-json\/wp\/v2\/pages"}],"about":[{"href":"https:\/\/blog.uclm.es\/pablohigueras\/wp-json\/wp\/v2\/types\/page"}],"author":[{"embeddable":true,"href":"https:\/\/blog.uclm.es\/pablohigueras\/wp-json\/wp\/v2\/users\/109"}],"replies":[{"embeddable":true,"href":"https:\/\/blog.uclm.es\/pablohigueras\/wp-json\/wp\/v2\/comments?post=24"}],"version-history":[{"count":3,"href":"https:\/\/blog.uclm.es\/pablohigueras\/wp-json\/wp\/v2\/pages\/24\/revisions"}],"predecessor-version":[{"id":791,"href":"https:\/\/blog.uclm.es\/pablohigueras\/wp-json\/wp\/v2\/pages\/24\/revisions\/791"}],"up":[{"embeddable":true,"href":"https:\/\/blog.uclm.es\/pablohigueras\/wp-json\/wp\/v2\/pages\/21"}],"wp:attachment":[{"href":"https:\/\/blog.uclm.es\/pablohigueras\/wp-json\/wp\/v2\/media?parent=24"}],"curies":[{"name":"wp","href":"https:\/\/api.w.org\/{rel}","templated":true}]}}