{"id":14,"date":"2022-07-20T11:50:39","date_gmt":"2022-07-20T10:50:39","guid":{"rendered":"https:\/\/blogdev.uclm.es\/fullsite\/?page_id=14"},"modified":"2025-06-01T22:47:20","modified_gmt":"2025-06-01T22:47:20","slug":"investigacion","status":"publish","type":"page","link":"https:\/\/blog.uclm.es\/oscarnavarro\/investigacion\/","title":{"rendered":"Investigaci\u00f3n"},"content":{"rendered":"\n<div class=\"wp-block-group alignwide is-layout-flow wp-block-group-is-layout-flow\">\n<div class=\"wp-block-cover is-light\" style=\"min-height:235px;aspect-ratio:unset;\"><img loading=\"lazy\" decoding=\"async\" width=\"1024\" height=\"1024\" class=\"wp-block-cover__image-background wp-image-383 size-full\" alt=\"\" src=\"https:\/\/blog.uclm.es\/oscarnavarro\/wp-content\/uploads\/sites\/262\/2025\/06\/Unknown-1-1.jpeg\" data-object-fit=\"cover\" srcset=\"https:\/\/blog.uclm.es\/oscarnavarro\/wp-content\/uploads\/sites\/262\/2025\/06\/Unknown-1-1.jpeg 1024w, https:\/\/blog.uclm.es\/oscarnavarro\/wp-content\/uploads\/sites\/262\/2025\/06\/Unknown-1-1-300x300.jpeg 300w, https:\/\/blog.uclm.es\/oscarnavarro\/wp-content\/uploads\/sites\/262\/2025\/06\/Unknown-1-1-150x150.jpeg 150w, https:\/\/blog.uclm.es\/oscarnavarro\/wp-content\/uploads\/sites\/262\/2025\/06\/Unknown-1-1-768x768.jpeg 768w\" sizes=\"auto, (max-width: 1024px) 100vw, 1024px\" \/><span aria-hidden=\"true\" class=\"wp-block-cover__background has-background-dim\" style=\"background-color:#a6bbcb\"><\/span><div class=\"wp-block-cover__inner-container is-layout-flow wp-block-cover-is-layout-flow\">\n<p class=\"has-text-align-center has-large-font-size\"><\/p>\n<\/div><\/div>\n\n\n\n<div class=\"wp-block-columns is-layout-flex wp-container-core-columns-is-layout-28f84493 wp-block-columns-is-layout-flex\">\n<div class=\"wp-block-column is-vertically-aligned-top is-layout-flow wp-block-column-is-layout-flow\" style=\"flex-basis:30%\">\n<p><\/p>\n<\/div>\n\n\n\n<div class=\"wp-block-column is-vertically-aligned-bottom is-layout-flow wp-block-column-is-layout-flow\" style=\"padding-bottom:0rem\">\n<p>La investigaci\u00f3n se desarrolla en el \u00e1mbito de la Did\u00e1ctica y la Organizaci\u00f3n Escolar. Sus investigaciones incluyen propuestas did\u00e1cticas innovadoras para mejorar la salud mental y f\u00edsica en la educaci\u00f3n primaria, exploraciones hol\u00edsticas de las habilidades de comprensi\u00f3n lectora y el impacto de la tecnolog\u00eda y los factores socioecon\u00f3micos en adolescentes. Tambi\u00e9n ha investigado las dificultades de aprendizaje de estudiantes con dislexia en diferentes contextos educativos y la importancia de la autorregulaci\u00f3n y la comunicaci\u00f3n en el aprendizaje cooperativo. Adem\u00e1s, sus estudios examinan el uso de tecnolog\u00edas en la educaci\u00f3n y su relaci\u00f3n con el rendimiento acad\u00e9mico, as\u00ed como la promoci\u00f3n de la originalidad a trav\u00e9s de aplicaciones de narraci\u00f3n multimodal. Estas publicaciones reflejan una s\u00f3lida trayectoria en investigaci\u00f3n educativa, con un enfoque particular en mejorar la calidad y la eficacia de los procesos educativos.<\/p>\n\n\n\n<p>En cuanto a la literatura acad\u00e9mica, el candidato ha contribuido significativamente mediante la publicaci\u00f3n de libros y cap\u00edtulos de libros, destacando aquellos publicados por editoriales de alto prestigio seg\u00fan el ranking SPI. Sus obras abordan temas como la motivaci\u00f3n de los estudiantes universitarios hacia la tecnolog\u00eda, la desigualdad y la exclusi\u00f3n social en el \u00e1mbito educativo, y la intervenci\u00f3n docente en contextos interculturales. Tambi\u00e9n ha escrito sobre competencias escritas y razonamiento cr\u00edtico, as\u00ed como sobre la inclusi\u00f3n educativa y la participaci\u00f3n de la familia en la educaci\u00f3n inclusiva. Estas publicaciones demuestran su compromiso con la mejora de los procesos educativos y su capacidad para abordar diversas tem\u00e1ticas relevantes en la educaci\u00f3n contempor\u00e1nea.<\/p>\n\n\n\n<p>Su participaci\u00f3n en numerosos congresos, tanto como ponente como en la organizaci\u00f3n de estos eventos, es notable. Ha contribuido en comit\u00e9s cient\u00edficos y organizadores de congresos centrados en la innovaci\u00f3n docente, la inclusi\u00f3n educativa, el uso de tecnolog\u00edas en el aprendizaje y la sostenibilidad en la educaci\u00f3n. Estas experiencias subrayan su compromiso con la mejora de los procesos educativos y su capacidad para abordar diversas tem\u00e1ticas relevantes en la educaci\u00f3n contempor\u00e1nea.<\/p>\n\n\n\n<p>En la Universidad de Castilla-La Mancha (UCLM), ha desempe\u00f1ado un papel activo en la formaci\u00f3n del profesorado, impartiendo y coordinando cursos sobre estrategias de evaluaci\u00f3n, motivaci\u00f3n del alumnado a trav\u00e9s de tecnolog\u00edas y metodolog\u00edas activas, y la tutela de trabajos de fin de grado. Adem\u00e1s, ha participado como ponente y coordinador en diversos cursos y seminarios organizados por el Centro Regional del Profesorado de Castilla-La Mancha y otras instituciones, abarcando tem\u00e1ticas como el uso de plataformas educativas, la did\u00e1ctica de las matem\u00e1ticas, la formaci\u00f3n de coordinadores y la actualizaci\u00f3n metodol\u00f3gica y legislativa en el \u00e1mbito educativo. Su participaci\u00f3n en estos eventos refleja su compromiso con la formaci\u00f3n continua del profesorado y su capacidad para abordar diversas \u00e1reas de la educaci\u00f3n.<\/p>\n\n\n\n<p>Como revisor en diversas publicaciones cient\u00edficas indexadas, ha evaluado art\u00edculos y contribuido a la calidad de la investigaci\u00f3n en su campo. Tambi\u00e9n ha revisado libros acad\u00e9micos, asegurando la excelencia de las obras publicadas. Adem\u00e1s, ha sido miembro de grupos de investigaci\u00f3n consolidados y ha moderado sesiones en congresos internacionales sobre educaci\u00f3n. Su labor ha sido reconocida con premios a la mejor comunicaci\u00f3n en congresos y a la calidad docente, reflejando su compromiso con la excelencia en la investigaci\u00f3n y la educaci\u00f3n.<\/p>\n\n\n\n<p>En el \u00e1mbito de los proyectos de investigaci\u00f3n, ha participado en numerosos estudios financiados tanto por organismos externos como por la Universidad de Castilla-La Mancha (UCLM). Entre los proyectos m\u00e1s relevantes relacionados con la did\u00e1ctica y la organizaci\u00f3n escolar, ha colaborado en investigaciones que buscan mejorar la calidad educativa y la inclusi\u00f3n en el aula, as\u00ed como en el desarrollo de entornos educativos innovadores que promuevan la interacci\u00f3n y el aprendizaje colaborativo. Su participaci\u00f3n en estos proyectos refleja su compromiso con la mejora de los procesos educativos y su capacidad para contribuir a estudios que buscan optimizar la ense\u00f1anza y la organizaci\u00f3n escolar.<\/p>\n\n\n\n<p>Finalmente, sus estancias como investigador visitante en diversas universidades espa\u00f1olas han sido significativas. En la Universidade Aberta de Lisboa, particip\u00f3 en la elaboraci\u00f3n de art\u00edculos, organizaci\u00f3n de seminarios y preparaci\u00f3n de congresos internacionales. En la Universidad Complutense de Madrid, colabor\u00f3 en proyectos para fomentar una universidad inclusiva y sostenible, organizando webinars y congresos. En la Universidad Rey Juan Carlos, asisti\u00f3 a clases, prepar\u00f3 congresos y public\u00f3 art\u00edculos de investigaci\u00f3n. Estas estancias reflejan su compromiso con la mejora de la educaci\u00f3n y su capacidad para colaborar en proyectos de alto impacto.<\/p>\n<\/div>\n<\/div>\n\n\n\n<hr class=\"wp-block-separator has-css-opacity is-style-wide\" \/>\n<\/div>\n\n\n\n<div class=\"wp-block-group is-layout-flow wp-block-group-is-layout-flow\"><\/div>\n\n\n\n<hr class=\"wp-block-separator has-css-opacity is-style-wide\" \/>\n\n\n\n<div class=\"wp-block-group is-layout-flow wp-block-group-is-layout-flow\">\n<h5 class=\"wp-block-heading has-large-font-size\" style=\"font-style:normal;font-weight:500;line-height:1.4\"><strong>PROYECTOS DE INVESTIGACI\u00d3N<\/strong><\/h5>\n\n\n\n<p>IMPACTO DE LA INTERVENCI\u00d3N MOVI-OLE! (ESPACIO DE APRENDIZAJE ABIERTO) EN LA REDUCCI\u00d3N DEL SEDENTARISMO Y LA MEJORA DEL BIENESTAR Y LA COGNICI\u00d3N EN LA ESCUELA. <span style=\"font-size: revert;font-family: var(--wp--preset--font-family--system-font)\">MINISTERIO DE CIENCIA, INNOVACI\u00d3N Y UNIVERSIDADES. Nacional. <\/span><span style=\"font-size: revert;font-family: var(--wp--preset--font-family--system-font)\">Investigador colaborador.<\/span><\/p>\n\n\n\n<p><span style=\"font-size: revert;font-family: var(--wp--preset--font-family--system-font)\">DESARROLLO Y EVALUACI\u00d3N DE UN ENTORNO QUE SOPORTE DIFERENCIACI\u00d3N INDIVIDUAL E INTERACCI\u00d3N NATURAL EN TAREAS COLABORATIVAS<\/span><span style=\"font-family: var(--wp--preset--font-family--system-font);font-size: revert\">.<\/span><span style=\"font-size: revert;font-family: var(--wp--preset--font-family--system-font)\">MINISTERIO DE CIENCIA, INNOVACI\u00d3N Y UNIVERSIDADES. Nacional. <\/span><span style=\"font-size: revert;font-family: var(--wp--preset--font-family--system-font)\">Investigador colaborador.<\/span><\/p>\n\n\n\n<p>DESARROLLO Y EVALUACI\u00d3N DE UNA SOLUCI\u00d3N SOFTWARE DE SOPORTE A LA AUTONOM\u00cdA PERSONAL EN TAREAS COTIDIANAS A PERSONAS TEA DE ALTO FUNCIONAMIENTO. <span style=\"font-size: revert;font-family: var(--wp--preset--font-family--system-font)\">MINISTERIO DE CIENCIA, INNOVACI\u00d3N Y UNIVERSIDADES. Nacional. Investigador colaborador.<\/span> <\/p>\n\n\n\n<p>IMPACTO DE UNA INTERVENCI\u00d3N DE ACTIVIDAD F\u00cdSICA INTEGRADA EN EL AULA EN LA FUNCI\u00d3N COGNITIVA, LA ADIPOSIDAD Y LA FORMA F\u00cdSICA EN NI\u00d1OS DE EDUCACI\u00d3N INFANTIL. <span style=\"font-size: revert;font-family: var(--wp--preset--font-family--system-font)\">MINISTERIO DE CIENCIA, INNOVACI\u00d3N Y UNIVERSIDADES. Nacional. Investigador colaborador.<\/span>  <\/p>\n\n\n\n<p>INCIDENCIA DEL EMPRENDIMIENTO DOCENTE EN EL \u00c9XITO DE UNA ESCUELA INCLUSIVA DE CALIDAD EN CASTILLA-LA MANCHA. ALTAS CAPACIDADES INTELECTUALES Y EMPRENDIMIENTO FEMENINO. EFECTOS POSITIVOS. <span style=\"font-size: revert;font-family: var(--wp--preset--font-family--system-font)\">CONSEJER\u00cdA&nbsp;DE&nbsp;EDUCACI\u00d3N&nbsp;Y&nbsp;CIENCIA&nbsp;DE&nbsp;LA&nbsp;JUNTA&nbsp;DE COMUNIDADES DE CASTILLA-LA MANCHA.Regional.<\/span> Investigador colaborador.<\/p>\n\n\n\n<p><\/p>\n\n\n\n<p><\/p>\n<\/div>\n\n\n\n<p><\/p>\n\n\n\n<p><\/p>\n","protected":false},"excerpt":{"rendered":"<p>La investigaci\u00f3n se desarrolla en el \u00e1mbito de la Did\u00e1ctica y la Organizaci\u00f3n Escolar. Sus investigaciones incluyen propuestas did\u00e1cticas innovadoras para mejorar la salud mental y f\u00edsica en la educaci\u00f3n primaria, exploraciones hol\u00edsticas de las habilidades de comprensi\u00f3n lectora y el impacto de la tecnolog\u00eda y los factores socioecon\u00f3micos en adolescentes. Tambi\u00e9n ha investigado las [&hellip;]<\/p>\n","protected":false},"author":431,"featured_media":0,"parent":0,"menu_order":0,"comment_status":"closed","ping_status":"closed","template":"","meta":{"footnotes":""},"class_list":["post-14","page","type-page","status-publish","hentry"],"_links":{"self":[{"href":"https:\/\/blog.uclm.es\/oscarnavarro\/wp-json\/wp\/v2\/pages\/14","targetHints":{"allow":["GET"]}}],"collection":[{"href":"https:\/\/blog.uclm.es\/oscarnavarro\/wp-json\/wp\/v2\/pages"}],"about":[{"href":"https:\/\/blog.uclm.es\/oscarnavarro\/wp-json\/wp\/v2\/types\/page"}],"author":[{"embeddable":true,"href":"https:\/\/blog.uclm.es\/oscarnavarro\/wp-json\/wp\/v2\/users\/431"}],"replies":[{"embeddable":true,"href":"https:\/\/blog.uclm.es\/oscarnavarro\/wp-json\/wp\/v2\/comments?post=14"}],"version-history":[{"count":3,"href":"https:\/\/blog.uclm.es\/oscarnavarro\/wp-json\/wp\/v2\/pages\/14\/revisions"}],"predecessor-version":[{"id":384,"href":"https:\/\/blog.uclm.es\/oscarnavarro\/wp-json\/wp\/v2\/pages\/14\/revisions\/384"}],"wp:attachment":[{"href":"https:\/\/blog.uclm.es\/oscarnavarro\/wp-json\/wp\/v2\/media?parent=14"}],"curies":[{"name":"wp","href":"https:\/\/api.w.org\/{rel}","templated":true}]}}