{"id":13,"date":"2022-07-20T10:26:46","date_gmt":"2022-07-20T09:26:46","guid":{"rendered":"https:\/\/blogdev.uclm.es\/fullsite\/?page_id=13"},"modified":"2025-05-29T23:11:52","modified_gmt":"2025-05-29T23:11:52","slug":"blog","status":"publish","type":"page","link":"https:\/\/blog.uclm.es\/oscarnavarro\/blog\/","title":{"rendered":"Blog"},"content":{"rendered":"\n<div class=\"wp-block-group alignfull has-background-color has-text-color has-background has-link-color wp-elements-edde465827e0e77cac63b53380d0be8f is-layout-constrained wp-block-group-is-layout-constrained\" style=\"background-color:#b30033;padding-top:6rem;padding-bottom:6rem\">\n<div class=\"wp-block-media-text alignwide has-media-on-the-right is-stacked-on-mobile is-vertically-aligned-top\" style=\"grid-template-columns:auto 24%\"><div class=\"wp-block-media-text__content\">\n<p class=\"has-large-font-size\" style=\"text-transform:uppercase\"><strong>Dr. \u00d3scar Navarro Mart\u00ednez<\/strong><\/p>\n\n\n\n<p>Doctor en Educaci\u00f3n por la UCLM, Licenciado en Pedagog\u00eda por la UNED, Maestro de Educaci\u00f3n F\u00edsica por la Universidad Complutense de Madrid. Ha trabajado durante m\u00e1s de dos d\u00e9cadas como maestro en las etapas de Educaci\u00f3n Infantil, Primaria y Secundaria. Actualmente es <strong>Profesor Titular de Universidad <\/strong>en la Facultad de Educaci\u00f3n de Ciudad Real (Universidad de Castilla-La Mancha). Tambi\u00e9n ha impartido docencia en el Centro de Estudios Avanzados de Talavera de la Reina (Toledo), en la Universidad Internacional de la Rioja y en la Universidad Nacional de Educaci\u00f3n a Distancia. Sus principales l\u00edneas de investigaci\u00f3n son: inclusi\u00f3n educativa; tratamiento educativo de alumnos con necesidad espec\u00edfica de apoyo educativo; atenci\u00f3n a la diversidad cultural de las personas; prejuicios en educaci\u00f3n; elaboraci\u00f3n y utilizaci\u00f3n de materiales multimedia con ni\u00f1os de Educaci\u00f3n Primaria, el uso de sistemas LMS en las ense\u00f1anzas b\u00e1sicas.\u00a0Miembro y colaborador en grupos de investigaci\u00f3n de distintas universidades, as\u00ed como participante en proyectos de investigaci\u00f3n I+D+I, actualmente es el investigador principal en el grupo <strong>INCLUSI\u00d3N Y DIVERSIDAD EN EDUCACI\u00d3N: ESTRATEGIAS DE APRENDIZAJE Y LIDERAZGO PARA EL SIGLO XXI.<\/strong> <\/p>\n<\/div><figure class=\"wp-block-media-text__media\"><img loading=\"lazy\" decoding=\"async\" width=\"718\" height=\"1024\" src=\"https:\/\/blog.uclm.es\/oscarnavarro\/wp-content\/uploads\/sites\/262\/2023\/06\/Foto-actualizada-718x1024.jpg\" alt=\"\" class=\"wp-image-359 size-full\" srcset=\"https:\/\/blog.uclm.es\/oscarnavarro\/wp-content\/uploads\/sites\/262\/2023\/06\/Foto-actualizada-718x1024.jpg 718w, https:\/\/blog.uclm.es\/oscarnavarro\/wp-content\/uploads\/sites\/262\/2023\/06\/Foto-actualizada-210x300.jpg 210w, https:\/\/blog.uclm.es\/oscarnavarro\/wp-content\/uploads\/sites\/262\/2023\/06\/Foto-actualizada-768x1095.jpg 768w, https:\/\/blog.uclm.es\/oscarnavarro\/wp-content\/uploads\/sites\/262\/2023\/06\/Foto-actualizada-1077x1536.jpg 1077w, https:\/\/blog.uclm.es\/oscarnavarro\/wp-content\/uploads\/sites\/262\/2023\/06\/Foto-actualizada-1436x2048.jpg 1436w, https:\/\/blog.uclm.es\/oscarnavarro\/wp-content\/uploads\/sites\/262\/2023\/06\/Foto-actualizada-scaled.jpg 1795w\" sizes=\"auto, (max-width: 718px) 100vw, 718px\" \/><\/figure><\/div>\n<\/div>\n\n\n\n<div class=\"wp-block-group alignfull is-layout-constrained wp-block-group-is-layout-constrained\" style=\"padding-top:var(--wp--custom--spacing--small, 1.25rem);padding-bottom:0px\">\n<div class=\"wp-block-columns alignwide is-layout-flex wp-container-core-columns-is-layout-2eb748b2 wp-block-columns-is-layout-flex\" style=\"margin-top:0px;margin-bottom:0px\">\n<div class=\"wp-block-column is-layout-flow wp-block-column-is-layout-flow\" style=\"flex-basis:20%\"><h1 style=\"font-style:italic;font-weight:300;line-height:1.1; margin-top:0px;margin-bottom:1rem;\" class=\"wp-block-site-title has-var-wp-custom-typography-font-size-huge-clamp-2-25-rem-4-vw-2-75-rem-font-size has-source-serif-pro-font-family\">Sitio Personal de \u00d3scar Navarro Mart\u00ednez<\/h1>\n\n\n\n\n<hr class=\"wp-block-separator has-text-color has-foreground-color has-css-opacity has-foreground-background-color has-background is-style-wide\" \/>\n\n\n\n<div style=\"height:16px\" aria-hidden=\"true\" class=\"wp-block-spacer\"><\/div>\n\n\n<nav class=\"is-responsive items-justified-left is-vertical wp-block-navigation is-content-justification-left is-layout-flex wp-container-core-navigation-is-layout-dd225191 wp-block-navigation-is-layout-flex\" aria-label=\"Navegaci\u00f3n 9\" \n\t\t data-wp-interactive=\"core\/navigation\" data-wp-context='{\"overlayOpenedBy\":{\"click\":false,\"hover\":false,\"focus\":false},\"type\":\"overlay\",\"roleAttribute\":\"\",\"ariaLabel\":\"Men\\u00fa\"}'><button aria-haspopup=\"dialog\" aria-label=\"Abrir el men\u00fa\" class=\"wp-block-navigation__responsive-container-open\" \n\t\t\t\tdata-wp-on--click=\"actions.openMenuOnClick\"\n\t\t\t\tdata-wp-on--keydown=\"actions.handleMenuKeydown\"\n\t\t\t><svg width=\"24\" height=\"24\" xmlns=\"http:\/\/www.w3.org\/2000\/svg\" viewBox=\"0 0 24 24\" aria-hidden=\"true\" focusable=\"false\"><path d=\"M4 7.5h16v1.5H4z\"><\/path><path d=\"M4 15h16v1.5H4z\"><\/path><\/svg><\/button>\n\t\t\t\t<div class=\"wp-block-navigation__responsive-container\"  id=\"modal-1\" \n\t\t\t\tdata-wp-class--has-modal-open=\"state.isMenuOpen\"\n\t\t\t\tdata-wp-class--is-menu-open=\"state.isMenuOpen\"\n\t\t\t\tdata-wp-watch=\"callbacks.initMenu\"\n\t\t\t\tdata-wp-on--keydown=\"actions.handleMenuKeydown\"\n\t\t\t\tdata-wp-on--focusout=\"actions.handleMenuFocusout\"\n\t\t\t\ttabindex=\"-1\"\n\t\t\t>\n\t\t\t\t\t<div class=\"wp-block-navigation__responsive-close\" tabindex=\"-1\">\n\t\t\t\t\t\t<div class=\"wp-block-navigation__responsive-dialog\" \n\t\t\t\tdata-wp-bind--aria-modal=\"state.ariaModal\"\n\t\t\t\tdata-wp-bind--aria-label=\"state.ariaLabel\"\n\t\t\t\tdata-wp-bind--role=\"state.roleAttribute\"\n\t\t\t>\n\t\t\t\t\t\t\t<button aria-label=\"Cerrar el men\u00fa\" class=\"wp-block-navigation__responsive-container-close\" \n\t\t\t\tdata-wp-on--click=\"actions.closeMenuOnClick\"\n\t\t\t><svg xmlns=\"http:\/\/www.w3.org\/2000\/svg\" viewBox=\"0 0 24 24\" width=\"24\" height=\"24\" aria-hidden=\"true\" focusable=\"false\"><path d=\"m13.06 12 6.47-6.47-1.06-1.06L12 10.94 5.53 4.47 4.47 5.53 10.94 12l-6.47 6.47 1.06 1.06L12 13.06l6.47 6.47 1.06-1.06L13.06 12Z\"><\/path><\/svg><\/button>\n\t\t\t\t\t\t\t<div class=\"wp-block-navigation__responsive-container-content\" \n\t\t\t\tdata-wp-watch=\"callbacks.focusFirstElement\"\n\t\t\t id=\"modal-1-content\">\n\t\t\t\t\t\t\t\t<ul class=\"wp-block-navigation__container is-responsive items-justified-left is-vertical wp-block-navigation\"><ul class=\"wp-block-page-list\"><li class=\"wp-block-pages-list__item wp-block-navigation-item open-on-hover-click\"><a class=\"wp-block-pages-list__item__link wp-block-navigation-item__content\" href=\"https:\/\/blog.uclm.es\/oscarnavarro\/publicaciones\/\">(sin t\u00edtulo)<\/a><\/li><li class=\"wp-block-pages-list__item wp-block-navigation-item open-on-hover-click\"><a class=\"wp-block-pages-list__item__link wp-block-navigation-item__content\" href=\"https:\/\/blog.uclm.es\/oscarnavarro\/blog\/\">Blog<\/a><\/li><li class=\"wp-block-pages-list__item wp-block-navigation-item open-on-hover-click\"><a class=\"wp-block-pages-list__item__link wp-block-navigation-item__content\" href=\"https:\/\/blog.uclm.es\/oscarnavarro\/docencia\/\">Docencia<\/a><\/li><li class=\"wp-block-pages-list__item wp-block-navigation-item open-on-hover-click\"><a class=\"wp-block-pages-list__item__link wp-block-navigation-item__content\" href=\"https:\/\/blog.uclm.es\/oscarnavarro\/galeria\/\">Galeria<\/a><\/li><li class=\"wp-block-pages-list__item wp-block-navigation-item open-on-hover-click\"><a class=\"wp-block-pages-list__item__link wp-block-navigation-item__content\" href=\"https:\/\/blog.uclm.es\/oscarnavarro\/investigacion\/\">Investigaci\u00f3n<\/a><\/li><\/ul><\/ul>\n\t\t\t\t\t\t\t<\/div>\n\t\t\t\t\t\t<\/div>\n\t\t\t\t\t<\/div>\n\t\t\t\t<\/div><\/nav>\n\n\n<div style=\"height:16px\" aria-hidden=\"true\" class=\"wp-block-spacer\"><\/div>\n\n\n\n<div style=\"height:16px\" aria-hidden=\"true\" class=\"wp-block-spacer\"><\/div>\n\n\n\n<div style=\"height:16px\" aria-hidden=\"true\" class=\"wp-block-spacer\"><\/div>\n<\/div>\n\n\n\n<div class=\"wp-block-column is-layout-flow wp-block-column-is-layout-flow\" style=\"flex-basis:80%\">\n<div class=\"wp-block-query is-layout-constrained wp-block-query-is-layout-constrained\">\n\n<\/div>\n<\/div>\n<\/div>\n<\/div>\n\n\n\n<div class=\"wp-block-group alignfull is-layout-constrained wp-block-group-is-layout-constrained\" style=\"padding-top:0px;padding-bottom:var(--wp--custom--spacing--small, 1.25rem)\">\n<div class=\"wp-block-columns alignwide is-layout-flex wp-container-core-columns-is-layout-2eb748b2 wp-block-columns-is-layout-flex\" style=\"margin-top:0px;margin-bottom:0px\">\n<div class=\"wp-block-column is-layout-flow wp-block-column-is-layout-flow\" style=\"flex-basis:100%\">\n<hr class=\"wp-block-separator has-css-opacity is-style-wide\" \/>\n\n\n\n<div style=\"height:50px\" aria-hidden=\"true\" class=\"wp-block-spacer\"><\/div>\n\n\n\n<div class=\"wp-block-query is-layout-flow wp-block-query-is-layout-flow\"><\/div>\n<\/div>\n<\/div>\n<\/div>\n\n\n\n<div class=\"wp-block-group alignfull is-layout-constrained wp-block-group-is-layout-constrained\" style=\"padding-top:0px;padding-bottom:var(--wp--custom--spacing--small, 1.25rem)\">\n<div class=\"wp-block-columns alignwide has-foreground-color has-text-color has-link-color wp-elements-4548ecf2246b52ef94b5f24c94e4425f is-layout-flex wp-container-core-columns-is-layout-36e9ec45 wp-block-columns-is-layout-flex\" style=\"margin-top:0px;margin-bottom:0px\">\n<div class=\"wp-block-column is-layout-flow wp-block-column-is-layout-flow\" style=\"padding-bottom:6rem;flex-basis:66.66%\">\n<div class=\"wp-block-query is-layout-constrained wp-block-query-is-layout-constrained\">\n\n<\/div>\n<\/div>\n\n\n\n<div class=\"wp-block-column is-layout-flow wp-block-column-is-layout-flow\" style=\"flex-basis:33.33%\"><h1 style=\"font-style:normal;font-weight:300;line-height:1.2;\" class=\"wp-block-site-title has-large-font-size has-source-serif-pro-font-family\">Sitio Personal de \u00d3scar Navarro Mart\u00ednez<\/h1>\n\n\n\n\n<div style=\"height:16px\" aria-hidden=\"true\" class=\"wp-block-spacer\"><\/div>\n\n\n\n<h4 class=\"wp-block-heading has-large-font-size\"><em>Categor\u00edas<\/em><\/h4>\n\n\n<p class=\"wp-block-tag-cloud\">Todav\u00eda no hay contenido que mostrar aqu\u00ed.<\/p>\n\n\n<h4 class=\"wp-block-heading has-large-font-size\"><em>Etiquetas<\/em><\/h4>\n\n\n<p class=\"wp-block-tag-cloud\">Todav\u00eda no hay contenido que mostrar aqu\u00ed.<\/p><\/div>\n<\/div>\n<\/div>\n\n\n\n<p><\/p>\n","protected":false},"excerpt":{"rendered":"<p>Dr. \u00d3scar Navarro Mart\u00ednez Doctor en Educaci\u00f3n por la UCLM, Licenciado en Pedagog\u00eda por la UNED, Maestro de Educaci\u00f3n F\u00edsica por la Universidad Complutense de Madrid. Ha trabajado durante m\u00e1s de dos d\u00e9cadas como maestro en las etapas de Educaci\u00f3n Infantil, Primaria y Secundaria. Actualmente es Profesor Titular de Universidad en la Facultad de Educaci\u00f3n [&hellip;]<\/p>\n","protected":false},"author":431,"featured_media":99,"parent":0,"menu_order":0,"comment_status":"closed","ping_status":"closed","template":"","meta":{"footnotes":""},"class_list":["post-13","page","type-page","status-publish","has-post-thumbnail","hentry"],"_links":{"self":[{"href":"https:\/\/blog.uclm.es\/oscarnavarro\/wp-json\/wp\/v2\/pages\/13","targetHints":{"allow":["GET"]}}],"collection":[{"href":"https:\/\/blog.uclm.es\/oscarnavarro\/wp-json\/wp\/v2\/pages"}],"about":[{"href":"https:\/\/blog.uclm.es\/oscarnavarro\/wp-json\/wp\/v2\/types\/page"}],"author":[{"embeddable":true,"href":"https:\/\/blog.uclm.es\/oscarnavarro\/wp-json\/wp\/v2\/users\/431"}],"replies":[{"embeddable":true,"href":"https:\/\/blog.uclm.es\/oscarnavarro\/wp-json\/wp\/v2\/comments?post=13"}],"version-history":[{"count":3,"href":"https:\/\/blog.uclm.es\/oscarnavarro\/wp-json\/wp\/v2\/pages\/13\/revisions"}],"predecessor-version":[{"id":366,"href":"https:\/\/blog.uclm.es\/oscarnavarro\/wp-json\/wp\/v2\/pages\/13\/revisions\/366"}],"wp:featuredmedia":[{"embeddable":true,"href":"https:\/\/blog.uclm.es\/oscarnavarro\/wp-json\/"}],"wp:attachment":[{"href":"https:\/\/blog.uclm.es\/oscarnavarro\/wp-json\/wp\/v2\/media?parent=13"}],"curies":[{"name":"wp","href":"https:\/\/api.w.org\/{rel}","templated":true}]}}