{"id":978,"date":"2024-04-10T16:41:22","date_gmt":"2024-04-10T16:41:22","guid":{"rendered":"https:\/\/blog.uclm.es\/oscarcontreras\/?page_id=978"},"modified":"2025-11-12T10:38:18","modified_gmt":"2025-11-12T10:38:18","slug":"posting-2-0","status":"publish","type":"page","link":"https:\/\/blog.uclm.es\/oscarcontreras\/posting-2-0\/","title":{"rendered":"POSTING.STAT 2.0"},"content":{"rendered":"\n<figure class=\"wp-block-image is-resized\"><img loading=\"lazy\" decoding=\"async\" width=\"300\" height=\"121\" src=\"https:\/\/blog.uclm.es\/oscarcontreras\/wp-content\/uploads\/sites\/57\/2021\/10\/POSTING.STAT_-e1633940263778-300x121.png\" alt=\"\" class=\"wp-image-611\" style=\"width:612px;height:auto\" srcset=\"https:\/\/blog.uclm.es\/oscarcontreras\/wp-content\/uploads\/sites\/57\/2021\/10\/POSTING.STAT_-e1633940263778-300x121.png 300w, https:\/\/blog.uclm.es\/oscarcontreras\/wp-content\/uploads\/sites\/57\/2021\/10\/POSTING.STAT_-e1633940263778-768x309.png 768w, https:\/\/blog.uclm.es\/oscarcontreras\/wp-content\/uploads\/sites\/57\/2021\/10\/POSTING.STAT_-e1633940263778.png 799w\" sizes=\"auto, (max-width: 300px) 100vw, 300px\" \/><\/figure>\n\n\n\n<p><strong>PROYECTO EUROPEO: <\/strong> <strong>Enhancing the collection and analysis of national data on intra-EU POSTING 2.0<\/strong><\/p>\n\n\n\n<p><strong>Entidad financiadora<\/strong>: European Commission (under the call ESF-2023-POW-UDW). Direcci\u00f3n General de Empleo, inclusi\u00f3n y asuntos sociales. Ref. del proyecto 101139955.<\/p>\n\n\n\n<p><strong>Coordinador Europeo:<\/strong> (HIVA, KU Leuven &#8211; Belgium) Frederic de Wispelaere, Josef Pacolet, Lynn De Smedt y Dirk Gillis.<\/p>\n\n\n\n<p><strong>Duraci\u00f3n del proyecto<\/strong>: 01\/04\/2024 &#8211; 31\/03\/2026<\/p>\n\n\n\n<p><img loading=\"lazy\" decoding=\"async\" height=\"66\" width=\"102\" src=\"https:\/\/hiva.kuleuven.be\/en\/research\/theme\/welfarestate\/p\/Images\/logo-european-union.png\/@@images\/image-400-6d471fdcf23e336bb2d53adfd7605f9c.png\" alt=\"\"><\/p>\n\n\n\n<p><strong>Miembros del Consorcio:<\/strong><\/p>\n\n\n\n<figure class=\"wp-block-image size-full is-resized\"><img loading=\"lazy\" decoding=\"async\" width=\"1024\" height=\"768\" src=\"https:\/\/blog.uclm.es\/oscarcontreras\/wp-content\/uploads\/sites\/57\/2022\/05\/Miembros-proyecto-Posting.stat_.jpg\" alt=\"\" class=\"wp-image-776\" style=\"width:561px;height:auto\" srcset=\"https:\/\/blog.uclm.es\/oscarcontreras\/wp-content\/uploads\/sites\/57\/2022\/05\/Miembros-proyecto-Posting.stat_.jpg 1024w, https:\/\/blog.uclm.es\/oscarcontreras\/wp-content\/uploads\/sites\/57\/2022\/05\/Miembros-proyecto-Posting.stat_-300x225.jpg 300w, https:\/\/blog.uclm.es\/oscarcontreras\/wp-content\/uploads\/sites\/57\/2022\/05\/Miembros-proyecto-Posting.stat_-768x576.jpg 768w\" sizes=\"auto, (max-width: 706px) 89vw, (max-width: 767px) 82vw, 740px\" \/><\/figure>\n\n\n\n<ul class=\"wp-block-list\">\n<li><a href=\"https:\/\/www.celsi.sk\/en\/\" target=\"_blank\" rel=\"noreferrer noopener\">CELSI &#8211; Central European Labour Studies Institute (SK)<\/a><\/li>\n\n\n\n<li><a href=\"https:\/\/www.comillas.edu\/en\/\" target=\"_blank\" rel=\"noreferrer noopener\">COMILLAS &#8211; Comillas Pontifical University<\/a>&nbsp;(ES)<\/li>\n\n\n\n<li><a href=\"https:\/\/uek.krakow.pl\/\" target=\"_blank\" rel=\"noreferrer noopener\">CUE &#8211; Cracow University of Economics<\/a>&nbsp;(PL)<\/li>\n\n\n\n<li><a href=\"https:\/\/www.mobilelabour.eu\/\" target=\"_blank\" rel=\"noreferrer noopener\">ELMI &#8211; European Labour Mobility Institute<\/a>&nbsp;(PL)<\/li>\n\n\n\n<li><a href=\"https:\/\/www.euro.centre.org\/\" target=\"_blank\" rel=\"noreferrer noopener\">European Centre for Social Welfare Policy and Research<\/a>&nbsp;(AT)<\/li>\n\n\n\n<li><a href=\"https:\/\/www.seo.nl\/en\/\" target=\"_blank\" rel=\"noreferrer noopener\">SEO \u2013 SEO Amsterdam Economics<\/a>&nbsp;(NL)<\/li>\n\n\n\n<li><a href=\"https:\/\/lcss.lt\/en\/\" target=\"_blank\" rel=\"noreferrer noopener\">LCSS &#8211; Lithuanian Centre for Social Sciences<\/a>&nbsp;(LT)<\/li>\n\n\n\n<li><a href=\"https:\/\/www.uclm.es\/?sc_lang=en\" target=\"_blank\" rel=\"noreferrer noopener\">UCLM &#8211; University of Castilla-La Mancha<\/a>&nbsp;(ES)<\/li>\n\n\n\n<li><a href=\"https:\/\/en.unistra.fr\/\" target=\"_blank\" rel=\"noreferrer noopener\">UNISTRA &#8211; University of Strasbourg<\/a>&nbsp;(FR)<\/li>\n\n\n\n<li><a href=\"https:\/\/www.unive.it\/\" target=\"_blank\" rel=\"noreferrer noopener\">UNIVE &#8211; Ca&#8217; Foscari University of Venice<\/a>&nbsp;(IT)<\/li>\n\n\n\n<li><a href=\"https:\/\/www.wilke-maack.de\/\" target=\"_blank\" rel=\"noreferrer noopener\">wmp consult &#8211; Wilke Maack GmbH<\/a>&nbsp;(DE)<\/li>\n\n\n\n<li><a href=\"https:\/\/www.zrc-sazu.si\/en\" target=\"_blank\" rel=\"noreferrer noopener\">ZRC SAZU &#8211; Research Centre of the Slovenian Academy of Sciences and Arts<\/a>&nbsp;(SI)<\/li>\n<\/ul>\n\n\n\n<ul class=\"wp-block-list\">\n<li><strong>Los <em>partners <\/em>e investigadores principales del equipo espa\u00f1ol presente en el consorcio son:<\/strong><\/li>\n<\/ul>\n\n\n\n<ul class=\"wp-block-list\">\n<li>La Universidad P. Comillas (ICADE) con un equipo de investigaci\u00f3n formado por la profesora Dra. Dolores Carrascosa Bermejo; y,<\/li>\n<\/ul>\n\n\n\n<ul class=\"wp-block-list\">\n<li>La Universidad de Castilla-La Mancha (UCLM), con un equipo de investigaci\u00f3n formado del profesor Dr. \u00d3scar Contreras Hern\u00e1ndez.<\/li>\n<\/ul>\n\n\n\n<figure class=\"wp-block-image is-resized\"><a href=\"https:\/\/blog.uclm.es\/oscarcontreras\/wp-content\/uploads\/sites\/57\/2022\/06\/Dolores-Carrascosa.-Oscar-Contreras.jpg\"><img loading=\"lazy\" decoding=\"async\" width=\"300\" height=\"225\" src=\"https:\/\/blog.uclm.es\/oscarcontreras\/wp-content\/uploads\/sites\/57\/2022\/06\/Dolores-Carrascosa.-Oscar-Contreras-300x225.jpg\" alt=\"\" class=\"wp-image-792\" style=\"width:360px;height:auto\" srcset=\"https:\/\/blog.uclm.es\/oscarcontreras\/wp-content\/uploads\/sites\/57\/2022\/06\/Dolores-Carrascosa.-Oscar-Contreras-300x225.jpg 300w, https:\/\/blog.uclm.es\/oscarcontreras\/wp-content\/uploads\/sites\/57\/2022\/06\/Dolores-Carrascosa.-Oscar-Contreras-1024x768.jpg 1024w, https:\/\/blog.uclm.es\/oscarcontreras\/wp-content\/uploads\/sites\/57\/2022\/06\/Dolores-Carrascosa.-Oscar-Contreras-768x576.jpg 768w, https:\/\/blog.uclm.es\/oscarcontreras\/wp-content\/uploads\/sites\/57\/2022\/06\/Dolores-Carrascosa.-Oscar-Contreras-1536x1152.jpg 1536w, https:\/\/blog.uclm.es\/oscarcontreras\/wp-content\/uploads\/sites\/57\/2022\/06\/Dolores-Carrascosa.-Oscar-Contreras.jpg 1600w\" sizes=\"auto, (max-width: 300px) 100vw, 300px\" \/><\/a><\/figure>\n\n\n\n<p><\/p>\n\n\n\n<p><strong>Investigadores y miembros del equipo de trabajo UCLM<\/strong>:<\/p>\n\n\n\n<p>Jos\u00e9 Javier Miranzo Diez, Jes\u00fas Molinero Ferrer, Agust\u00edn \u00c1lvarez Herranz, Lorena Sales Pallar\u00e9s, Sandra L\u00f3pez Fernandez, Ricardo Mart\u00ednez Ca\u00f1as, Javier Miranzo Diaz  y Jos\u00e9 \u00c1ngel G\u00f3mez Requena (Universidad de Castilla-La Mancha).<\/p>\n\n\n\n<p> Miguel Basterra Hern\u00e1ndez (Universidad de Alicante), \u00c1ngela Mart\u00edn-Pozuelo L\u00f3pez (Universidad de Valencia) y Juan Molina Mill\u00e1n (Universidad Complutense de Madrid)<\/p>\n\n\n\n<p><strong>Investigador principal UCLM:<\/strong> \u00d3scar Contreras Hern\u00e1ndez. <\/p>\n\n\n\n<figure class=\"wp-block-image size-thumbnail is-resized\"><img loading=\"lazy\" decoding=\"async\" width=\"150\" height=\"150\" src=\"https:\/\/blog.uclm.es\/oscarcontreras\/wp-content\/uploads\/sites\/57\/2024\/04\/images-150x150.jpeg\" alt=\"\" class=\"wp-image-1012\" style=\"width:175px;height:auto\" srcset=\"https:\/\/blog.uclm.es\/oscarcontreras\/wp-content\/uploads\/sites\/57\/2024\/04\/images-150x150.jpeg 150w, https:\/\/blog.uclm.es\/oscarcontreras\/wp-content\/uploads\/sites\/57\/2024\/04\/images-100x100.jpeg 100w, https:\/\/blog.uclm.es\/oscarcontreras\/wp-content\/uploads\/sites\/57\/2024\/04\/images.jpeg 200w\" sizes=\"auto, (max-width: 150px) 100vw, 150px\" \/><\/figure>\n\n\n\n<p><strong>ANTECEDENTES DEL PROYECTO:<\/strong> <\/p>\n\n\n\n<p>POSTING.STAT 2.0 pretende complementar los datos recogidos sobre el desplazamiento intracomunitario a escala europea reuniendo a un consorcio de investigaci\u00f3n de los principales Estados miembros emisores y receptores (Alemania, Austria, B\u00e9lgica, Eslovaquia, Eslovenia, Espa\u00f1a, Francia, Italia, Lituania, Pa\u00edses Bajos y Polonia). <\/p>\n\n\n\n<p>Como continuaci\u00f3n de<a href=\"https:\/\/blog.uclm.es\/oscarcontreras\/posting-stat\/\"> POSTING.STAT 1.0<\/a>, el objetivo del segundo proyecto es aumentar el nivel de pruebas emp\u00edricas sobre el desplazamiento dentro de la UE mediante la recopilaci\u00f3n y el an\u00e1lisis de datos administrativos nacionales relacionados con cuestiones de investigaci\u00f3n que permanec\u00edan inexploradas, como los datos sobre el desplazamiento nacional en terceros pa\u00edses, el desplazamiento a trav\u00e9s de empresas de trabajo temporal, las cadenas de subcontrataci\u00f3n y la supervisi\u00f3n e infracciones. El consorcio, coordinado por la KU Leuven, est\u00e1 formado por 14 beneficiarios -incluido 1 socio afiliado- (principalmente institutos de investigaci\u00f3n y universidades) y 4 socios asociados (interlocutores sociales y una autoridad p\u00fablica).<\/p>\n\n\n\n<figure class=\"wp-block-image size-full is-resized\"><a href=\"https:\/\/zenodo.org\/records\/6543222\"><img loading=\"lazy\" decoding=\"async\" width=\"678\" height=\"876\" src=\"https:\/\/blog.uclm.es\/oscarcontreras\/wp-content\/uploads\/sites\/57\/2022\/05\/Infographic.png\" alt=\"\" class=\"wp-image-750\" style=\"width:615px;height:auto\" srcset=\"https:\/\/blog.uclm.es\/oscarcontreras\/wp-content\/uploads\/sites\/57\/2022\/05\/Infographic.png 678w, https:\/\/blog.uclm.es\/oscarcontreras\/wp-content\/uploads\/sites\/57\/2022\/05\/Infographic-232x300.png 232w\" sizes=\"auto, (max-width: 678px) 100vw, 678px\" \/><\/a><\/figure>\n\n\n\n<h3 class=\"wp-block-heading\"><strong>OBJETIVOS:<\/strong><\/h3>\n\n\n\n<p>El desaf\u00edo principal es recopilar (micro) datos administrativos de las autoridades p\u00fablicas competentes para obtener informaci\u00f3n m\u00e1s detallada sobre la escala, las caracter\u00edsticas y el impacto del desplazamiento intracomunitario, tanto en los principales Estados miembros receptores como en los emisores. De forma que nuestro objetivo global es obtener una mejor visi\u00f3n de la aplicaci\u00f3n de las normas de desplazamiento, mediante la comunicaci\u00f3n de los datos recogidos de las inspecciones de trabajo nacionales. Los resultados de este ejercicio se recoger\u00e1n en 11 informes espec\u00edficos por pa\u00eds y en 4 documentos tem\u00e1ticos.<\/p>\n\n\n\n<p><strong>COMUNICACI\u00d3N Y DIFUSI\u00d3N:<\/strong> <\/p>\n\n\n\n<p>El segundo objetivo principal es estimular el debate sobre el desplazamiento dentro de la UE y difundir los resultados de la recogida de datos. A este respecto, se organizar\u00e1n 11 seminarios web espec\u00edficos por pa\u00edses y 4 seminarios web espec\u00edficos por temas. Por \u00faltimo, los resultados se debatir\u00e1n en una conferencia de clausura en Lovaina, as\u00ed como en otras conferencias (por ejemplo y en nuestro caso se organizar\u00e1n dos seminarios tem\u00e1ticos en la Facultad de Ciencias Sociales de Cuenca).<\/p>\n\n\n\n<p><strong>M\u00c9TODOS<\/strong><\/p>\n\n\n\n<p>Enfoque emp\u00edrico: elaboraci\u00f3n y publicaci\u00f3n de informes nacionales (en ingl\u00e9s con un resumen ejecutivo en una de las lenguas nacionales del Estado miembro en cuesti\u00f3n), informes tem\u00e1ticos e infograf\u00edas. Metodolog\u00eda: recogida y an\u00e1lisis de datos administrativos nacionales sobre el desplazamiento dentro de la UE y su aplicaci\u00f3n; y an\u00e1lisis comparativo de los datos recogidos.<\/p>\n\n\n\n<p>Comunicaci\u00f3n y difusi\u00f3n enfoque: comunicaci\u00f3n de los resultados. Metodolog\u00eda: publicaci\u00f3n y anuncio de los informes por pa\u00eds, las infograf\u00edas y los informes tem\u00e1ticos; organizaci\u00f3n de seminarios web tem\u00e1ticos espec\u00edficos a escala de la UE y de seminarios web espec\u00edficos por pa\u00eds a escala nacional; organizaci\u00f3n de una conferencia de clausura en Lovaina, participaci\u00f3n en una conferencia y en una mesa redonda durante el Congreso Europeo de la Movilidad Laboral.<\/p>\n\n\n\n<p><strong>ACTIVIDADES E HITOS PRINCIPALES<\/strong><\/p>\n\n\n\n<p>11 Informes nacionales; 11 infograf\u00edas; 4 documentos tem\u00e1ticos ;4 seminarios tem\u00e1ticos; 11 seminarios web por pa\u00edses; 1 Conferencia final.<\/p>\n\n\n\n<p><a href=\"https:\/\/hiva.kuleuven.be\/en\/research\/theme\/welfarestate\/p\/POSTING-STAT20\"><strong>ENLACE A LA WEB DEL COORDINADOR EUROPEO DEL PROYECTO POSTING.STAT 2.0<\/strong><\/a><\/p>\n\n\n\n<p><strong><a href=\"https:\/\/blog.uclm.es\/oscarcontreras\/posting-stat\/\">ENLACE A POSTING.STAT 1.0 &#8211; UCLM<\/a><\/strong><\/p>\n\n\n\n<p><\/p>\n","protected":false},"excerpt":{"rendered":"<p>PROYECTO EUROPEO: Enhancing the collection and analysis of national data on intra-EU POSTING 2.0 Entidad financiadora: European Commission (under the call ESF-2023-POW-UDW). Direcci\u00f3n General de Empleo, inclusi\u00f3n y asuntos sociales. Ref. del proyecto 101139955. Coordinador Europeo: (HIVA, KU Leuven &#8211; Belgium) Frederic de Wispelaere, Josef Pacolet, Lynn De Smedt y Dirk Gillis. Duraci\u00f3n del proyecto: &hellip; <\/p>\n<p class=\"link-more\"><a href=\"https:\/\/blog.uclm.es\/oscarcontreras\/posting-2-0\/\" class=\"more-link\">Continuar leyendo<span class=\"screen-reader-text\"> \u00abPOSTING.STAT 2.0\u00bb<\/span><\/a><\/p>\n","protected":false},"author":80,"featured_media":0,"parent":0,"menu_order":0,"comment_status":"closed","ping_status":"closed","template":"","meta":{"footnotes":""},"class_list":["post-978","page","type-page","status-publish","hentry"],"_links":{"self":[{"href":"https:\/\/blog.uclm.es\/oscarcontreras\/wp-json\/wp\/v2\/pages\/978","targetHints":{"allow":["GET"]}}],"collection":[{"href":"https:\/\/blog.uclm.es\/oscarcontreras\/wp-json\/wp\/v2\/pages"}],"about":[{"href":"https:\/\/blog.uclm.es\/oscarcontreras\/wp-json\/wp\/v2\/types\/page"}],"author":[{"embeddable":true,"href":"https:\/\/blog.uclm.es\/oscarcontreras\/wp-json\/wp\/v2\/users\/80"}],"replies":[{"embeddable":true,"href":"https:\/\/blog.uclm.es\/oscarcontreras\/wp-json\/wp\/v2\/comments?post=978"}],"version-history":[{"count":34,"href":"https:\/\/blog.uclm.es\/oscarcontreras\/wp-json\/wp\/v2\/pages\/978\/revisions"}],"predecessor-version":[{"id":1213,"href":"https:\/\/blog.uclm.es\/oscarcontreras\/wp-json\/wp\/v2\/pages\/978\/revisions\/1213"}],"wp:attachment":[{"href":"https:\/\/blog.uclm.es\/oscarcontreras\/wp-json\/wp\/v2\/media?parent=978"}],"curies":[{"name":"wp","href":"https:\/\/api.w.org\/{rel}","templated":true}]}}