{"id":90,"date":"2019-12-23T11:29:03","date_gmt":"2019-12-23T10:29:03","guid":{"rendered":"http:\/\/blog.uclm.es\/oscarcontreras\/?page_id=90"},"modified":"2025-11-12T10:38:53","modified_gmt":"2025-11-12T10:38:53","slug":"laudos-arbitrales","status":"publish","type":"page","link":"https:\/\/blog.uclm.es\/oscarcontreras\/inicio\/laudos-arbitrales\/","title":{"rendered":"LAUDOS ARBITRALES"},"content":{"rendered":"\n<p>Selecci\u00f3n de algunos laudos arbitrales emitidos para poner fin a impugnaciones en materia de elecciones a \u00f3rganos de representaci\u00f3n de las personas trabajadoras entre 2016 y 2025 en las provincias de Cuenca y Albacete:<\/p>\n\n\n\n<figure class=\"wp-block-embed is-type-wp-embed is-provider-scar-contreras-hern-ndez wp-block-embed-scar-contreras-hern-ndez\"><div class=\"wp-block-embed__wrapper\">\n<blockquote class=\"wp-embedded-content\" data-secret=\"pK74wxIKv6\"><a href=\"https:\/\/blog.uclm.es\/oscarcontreras\/2025\/11\/10\/laudo-arbitral-inexistencia-del-censo-laboral-electoral-sin-afectacion-en-los-resultados-de-las-elecciones-arts-74-2-et-y-6-2-res\/\">Laudo Arbitral. Inexistencia del censo laboral \/ electoral sin afectaci\u00f3n en los resultados de las elecciones (arts. 74.2 ET. y 6.2 RES)<\/a><\/blockquote><iframe loading=\"lazy\" class=\"wp-embedded-content\" sandbox=\"allow-scripts\" security=\"restricted\" style=\"position: absolute; visibility: hidden;\" title=\"\u00abLaudo Arbitral. Inexistencia del censo laboral \/ electoral sin afectaci\u00f3n en los resultados de las elecciones (arts. 74.2 ET. y 6.2 RES)\u00bb \u2014 \u00d3scar Contreras Hern\u00e1ndez\" src=\"https:\/\/blog.uclm.es\/oscarcontreras\/2025\/11\/10\/laudo-arbitral-inexistencia-del-censo-laboral-electoral-sin-afectacion-en-los-resultados-de-las-elecciones-arts-74-2-et-y-6-2-res\/embed\/#?secret=IPFuJr9VUO#?secret=pK74wxIKv6\" data-secret=\"pK74wxIKv6\" width=\"525\" height=\"296\" frameborder=\"0\" marginwidth=\"0\" marginheight=\"0\" scrolling=\"no\"><\/iframe>\n<\/div><\/figure>\n\n\n\n<figure class=\"wp-block-embed is-type-wp-embed is-provider-scar-contreras-hern-ndez wp-block-embed-scar-contreras-hern-ndez\"><div class=\"wp-block-embed__wrapper\">\n<blockquote class=\"wp-embedded-content\" data-secret=\"eNn3m4up1R\"><a href=\"https:\/\/blog.uclm.es\/oscarcontreras\/2023\/04\/17\/laudo-arbitral-nulidad-del-previos-y-consideracion-de-centro-de-trabajo-arts-1-5-et-y-5-1-res\/\">Laudo Arbitral. Nulidad del preaviso de EE.SS. y consideraci\u00f3n de centro de trabajo (arts. 1.5 ET. y 5.1 RES)<\/a><\/blockquote><iframe loading=\"lazy\" class=\"wp-embedded-content\" sandbox=\"allow-scripts\" security=\"restricted\" style=\"position: absolute; visibility: hidden;\" title=\"\u00abLaudo Arbitral. Nulidad del preaviso de EE.SS. y consideraci\u00f3n de centro de trabajo (arts. 1.5 ET. y 5.1 RES)\u00bb \u2014 \u00d3scar Contreras Hern\u00e1ndez\" src=\"https:\/\/blog.uclm.es\/oscarcontreras\/2023\/04\/17\/laudo-arbitral-nulidad-del-previos-y-consideracion-de-centro-de-trabajo-arts-1-5-et-y-5-1-res\/embed\/#?secret=vEOxSpysb4#?secret=eNn3m4up1R\" data-secret=\"eNn3m4up1R\" width=\"525\" height=\"296\" frameborder=\"0\" marginwidth=\"0\" marginheight=\"0\" scrolling=\"no\"><\/iframe>\n<\/div><\/figure>\n\n\n\n<figure class=\"wp-block-embed is-type-wp-embed is-provider-scar-contreras-hern-ndez wp-block-embed-scar-contreras-hern-ndez\"><div class=\"wp-block-embed__wrapper\">\n<blockquote class=\"wp-embedded-content\" data-secret=\"3R3erVpF4y\"><a href=\"https:\/\/blog.uclm.es\/oscarcontreras\/2022\/10\/27\/laudo-arbitral-calendario-electoral-y-censo-trabajadores-temporales-2\/\">Laudo arbitral. Funciones de la mesa electoral<\/a><\/blockquote><iframe loading=\"lazy\" class=\"wp-embedded-content\" sandbox=\"allow-scripts\" security=\"restricted\" style=\"position: absolute; visibility: hidden;\" title=\"\u00abLaudo arbitral. Funciones de la mesa electoral\u00bb \u2014 \u00d3scar Contreras Hern\u00e1ndez\" src=\"https:\/\/blog.uclm.es\/oscarcontreras\/2022\/10\/27\/laudo-arbitral-calendario-electoral-y-censo-trabajadores-temporales-2\/embed\/#?secret=BG2GKAhOfb#?secret=3R3erVpF4y\" data-secret=\"3R3erVpF4y\" width=\"525\" height=\"296\" frameborder=\"0\" marginwidth=\"0\" marginheight=\"0\" scrolling=\"no\"><\/iframe>\n<\/div><\/figure>\n\n\n\n<figure class=\"wp-block-embed is-type-wp-embed is-provider-scar-contreras-hern-ndez wp-block-embed-scar-contreras-hern-ndez\"><div class=\"wp-block-embed__wrapper\">\n<blockquote class=\"wp-embedded-content\" data-secret=\"6WIPPBsFer\"><a href=\"https:\/\/blog.uclm.es\/oscarcontreras\/laudo-arbitral-sucesion-empresarial-y-censo-electoral\/\">Laudo arbitral. Sucesi\u00f3n empresarial y censo electoral<\/a><\/blockquote><iframe loading=\"lazy\" class=\"wp-embedded-content\" sandbox=\"allow-scripts\" security=\"restricted\" style=\"position: absolute; visibility: hidden;\" title=\"\u00abLaudo arbitral. Sucesi\u00f3n empresarial y censo electoral\u00bb \u2014 \u00d3scar Contreras Hern\u00e1ndez\" src=\"https:\/\/blog.uclm.es\/oscarcontreras\/laudo-arbitral-sucesion-empresarial-y-censo-electoral\/embed\/#?secret=TQEQoKPZ5W#?secret=6WIPPBsFer\" data-secret=\"6WIPPBsFer\" width=\"525\" height=\"296\" frameborder=\"0\" marginwidth=\"0\" marginheight=\"0\" scrolling=\"no\"><\/iframe>\n<\/div><\/figure>\n\n\n\n<figure class=\"wp-block-embed is-type-wp-embed is-provider-scar-contreras-hern-ndez wp-block-embed-scar-contreras-hern-ndez\"><div class=\"wp-block-embed__wrapper\">\n<blockquote class=\"wp-embedded-content\" data-secret=\"Yy3snx4YMW\"><a href=\"https:\/\/blog.uclm.es\/oscarcontreras\/2020\/11\/04\/laudo-arbitral-calendario-electoral-y-censo-trabajadores-temporales\/\">Laudo arbitral. Calendario electoral y censo trabajadores temporales<\/a><\/blockquote><iframe loading=\"lazy\" class=\"wp-embedded-content\" sandbox=\"allow-scripts\" security=\"restricted\" style=\"position: absolute; visibility: hidden;\" title=\"\u00abLaudo arbitral. Calendario electoral y censo trabajadores temporales\u00bb \u2014 \u00d3scar Contreras Hern\u00e1ndez\" src=\"https:\/\/blog.uclm.es\/oscarcontreras\/2020\/11\/04\/laudo-arbitral-calendario-electoral-y-censo-trabajadores-temporales\/embed\/#?secret=mdBVgFjGLh#?secret=Yy3snx4YMW\" data-secret=\"Yy3snx4YMW\" width=\"525\" height=\"296\" frameborder=\"0\" marginwidth=\"0\" marginheight=\"0\" scrolling=\"no\"><\/iframe>\n<\/div><\/figure>\n\n\n\n<figure class=\"wp-block-embed is-type-wp-embed is-provider-scar-contreras-hern-ndez wp-block-embed-scar-contreras-hern-ndez\"><div class=\"wp-block-embed__wrapper\">\n<blockquote class=\"wp-embedded-content\" data-secret=\"TG9xgGSHgw\"><a href=\"https:\/\/blog.uclm.es\/oscarcontreras\/laudo-arbitral-vulneracion-derechos-fundamentales\/\">Laudo arbitral. Vulneraci\u00f3n Derechos Fundamentales<\/a><\/blockquote><iframe loading=\"lazy\" class=\"wp-embedded-content\" sandbox=\"allow-scripts\" security=\"restricted\" style=\"position: absolute; visibility: hidden;\" title=\"\u00abLaudo arbitral. Vulneraci\u00f3n Derechos Fundamentales\u00bb \u2014 \u00d3scar Contreras Hern\u00e1ndez\" src=\"https:\/\/blog.uclm.es\/oscarcontreras\/laudo-arbitral-vulneracion-derechos-fundamentales\/embed\/#?secret=HrL16j7M5U#?secret=TG9xgGSHgw\" data-secret=\"TG9xgGSHgw\" width=\"525\" height=\"296\" frameborder=\"0\" marginwidth=\"0\" marginheight=\"0\" scrolling=\"no\"><\/iframe>\n<\/div><\/figure>\n\n\n\n<figure class=\"wp-block-embed is-type-wp-embed is-provider-scar-contreras-hern-ndez wp-block-embed-scar-contreras-hern-ndez\"><div class=\"wp-block-embed__wrapper\">\n<blockquote class=\"wp-embedded-content\" data-secret=\"95HptnWabS\"><a href=\"https:\/\/blog.uclm.es\/oscarcontreras\/2025\/11\/10\/laudo-arbitral-nulidad-por-posible-vulneracion-de-derechos-fundamentales\/\">Laudo arbitral. Nulidad por posible vulneraci\u00f3n de Derechos Fundamentales<\/a><\/blockquote><iframe loading=\"lazy\" class=\"wp-embedded-content\" sandbox=\"allow-scripts\" security=\"restricted\" style=\"position: absolute; visibility: hidden;\" title=\"\u00abLaudo arbitral. Nulidad por posible vulneraci\u00f3n de Derechos Fundamentales\u00bb \u2014 \u00d3scar Contreras Hern\u00e1ndez\" src=\"https:\/\/blog.uclm.es\/oscarcontreras\/2025\/11\/10\/laudo-arbitral-nulidad-por-posible-vulneracion-de-derechos-fundamentales\/embed\/#?secret=9aDCXwnDUi#?secret=95HptnWabS\" data-secret=\"95HptnWabS\" width=\"525\" height=\"296\" frameborder=\"0\" marginwidth=\"0\" marginheight=\"0\" scrolling=\"no\"><\/iframe>\n<\/div><\/figure>\n","protected":false},"excerpt":{"rendered":"<p>Selecci\u00f3n de algunos laudos arbitrales emitidos para poner fin a impugnaciones en materia de elecciones a \u00f3rganos de representaci\u00f3n de las personas trabajadoras entre 2016 y 2025 en las provincias de Cuenca y Albacete:<\/p>\n","protected":false},"author":80,"featured_media":0,"parent":793,"menu_order":0,"comment_status":"closed","ping_status":"closed","template":"","meta":{"footnotes":""},"class_list":["post-90","page","type-page","status-publish","hentry"],"_links":{"self":[{"href":"https:\/\/blog.uclm.es\/oscarcontreras\/wp-json\/wp\/v2\/pages\/90","targetHints":{"allow":["GET"]}}],"collection":[{"href":"https:\/\/blog.uclm.es\/oscarcontreras\/wp-json\/wp\/v2\/pages"}],"about":[{"href":"https:\/\/blog.uclm.es\/oscarcontreras\/wp-json\/wp\/v2\/types\/page"}],"author":[{"embeddable":true,"href":"https:\/\/blog.uclm.es\/oscarcontreras\/wp-json\/wp\/v2\/users\/80"}],"replies":[{"embeddable":true,"href":"https:\/\/blog.uclm.es\/oscarcontreras\/wp-json\/wp\/v2\/comments?post=90"}],"version-history":[{"count":14,"href":"https:\/\/blog.uclm.es\/oscarcontreras\/wp-json\/wp\/v2\/pages\/90\/revisions"}],"predecessor-version":[{"id":1214,"href":"https:\/\/blog.uclm.es\/oscarcontreras\/wp-json\/wp\/v2\/pages\/90\/revisions\/1214"}],"up":[{"embeddable":true,"href":"https:\/\/blog.uclm.es\/oscarcontreras\/wp-json\/wp\/v2\/pages\/793"}],"wp:attachment":[{"href":"https:\/\/blog.uclm.es\/oscarcontreras\/wp-json\/wp\/v2\/media?parent=90"}],"curies":[{"name":"wp","href":"https:\/\/api.w.org\/{rel}","templated":true}]}}