{"id":793,"date":"2015-12-03T10:06:26","date_gmt":"2015-12-03T10:06:26","guid":{"rendered":"http:\/\/blog.uclm.es\/oscarcontreras\/?page_id=2"},"modified":"2022-10-27T08:02:38","modified_gmt":"2022-10-27T08:02:38","slug":"inicio","status":"publish","type":"page","link":"https:\/\/blog.uclm.es\/oscarcontreras\/","title":{"rendered":"BIENVENID@S!"},"content":{"rendered":"<p>Sitio web creado por \u00d3scar Contreras Hern\u00e1ndez, profesor de Derecho del Trabajo y la Seguridad Social de la Universidad de Castilla-La Mancha, donde compartir art\u00edculos, investigaciones, enlaces, laudos, noticias y avances relacionados con el mundo del trabajo y el derecho, especialmente, en materia de movilidad internacional y desplazamiento transnacional de trabajadores en la Uni\u00f3n Europea.<\/p>\n","protected":false},"excerpt":{"rendered":"<p>Sitio web creado por \u00d3scar Contreras Hern\u00e1ndez, profesor de Derecho del Trabajo y la Seguridad Social de la Universidad de Castilla-La Mancha, donde compartir art\u00edculos, investigaciones, enlaces, laudos, noticias y avances relacionados con el mundo del trabajo y el derecho, especialmente, en materia de movilidad internacional y desplazamiento transnacional de trabajadores en la Uni\u00f3n Europea.<\/p>\n","protected":false},"author":80,"featured_media":790,"parent":0,"menu_order":0,"comment_status":"closed","ping_status":"open","template":"","meta":{"footnotes":""},"class_list":["post-793","page","type-page","status-publish","has-post-thumbnail","hentry"],"_links":{"self":[{"href":"https:\/\/blog.uclm.es\/oscarcontreras\/wp-json\/wp\/v2\/pages\/793","targetHints":{"allow":["GET"]}}],"collection":[{"href":"https:\/\/blog.uclm.es\/oscarcontreras\/wp-json\/wp\/v2\/pages"}],"about":[{"href":"https:\/\/blog.uclm.es\/oscarcontreras\/wp-json\/wp\/v2\/types\/page"}],"author":[{"embeddable":true,"href":"https:\/\/blog.uclm.es\/oscarcontreras\/wp-json\/wp\/v2\/users\/80"}],"replies":[{"embeddable":true,"href":"https:\/\/blog.uclm.es\/oscarcontreras\/wp-json\/wp\/v2\/comments?post=793"}],"version-history":[{"count":1,"href":"https:\/\/blog.uclm.es\/oscarcontreras\/wp-json\/wp\/v2\/pages\/793\/revisions"}],"predecessor-version":[{"id":816,"href":"https:\/\/blog.uclm.es\/oscarcontreras\/wp-json\/wp\/v2\/pages\/793\/revisions\/816"}],"wp:featuredmedia":[{"embeddable":true,"href":"https:\/\/blog.uclm.es\/oscarcontreras\/wp-json\/wp\/v2\/media\/790"}],"wp:attachment":[{"href":"https:\/\/blog.uclm.es\/oscarcontreras\/wp-json\/wp\/v2\/media?parent=793"}],"curies":[{"name":"wp","href":"https:\/\/api.w.org\/{rel}","templated":true}]}}