{"id":610,"date":"2021-10-11T09:16:33","date_gmt":"2021-10-11T08:16:33","guid":{"rendered":"https:\/\/blog.uclm.es\/oscarcontreras\/?page_id=610"},"modified":"2024-04-12T11:16:45","modified_gmt":"2024-04-12T11:16:45","slug":"posting-stat","status":"publish","type":"page","link":"https:\/\/blog.uclm.es\/oscarcontreras\/posting-stat\/","title":{"rendered":"POSTING.STAT"},"content":{"rendered":"<p><img loading=\"lazy\" decoding=\"async\" class=\"alignnone size-medium wp-image-611\" src=\"https:\/\/blog.uclm.es\/oscarcontreras\/wp-content\/uploads\/sites\/57\/2021\/10\/POSTING.STAT_-e1633940263778-300x121.png\" alt=\"\" width=\"300\" height=\"121\" srcset=\"https:\/\/blog.uclm.es\/oscarcontreras\/wp-content\/uploads\/sites\/57\/2021\/10\/POSTING.STAT_-e1633940263778-300x121.png 300w, https:\/\/blog.uclm.es\/oscarcontreras\/wp-content\/uploads\/sites\/57\/2021\/10\/POSTING.STAT_-e1633940263778-768x309.png 768w, https:\/\/blog.uclm.es\/oscarcontreras\/wp-content\/uploads\/sites\/57\/2021\/10\/POSTING.STAT_-e1633940263778.png 799w\" sizes=\"auto, (max-width: 300px) 100vw, 300px\" \/><\/p>\n<p><a href=\"https:\/\/hiva.kuleuven.be\/en\/news\/newsitems\/posting-stat-enhancing-collection-and-analysis-national-data-on-intra-eu-posting\" target=\"_blank\" rel=\"noopener\"><strong>PROJECT WEBSITE<\/strong><\/a><\/p>\n<p><strong>\u00bfCu\u00e1ntos trabajadores desplazados son movilizados cada a\u00f1o entre Estados miembros? \u00bfQu\u00e9 sectores son realmente los protagonistas en este tipo de movilidad internacional? \u00bfEs posible estimar el fraude y atajarlo mediante el an\u00e1lisis de los metadatos existentes a escala nacional?<\/strong><\/p>\n<p>Estas son solo algunas de las preguntas a las que responde este proyecto europeo, que re\u00fane a un consorcio de universidades y centros de investigaci\u00f3n de diez Estados con el objetivo de promover una base emp\u00edrica de informaci\u00f3n sobre el desplazamiento de trabajadores mediante la recopilaci\u00f3n y el an\u00e1lisis de microdatos administrativos disponibles. Los partners espa\u00f1oles en el consorcio son la Universidad Comillas (ICADE) con la participaci\u00f3n de la profesora Dolores Carrascosa Bermejo y la Universidad de Castilla-La Mancha, con la participaci\u00f3n del profesor \u00d3scar Contreras Hern\u00e1ndez.<\/p>\n<p><a href=\"https:\/\/blog.uclm.es\/oscarcontreras\/wp-content\/uploads\/sites\/57\/2022\/05\/Miembros-proyecto-Posting.stat_.jpg\"><img loading=\"lazy\" decoding=\"async\" class=\"alignnone  wp-image-776\" src=\"https:\/\/blog.uclm.es\/oscarcontreras\/wp-content\/uploads\/sites\/57\/2022\/05\/Miembros-proyecto-Posting.stat_-300x225.jpg\" alt=\"\" width=\"313\" height=\"235\" srcset=\"https:\/\/blog.uclm.es\/oscarcontreras\/wp-content\/uploads\/sites\/57\/2022\/05\/Miembros-proyecto-Posting.stat_-300x225.jpg 300w, https:\/\/blog.uclm.es\/oscarcontreras\/wp-content\/uploads\/sites\/57\/2022\/05\/Miembros-proyecto-Posting.stat_-768x576.jpg 768w, https:\/\/blog.uclm.es\/oscarcontreras\/wp-content\/uploads\/sites\/57\/2022\/05\/Miembros-proyecto-Posting.stat_.jpg 1024w\" sizes=\"auto, (max-width: 313px) 100vw, 313px\" \/><\/a><\/p>\n<p><a href=\"https:\/\/blog.uclm.es\/oscarcontreras\/wp-content\/uploads\/sites\/57\/2022\/06\/Dolores-Carrascosa.-Oscar-Contreras.jpg\"><img loading=\"lazy\" decoding=\"async\" class=\"alignnone size-medium wp-image-792\" src=\"https:\/\/blog.uclm.es\/oscarcontreras\/wp-content\/uploads\/sites\/57\/2022\/06\/Dolores-Carrascosa.-Oscar-Contreras-300x225.jpg\" alt=\"\" width=\"300\" height=\"225\" srcset=\"https:\/\/blog.uclm.es\/oscarcontreras\/wp-content\/uploads\/sites\/57\/2022\/06\/Dolores-Carrascosa.-Oscar-Contreras-300x225.jpg 300w, https:\/\/blog.uclm.es\/oscarcontreras\/wp-content\/uploads\/sites\/57\/2022\/06\/Dolores-Carrascosa.-Oscar-Contreras-1024x768.jpg 1024w, https:\/\/blog.uclm.es\/oscarcontreras\/wp-content\/uploads\/sites\/57\/2022\/06\/Dolores-Carrascosa.-Oscar-Contreras-768x576.jpg 768w, https:\/\/blog.uclm.es\/oscarcontreras\/wp-content\/uploads\/sites\/57\/2022\/06\/Dolores-Carrascosa.-Oscar-Contreras-1536x1152.jpg 1536w, https:\/\/blog.uclm.es\/oscarcontreras\/wp-content\/uploads\/sites\/57\/2022\/06\/Dolores-Carrascosa.-Oscar-Contreras.jpg 1600w\" sizes=\"auto, (max-width: 300px) 100vw, 300px\" \/><\/a><\/p>\n<p><a href=\"https:\/\/hiva.kuleuven.be\/en\/news\/newsitems\/posting-stat-enhancing-collection-and-analysis-national-data-on-intra-eu-posting\" target=\"_blank\" rel=\"noopener\"><strong>Los informes nacionales publicados en la web del proyecto<\/strong><\/a> muestran datos sobre la escala, las caracter\u00edsticas y el impacto de los desplazamientos dentro de la Uni\u00f3n, poniendo el foco en aquellos sectores que presentan mayores dificultades de medici\u00f3n o mayores espacios de fraude y dumping social, como el transporte internacional por carretera, el sector agroalimentario, la construcci\u00f3n, el sector de los espect\u00e1culos y el sector de la industria c\u00e1rnica.<\/p>\n<p>Igualmente se pretender obtener informaci\u00f3n sobre el volumen y el perfil de los desplazamientos fraudulentos, focaliz\u00e1ndose la investigaci\u00f3n en el impacto de la pandemia y realizando una primera evaluaci\u00f3n de la implementaci\u00f3n y correcta aplicaci\u00f3n de la Directiva (UE) 2018\/957 que modifica la Directiva 96\/71\/CE relativa al desplazamiento de trabajadores en el marco de la prestaci\u00f3n transnacional de servicios.<\/p>\n\n\n<figure class=\"wp-block-image size-full is-resized\"><img loading=\"lazy\" decoding=\"async\" class=\"wp-image-995\" src=\"https:\/\/blog.uclm.es\/oscarcontreras\/wp-content\/uploads\/sites\/57\/2024\/04\/infographic-posted-workers-from-and-to-spain-1.jpg\" alt=\"\" width=\"621\" height=\"804\" srcset=\"https:\/\/blog.uclm.es\/oscarcontreras\/wp-content\/uploads\/sites\/57\/2024\/04\/infographic-posted-workers-from-and-to-spain-1.jpg 612w, https:\/\/blog.uclm.es\/oscarcontreras\/wp-content\/uploads\/sites\/57\/2024\/04\/infographic-posted-workers-from-and-to-spain-1-232x300.jpg 232w\" sizes=\"auto, (max-width: 621px) 100vw, 621px\" \/><\/figure>\n\n\n<p><strong>DISPONIBLE AQU\u00cd EL INFORME PA\u00cdS (ESPA\u00d1A) EN ESPA\u00d1OL:<\/strong><\/p>\n<p><a href=\"https:\/\/zenodo.org\/record\/6543222#.Yn0WMC8lNB0\" target=\"_blank\" rel=\"noopener\">Desplazamiento intracomunitatrio de trabajadores desde y hacia Espa\u00f1a: hechos y cifras<\/a><\/p>\n<p><strong>DISPONIBLE AQU\u00cd RESUMEN (PRESENTACI\u00d3N CON GR\u00c1FICOS Y FIGURAS) RESULTADOS EN ESPA\u00d1OL:<\/strong><\/p>\n<p><a href=\"https:\/\/zenodo.org\/record\/6574005#.Yo-bBS8lNpQ\" target=\"_blank\" rel=\"noopener\">Principales resultados informe espa\u00f1ol (gr\u00e1ficos y figuras)<\/a><\/p>\n<p><strong>DISPONIBLE AQU\u00cd EL INFORME PA\u00cdS (ESPA\u00d1A) EN INGL\u00c9S:<\/strong><\/p>\n<p><a href=\"https:\/\/zenodo.org\/record\/6543137#.Yo-XMi8lNpQ\" target=\"_blank\" rel=\"noopener\">Posted workers from and to Spain. Facts and figures<\/a><\/p>\n<p><strong>POSTING.STAT &#8211; ENHANCING THE COLLECTION AND ANALYSIS OF NATIONAL DATA ON INTRA-EU POSTING<\/strong><\/p>\n<p>POSTING.STAT brings together a consortium of universities and research centres from 10 different Member States to promote the evidence basis through the collection and analysis of national micro-data. The geographical scope of the project covers the six main \u2018sending\u2019 Member States (Germany, Poland, Italy, Spain, Slovenia and Luxembourg) and the six main \u2018receiving\u2019 Member States (Germany, France, Belgium, Austria, the Netherlands and Luxembourg) of posted workers. Extracting administrative micro-data from the competent public authorities, complemented by desk research as well as by expert interviews, should result in more accurate figures on the scale, characteristics and impact of intra-EU posting, both in the main receiving and sending Member States.<\/p>\n<p><strong>Main research topics:<\/strong><\/p>\n<p>The scale, characteristics and impact of intra-EU posting;<br \/>\nThe scale and characteristics of irregular intra-EU posting;<br \/>\nThe impact of the COVID-19 pandemic on intra-EU posting;<br \/>\nThe impact of Directive 2018\/957\/EU amending Directive 96\/71\/EC.<br \/>\nProject output and news<\/p>\n<p><strong>Project coordinators:<\/strong><\/p>\n<p>Frederic De Wispelaere: frederic.dewispelaere@kuleuven.be<br \/>\nEm. Prof. Jozef Pacolet: jozef.pacolet@kuleuven.be<\/p>\n<p><strong>Project partners<\/strong><\/p>\n<p>COMILLAS &#8211; Comillas Pontifical University (Spain)<br \/>\nCUE &#8211; Cracow University of Economics (Poland)<br \/>\nELMI &#8211; European Labour Mobility Institute (Poland)<br \/>\nEuropean Centre for Social Welfare Policy and Research (Austria)<br \/>\nifo Institut \u2013 Leibniz Institute for Economic Research at the University of Munich (Germany)<br \/>\nLISER &#8211; Luxembourg Institute of Socio-Economic Research (Luxembourg)<br \/>\nPSE &#8211; Paris School of Economics (France)<br \/>\nSEO \u2013 SEO Amsterdam Economics (The Netherlands)<br \/>\nUCLM &#8211; University of Castilla-La Mancha (Spain)<br \/>\nUNIMI &#8211; University of Milan (Italy)<br \/>\nUNISTRA &#8211; University of Strasbourg (France)<br \/>\nZRC SAZU &#8211; Research Centre of the Slovenian Academy of Sciences and Arts (Slovenia)<\/p>\n<p>Associate organisations<\/p>\n<p>CEEMET &#8211; Council of European Employers of the Metal, Engineering and Technology-based industries<br \/>\nEFBWW &#8211; European Federation of Building and Woodworkers<br \/>\nESIP &#8211; European Social Insurance Platform<br \/>\nEUROFEDOP &#8211; European Federation of Employees in Public Services<\/p>\n<p>Other references<\/p>\n<p><a href=\"https:\/\/hiva.kuleuven.be\/en\/news\/newsitems\/posting-stat-enhancing-collection-and-analysis-national-data-on-intra-eu-posting\" target=\"_blank\" rel=\"noopener\"><strong>PROJECT WEBSITE<\/strong><\/a><\/p>\n<p><a href=\"https:\/\/twitter.com\/postingstat?lang=es\"><strong>POSTING.STAT Twitter<\/strong><\/a><\/p>\n<p>This project has received funding by the European Commission, DG Employment, Social Affairs and Inclusion, within the EU Programme for Employment and Social Innovation (EaSI) under the Grant Agreement Number VS\/2020\/0499.<\/p>","protected":false},"excerpt":{"rendered":"<p>PROJECT WEBSITE \u00bfCu\u00e1ntos trabajadores desplazados son movilizados cada a\u00f1o entre Estados miembros? \u00bfQu\u00e9 sectores son realmente los protagonistas en este tipo de movilidad internacional? \u00bfEs posible estimar el fraude y atajarlo mediante el an\u00e1lisis de los metadatos existentes a escala nacional? Estas son solo algunas de las preguntas a las que responde este proyecto europeo, &hellip; <\/p>\n<p class=\"link-more\"><a href=\"https:\/\/blog.uclm.es\/oscarcontreras\/posting-stat\/\" class=\"more-link\">Continuar leyendo<span class=\"screen-reader-text\"> \u00abPOSTING.STAT\u00bb<\/span><\/a><\/p>\n","protected":false},"author":80,"featured_media":780,"parent":0,"menu_order":0,"comment_status":"closed","ping_status":"closed","template":"","meta":{"footnotes":""},"class_list":["post-610","page","type-page","status-publish","has-post-thumbnail","hentry"],"_links":{"self":[{"href":"https:\/\/blog.uclm.es\/oscarcontreras\/wp-json\/wp\/v2\/pages\/610","targetHints":{"allow":["GET"]}}],"collection":[{"href":"https:\/\/blog.uclm.es\/oscarcontreras\/wp-json\/wp\/v2\/pages"}],"about":[{"href":"https:\/\/blog.uclm.es\/oscarcontreras\/wp-json\/wp\/v2\/types\/page"}],"author":[{"embeddable":true,"href":"https:\/\/blog.uclm.es\/oscarcontreras\/wp-json\/wp\/v2\/users\/80"}],"replies":[{"embeddable":true,"href":"https:\/\/blog.uclm.es\/oscarcontreras\/wp-json\/wp\/v2\/comments?post=610"}],"version-history":[{"count":3,"href":"https:\/\/blog.uclm.es\/oscarcontreras\/wp-json\/wp\/v2\/pages\/610\/revisions"}],"predecessor-version":[{"id":1006,"href":"https:\/\/blog.uclm.es\/oscarcontreras\/wp-json\/wp\/v2\/pages\/610\/revisions\/1006"}],"wp:featuredmedia":[{"embeddable":true,"href":"https:\/\/blog.uclm.es\/oscarcontreras\/wp-json\/wp\/v2\/media\/780"}],"wp:attachment":[{"href":"https:\/\/blog.uclm.es\/oscarcontreras\/wp-json\/wp\/v2\/media?parent=610"}],"curies":[{"name":"wp","href":"https:\/\/api.w.org\/{rel}","templated":true}]}}