{"id":1366,"date":"2022-11-04T13:34:15","date_gmt":"2022-11-04T12:34:15","guid":{"rendered":"https:\/\/blog.uclm.es\/oscarbajorubio\/?page_id=1366"},"modified":"2025-05-21T21:19:34","modified_gmt":"2025-05-21T19:19:34","slug":"some-of-my-publications","status":"publish","type":"page","link":"https:\/\/blog.uclm.es\/oscarbajorubio\/some-of-my-publications\/","title":{"rendered":""},"content":{"rendered":"\n<p style=\"font-size:25px\"><strong>SOME OF MY PUBLICATIONS<\/strong><\/p>\n\n\n\n<p><\/p>\n\n\n\n<p class=\"has-medium-font-size\"><strong>2025-<\/strong><\/p>\n\n\n\n<p style=\"font-size:15px\"><a href=\"https:\/\/link.springer.com\/chapter\/10.1007\/978-981-96-1893-4_6\" target=\"_blank\" rel=\"noreferrer noopener\">\u201cChina\u2019s direct investment in Indo-Pacific: a quantitative assessment\u201d<\/a><br>in Sang Chul Park and Yun-Chen Lai (eds.): <em><em>Geoeconomic Risks in Europe and the Indo-Pacific Region: Perspectives of Economic Security<\/em><\/em>, Springer, Singapore, 2025, pp. 99-116<br>(with Jing Zhou)<a href=\"https:\/\/www.sciencedirect.com\/science\/article\/pii\/S0313592624001863?via%3Dihub\u00f1\u00f1\u00f1\" target=\"_blank\" rel=\"noreferrer noopener\"><\/a><\/p>\n\n\n\n<p style=\"font-size:15px\"><a href=\"https:\/\/econpapers.repec.org\/article\/kapiecepo\/v_3a22_3ay_3a2025_3ai_3a2_3ad_3a10.1007_5fs10368-025-00658-8.htm\" target=\"_blank\" rel=\"noreferrer noopener\">\u201cAusterity and asymmetries in the fiscal policies of the Eurozone: the case of Southern Europe\u201d<\/a><br><em><em>International Economics and Economic Policy<\/em><\/em>, vol. 22, No. 2, 2025, art. 33<br>(with Antonio G. G\u00f3mez-Plana)<\/p>\n\n\n\n<p class=\"has-medium-font-size\"><strong>2020-2024<\/strong><\/p>\n\n\n\n<p style=\"font-size:15px\"><a href=\"https:\/\/econpapers.repec.org\/article\/eeeecanpo\/v_3a84_3ay_3a2024_3ai_3ac_3ap_3a561-575.htm\" target=\"_blank\" rel=\"noreferrer noopener\">\u201cDoes international trade promote economic growth? Europe, 19th and 20th centuries\u201d<\/a><br><em>Economic Analysis and Policy<\/em>, vol. 84, December 2024, pp. 561-575<br>(with Mar\u00eda del Carmen Ramos-Herrera)<\/p>\n\n\n\n<p style=\"font-size:15px\"><a href=\"https:\/\/link.springer.com\/chapter\/10.1007\/978-3-031-62739-2_1\" target=\"_blank\" rel=\"noreferrer noopener\">\u201cThe political and economic evolution of the Greater Middle East: an overview\u201d<\/a><br>in Ho-Don Yan, Oscar Bajo-Rubio, Diana S. Kwan and Fu-Lai Tony Yu (eds.): <em>Conflicts and Challenges in the Middle East: Religious, Political and Economic Perspectives<\/em>, Springer, Cham, 2024, pp. 3-19<br>(with Ho-Don Yan)<\/p>\n\n\n\n<p style=\"font-size:15px\"><a href=\"https:\/\/econpapers.repec.org\/article\/ovejournl\/aid_3a18507.htm\" target=\"_blank\" rel=\"noreferrer noopener\">\u201cRevisiting the effects of government size and labour market institutions on macroeconomic volatility: the case of the eurozone\u201d<\/a><br><em><em>Economics and Business Letters<\/em><\/em>, vol. 12, March 2023, pp. 91-96<br>(with Burcu Berke)<\/p>\n\n\n\n<p style=\"font-size:15px\"><a href=\"https:\/\/econpapers.repec.org\/article\/tafrecsxx\/v_3a25_3ay_3a2022_3ai_3a1_3ap_3a1314-1337.htm\" target=\"_blank\" rel=\"noreferrer noopener\">\u201cExports and long-run growth: the case of Spain, 1850-2020\u201d<\/a><br><em><em>Journal of Applied Economics<\/em><\/em>, vol. 25, No. 1, 2022, pp. 1314-1337<\/p>\n\n\n\n<p style=\"font-size:15px\"><a href=\"https:\/\/econpapers.repec.org\/article\/emeaeapps\/aea-07-2021-0157.htm\" data-type=\"URL\" target=\"_blank\" rel=\"noreferrer noopener\">\u201cThe role of foreign direct investment in growth: Spain, 1964-2013\u201d<\/a><br><em>Applied Economic Analysis<\/em>, vol. 30, No. 90, 2022, pp. 263-276<\/p>\n\n\n\n<p style=\"font-size:15px\"><a href=\"https:\/\/econpapers.repec.org\/article\/blaworlde\/v_3a45_3ay_3a2022_3ai_3a1_3ap_3a4-35.htm\" target=\"_blank\" rel=\"noreferrer noopener\">\u201cA multi-country analysis of austerity policies in the European Union\u201d<\/a><br><em>The World Economy<\/em>, vol. 45, January 2022, pp. 4-35<br>(with Antonio G. G\u00f3mez-Plana)<\/p>\n\n\n\n<p style=\"font-size:15px\"><a href=\"https:\/\/econpapers.repec.org\/article\/cupreveco\/v_3a39_3ay_3a2021_3ai_3a2_3ap_3a329-354_5f5.htm\" target=\"_blank\" rel=\"noreferrer noopener\">\u201cThe current account of the Spanish economy, 1850-2016: was it optimal?\u201d<\/a><br><em>Revista de Historia Econ\u00f3mica\/Journal of Iberian and Latin American Economic History<\/em>, vol. 39, September 2021, pp. 329-354<br>(with Vicente Esteve)<\/p>\n\n\n\n<p style=\"font-size:15px\"><a href=\"https:\/\/econpapers.repec.org\/article\/gamjsusta\/v_3a12_3ay_3a2020_3ai_3a16_3ap_3a6546-_3ad_3a398431.htm\" target=\"_blank\" rel=\"noreferrer noopener\">\u201cProvision of public health services and sustainable development: evidence for 12 emerging countries\u201d<\/a><br><em>Sustainability<\/em>, vol. 12, No. 16, 2020, art. 6546<br>(with Antonio G. G\u00f3mez-Plana)<\/p>\n\n\n\n<p style=\"font-size:15px\"><a href=\"https:\/\/econpapers.repec.org\/article\/kapempiri\/v_3a47_3ay_3a2020_3ai_3a2_3ad_3a10.1007_5fs10663-018-9415-9.htm\" target=\"_blank\" rel=\"noreferrer noopener\">\u201cFiscal policy and the real exchange rate: some evidence from Spain\u201d<\/a><br><em>Empirica<\/em>, vol. 47, May 2020, pp. 267-280<br>(with Burcu Berke and Vicente Esteve)<\/p>\n\n\n\n<p style=\"font-size:15px\"><a href=\"https:\/\/econpapers.repec.org\/article\/zbwifweej\/20205.htm\" target=\"_blank\" rel=\"noreferrer noopener\">\u201cExchange rate volatility in the eurozone\u201d<\/a><br><em>Economics: The Open-Access, Open-Assessment E-Journal<\/em>, vol. 14, No. 5, 2020, pp. 1-23<br>(with Burcu Berke and David McMillan)<\/p>\n\n\n\n<p class=\"has-medium-font-size\"><strong>2015-2019<\/strong><\/p>\n\n\n\n<p style=\"font-size:15px\"><a rel=\"noreferrer noopener\" href=\"https:\/\/link.springer.com\/chapter\/10.1007\/978-981-13-6462-4_10\" target=\"_blank\">\u201cGlobalization and populism\u201d<\/a><br>in Fu-Lai Tony Yu and Diana S. Kwan (eds.):&nbsp;<em>Contemporary Issues in International Political Economy<\/em>, Palgrave Macmillan, Singapore, 2019, pp. 229-252<br>(with Ho-Don Yan)<\/p>\n\n\n\n<p style=\"font-size:15px\"><a href=\"https:\/\/blog.uclm.es\/oscarbajorubio\/wp-content\/uploads\/sites\/92\/2021\/12\/REM.pdf\" target=\"_blank\" rel=\"noreferrer noopener\">\u201cInternational trade and finance: a review\u201d<br><\/a><em>Revista de Econom\u00eda Mundial\/Journal of World Economy<\/em>, No. 49, 2018, pp. 23-38<br>(with Burcu Berke)<\/p>\n\n\n\n<p style=\"font-size:15px\"><a href=\"https:\/\/link.springer.com\/chapter\/10.1007%2F978-3-319-45710-9_21\" target=\"_blank\" rel=\"noreferrer noopener\">\u201cThe scope for a budgetary union in the European monetary union\u201d<\/a><br>in Nazar\u00e9 da Costa Cabral, Jos\u00e9 Renato Gon\u00e7alves and Nuno Cunha Rodrigues (eds.):&nbsp;<em>The Euro and the Crisis: Perspectives for the Eurozone as a Monetary and Budgetary Union<\/em>, Springer, Berlin, 2017, pp. 357-366<br>(with Carmen D\u00edaz-Rold\u00e1n)<\/p>\n\n\n\n<p style=\"font-size:15px\"><a href=\"http:\/\/econpapers.repec.org\/article\/eeeriibaf\/v_3a41_3ay_3a2017_3ai_3ac_3ap_3a577-589.htm\" target=\"_blank\" rel=\"noreferrer noopener\">\u201cThe behaviour of asset return and volatility spillovers in Turkey: a tale of two crises\u201d<\/a><br><em>Research in International Business and Finance<\/em>, vol. 41, October 2017, pp. 577-589<br>(with Burcu Berke and David McMillan)<\/p>\n\n\n\n<p style=\"font-size:15px\"><a href=\"http:\/\/econpapers.repec.org\/article\/zbwifweej\/201630.htm\" target=\"_blank\" rel=\"noreferrer noopener\">\u201cThe effects of competitiveness on trade balance: the case of Southern Europe\u201d<\/a><br><em>Economics: The Open-Access, Open-Assessment E-Journal<\/em>, vol. 10, No. 30, 2016, pp. 1-26<br>(with Burcu Berke and Vicente Esteve)<\/p>\n\n\n\n<p style=\"font-size:15px\"><a href=\"https:\/\/blog.uclm.es\/oscarbajorubio\/wp-content\/uploads\/sites\/92\/2023\/01\/JEEER.pdf\" target=\"_blank\" rel=\"noreferrer noopener\">\u201cOpen economy Keynesian macroeconomics without the LM curve\u201d<br><\/a><em>Journal of Economics and Economic Education Research<\/em>, vol. 17, No. 2, 2016, pp. 1-16<br>(with Carmen D\u00edaz-Rold\u00e1n)<\/p>\n\n\n\n<p style=\"font-size:15px\"><a href=\"https:\/\/papers.ssrn.com\/sol3\/papers.cfm?abstract_id=2746918\" target=\"_blank\" rel=\"noreferrer noopener\">\u201cMacroeconomic linkages in the European Union\u201d<\/a><br>in Ileana Tache (ed.):&nbsp;<em>The European Union and the Challenges of the New Global Context<\/em>, Cambridge Scholars Publishing, Newcastle, 2015, pp. 208-232<br>(with Carmen D\u00edaz-Rold\u00e1n)<\/p>\n\n\n\n<p style=\"font-size:15px\"><a href=\"http:\/\/econpapers.repec.org\/article\/akaaoecon\/v_3a65_3ay_3a2015_3ai_3a4_3ap_3a617-628.htm\" target=\"_blank\" rel=\"noreferrer noopener\">\u201cEconomic growth and the balance-of-payments constraint: the case of the Spanish regions,1988-2009\u201d<\/a><br><em>Acta Oeconomica<\/em>, vol. 65, December 2015, pp. 617-628<br>(with Carmen D\u00edaz-Rold\u00e1n)<\/p>\n\n\n\n<p style=\"font-size:15px\"><a href=\"http:\/\/econpapers.repec.org\/article\/tafapplec\/v_3a47_3ay_3a2015_3ai_3a21_3ap_3a2127-2141.htm\" target=\"_blank\" rel=\"noreferrer noopener\">\u201cOn the employment effects of outward FDI: the case of Spain, 1995-2011\u201d<\/a><br><em>Applied Economics<\/em>, vol. 47, July 2015, pp. 2127-2141<br>(with Carmen D\u00edaz-Mora)<\/p>\n\n\n\n<p style=\"font-size:15px\"><a href=\"http:\/\/econpapers.repec.org\/article\/cemjaecon\/v_3a18_3ay_3a2015_3an_3a1_3ap_3a45-70.htm\" target=\"_blank\" rel=\"noreferrer noopener\">\u201cAlternative strategies to reduce public deficits: taxes vs. spending\u201d<\/a><br><em>Journal of Applied Economics<\/em>, vol. 18, May 2015, pp. 45-70<br>(with Antonio G. G\u00f3mez-Plana)<\/p>\n\n\n\n<p style=\"font-size:15px\"><a href=\"http:\/\/econpapers.repec.org\/article\/blaworlde\/v_3a38_3ay_3a2015_3ai_3a5_3ap_3a893-898.htm\" target=\"_blank\" rel=\"noreferrer noopener\">\u201cPrice-cost margins and economic integration: how important is the pro-competitive effect?\u201d<\/a><br><em>The World Economy<\/em>, vol. 38, May 2015, pp. 893-898<br>(with Carmen D\u00edaz-Rold\u00e1n and Antonio G. G\u00f3mez-Plana)<\/p>\n\n\n\n<p class=\"has-medium-font-size\"><strong>2010-2014<\/strong><\/p>\n\n\n\n<p style=\"font-size:15px\"><a href=\"http:\/\/econpapers.repec.org\/article\/eeejpolmo\/v_3a36_3ay_3a2014_3ai_3a5_3ap_3a924-937.htm\" target=\"_blank\" rel=\"noreferrer noopener\">\u201cDeficit sustainability, and monetary versus fiscal dominance: the case of Spain, 1850-2000\u201d<\/a><br><em>Journal of Policy Modeling<\/em>, vol. 36, September-October 2014, pp. 924-937<br>(with Carmen D\u00edaz-Rold\u00e1n and Vicente Esteve)<\/p>\n\n\n\n<p style=\"font-size:15px\"><a href=\"http:\/\/econpapers.repec.org\/article\/tafapeclt\/v_3a21_3ay_3a2014_3ai_3a9_3ap_3a593-596.htm\" target=\"_blank\" rel=\"noreferrer noopener\">\u201cBalance-constrained growth rates: generalizing Thirlwall\u2019s law\u201d<\/a><br><em>Applied Economics Letters<\/em>, vol. 21, June 2014, pp. 593-596<\/p>\n\n\n\n<p style=\"font-size:15px\"><a href=\"http:\/\/econpapers.repec.org\/article\/tafapplec\/v_3a46_3ay_3a2014_3ai_3a4_3ap_3a441-449.htm\" target=\"_blank\" rel=\"noreferrer noopener\">\u201cSustainability of external imbalances in the OECD countries\u201d<\/a><br><em>Applied Economics<\/em>, vol. 46, February 2014, pp. 441-449<br>(with Carmen D\u00edaz-Rold\u00e1n and Vicente Esteve)<\/p>\n\n\n\n<p style=\"font-size:15px\"><a href=\"http:\/\/econpapers.repec.org\/article\/tafpocoec\/v_3a24_3ay_3a2012_3ai_3a1_3ap_3a125-131.htm\" target=\"_blank\" rel=\"noreferrer noopener\">\u201cDo exports cause growth? Some evidence for the new EU members\u201d<\/a><br><em>Post-Communist Economies<\/em>, vol. 24, March 2012, pp. 125-131<br>(with Carmen D\u00edaz-Rold\u00e1n)<\/p>\n\n\n\n<p style=\"font-size:15px\"><a href=\"http:\/\/econpapers.repec.org\/article\/eeeexehis\/v_3a49_3ay_3a2012_3ai_3a1_3ap_3a105-117.htm\" target=\"_blank\" rel=\"noreferrer noopener\">\u201cThe balance-of-payments constraint on economic growth in a long-term perspective: Spain, 1850-2000\u201d<\/a><br><em>Explorations in Economic History<\/em>, vol. 49, January 2012, pp. 105-117<\/p>\n\n\n\n<p style=\"font-size:15px\"><a rel=\"noreferrer noopener\" href=\"http:\/\/econpapers.repec.org\/article\/cemjaecon\/v_3a13_3ay_3a2010_3an_3a2_3ap_3a263-281.htm\" target=\"_blank\">\u201cOn the sustainability of government deficits: some long-term evidence for Spain, 1850-2000\u201d<\/a><br><em>Journal of Applied Economics<\/em>, vol. 13, November 2010, pp. 263-281<br>(with Carmen D\u00edaz-Rold\u00e1n and Vicente Esteve)<\/p>\n\n\n\n<p style=\"font-size:15px\"><a href=\"https:\/\/econpapers.repec.org\/article\/eisarticl\/210bajo.htm\" target=\"_blank\" rel=\"noreferrer noopener\">\u201cTesting the Fisher effect in the presence of structural change: a case study of the UK, 1966-2007\u201d<\/a><br><em><em>Economic Issues<\/em><\/em>, vol. 15, September 2010, pp. 1-15<br>(with Carmen D\u00edaz-Rold\u00e1n and Vicente Esteve)<\/p>\n\n\n\n<p style=\"font-size:15px\"><a href=\"http:\/\/econpapers.repec.org\/article\/tafregstd\/v_3a44_3ay_3a2010_3ai_3a3_3ap_3a373-382.htm\" target=\"_blank\" rel=\"noreferrer noopener\">\u201cForeign direct investment and regional growth: an analysis of the Spanish case\u201d<\/a><br><em>Regional Studies<\/em>, vol. 44, April 2010, pp. 373-382<br>(with Carmen D\u00edaz-Mora and Carmen D\u00edaz-Rold\u00e1n)<\/p>\n\n\n\n<p class=\"has-medium-font-size\"><strong>2005-2009<\/strong><\/p>\n\n\n\n<p style=\"font-size:15px\"><a href=\"http:\/\/econpapers.repec.org\/article\/eeepoleco\/v_3a25_3ay_3a2009_3ai_3a4_3ap_3a525-539.htm\" target=\"_blank\" rel=\"noreferrer noopener\">\u201cDeficit sustainability and inflation in EMU: an analysis from the fiscal theory of the price level\u201d<\/a><br><em>European Journal of Political Economy<\/em>, vol. 25, December 2009, pp. 525-539<br>(with Carmen D\u00edaz-Rold\u00e1n and Vicente Esteve)<\/p>\n\n\n\n<p style=\"font-size:15px\"><a href=\"http:\/\/econpapers.repec.org\/article\/eeeecmode\/v_3a26_3ay_3a2009_3ai_3a5_3ap_3a851-864.htm\" target=\"_blank\" rel=\"noreferrer noopener\">\u201cThe effects of multinationals on host economies: a CGE approach\u201d<\/a><br><em>Economic Modelling<\/em>, vol. 26, September 2009, pp. 851-864<br>(with Mar\u00eda C. Latorre and Antonio G. G\u00f3mez-Plana)<\/p>\n\n\n\n<p style=\"font-size:15px\"><a href=\"http:\/\/econpapers.repec.org\/article\/tafpocoec\/v_3a21_3ay_3a2009_3ai_3a1_3ap_3a41-46.htm\" target=\"_blank\" rel=\"noreferrer noopener\">\u201cDoes the balance of payments constrain economic growth? Some evidence for the new EU members\u201d<\/a><br><em>Post-Communist Economies<\/em>, vol. 21, March 2009, pp. 41-46<br>(with Carmen D\u00edaz-Rold\u00e1n)<\/p>\n\n\n\n<p style=\"font-size:15px\"><a href=\"http:\/\/econpapers.repec.org\/article\/tafapplec\/v_3a40_3ay_3a2008_3ai_3a12_3ap_3a1609-1613.htm\" target=\"_blank\" rel=\"noreferrer noopener\">\u201cUS deficit sustainability revisited: a multiple structural change approach\u201d<\/a><br><em>Applied Economics<\/em>, vol. 40, June 2008, pp. 1609-1613<br>(with Carmen D\u00edaz-Rold\u00e1n and Vicente Esteve)<\/p>\n\n\n\n<p style=\"font-size:15px\"><a href=\"http:\/\/econpapers.repec.org\/article\/faufauart\/v_3a57_3ay_3a2007_3ai_3a5-6_3ap_3a225-234.htm\" target=\"_blank\" rel=\"noreferrer noopener\">\u201cVulnerability to shocks in EMU: 1991-2004\u201d<\/a><br><em>Czech Journal of Economics and Finance<\/em>, vol. 57, August 2007, pp. 225-234<br>(with Carmen D\u00edaz-Rold\u00e1n)<\/p>\n\n\n\n<p style=\"font-size:15px\"><a href=\"http:\/\/econpapers.repec.org\/article\/eeejpolmo\/v_3a29_3ay_3a2007_3ai_3a3_3ap_3a453-462.htm\" target=\"_blank\" rel=\"noreferrer noopener\">\u201cChange of regime and Phillips curve stability: the case of Spain, 1964-2002\u201d<\/a><br><em>Journal of Policy Modeling<\/em>, vol. 29, May-June 2007, pp. 453-462<br>(with Carmen D\u00edaz-Rold\u00e1n and Vicente Esteve)<\/p>\n\n\n\n<p style=\"font-size:15px\"><a href=\"http:\/\/econpapers.repec.org\/article\/eeejmacro\/v_3a28_3ay_3a2006_3ai_3a3_3ap_3a596-608.htm\" target=\"_blank\" rel=\"noreferrer noopener\">\u201cIs the budget deficit sustainable when fiscal policy is non-linear? The case of Spain\u201d<\/a><br><em>Journal of Macroeconomics<\/em>, vol. 28, September 2006, pp. 596-608<br>(with Carmen D\u00edaz-Rold\u00e1n and Vicente Esteve)<\/p>\n\n\n\n<p style=\"font-size:15px\"><a rel=\"noreferrer noopener\" href=\"http:\/\/econpapers.repec.org\/article\/tafeurpls\/v_3a14_3ay_3a2006_3ai_3a3_3ap_3a383-396.htm\" target=\"_blank\">\u201cAssessing the effectiveness of the EU\u2019s regional policies on real convergence: an analysis based on the HERMIN model\u201d<\/a><br><em>European Planning Studies<\/em>, vol. 14, April 2006, pp. 383-396<br>(with Sim\u00f3n Sosvilla-Rivero and Carmen D\u00edaz-Rold\u00e1n)<\/p>\n\n\n\n<p style=\"font-size:15px\"><a rel=\"noreferrer noopener\" href=\"https:\/\/econpapers.repec.org\/article\/kapecopln\/v_3a38_3ay_3a2005_3ai_3a3_3ap_3a227-234.htm\" target=\"_blank\">\u201cCharacterizing macroeconomic shocks in the CEECs\u201d<\/a><br><em><em>Economic Change and Restructuring<\/em><\/em>, vol. 38, December 2005, pp. 227-234<br>(with Carmen D\u00edaz-Rold\u00e1n)<\/p>\n\n\n\n<p style=\"font-size:15px\"><a rel=\"noreferrer noopener\" href=\"http:\/\/econpapers.repec.org\/article\/eeejpolmo\/v_3a27_3ay_3a2005_3ai_3a6_3ap_3a689-709.htm\" target=\"_blank\">\u201cSimulating the effects of the European Single Market: a CGE analysis for Spain\u201d<\/a><br><em>Journal of Policy Modeling<\/em>, vol. 27, September 2005, pp. 689-709<br>(with Antonio G. G\u00f3mez-Plana)<\/p>\n\n\n\n<p style=\"font-size:15px\"><a rel=\"noreferrer noopener\" href=\"https:\/\/econpapers.repec.org\/article\/tafapfiec\/v_3a15_3ay_3a2005_3ai_3a12_3ap_3a849-854.htm\" target=\"_blank\">\u201cIs the Fisher effect nonlinear? Some evidence for Spain, 1963-2002\u201d<\/a><br><em><em>Applied Financial Economics<\/em><\/em>, vol. 15, August 2005, pp. 849-854<br>(with Carmen D\u00edaz-Rold\u00e1n and Vicente Esteve)<\/p>\n\n\n\n<p style=\"font-size:15px\"><a href=\"http:\/\/econpapers.repec.org\/article\/tafregstd\/v_3a39_3ay_3a2005_3ai_3a3_3ap_3a297-304.htm\" target=\"_blank\" rel=\"noreferrer noopener\">\u201cOptimal endowments of public capital: an empirical analysis for the Spanish regions\u201d<\/a><br><em>Regional Studies<\/em>, vol. 39, May 2005, pp. 297-304<br>(with Carmen D\u00edaz-Rold\u00e1n)<\/p>\n\n\n\n<p class=\"has-medium-font-size\"><strong>2000-2004<\/strong><\/p>\n\n\n\n<p style=\"font-size:15px\"><a href=\"http:\/\/econpapers.repec.org\/article\/mhrfinarc\/urn_3asici_3a0015-2218(200408)60_3a2_5f160_3arscful_5f2.0.tx_5f2-3.htm\" target=\"_blank\" rel=\"noreferrer noopener\">\u201cReducing social contributions for unskilled labor as a way of fighting unemployment: an empirical evaluation for the case of Spain\u201d<\/a><br><em>FinanzArchiv<\/em>, vol. 60, No. 2, 2004, pp. 160-185<br>(with Antonio G. G\u00f3mez-Plana)<\/p>\n\n\n\n<p style=\"font-size:15px\"><a href=\"http:\/\/econpapers.repec.org\/article\/eeeecolet\/v_3a82_3ay_3a2004_3ai_3a2_3ap_3a239-243.htm\" target=\"_blank\" rel=\"noreferrer noopener\">\u201cSearching for threshold effects in the evolution of budget deficits: an application to the Spanish case\u201d<\/a><br><em>Economics Letters<\/em>, vol. 82, February 2004, pp. 239-243<br>(with Carmen D\u00edaz-Rold\u00e1n and Vicente Esteve)<\/p>\n\n\n\n<p style=\"font-size:15px\"><a href=\"http:\/\/econpapers.repec.org\/article\/caireldbu\/rel_5f691_5f0073.htm\" target=\"_blank\" rel=\"noreferrer noopener\">\u201cInsurance mechanisms against asymmetric shocks in a monetary union: a proposal with an application to EMU\u201d<\/a><br><em>Recherches Economiques de Louvain<\/em>, vol. 69, No. 1, 2003, pp. 73-96<br>(with Carmen D\u00edaz-Rold\u00e1n)<\/p>\n\n\n\n<p style=\"font-size:15px\"><a href=\"https:\/\/blog.uclm.es\/oscarbajorubio\/wp-content\/uploads\/sites\/92\/2019\/05\/icecrisis.pdf\" target=\"_blank\" rel=\"noreferrer noopener\">\u201cCrisis cambiarias: teor\u00eda y evidencia\u201d<\/a><br><em>Informaci\u00f3n Comercial Espa\u00f1ola<\/em>, No. 802, October 2002, pp. 195-207<\/p>\n\n\n\n<p style=\"font-size:15px\"><a href=\"http:\/\/econpapers.repec.org\/article\/sprspecre\/v_3a4_3ay_3a2002_3ai_3a4_3ap_3a311-316.htm\" target=\"_blank\" rel=\"noreferrer noopener\">\u201cInequality foundations of concentration measures: an application to the Hannah-Kay indices\u201d<\/a><br><em>Spanish Economic Review<\/em>, vol. 4, No. 4, 2002, pp. 311-316<br>(with Rafael Salas)<\/p>\n\n\n\n<p style=\"font-size:15px\"><a href=\"http:\/\/econpapers.repec.org\/article\/risintegr\/0186.htm\" target=\"_blank\" rel=\"noreferrer noopener\">\u201cForeign direct investment in a process of economic integration: the case of Spanish manufacturing, 1986-1992\u201d<\/a><br><em>Journal of Economic Integration<\/em>, vol. 17, March 2002, pp. 85-103<br>(with Carmen L\u00f3pez-Pueyo)<\/p>\n\n\n\n<p style=\"font-size:15px\"><a href=\"http:\/\/econpapers.repec.org\/article\/tafintecj\/v_3a15_3ay_3a2001_3ai_3a3_3ap_3a129-146.htm\" target=\"_blank\" rel=\"noreferrer noopener\">\u201cA quantitative analysis of the effects of capital controls: Spain, 1986-1990\u201d<\/a><br><em>International Economic Journal<\/em>, vol. 15, Autumn 2001, pp. 129-146<br>(with Sim\u00f3n Sosvilla-Rivero)<\/p>\n\n\n\n<p style=\"font-size:15px\"><a href=\"http:\/\/econpapers.repec.org\/article\/kapopenec\/v_3a12_3ay_3a2001_3ai_3a3_3ap_3a305-323.htm\" target=\"_blank\" rel=\"noreferrer noopener\">\u201cForeign direct investment and trade: a causality analysis\u201d<\/a><br><em>Open Economies Review<\/em>, vol. 12, July 2001, pp. 305-323<br>(with Mar\u00eda Montero-Mu\u00f1oz)<\/p>\n\n\n\n<p style=\"font-size:15px\"><a href=\"http:\/\/econpapers.repec.org\/article\/eeeeecrev\/v_3a45_3ay_3a2001_3ai_3a3_3ap_3a451-473.htm\" target=\"_blank\" rel=\"noreferrer noopener\">\u201cAsymmetry in the EMS: new evidence based on non-linear forecasts\u201d<\/a><br><em>European Economic Review<\/em>, vol. 45, March 2001, pp. 451-473<br>(with Sim\u00f3n Sosvilla-Rivero and Fernando Fern\u00e1ndez-Rodr\u00edguez)<\/p>\n\n\n\n<p style=\"font-size:15px\"><a href=\"http:\/\/econpapers.repec.org\/article\/eeeecolet\/v_3a68_3ay_3a2000_3ai_3a1_3ap_3a79-84.htm\" target=\"_blank\" rel=\"noreferrer noopener\">\u201cA further generalization of the Solow growth model: the role of the public sector\u201d<\/a><br><em>Economics Letters<\/em>, vol. 68, July 2000, pp. 79-84<\/p>\n\n\n\n<p class=\"has-medium-font-size\"><strong>1990s<\/strong><\/p>\n\n\n\n<p style=\"font-size:15px\"><a href=\"http:\/\/econpapers.repec.org\/article\/tafapeclt\/v_3a6_3ay_3a1999_3ai_3a11_3ap_3a717-722.htm\" target=\"_blank\" rel=\"noreferrer noopener\">\u201cExchange rate volatility in the EMS before and after the fall\u201d<\/a><br><em>Applied Economics Letters<\/em>, vol. 6, November 1999, pp. 717-722<br>(with Fernando Fern\u00e1ndez-Rodr\u00edguez and Sim\u00f3n Sosvilla-Rivero)<\/p>\n\n\n\n<p style=\"font-size:15px\"><a href=\"http:\/\/econpapers.repec.org\/article\/tafapeclt\/v_3a5_3ay_3a1998_3ai_3a12_3ap_3a769-772.htm\" target=\"_blank\" rel=\"noreferrer noopener\">\u201cThe saving-investment correlation revisited: the case of Spain, 1964-1994\u201d<\/a><br><em>Applied Economics Letters<\/em>, vol. 5, December 1998, pp. 769-772<\/p>\n\n\n\n<p style=\"font-size:15px\"><a href=\"https:\/\/blog.uclm.es\/oscarbajorubio\/wp-content\/uploads\/sites\/92\/2019\/05\/REAint.pdf\" target=\"_blank\" rel=\"noreferrer noopener\">\u201cIntegraci\u00f3n regional, crecimiento y convergencia: un panorama\u201d<\/a><br><em>Revista de Econom\u00eda Aplicada<\/em>, vol. 6, Spring 1998, pp. 121-160<\/p>\n\n\n\n<p style=\"font-size:15px\"><a href=\"https:\/\/blog.uclm.es\/oscarbajorubio\/wp-content\/uploads\/sites\/92\/2019\/05\/hpe.pdf\" target=\"_blank\" rel=\"noreferrer noopener\">\u201cIntegraci\u00f3n monetaria en Europa: teor\u00eda y evidencia emp\u00edrica\u201d<\/a><br><em>Hacienda P\u00fablica Espa\u00f1ola<\/em>, No. 140, 1997, pp. 19-37<br>(with David Vegara)<\/p>\n\n\n\n<p style=\"font-size:15px\"><a href=\"https:\/\/www.jstor.org\/stable\/1060133\" target=\"_blank\" rel=\"noreferrer noopener\">\u201cAn econometric analysis of foreign direct investment in Spain, 1964-89\u201d<\/a><br><em>Southern Economic Journal<\/em>, vol. 61, July 1994, pp. 104-120<br>(with Sim\u00f3n Sosvilla-Rivero)<\/p>\n\n\n\n<p style=\"font-size:15px\"><a href=\"http:\/\/econpapers.repec.org\/article\/eeeecmode\/v_3a10_3ay_3a1993_3ai_3a3_3ap_3a179-185.htm\" target=\"_blank\" rel=\"noreferrer noopener\">\u201cDoes public capital affect private sector performance? An analysis of the Spanish case, 1964-1988\u201d<\/a><br><em>Economic Modelling<\/em>, vol. 10, July 1993, pp. 179-185<br>(with Sim\u00f3n Sosvilla-Rivero)<\/p>\n\n\n\n<p style=\"font-size:15px\"><a href=\"http:\/\/econpapers.repec.org\/article\/eeeecolet\/v_3a39_3ay_3a1992_3ai_3a2_3ap_3a207-211.htm\" target=\"_blank\" rel=\"noreferrer noopener\">\u201cChaotic behaviour in exchange-rate series: first results for the Peseta-US dollar case\u201d<\/a><br><em>Economics Letters<\/em>, vol. 39, June 1992, pp. 207-211<br>(with Fernando Fern\u00e1ndez-Rodr\u00edguez and Sim\u00f3n Sosvilla-Rivero)<\/p>\n","protected":false},"excerpt":{"rendered":"<p>SOME OF MY PUBLICATIONS 2025- \u201cChina\u2019s direct investment in Indo-Pacific: a quantitative assessment\u201din Sang Chul Park and Yun-Chen Lai (eds.): Geoeconomic Risks in Europe and the Indo-Pacific Region: Perspectives of Economic Security, Springer, Singapore, 2025, pp. 99-116(with Jing Zhou) \u201cAusterity and asymmetries in the fiscal policies of the Eurozone: the case of Southern Europe\u201dInternational Economics &hellip; <a href=\"https:\/\/blog.uclm.es\/oscarbajorubio\/some-of-my-publications\/\" class=\"more-link\">Sigue leyendo <span class=\"screen-reader-text\"><\/span><\/a><\/p>\n","protected":false},"author":163,"featured_media":0,"parent":0,"menu_order":0,"comment_status":"closed","ping_status":"closed","template":"","meta":{"footnotes":""},"class_list":["post-1366","page","type-page","status-publish","hentry"],"_links":{"self":[{"href":"https:\/\/blog.uclm.es\/oscarbajorubio\/wp-json\/wp\/v2\/pages\/1366","targetHints":{"allow":["GET"]}}],"collection":[{"href":"https:\/\/blog.uclm.es\/oscarbajorubio\/wp-json\/wp\/v2\/pages"}],"about":[{"href":"https:\/\/blog.uclm.es\/oscarbajorubio\/wp-json\/wp\/v2\/types\/page"}],"author":[{"embeddable":true,"href":"https:\/\/blog.uclm.es\/oscarbajorubio\/wp-json\/wp\/v2\/users\/163"}],"replies":[{"embeddable":true,"href":"https:\/\/blog.uclm.es\/oscarbajorubio\/wp-json\/wp\/v2\/comments?post=1366"}],"version-history":[{"count":40,"href":"https:\/\/blog.uclm.es\/oscarbajorubio\/wp-json\/wp\/v2\/pages\/1366\/revisions"}],"predecessor-version":[{"id":1754,"href":"https:\/\/blog.uclm.es\/oscarbajorubio\/wp-json\/wp\/v2\/pages\/1366\/revisions\/1754"}],"wp:attachment":[{"href":"https:\/\/blog.uclm.es\/oscarbajorubio\/wp-json\/wp\/v2\/media?parent=1366"}],"curies":[{"name":"wp","href":"https:\/\/api.w.org\/{rel}","templated":true}]}}