{"id":559,"date":"2022-10-11T07:25:49","date_gmt":"2022-10-11T07:25:49","guid":{"rendered":"https:\/\/blog.uclm.es\/ordenesmilitaresyreligiosidad\/?page_id=559"},"modified":"2022-10-14T08:51:22","modified_gmt":"2022-10-14T08:51:22","slug":"tesis-doctorales","status":"publish","type":"page","link":"https:\/\/blog.uclm.es\/ordenesmilitaresyreligiosidad\/resultados\/tesis-doctorales\/","title":{"rendered":"Tesis Doctorales"},"content":{"rendered":"\n<div class=\"wp-block-cover alignwide\" style=\"min-height:119px;aspect-ratio:unset;\"><span aria-hidden=\"true\" class=\"wp-block-cover__background has-vivid-red-background-color has-background-dim-100 has-background-dim\"><\/span><div class=\"wp-block-cover__inner-container is-layout-flow wp-block-cover-is-layout-flow\">\n<p class=\"has-text-align-center has-background-color has-text-color\" style=\"font-size:50px\"><strong>Tesis Doctorales<\/strong><\/p>\n<\/div><\/div>\n\n\n<ul class=\"wp-block-latest-posts__list is-grid columns-3 has-dates has-author wp-block-latest-posts\"><li><div class=\"wp-block-latest-posts__featured-image\"><img loading=\"lazy\" decoding=\"async\" width=\"216\" height=\"300\" src=\"https:\/\/blog.uclm.es\/ordenesmilitaresyreligiosidad\/wp-content\/uploads\/sites\/63\/2022\/03\/Tesis_Mila-216x300.jpg\" class=\"attachment-medium size-medium wp-post-image\" alt=\"\" style=\"\" srcset=\"https:\/\/blog.uclm.es\/ordenesmilitaresyreligiosidad\/wp-content\/uploads\/sites\/63\/2022\/03\/Tesis_Mila-216x300.jpg 216w, https:\/\/blog.uclm.es\/ordenesmilitaresyreligiosidad\/wp-content\/uploads\/sites\/63\/2022\/03\/Tesis_Mila.jpg 531w\" sizes=\"auto, (max-width: 216px) 100vw, 216px\" \/><\/div><a class=\"wp-block-latest-posts__post-title\" href=\"https:\/\/blog.uclm.es\/ordenesmilitaresyreligiosidad\/2022\/03\/02\/lectura-de-la-tesis-doctoral-la-orden-militar-de-santiago-y-su-relacion-con-la-corona-de-castilla-durante-el-reinado-de-los-primeros-trastamara-1366-1406-por-milagros-plaza-pedroche\/\">Lectura de la tesis doctoral \u00abLa Orden militar de Santiago y su relaci\u00f3n con la Corona de Castilla durante el reinado de los primeros Trast\u00e1mara (1366-1406)\u00bb por Milagros Plaza Pedroche<\/a><div class=\"wp-block-latest-posts__post-author\">por JAIME GARC\u00cdA-CARPINTERO L\u00d3PEZ DE MOTA<\/div><time datetime=\"2022-03-02T11:00:31+00:00\" class=\"wp-block-latest-posts__post-date\">2 de marzo de 2022<\/time><div class=\"wp-block-latest-posts__post-excerpt\">El pasado 5 de julio de 2021 tuvo lugar en la Facultad de Letras de Ciudad Real la defensa de la tesis La Orden militar de Santiago y su relaci\u00f3n con la Corona de Castilla durante el reinado de los primeros Trast\u00e1mara (1366-1406), realizada por Milagros Plaza Pedroche, bajo la direcci\u00f3n de Francisco Ruiz G\u00f3mez&#8230; <a class=\"wp-block-latest-posts__read-more\" href=\"https:\/\/blog.uclm.es\/ordenesmilitaresyreligiosidad\/2022\/03\/02\/lectura-de-la-tesis-doctoral-la-orden-militar-de-santiago-y-su-relacion-con-la-corona-de-castilla-durante-el-reinado-de-los-primeros-trastamara-1366-1406-por-milagros-plaza-pedroche\/\" rel=\"noopener noreferrer\">Lee m\u00e1s<span class=\"screen-reader-text\">: Lectura de la tesis doctoral \u00abLa Orden militar de Santiago y su relaci\u00f3n con la Corona de Castilla durante el reinado de los primeros Trast\u00e1mara (1366-1406)\u00bb por Milagros Plaza Pedroche<\/span><\/a><\/div><\/li>\n<li><div class=\"wp-block-latest-posts__featured-image\"><img loading=\"lazy\" decoding=\"async\" width=\"211\" height=\"300\" src=\"https:\/\/blog.uclm.es\/ordenesmilitaresyreligiosidad\/wp-content\/uploads\/sites\/63\/2022\/03\/Tesis_Jaime-211x300.jpg\" class=\"attachment-medium size-medium wp-post-image\" alt=\"\" style=\"\" srcset=\"https:\/\/blog.uclm.es\/ordenesmilitaresyreligiosidad\/wp-content\/uploads\/sites\/63\/2022\/03\/Tesis_Jaime-211x300.jpg 211w, https:\/\/blog.uclm.es\/ordenesmilitaresyreligiosidad\/wp-content\/uploads\/sites\/63\/2022\/03\/Tesis_Jaime.jpg 645w\" sizes=\"auto, (max-width: 211px) 100vw, 211px\" \/><\/div><a class=\"wp-block-latest-posts__post-title\" href=\"https:\/\/blog.uclm.es\/ordenesmilitaresyreligiosidad\/2022\/03\/02\/lectura-de-la-tesis-doctoral-la-orden-de-santiago-a-traves-de-la-cultura-material-los-senorios-de-la-mancha-y-ucles-a-finales-de-la-edad-media-siglos-xv-y-principios-del-xvi-por-jaime-garcia-ca\/\">Lectura de la tesis doctoral \u00abLa Orden de Santiago a trav\u00e9s de la cultura material: Los se\u00f1or\u00edos de La Mancha y Ucl\u00e9s a finales de la Edad Media (siglos XV y principios del XVI)\u00bb por Jaime Garc\u00eda Carpintero L\u00f3pez de Mota<\/a><div class=\"wp-block-latest-posts__post-author\">por JAIME GARC\u00cdA-CARPINTERO L\u00d3PEZ DE MOTA<\/div><time datetime=\"2022-03-02T10:00:19+00:00\" class=\"wp-block-latest-posts__post-date\">2 de marzo de 2022<\/time><div class=\"wp-block-latest-posts__post-excerpt\">El pasado 21 de diciembre de 2020 tuvo lugar en la Facultad de Letras de Ciudad la defensa de la tesis doctoral \u00abLa Orden de Santiago a trav\u00e9s de la cultura material: Los se\u00f1or\u00edos de La Mancha y Ucl\u00e9s a finales de la Edad Media (siglos XV y principios del XVI)\u00bb, realizada por Jaime Garc\u00eda&#8230; <a class=\"wp-block-latest-posts__read-more\" href=\"https:\/\/blog.uclm.es\/ordenesmilitaresyreligiosidad\/2022\/03\/02\/lectura-de-la-tesis-doctoral-la-orden-de-santiago-a-traves-de-la-cultura-material-los-senorios-de-la-mancha-y-ucles-a-finales-de-la-edad-media-siglos-xv-y-principios-del-xvi-por-jaime-garcia-ca\/\" rel=\"noopener noreferrer\">Lee m\u00e1s<span class=\"screen-reader-text\">: Lectura de la tesis doctoral \u00abLa Orden de Santiago a trav\u00e9s de la cultura material: Los se\u00f1or\u00edos de La Mancha y Ucl\u00e9s a finales de la Edad Media (siglos XV y principios del XVI)\u00bb por Jaime Garc\u00eda Carpintero L\u00f3pez de Mota<\/span><\/a><\/div><\/li>\n<li><div class=\"wp-block-latest-posts__featured-image\"><img loading=\"lazy\" decoding=\"async\" width=\"229\" height=\"300\" src=\"https:\/\/blog.uclm.es\/ordenesmilitaresyreligiosidad\/wp-content\/uploads\/sites\/63\/2022\/03\/Tesis_david-229x300.jpg\" class=\"attachment-medium size-medium wp-post-image\" alt=\"\" style=\"\" srcset=\"https:\/\/blog.uclm.es\/ordenesmilitaresyreligiosidad\/wp-content\/uploads\/sites\/63\/2022\/03\/Tesis_david-229x300.jpg 229w, https:\/\/blog.uclm.es\/ordenesmilitaresyreligiosidad\/wp-content\/uploads\/sites\/63\/2022\/03\/Tesis_david.jpg 636w\" sizes=\"auto, (max-width: 229px) 100vw, 229px\" \/><\/div><a class=\"wp-block-latest-posts__post-title\" href=\"https:\/\/blog.uclm.es\/ordenesmilitaresyreligiosidad\/2022\/03\/02\/lectura-de-la-tesis-doctoral-las-fortificaciones-del-campo-de-montiel-ss-viii-al-xvi-historia-arqueologia-y-analisis-constructivo-por-david-gallego-valle\/\">Lectura de la tesis doctoral \u00abLas fortificaciones del Campo de Montiel (ss. VIII al XVI): historia, arqueolog\u00eda y an\u00e1lisis constructivo\u00bb por David Gallego Valle<\/a><div class=\"wp-block-latest-posts__post-author\">por JAIME GARC\u00cdA-CARPINTERO L\u00d3PEZ DE MOTA<\/div><time datetime=\"2022-03-02T09:00:15+00:00\" class=\"wp-block-latest-posts__post-date\">2 de marzo de 2022<\/time><div class=\"wp-block-latest-posts__post-excerpt\">El pasado 18 de junio de 2020 tuvo lugar en la Facultad de Letras de Ciudad Real la defensa de la tesis doctoral \u00abLas fortificaciones del Campo de Montiel (ss. VIII al XVI): historia, arqueolog\u00eda y an\u00e1lisis constructivo\u00bb, realizada por David Gallego Valle, bajo la direcci\u00f3n de Jes\u00fas Manuel Molero Garc\u00eda y Ricardo Izquierdo Benito,&#8230; <a class=\"wp-block-latest-posts__read-more\" href=\"https:\/\/blog.uclm.es\/ordenesmilitaresyreligiosidad\/2022\/03\/02\/lectura-de-la-tesis-doctoral-las-fortificaciones-del-campo-de-montiel-ss-viii-al-xvi-historia-arqueologia-y-analisis-constructivo-por-david-gallego-valle\/\" rel=\"noopener noreferrer\">Lee m\u00e1s<span class=\"screen-reader-text\">: Lectura de la tesis doctoral \u00abLas fortificaciones del Campo de Montiel (ss. VIII al XVI): historia, arqueolog\u00eda y an\u00e1lisis constructivo\u00bb por David Gallego Valle<\/span><\/a><\/div><\/li>\n<\/ul>","protected":false},"excerpt":{"rendered":"","protected":false},"author":6,"featured_media":0,"parent":28,"menu_order":0,"comment_status":"closed","ping_status":"closed","template":"","meta":{"footnotes":""},"class_list":["post-559","page","type-page","status-publish","hentry"],"_links":{"self":[{"href":"https:\/\/blog.uclm.es\/ordenesmilitaresyreligiosidad\/wp-json\/wp\/v2\/pages\/559","targetHints":{"allow":["GET"]}}],"collection":[{"href":"https:\/\/blog.uclm.es\/ordenesmilitaresyreligiosidad\/wp-json\/wp\/v2\/pages"}],"about":[{"href":"https:\/\/blog.uclm.es\/ordenesmilitaresyreligiosidad\/wp-json\/wp\/v2\/types\/page"}],"author":[{"embeddable":true,"href":"https:\/\/blog.uclm.es\/ordenesmilitaresyreligiosidad\/wp-json\/wp\/v2\/users\/6"}],"replies":[{"embeddable":true,"href":"https:\/\/blog.uclm.es\/ordenesmilitaresyreligiosidad\/wp-json\/wp\/v2\/comments?post=559"}],"version-history":[{"count":3,"href":"https:\/\/blog.uclm.es\/ordenesmilitaresyreligiosidad\/wp-json\/wp\/v2\/pages\/559\/revisions"}],"predecessor-version":[{"id":638,"href":"https:\/\/blog.uclm.es\/ordenesmilitaresyreligiosidad\/wp-json\/wp\/v2\/pages\/559\/revisions\/638"}],"up":[{"embeddable":true,"href":"https:\/\/blog.uclm.es\/ordenesmilitaresyreligiosidad\/wp-json\/wp\/v2\/pages\/28"}],"wp:attachment":[{"href":"https:\/\/blog.uclm.es\/ordenesmilitaresyreligiosidad\/wp-json\/wp\/v2\/media?parent=559"}],"curies":[{"name":"wp","href":"https:\/\/api.w.org\/{rel}","templated":true}]}}