{"id":553,"date":"2022-10-11T06:50:43","date_gmt":"2022-10-11T06:50:43","guid":{"rendered":"https:\/\/blog.uclm.es\/ordenesmilitaresyreligiosidad\/?page_id=553"},"modified":"2022-10-14T08:51:31","modified_gmt":"2022-10-14T08:51:31","slug":"eventos","status":"publish","type":"page","link":"https:\/\/blog.uclm.es\/ordenesmilitaresyreligiosidad\/resultados\/eventos\/","title":{"rendered":"Eventos"},"content":{"rendered":"\n<div class=\"wp-block-cover alignwide\" style=\"min-height:50px;aspect-ratio:unset;\"><span aria-hidden=\"true\" class=\"wp-block-cover__background has-vivid-red-background-color has-background-dim-100 has-background-dim\"><\/span><div class=\"wp-block-cover__inner-container is-layout-flow wp-block-cover-is-layout-flow\">\n<p class=\"has-text-align-center has-background-color has-text-color\" style=\"font-size:50px\"><strong>Eventos<\/strong><\/p>\n<\/div><\/div>\n\n\n<ul class=\"wp-block-latest-posts__list is-grid columns-2 has-dates has-author alignwide wp-block-latest-posts\"><li><div class=\"wp-block-latest-posts__featured-image\"><a href=\"https:\/\/blog.uclm.es\/ordenesmilitaresyreligiosidad\/2026\/02\/03\/seminario-arqueologia-de-las-ordenes-militares-y-la-guerra-12-de-febrero-de-2026-facultad-de-letras-ciudad-real\/\" aria-label=\"Seminario \u00abArqueolog\u00eda de las \u00d3rdenes Militares y la Guerra\u00bb &#8211; 12 de febrero de 2026 &#8211; Facultad de Letras (Ciudad Real)\"><img loading=\"lazy\" decoding=\"async\" width=\"212\" height=\"300\" src=\"https:\/\/blog.uclm.es\/ordenesmilitaresyreligiosidad\/wp-content\/uploads\/sites\/63\/2026\/02\/cartel_AOM_2-212x300.jpg\" class=\"attachment-medium size-medium wp-post-image\" alt=\"\" style=\"\" srcset=\"https:\/\/blog.uclm.es\/ordenesmilitaresyreligiosidad\/wp-content\/uploads\/sites\/63\/2026\/02\/cartel_AOM_2-212x300.jpg 212w, https:\/\/blog.uclm.es\/ordenesmilitaresyreligiosidad\/wp-content\/uploads\/sites\/63\/2026\/02\/cartel_AOM_2-724x1024.jpg 724w, https:\/\/blog.uclm.es\/ordenesmilitaresyreligiosidad\/wp-content\/uploads\/sites\/63\/2026\/02\/cartel_AOM_2-768x1086.jpg 768w, https:\/\/blog.uclm.es\/ordenesmilitaresyreligiosidad\/wp-content\/uploads\/sites\/63\/2026\/02\/cartel_AOM_2-1086x1536.jpg 1086w, https:\/\/blog.uclm.es\/ordenesmilitaresyreligiosidad\/wp-content\/uploads\/sites\/63\/2026\/02\/cartel_AOM_2-1448x2048.jpg 1448w, https:\/\/blog.uclm.es\/ordenesmilitaresyreligiosidad\/wp-content\/uploads\/sites\/63\/2026\/02\/cartel_AOM_2-scaled.jpg 1811w\" sizes=\"auto, (max-width: 212px) 100vw, 212px\" \/><\/a><\/div><a class=\"wp-block-latest-posts__post-title\" href=\"https:\/\/blog.uclm.es\/ordenesmilitaresyreligiosidad\/2026\/02\/03\/seminario-arqueologia-de-las-ordenes-militares-y-la-guerra-12-de-febrero-de-2026-facultad-de-letras-ciudad-real\/\">Seminario \u00abArqueolog\u00eda de las \u00d3rdenes Militares y la Guerra\u00bb &#8211; 12 de febrero de 2026 &#8211; Facultad de Letras (Ciudad Real)<\/a><div class=\"wp-block-latest-posts__post-author\">por Jaime Garc\u00eda-Carpintero L\u00f3pez de Mota<\/div><time datetime=\"2026-02-03T07:33:22+00:00\" class=\"wp-block-latest-posts__post-date\">3 de febrero de 2026<\/time><\/li>\n<li><div class=\"wp-block-latest-posts__featured-image\"><a href=\"https:\/\/blog.uclm.es\/ordenesmilitaresyreligiosidad\/2025\/01\/29\/coloquio-internacional-ordenes-militares-y-fenomenos-socio-religiosos-en-perspectiva-comparada-siglos-xii-1-2-xvi-6-y-7-de-marzo-de-2025\/\" aria-label=\"Coloquio Internacional \u00d3rdenes militares y fen\u00f3menos socio-religiosos en perspectiva comparada (siglos XII-1\/2 XVI) &#8211; 6 y 7 de marzo de 2025\"><img loading=\"lazy\" decoding=\"async\" width=\"212\" height=\"300\" src=\"https:\/\/blog.uclm.es\/ordenesmilitaresyreligiosidad\/wp-content\/uploads\/sites\/63\/2025\/01\/Cartel-OOMM-25_4-212x300.jpg\" class=\"attachment-medium size-medium wp-post-image\" alt=\"\" style=\"\" srcset=\"https:\/\/blog.uclm.es\/ordenesmilitaresyreligiosidad\/wp-content\/uploads\/sites\/63\/2025\/01\/Cartel-OOMM-25_4-212x300.jpg 212w, https:\/\/blog.uclm.es\/ordenesmilitaresyreligiosidad\/wp-content\/uploads\/sites\/63\/2025\/01\/Cartel-OOMM-25_4-724x1024.jpg 724w, https:\/\/blog.uclm.es\/ordenesmilitaresyreligiosidad\/wp-content\/uploads\/sites\/63\/2025\/01\/Cartel-OOMM-25_4-768x1086.jpg 768w, https:\/\/blog.uclm.es\/ordenesmilitaresyreligiosidad\/wp-content\/uploads\/sites\/63\/2025\/01\/Cartel-OOMM-25_4-1086x1536.jpg 1086w, https:\/\/blog.uclm.es\/ordenesmilitaresyreligiosidad\/wp-content\/uploads\/sites\/63\/2025\/01\/Cartel-OOMM-25_4-1448x2048.jpg 1448w, https:\/\/blog.uclm.es\/ordenesmilitaresyreligiosidad\/wp-content\/uploads\/sites\/63\/2025\/01\/Cartel-OOMM-25_4-scaled.jpg 1810w\" sizes=\"auto, (max-width: 212px) 100vw, 212px\" \/><\/a><\/div><a class=\"wp-block-latest-posts__post-title\" href=\"https:\/\/blog.uclm.es\/ordenesmilitaresyreligiosidad\/2025\/01\/29\/coloquio-internacional-ordenes-militares-y-fenomenos-socio-religiosos-en-perspectiva-comparada-siglos-xii-1-2-xvi-6-y-7-de-marzo-de-2025\/\">Coloquio Internacional \u00d3rdenes militares y fen\u00f3menos socio-religiosos en perspectiva comparada (siglos XII-1\/2 XVI) &#8211; 6 y 7 de marzo de 2025<\/a><div class=\"wp-block-latest-posts__post-author\">por Jaime Garc\u00eda-Carpintero L\u00f3pez de Mota<\/div><time datetime=\"2025-01-29T14:25:00+00:00\" class=\"wp-block-latest-posts__post-date\">29 de enero de 2025<\/time><\/li>\n<li><div class=\"wp-block-latest-posts__featured-image\"><a href=\"https:\/\/blog.uclm.es\/ordenesmilitaresyreligiosidad\/2024\/10\/31\/coloquio-del-castillo-al-palacio-continuidades-y-rupturas-en-las-fortalezas-de-ordenes-militares-en-la-corona-de-castilla-siglos-xv-y-xvi\/\" aria-label=\"Coloquio \u00abDel castillo al palacio: Continuidades y rupturas en las fortalezas de \u00f3rdenes militares en la Corona de Castilla (Siglos XV y XVI)\u00bb\"><img loading=\"lazy\" decoding=\"async\" width=\"212\" height=\"300\" src=\"https:\/\/blog.uclm.es\/ordenesmilitaresyreligiosidad\/wp-content\/uploads\/sites\/63\/2024\/10\/Cartel_coloquio_castillo_palacio_1_pdf_page-0001-212x300.jpg\" class=\"attachment-medium size-medium wp-post-image\" alt=\"\" style=\"\" srcset=\"https:\/\/blog.uclm.es\/ordenesmilitaresyreligiosidad\/wp-content\/uploads\/sites\/63\/2024\/10\/Cartel_coloquio_castillo_palacio_1_pdf_page-0001-212x300.jpg 212w, https:\/\/blog.uclm.es\/ordenesmilitaresyreligiosidad\/wp-content\/uploads\/sites\/63\/2024\/10\/Cartel_coloquio_castillo_palacio_1_pdf_page-0001-724x1024.jpg 724w, https:\/\/blog.uclm.es\/ordenesmilitaresyreligiosidad\/wp-content\/uploads\/sites\/63\/2024\/10\/Cartel_coloquio_castillo_palacio_1_pdf_page-0001-768x1086.jpg 768w, https:\/\/blog.uclm.es\/ordenesmilitaresyreligiosidad\/wp-content\/uploads\/sites\/63\/2024\/10\/Cartel_coloquio_castillo_palacio_1_pdf_page-0001-1086x1536.jpg 1086w, https:\/\/blog.uclm.es\/ordenesmilitaresyreligiosidad\/wp-content\/uploads\/sites\/63\/2024\/10\/Cartel_coloquio_castillo_palacio_1_pdf_page-0001-1448x2048.jpg 1448w, https:\/\/blog.uclm.es\/ordenesmilitaresyreligiosidad\/wp-content\/uploads\/sites\/63\/2024\/10\/Cartel_coloquio_castillo_palacio_1_pdf_page-0001-scaled.jpg 1810w\" sizes=\"auto, (max-width: 212px) 100vw, 212px\" \/><\/a><\/div><a class=\"wp-block-latest-posts__post-title\" href=\"https:\/\/blog.uclm.es\/ordenesmilitaresyreligiosidad\/2024\/10\/31\/coloquio-del-castillo-al-palacio-continuidades-y-rupturas-en-las-fortalezas-de-ordenes-militares-en-la-corona-de-castilla-siglos-xv-y-xvi\/\">Coloquio \u00abDel castillo al palacio: Continuidades y rupturas en las fortalezas de \u00f3rdenes militares en la Corona de Castilla (Siglos XV y XVI)\u00bb<\/a><div class=\"wp-block-latest-posts__post-author\">por Jaime Garc\u00eda-Carpintero L\u00f3pez de Mota<\/div><time datetime=\"2024-10-31T10:57:11+00:00\" class=\"wp-block-latest-posts__post-date\">31 de octubre de 2024<\/time><\/li>\n<li><div class=\"wp-block-latest-posts__featured-image\"><a href=\"https:\/\/blog.uclm.es\/ordenesmilitaresyreligiosidad\/2024\/05\/22\/celebracion-del-850-aniversario-de-la-donacion-de-ucles-a-la-orden-de-santiago-exposicion-del-tumbo-menor-de-castilla-ucles-14-a-16-de-junio\/\" aria-label=\"Celebraci\u00f3n del 850 aniversario de la donaci\u00f3n de Ucl\u00e9s a la Orden de Santiago: Exposici\u00f3n del Tumbo Menor de Castilla (Ucl\u00e9s, 14 a 16 de junio)\"><img loading=\"lazy\" decoding=\"async\" width=\"300\" height=\"233\" src=\"https:\/\/blog.uclm.es\/ordenesmilitaresyreligiosidad\/wp-content\/uploads\/sites\/63\/2024\/05\/Captura-de-pantalla-2024-05-22-174132-300x233.png\" class=\"attachment-medium size-medium wp-post-image\" alt=\"\" style=\"\" srcset=\"https:\/\/blog.uclm.es\/ordenesmilitaresyreligiosidad\/wp-content\/uploads\/sites\/63\/2024\/05\/Captura-de-pantalla-2024-05-22-174132-300x233.png 300w, https:\/\/blog.uclm.es\/ordenesmilitaresyreligiosidad\/wp-content\/uploads\/sites\/63\/2024\/05\/Captura-de-pantalla-2024-05-22-174132-768x596.png 768w, https:\/\/blog.uclm.es\/ordenesmilitaresyreligiosidad\/wp-content\/uploads\/sites\/63\/2024\/05\/Captura-de-pantalla-2024-05-22-174132.png 1020w\" sizes=\"auto, (max-width: 300px) 100vw, 300px\" \/><\/a><\/div><a class=\"wp-block-latest-posts__post-title\" href=\"https:\/\/blog.uclm.es\/ordenesmilitaresyreligiosidad\/2024\/05\/22\/celebracion-del-850-aniversario-de-la-donacion-de-ucles-a-la-orden-de-santiago-exposicion-del-tumbo-menor-de-castilla-ucles-14-a-16-de-junio\/\">Celebraci\u00f3n del 850 aniversario de la donaci\u00f3n de Ucl\u00e9s a la Orden de Santiago: Exposici\u00f3n del Tumbo Menor de Castilla (Ucl\u00e9s, 14 a 16 de junio)<\/a><div class=\"wp-block-latest-posts__post-author\">por Jaime Garc\u00eda-Carpintero L\u00f3pez de Mota<\/div><time datetime=\"2024-05-22T15:44:23+00:00\" class=\"wp-block-latest-posts__post-date\">22 de mayo de 2024<\/time><\/li>\n<li><div class=\"wp-block-latest-posts__featured-image\"><a href=\"https:\/\/blog.uclm.es\/ordenesmilitaresyreligiosidad\/2024\/02\/16\/proxima-celebracion-del-coloquio-internacional-juego-de-escalas-de-lo-regional-a-lo-global-en-las-sociedades-medievales-homenaje-a-francisco-ruiz-gomez\/\" aria-label=\"Pr\u00f3xima celebraci\u00f3n del Coloquio Internacional \u00abJuego de escalas: De lo regional a lo global en las sociedades medievales. Homenaje a Francisco Ruiz G\u00f3mez\"><img loading=\"lazy\" decoding=\"async\" width=\"300\" height=\"212\" src=\"https:\/\/blog.uclm.es\/ordenesmilitaresyreligiosidad\/wp-content\/uploads\/sites\/63\/2024\/02\/Cartel_coloquio_final-300x212.jpg\" class=\"attachment-medium size-medium wp-post-image\" alt=\"\" style=\"\" srcset=\"https:\/\/blog.uclm.es\/ordenesmilitaresyreligiosidad\/wp-content\/uploads\/sites\/63\/2024\/02\/Cartel_coloquio_final-300x212.jpg 300w, https:\/\/blog.uclm.es\/ordenesmilitaresyreligiosidad\/wp-content\/uploads\/sites\/63\/2024\/02\/Cartel_coloquio_final-1024x724.jpg 1024w, https:\/\/blog.uclm.es\/ordenesmilitaresyreligiosidad\/wp-content\/uploads\/sites\/63\/2024\/02\/Cartel_coloquio_final-768x543.jpg 768w, https:\/\/blog.uclm.es\/ordenesmilitaresyreligiosidad\/wp-content\/uploads\/sites\/63\/2024\/02\/Cartel_coloquio_final-1536x1086.jpg 1536w, https:\/\/blog.uclm.es\/ordenesmilitaresyreligiosidad\/wp-content\/uploads\/sites\/63\/2024\/02\/Cartel_coloquio_final-2048x1448.jpg 2048w\" sizes=\"auto, (max-width: 300px) 100vw, 300px\" \/><\/a><\/div><a class=\"wp-block-latest-posts__post-title\" href=\"https:\/\/blog.uclm.es\/ordenesmilitaresyreligiosidad\/2024\/02\/16\/proxima-celebracion-del-coloquio-internacional-juego-de-escalas-de-lo-regional-a-lo-global-en-las-sociedades-medievales-homenaje-a-francisco-ruiz-gomez\/\">Pr\u00f3xima celebraci\u00f3n del Coloquio Internacional \u00abJuego de escalas: De lo regional a lo global en las sociedades medievales. Homenaje a Francisco Ruiz G\u00f3mez<\/a><div class=\"wp-block-latest-posts__post-author\">por Jaime Garc\u00eda-Carpintero L\u00f3pez de Mota<\/div><time datetime=\"2024-02-16T10:39:27+00:00\" class=\"wp-block-latest-posts__post-date\">16 de febrero de 2024<\/time><\/li>\n<li><div class=\"wp-block-latest-posts__featured-image\"><a href=\"https:\/\/blog.uclm.es\/ordenesmilitaresyreligiosidad\/2022\/11\/08\/celebrado-el-coloquio-internacional-la-dimension-religiosa-y-el-patrimonio-cultural-de-las-ordenes-militares-un-mundo-global-en-el-medievo-de-occidente-a-tierra-santa\/\" aria-label=\"Celebrado el Coloquio Internacional: &lt;em&gt;La dimensi\u00f3n religiosa y el patrimonio cultural de las \u00f3rdenes militares. Un mundo global en el Medievo, de Occidente a Tierra Santa&lt;\/em&gt;\"><img loading=\"lazy\" decoding=\"async\" width=\"300\" height=\"225\" src=\"https:\/\/blog.uclm.es\/ordenesmilitaresyreligiosidad\/wp-content\/uploads\/sites\/63\/2022\/11\/1667910669570-300x225.jpg\" class=\"attachment-medium size-medium wp-post-image\" alt=\"\" style=\"\" srcset=\"https:\/\/blog.uclm.es\/ordenesmilitaresyreligiosidad\/wp-content\/uploads\/sites\/63\/2022\/11\/1667910669570-300x225.jpg 300w, https:\/\/blog.uclm.es\/ordenesmilitaresyreligiosidad\/wp-content\/uploads\/sites\/63\/2022\/11\/1667910669570-1024x768.jpg 1024w, https:\/\/blog.uclm.es\/ordenesmilitaresyreligiosidad\/wp-content\/uploads\/sites\/63\/2022\/11\/1667910669570-768x576.jpg 768w, https:\/\/blog.uclm.es\/ordenesmilitaresyreligiosidad\/wp-content\/uploads\/sites\/63\/2022\/11\/1667910669570-1536x1152.jpg 1536w, https:\/\/blog.uclm.es\/ordenesmilitaresyreligiosidad\/wp-content\/uploads\/sites\/63\/2022\/11\/1667910669570-2048x1536.jpg 2048w\" sizes=\"auto, (max-width: 300px) 100vw, 300px\" \/><\/a><\/div><a class=\"wp-block-latest-posts__post-title\" href=\"https:\/\/blog.uclm.es\/ordenesmilitaresyreligiosidad\/2022\/11\/08\/celebrado-el-coloquio-internacional-la-dimension-religiosa-y-el-patrimonio-cultural-de-las-ordenes-militares-un-mundo-global-en-el-medievo-de-occidente-a-tierra-santa\/\">Celebrado el Coloquio Internacional: <em>La dimensi\u00f3n religiosa y el patrimonio cultural de las \u00f3rdenes militares. Un mundo global en el Medievo, de Occidente a Tierra Santa<\/em><\/a><div class=\"wp-block-latest-posts__post-author\">por JAIME GARC\u00cdA-CARPINTERO L\u00d3PEZ DE MOTA<\/div><time datetime=\"2022-11-08T13:17:13+00:00\" class=\"wp-block-latest-posts__post-date\">8 de noviembre de 2022<\/time><\/li>\n<li><div class=\"wp-block-latest-posts__featured-image\"><a href=\"https:\/\/blog.uclm.es\/ordenesmilitaresyreligiosidad\/2022\/10\/13\/proxima-celebracion-del-coloquio-internacional-la-dimension-religiosa-y-el-patrimonio-cultural-de-las-ordenes-militares-un-mundo-global-en-el-medievo-de-occidente-a-tierra-santa\/\" aria-label=\"Pr\u00f3xima celebraci\u00f3n del Coloquio Internacional: La dimensi\u00f3n religiosa y el patrimonio cultural de las \u00d3rdenes Militares: Un mundo global en el Medievo, de Occidente a Tierra Santa\"><img loading=\"lazy\" decoding=\"async\" width=\"212\" height=\"300\" src=\"https:\/\/blog.uclm.es\/ordenesmilitaresyreligiosidad\/wp-content\/uploads\/sites\/63\/2022\/10\/Cartel-Coloquio-OOMM-2022-final-212x300.jpg\" class=\"attachment-medium size-medium wp-post-image\" alt=\"\" style=\"\" srcset=\"https:\/\/blog.uclm.es\/ordenesmilitaresyreligiosidad\/wp-content\/uploads\/sites\/63\/2022\/10\/Cartel-Coloquio-OOMM-2022-final-212x300.jpg 212w, https:\/\/blog.uclm.es\/ordenesmilitaresyreligiosidad\/wp-content\/uploads\/sites\/63\/2022\/10\/Cartel-Coloquio-OOMM-2022-final-724x1024.jpg 724w, https:\/\/blog.uclm.es\/ordenesmilitaresyreligiosidad\/wp-content\/uploads\/sites\/63\/2022\/10\/Cartel-Coloquio-OOMM-2022-final-768x1086.jpg 768w, https:\/\/blog.uclm.es\/ordenesmilitaresyreligiosidad\/wp-content\/uploads\/sites\/63\/2022\/10\/Cartel-Coloquio-OOMM-2022-final-1086x1536.jpg 1086w, https:\/\/blog.uclm.es\/ordenesmilitaresyreligiosidad\/wp-content\/uploads\/sites\/63\/2022\/10\/Cartel-Coloquio-OOMM-2022-final-1448x2048.jpg 1448w, https:\/\/blog.uclm.es\/ordenesmilitaresyreligiosidad\/wp-content\/uploads\/sites\/63\/2022\/10\/Cartel-Coloquio-OOMM-2022-final-scaled.jpg 1810w\" sizes=\"auto, (max-width: 212px) 100vw, 212px\" \/><\/a><\/div><a class=\"wp-block-latest-posts__post-title\" href=\"https:\/\/blog.uclm.es\/ordenesmilitaresyreligiosidad\/2022\/10\/13\/proxima-celebracion-del-coloquio-internacional-la-dimension-religiosa-y-el-patrimonio-cultural-de-las-ordenes-militares-un-mundo-global-en-el-medievo-de-occidente-a-tierra-santa\/\">Pr\u00f3xima celebraci\u00f3n del Coloquio Internacional: La dimensi\u00f3n religiosa y el patrimonio cultural de las \u00d3rdenes Militares: Un mundo global en el Medievo, de Occidente a Tierra Santa<\/a><div class=\"wp-block-latest-posts__post-author\">por JAIME GARC\u00cdA-CARPINTERO L\u00d3PEZ DE MOTA<\/div><time datetime=\"2022-10-13T16:40:51+00:00\" class=\"wp-block-latest-posts__post-date\">13 de octubre de 2022<\/time><\/li>\n<li><div class=\"wp-block-latest-posts__featured-image\"><a href=\"https:\/\/blog.uclm.es\/ordenesmilitaresyreligiosidad\/2022\/04\/01\/reunion-de-equipo-conferencia-de-la-profesora-paula-pinto-costa-y-planes-para-un-futuro-coloquio-internacional\/\" aria-label=\"Reuni\u00f3n de equipo, conferencia de la profesora Paula Pinto Costa, y planes para un futuro Coloquio Internacional\"><img loading=\"lazy\" decoding=\"async\" width=\"300\" height=\"225\" src=\"https:\/\/blog.uclm.es\/ordenesmilitaresyreligiosidad\/wp-content\/uploads\/sites\/63\/2022\/04\/e0dc73db-86cf-4518-b7f1-eac5a4064388-300x225.jpg\" class=\"attachment-medium size-medium wp-post-image\" alt=\"\" style=\"\" srcset=\"https:\/\/blog.uclm.es\/ordenesmilitaresyreligiosidad\/wp-content\/uploads\/sites\/63\/2022\/04\/e0dc73db-86cf-4518-b7f1-eac5a4064388-300x225.jpg 300w, https:\/\/blog.uclm.es\/ordenesmilitaresyreligiosidad\/wp-content\/uploads\/sites\/63\/2022\/04\/e0dc73db-86cf-4518-b7f1-eac5a4064388-768x576.jpg 768w, https:\/\/blog.uclm.es\/ordenesmilitaresyreligiosidad\/wp-content\/uploads\/sites\/63\/2022\/04\/e0dc73db-86cf-4518-b7f1-eac5a4064388.jpg 1024w\" sizes=\"auto, (max-width: 300px) 100vw, 300px\" \/><\/a><\/div><a class=\"wp-block-latest-posts__post-title\" href=\"https:\/\/blog.uclm.es\/ordenesmilitaresyreligiosidad\/2022\/04\/01\/reunion-de-equipo-conferencia-de-la-profesora-paula-pinto-costa-y-planes-para-un-futuro-coloquio-internacional\/\">Reuni\u00f3n de equipo, conferencia de la profesora Paula Pinto Costa, y planes para un futuro Coloquio Internacional<\/a><div class=\"wp-block-latest-posts__post-author\">por JAIME GARC\u00cdA-CARPINTERO L\u00d3PEZ DE MOTA<\/div><time datetime=\"2022-04-01T11:45:23+00:00\" class=\"wp-block-latest-posts__post-date\">1 de abril de 2022<\/time><\/li>\n<\/ul>","protected":false},"excerpt":{"rendered":"","protected":false},"author":6,"featured_media":0,"parent":28,"menu_order":1,"comment_status":"closed","ping_status":"closed","template":"","meta":{"footnotes":""},"class_list":["post-553","page","type-page","status-publish","hentry"],"_links":{"self":[{"href":"https:\/\/blog.uclm.es\/ordenesmilitaresyreligiosidad\/wp-json\/wp\/v2\/pages\/553","targetHints":{"allow":["GET"]}}],"collection":[{"href":"https:\/\/blog.uclm.es\/ordenesmilitaresyreligiosidad\/wp-json\/wp\/v2\/pages"}],"about":[{"href":"https:\/\/blog.uclm.es\/ordenesmilitaresyreligiosidad\/wp-json\/wp\/v2\/types\/page"}],"author":[{"embeddable":true,"href":"https:\/\/blog.uclm.es\/ordenesmilitaresyreligiosidad\/wp-json\/wp\/v2\/users\/6"}],"replies":[{"embeddable":true,"href":"https:\/\/blog.uclm.es\/ordenesmilitaresyreligiosidad\/wp-json\/wp\/v2\/comments?post=553"}],"version-history":[{"count":3,"href":"https:\/\/blog.uclm.es\/ordenesmilitaresyreligiosidad\/wp-json\/wp\/v2\/pages\/553\/revisions"}],"predecessor-version":[{"id":639,"href":"https:\/\/blog.uclm.es\/ordenesmilitaresyreligiosidad\/wp-json\/wp\/v2\/pages\/553\/revisions\/639"}],"up":[{"embeddable":true,"href":"https:\/\/blog.uclm.es\/ordenesmilitaresyreligiosidad\/wp-json\/wp\/v2\/pages\/28"}],"wp:attachment":[{"href":"https:\/\/blog.uclm.es\/ordenesmilitaresyreligiosidad\/wp-json\/wp\/v2\/media?parent=553"}],"curies":[{"name":"wp","href":"https:\/\/api.w.org\/{rel}","templated":true}]}}