{"id":42,"date":"2021-12-04T14:08:20","date_gmt":"2021-12-04T13:08:20","guid":{"rendered":"https:\/\/blog.uclm.es\/operamed\/?page_id=42"},"modified":"2021-12-04T14:08:20","modified_gmt":"2021-12-04T13:08:20","slug":"capitulos-de-libro","status":"publish","type":"page","link":"https:\/\/blog.uclm.es\/operamed\/capitulos-de-libro\/","title":{"rendered":"Cap\u00edtulos de libro"},"content":{"rendered":"\n<p>\u2013 M. Teresa Santamar\u00eda Hern\u00e1ndez: 92 art\u00edculos en el <a href=\"http:\/\/www.brepols.net\/Pages\/ShowProduct.aspx?prod_id=IS-9782503581637-1\"><em>Dictionarium Latinum Andrologiae, Gynecologiae et Embryologiae ab Antiquitate usque ad XVI saeculum&nbsp;<\/em><\/a><a href=\"http:\/\/www.brepols.net\/Pages\/ShowProduct.aspx?prod_id=IS-9782503581637-1\" target=\"_blank\" rel=\"noreferrer noopener\"><em>(DILAGE)<\/em><\/a><a href=\"http:\/\/www.brepols.net\/Pages\/ShowProduct.aspx?prod_id=IS-9782503581637-1\"><em>. Diccionario latino de Androlog\u00eda, Ginecolog\u00eda y Embriolog\u00eda desde la Antig\u00fcedad hasta el siglo XVI (DILAGE)<\/em><\/a>. Ed.&nbsp;Enrique Montero Cartelle (director),&nbsp;Miguel \u00c1ngel Gonz\u00e1lez Manjarr\u00e9s (revisor),&nbsp;<em>et al<\/em>.&nbsp;Textes et \u00c9tudes du Moyen \u00c2ge, 74. Roma: F\u00e9d\u00e9ration Internationale des Instituts d\u2019\u00c9tudes M\u00e9di\u00e9vales \u2013 Brepols, 2018.<br \/>(art\u00edculos: <em>ascensio, anadrome, cado, casus, aversor, averto, aversio, conversio, converto, everto, eversio, inverto, inversio, perverto,perversio, versor,versio, convulsio, avulsio, concentratio, contraho,contractio,-tus,-tivus, contrahibilis, disloco,-atio, declino, inclino,inclinatio, reclino,reclinatio, incurvo, prociduus, concado, labor(-bi), labor2, praecipito, prolabor, prolapsio,prolapsus, relabor, recursus, contorqueo, contortio, distorqueo, distortio, obtorqueo, retorqueo, retraho, retractio, deflecto, dimoveo, dimotio, error, aberro,aberratio, repo, revulsio, proptosis, sensualis, libidino, libido, desidero,desideratio, desiderium, avidus,aviditas, cupio, concupio, cupisco, concupisco, concupiscibilis,-itivus, cupido,-iditas,-idus, cuppedia, appetentia,-io,-ibilis,-itivus<\/em>, etc.<br \/>\u2013&nbsp;M. Teresa Santamar\u00eda Hern\u00e1ndez, \u201cEl lat\u00edn de la medicina human\u00edstica y la&nbsp; barbarie m\u00e9dica: claves ling\u00fc\u00edsticas de un enfrentamiento parcial\u201d, en&nbsp;&nbsp;<a href=\"https:\/\/books.google.es\/books?id=qHtTDwAAQBAJ&amp;pg=PA584&amp;dq=%22turpius+deformatum%22&amp;hl=es&amp;sa=X&amp;ved=0ahUKEwjyrenIhanaAhUCXRQKHdjxBx8Q6AEINTAC#v=onepage&amp;q=%22turpius%20deformatum%22&amp;f=false\" target=\"_blank\" rel=\"noreferrer noopener\"><em>Acta Conventus Neo-Latini Vindobonensis: Proceedings of the Sixteenth International Congress of Neo-Latin Studies (Vienna 2015)<\/em><\/a><em>.<\/em>&nbsp;Ed. Astrid Steiner-Weber, Franz R\u00f6mer&nbsp;<em>et alii<\/em>&nbsp;(Leiden\/Boston: Brill, 2018), 581-590.<br \/>\u2013 M. Teresa Santamar\u00eda Hern\u00e1ndez, \u201c<em>Ne canes latrent<\/em>: fragmentos sobre el cuidado de animales en escritos latinos tardoantiguos de Medicina y su posible origen herm\u00e9tico\u201d,&nbsp;<a href=\"http:\/\/www.brepols.net\/Pages\/ShowProduct.aspx?prod_id=IS-9782960076998-1\" target=\"_blank\" rel=\"noreferrer noopener\"><em>Chevaux, chiens, faucons: L\u2019art v\u00e9t\u00e9rinaire antique et m\u00e9di\u00e9val \u00e0 travers les sources \u00e9crites, arch\u00e9ologiques et iconographiques<\/em><\/a>, Ed. A. M. Doyen \u2013 B. Van den Abeele; TEC 28 (Louvain-la-Neuve: Brepols, 2017).<br \/>\u2013&nbsp;M. Teresa Santamar\u00eda Hern\u00e1ndez, \u201cSalud y enfermedad en la medicina del siglo XVII: entre la tradici\u00f3n y la ruptura. Con un apunte sobre la enfermedad de Spinoza\u201d, en Mar\u00eda Luisa de la C\u00e1mara y Juli\u00e1n Carvajal (eds.),&nbsp;<a href=\"https:\/\/dialnet.unirioja.es\/servlet\/libro?codigo=717773\" target=\"_blank\" rel=\"noreferrer noopener\"><em>Spinoza y la Antropolog\u00eda en la Modernidad<\/em><\/a>; Europaea Memoria: Studien und Texte zur Geschichte der europ\u00e4ischen Ideen, Band 123 (Hildesheim\/Z\u00fcrich\/New York: Georg Olms Verlag, 2017), 55-63.<br \/>\u2013&nbsp;Klaus-Dietrich Fischer, Cibi da scegliere e cibi da evitare: Il <em>Liber diaetarum Alexandri et aliorum<\/em>, en <em>Il regime di salute in medicina. Dalla dieta ippocratica all\u2019epigenetica<\/em>, a cura di Serena Buzzi, Alessandria 2017 (Hellenica. 63), 111-124.<br \/>\u2013&nbsp;Klaus-Dietrich Fischer, \u201cConclusions\u201d, en Chevaux, chiens, faucons. L\u2019art v\u00e9t\u00e9rinaire antique et m\u00e9di\u00e9val \u00e0 travers les sources \u00e9crites, arch\u00e9ologiques et iconographiques, \u00e9d. par Anne-Marie Doyen-Higuet et Baudouin van den Abeele, Louvain-la-Neuve 2017 (Universit\u00e9 catholique de Louvain. Publications de l\u2019Institut d\u2019\u00e9tudes m\u00e9di\u00e9vales. Textes, \u00c9tudes, Congr\u00e8s. 28), 455-460.<br \/>&#8211; Joaqu\u00edn Pascual Barea, \u201cMinerva en Hispania: elogio de la ciencia espa\u00f1ola en el contexto de Europa en el tratado de Rodrigo Caro sobre los antiguos dioses (1628-1641)\u201d, en&nbsp;<em>Acta Conventus Neo-Latini Vindobonensis: Proceedings of the Sixteenth International Congress of Neo-Latin Studies (Vienna 2015).<\/em>&nbsp;Ed. A. Steiner-Weber, F. R\u00f6mer&nbsp;<em>et alii<\/em>&nbsp;(Leiden\/Boston: Brill, 2018), 521-529.&nbsp;<br \/>&#8211; Joaqu\u00edn Pascual Barea, \u201c<em>Equiferus Hispanu<\/em>s o cebro ib\u00e9rico: el caballo salvaje de la Pen\u00ednsula Ib\u00e9rica desde la Antig\u00fcedad a \u00c9poca Moderna\u201d, en&nbsp;<em>Chevaux, chiens, faucons: L&#8217;art v\u00e9t\u00e9rinaire antique et m\u00e9dieval \u00e0 travers les sources \u00e9crites, arch\u00e9ologiques et iconographiques<\/em> (Louvain-la-Neuve: Institut d\u2019\u00c9tudes M\u00e9di\u00e9vales &#8211; Brepols, 2017), 21-40.<br \/>&#8211; Joaqu\u00edn Pascual Barea, Trece art\u00edculos y traducci\u00f3n al lat\u00edn de la \u201cPraefatio\u201d en el&nbsp;<em>Dictionarium Latinum Andrologiae, Gynecologiae et Embryologiae ab Antiquitate usque ad XVI saeculum. Diccionario latino de Androlog\u00eda, Ginecolog\u00eda y Embriolog\u00eda desde la Antig\u00fcedad hasta el siglo XVI (DILAGE)<\/em>. Ed.&nbsp;Enrique Montero Cartelle (director) y&nbsp;Miguel \u00c1ngel Gonz\u00e1lez Manjarr\u00e9s (revisor).&nbsp;Collection \u00abTextes et \u00c9tudes du Moyen \u00c2ge\u00bb (TEMA 74). Roma: F\u00e9d\u00e9ration Internationale des Instituts d\u2019\u00c9tudes Medievales &#8211; Brepols, 2018, pp. V-XIII, XXVII-XXVIII, 154, 614-615, 634-635, 636-637, 646, 669, 689-690, 732-733, 733, 785, 791, 850, 880.<br \/>&#8211; Irene Cal\u00e0, \u201cLe ricette cosmetiche nelle enciclopedie mediche tardoantiche\u2019\u201d, en L. Lehmhaus, M. Martelli (eds.), <em>Collecting Recipes. <\/em><em>Byzantine and Jewish Pharmacology in Dialogue<\/em>, Boston\/Berlin, 2017, pp. 123-146. (with Serena Buzzi).<br \/>&#8211; S. FORTUNA, \u201cAraeteus\u201d, in Jan van der Tweel (ed.), <em>Pioneers in Pathology<\/em>, Cham, Springer, 2017, pp. 28-29.<br \/>&#8211; S. FORTUNA, \u201cAurelianus, Caelius\u201d, in Jan van der Tweel (ed.), <em>Pioneers in Pathology<\/em>, Cham, Springer, 2017, pp. 35-36<br \/>&#8211; Outi Merisalo, &#8216;Ludwig Traube and Philology&#8217;, H. L\u00f6nnroth, ed.&nbsp;<em>Philology matters!<\/em>&nbsp; Essays on the art of reading slowly. Medieval and Renaissance Authors and Texts 19.&nbsp; Leiden 2017,&nbsp;182-196.<br \/>&#8211; Outi Merisalo, <em>&#8216;Memoria uberior<\/em>. La biblioth\u00e8que de Hartmann Schedel de Nuremberg&#8217;, J. Ducos, \u00e9d.&nbsp;<em>Les sciences et le livre<\/em>.&nbsp; Formes des \u00e9crits scientifiques des d\u00e9buts de l&#8217;imprim\u00e9 \u00e0 l&#8217;\u00e9poque moderne.&nbsp; Paris 2017, 63-72.<br \/>&#8211; Outi Merisalo, &#8216;Die Humanismusrezeption im K\u00f6nigreich Schweden im 16. Jahrhundert&#8217;,&nbsp;J. Gei\u00df-Wunderlich &#8211; V. Gummelt, hrsg.&nbsp;<em>Johannes Block<\/em>. Der pommersche Reformator und seine Bibliothek. Herbergen der Christenheit, Sonderband 22.&nbsp; &nbsp;Leipzig 2018,&nbsp;63-72.<br \/>&#8211; Outi Merisalo, &#8216;Introduction&#8217;, O. Merisalo &#8211; M. Kuha &#8211; S. Niiranen, eds.&nbsp;<em>Transmission of Knowledge in the Late Middle Ages and the Renaissance<\/em>.&nbsp; Bibliologia 53. Turnhout 2019 (forthcoming).<br \/>\u2013&nbsp;Antonio Ricciardetto, <a href=\"http:\/\/hdl.handle.net\/2268\/198693\" target=\"_blank\" rel=\"noreferrer noopener\">(2018).&nbsp;Commento all\u2019articolo di C. Martis, Il commentario del P.Louvre inv. 7733 verso: un esempio di esegesi antica.&nbsp;In V., Melis (Ed.),&nbsp;Ricerche a Confronto &#8211; Dialoghi di Antichit\u00e0 Classiche e del Vicino Oriente, Bologna-Cagliari 2013 (pp. 58-68).&nbsp;Zermeghedo (Vi), Italie: Edizioni Saecula.<\/a><a href=\"http:\/\/hdl.handle.net\/2268\/192266\" target=\"_blank\" rel=\"noreferrer noopener\">\u2013&nbsp;Antonio Ricciardetto,&nbsp;(2018).&nbsp;P.Leod. inv. 2: fragment d&#8217;un document relatif \u00e0 un bien immobilier (?).&nbsp;In P., Davoli &amp; N., Pell\u00e9 (Eds.),&nbsp;Polymatheia. Studi offerti a Mario Capasso&nbsp;(pp. 81-90).&nbsp;Lecce, Italie: Pensa Multimedia.<\/a><a href=\"http:\/\/hdl.handle.net\/2268\/192270\" target=\"_blank\" rel=\"noreferrer noopener\">\u2013&nbsp;Antonio Ricciardetto, (2018).&nbsp;L\u2019utilisation t\nh\u00e9rapeutique et cosm\u00e9tique des produits tir\u00e9s des crocodiles dans l\u2019antiquit\u00e9 gr\u00e9co-romaine.&nbsp;In M., Pardon-Labonnelie &amp; V., Boudon-Millot (Eds.),&nbsp;Le teint de Phryn\u00e8. Th\u00e9rapeutique et cosm\u00e9tique dans l&#8217;Antiquit\u00e9&nbsp;(pp. 51-75).&nbsp;Paris, France: De Boccard.<\/a><a href=\"http:\/\/hdl.handle.net\/2268\/177695\" target=\"_blank\" rel=\"noreferrer noopener\">\u2013&nbsp;Antonio Ricciardetto, (2017).&nbsp;Un contrat d&#8217;enseignement de la m\u00e9decine du IIIe si\u00e8cle avant notre \u00e8re : P.Heid. III 226.&nbsp;In A., Ricciardetto &amp; M.-H., Marganne (Eds.),&nbsp;En marge du Serment hippocratique : contrats et serments dans le monde gr\u00e9co-romain. Actes de la Journ\u00e9e d&#8217;\u00e9tude internationale (Universit\u00e9 de Li\u00e8ge, 29 octobre 2014)&nbsp;(pp. 135-156).&nbsp;Li\u00e8ge, Belgique: Presses Universitaires de Li\u00e8ge.<\/a><a href=\"http:\/\/hdl.handle.net\/2268\/189077\" target=\"_blank\" rel=\"noreferrer noopener\">\u2013&nbsp;Antonio Ricciardetto, (2017).&nbsp;Introduction.&nbsp;In A., Ricciardetto &amp; M.-H., Marganne (Eds.),&nbsp;En marge du Serment hippocratique : contrats et serments dans le monde gr\u00e9co-romain. Actes de la Journ\u00e9e d&#8217;\u00e9tude internationale (Universit\u00e9 de Li\u00e8ge, 29 octobre 2014)&nbsp;(pp. 7-10).&nbsp;Li\u00e8ge, Belgique: Presses Universitaires de Li\u00e8ge.<\/a><a href=\"http:\/\/hdl.handle.net\/2268\/189076\" target=\"_blank\" rel=\"noreferrer noopener\">\u2013&nbsp;Antonio Ricciardetto, &amp;&nbsp;Gourevitch, D.&nbsp;(2017).&nbsp;Entre Rome et l\u2019\u00c9gypte romaine. Pour une \u00e9tude de la nourrice entre litt\u00e9rature m\u00e9dicale et contrats de travail.&nbsp;In A., Ricciardetto &amp; M.-H., Marganne (Eds.),&nbsp;En marge du Serment hippocratique : contrats et serments dans le monde gr\u00e9co-romain. Actes de la Journ\u00e9e d&#8217;\u00e9tude internationale (Universit\u00e9 de Li\u00e8ge, 29 octobre 2014)&nbsp;(pp. 67-117).&nbsp;Li\u00e8ge, Belgique: Presses Universitaires de Li\u00e8ge.<\/a><a href=\"http:\/\/hdl.handle.net\/2268\/172903\" target=\"_blank\" rel=\"noreferrer noopener\">\u2013&nbsp;Antonio Ricciardetto,&nbsp;(2017).&nbsp;Spazio scritto e spazio non scritto nelle dossografie mediche su papiro.&nbsp;In N., Pell\u00e9 (Ed.),&nbsp;Spazio scritto e spazio non scritto nel libro papiraceo: esperienze a confronto&nbsp;(pp. 185-224).&nbsp;Lecce, Italie: Pensa Multimedia.<\/a><a href=\"http:\/\/hdl.handle.net\/2268\/87834\" target=\"_blank\" rel=\"noreferrer noopener\">\u2013&nbsp;Antonio Ricciardetto,&nbsp;(2017).&nbsp;T\u00e9moignages sur l\u2019art v\u00e9t\u00e9rinaire dans les lettres conserv\u00e9es sur papyrus, sur ostraca et sur tablettes (IIIe s. avant notre \u00e8re \u2013 VIIe s. de notre \u00e8re).&nbsp;In A.-M., Doyen-Higuet &amp; B., Van den Abeele (Eds.),&nbsp;Chevaux, chiens, faucons : l\u2019art v\u00e9t\u00e9rinaire antique et m\u00e9di\u00e9val \u00e0 travers les sources \u00e9crites, arch\u00e9ologiques et iconographiques&nbsp;(pp. 91-108).&nbsp;Louvain-la-Neuve, Belgique: Brepols.<\/a>\u2013&nbsp;<a href=\"https:\/\/dialnet.unirioja.es\/servlet\/autor?codigo=1132223\" target=\"_blank\" rel=\"noreferrer noopener\">Justo Pedro Hern\u00e1ndez Gonz\u00e1lez<\/a>, (2018), \u201cBrahe, Tycho (1546-1601)\u201d, in Burns, W. (ed.), <em>Astrology through History. Interpreting the Stars from the Ancient Mesopotamia to the Present<\/em>, Santa B\u00e1rbara, ABC-CLIO, pp. 57-58.<br \/>\u2013&nbsp;<a href=\"https:\/\/dialnet.unirioja.es\/servlet\/autor?codigo=1132223\" target=\"_blank\" rel=\"noreferrer noopener\">Justo Pedro Hern\u00e1ndez Gonz\u00e1lez<\/a>, (2018), \u201cCampanella, Tommaso (1558-1639)\u201d, in Burns, W. (ed.), <em>Astrology through History. Interpreting the Stars from the Ancient Mesopotamia to the Present<\/em>, Santa B\u00e1rbara, ABC-CLIO, pp. 70-71.<br \/>\u2013&nbsp;<a href=\"https:\/\/dialnet.unirioja.es\/servlet\/autor?codigo=1132223\" target=\"_blank\" rel=\"noreferrer noopener\">Justo Pedro Hern\u00e1ndez Gonz\u00e1lez<\/a>, (2018), \u201cCardano, Girolamo (1501-1576)\u201d, in Burns, W. (ed.), <em>Astrology through History. Interpreting the Stars from the Ancient Mesopotamia to the Present<\/em>, Santa B\u00e1rbara, ABC-CLIO, pp. 71-73.<br \/>\u2013&nbsp;<a href=\"https:\/\/dialnet.unirioja.es\/servlet\/autor?codigo=1132223\" target=\"_blank\" rel=\"noreferrer noopener\">Justo Pedro Hern\u00e1ndez Gonz\u00e1lez<\/a>, (2018), \u201cMachiavelli, Niccol\u00f2 (1469-1527)\u201d, in Burns, W. (ed.), <em>Astrology through History. Interpreting the Stars from the Ancient Mesopotamia to the Present<\/em>, Santa B\u00e1rbara, ABC-CLIO, pp. 209-211.<br \/>\u2013&nbsp;<a href=\"https:\/\/dialnet.unirioja.es\/servlet\/autor?codigo=1132223\" target=\"_blank\" rel=\"noreferrer noopener\">Justo Pedro Hern\u00e1ndez Gonz\u00e1lez<\/a>, (2018), \u201cNostradamus (1503-1566)\u201d, in Burns, W. (ed.), <em>Astrology through History. <\/em><em>Interpreting the Stars from the Ancient Mesopotamia to the Present<\/em>, Santa B\u00e1rbara, ABC-CLIO, pp. 256-259.<br \/>\u2013&nbsp;M\u00aa Luisa De La C\u00e1mara Garc\u00eda, \u201c<em>Medicina mentis<\/em> y salud corporal en Spinoza\u201d, <em>Spinoza y la Antropolog\u00eda en la modernidad, <\/em>M. L. de la C\u00e1mata y J. Carvajal (eds), Hildesheim-Z\u00fcrich, Georg Olms Verlag, 2017, pp113-125.<br \/>\u2013&nbsp;M\u00aa Luisa De La C\u00e1mara Garc\u00eda, \u201cLos corresponsales de Spinoza y el problema de la sustancia\u201d, <em>El concepto de sustancia de Spinoza a Hege<\/em>l, L. Ben\u00edtez y Luis Ramos- Alarc\u00f3n (Coord.), M\u00e9xico, Unam, p. 81-101.<br \/>\u2013&nbsp;Ignacio J. Garc\u00eda Pinilla, \u201cC\u00edrculos de espa\u00f1oles disidentes expatriados. El caso de Roma (hasta 1550)\u201d, en M. Boeglin, I. Fern\u00e1ndez Terricabras y D. Kahn (eds.), <em>Reforma y disidencia religiosa. La recepci\u00f3n de las doctrinas reformadas en la Pen\u00ednsula Ib\u00e9rica en el siglo XVI<\/em>, Madrid: Casa de Vel\u00e1zquez, 2018, 263-276. [Cap\u00edtulo de libro]<br \/>\u2013&nbsp;Ignacio J. Garcia Pinilla, \u201cSilencios en Omn\u00edbona\u201d, en M. J. Vega (ed.), <em>Omn\u00edbona. Utop\u00eda, disidencia y reforma en la Espa\u00f1a del siglo XVI<\/em>, Madrid: Centro de Estudios Pol\u00edticos y Constitucionales, 2018, 347 -365.<br \/>\u2013&nbsp;Ignacio J. Garc\u00eda Pinilla, \u201cToledo, humanista\u201d, en Francisco J. Aranda P\u00e9rez-David Mart\u00edn L\u00f3pez (eds.), <em>La Toledo que alent\u00f3 al Greco. Paseos por la ciudad que confort\u00f3 a un artista sorprendente<\/em> (Toledo: Antonio Pareja, 2017), 135-155. ISBN: 974-84-95453-82-2.<br \/>\u2013&nbsp;Ignacio J. Garc\u00eda Pinilla \u201cIntroducci\u00f3n\u201d, en Enzinas, Francisco de, <em>Sabidur\u00eda de lo alto. Cuatro traducciones b\u00edblicas del siglo XVI<\/em>, ed. de Alba M. Caballero Bravo, Cuenca: Universidad de Castilla-La Mancha, 2017, 9-24, ISBN 978-84-9044-295-1.<br \/>&#8211; D\u00edaz Marcos, Marina (2017). Estructuras predicativas en verbos de expresi\u00f3n en lat\u00edn: <em>clamo<\/em>. in <em>Conventus classicorum. Temas y formas del mundo cl\u00e1sico. Temes i formes del m\u00f3n cl\u00e0ssic (Actas del XIV Congreso Espa\u00f1ol de Estudios Cl\u00e1sicos celebrado en Barcelona en julio de 2015) I<\/em>, 467-476. Madrid: Sociedad Espa\u00f1ola de Estudios Cl\u00e1sicos.<\/p>\n","protected":false},"excerpt":{"rendered":"<p>\u2013 M. Teresa Santamar\u00eda Hern\u00e1ndez: 92 art\u00edculos en el Dictionarium Latinum Andrologiae, Gynecologiae et Embryologiae ab Antiquitate usque ad XVI saeculum&nbsp;(DILAGE). Diccionario latino de Androlog\u00eda, Ginecolog\u00eda y Embriolog\u00eda desde la Antig\u00fcedad hasta el siglo XVI (DILAGE). Ed.&nbsp;Enrique Montero Cartelle (director),&nbsp;Miguel &hellip; <a href=\"https:\/\/blog.uclm.es\/operamed\/capitulos-de-libro\/\">Sigue leyendo <span class=\"meta-nav\">&rarr;<\/span><\/a><\/p>\n","protected":false},"author":164,"featured_media":0,"parent":0,"menu_order":0,"comment_status":"closed","ping_status":"closed","template":"","meta":{"footnotes":""},"class_list":["post-42","page","type-page","status-publish","hentry"],"_links":{"self":[{"href":"https:\/\/blog.uclm.es\/operamed\/wp-json\/wp\/v2\/pages\/42","targetHints":{"allow":["GET"]}}],"collection":[{"href":"https:\/\/blog.uclm.es\/operamed\/wp-json\/wp\/v2\/pages"}],"about":[{"href":"https:\/\/blog.uclm.es\/operamed\/wp-json\/wp\/v2\/types\/page"}],"author":[{"embeddable":true,"href":"https:\/\/blog.uclm.es\/operamed\/wp-json\/wp\/v2\/users\/164"}],"replies":[{"embeddable":true,"href":"https:\/\/blog.uclm.es\/operamed\/wp-json\/wp\/v2\/comments?post=42"}],"version-history":[{"count":0,"href":"https:\/\/blog.uclm.es\/operamed\/wp-json\/wp\/v2\/pages\/42\/revisions"}],"wp:attachment":[{"href":"https:\/\/blog.uclm.es\/operamed\/wp-json\/wp\/v2\/media?parent=42"}],"curies":[{"name":"wp","href":"https:\/\/api.w.org\/{rel}","templated":true}]}}