{"id":40,"date":"2021-12-04T14:07:53","date_gmt":"2021-12-04T13:07:53","guid":{"rendered":"https:\/\/blog.uclm.es\/operamed\/?page_id=40"},"modified":"2021-12-04T14:07:53","modified_gmt":"2021-12-04T13:07:53","slug":"libros","status":"publish","type":"page","link":"https:\/\/blog.uclm.es\/operamed\/libros\/","title":{"rendered":"Libros"},"content":{"rendered":"\n<p>\u2013&nbsp;M. Teresa Santamar\u00eda Hern\u00e1ndez, <a href=\"https:\/\/books.google.es\/books?id=0zlmDwAAQBAJ&amp;printsec=frontcover&amp;hl=es&amp;source=gbs_ge_summary_r&amp;cad=0#v=onepage&amp;q&amp;f=false\" target=\"_blank\" rel=\"noreferrer noopener\"><em>Pedro Jaime Esteve<\/em>.&nbsp;<em>Nicandri Theriaca: traducci\u00f3n latina en verso (1552).<\/em>&nbsp;<em>Introducci\u00f3n, edici\u00f3n cr\u00edtica, traducci\u00f3n y notas<\/em><\/a>. Cuenca:&nbsp;<a href=\"http:\/\/publicaciones.uclm.es\/nicandri-theriaca-traduccion-latina-en-verso-1552\/\" target=\"_blank\" rel=\"noreferrer noopener\">Universidad de Castilla-La Mancha<\/a>, 2018.&nbsp; Colecci\u00f3n Ediciones Cr\u00edticas n\u00ba 25, Serie Textos M\u00e9dicos. Ediciones Cr\u00edticas de la Escuela de Traductores de Toledo, n\u00b0 3, 191 pp.<br \/>\u2013&nbsp;M. Teresa Santamar\u00eda Hern\u00e1ndez (ed.), <a href=\"https:\/\/books.google.es\/books?id=g2AuDwAAQBAJ&amp;printsec=frontcover&amp;hl=es&amp;source=gbs_ge_summary_r&amp;cad=0#v=onepage&amp;q&amp;f=false\" target=\"_blank\" rel=\"noreferrer noopener\"><em>Traducci\u00f3n y transmisi\u00f3n doctrinal de la Medicina grecolatina desde la Antig\u00fcedad hasta el Mundo Moderno: nuevas aportaciones sobre autores y textos<\/em><\/a>. Colecci\u00f3n Escuela de Traductores de Toledo, 17.Cuenca:&nbsp;<a href=\"http:\/\/publicaciones.uclm.es\/traduccion-y-transmision-doctrinal-de-la-medicina-grecolatina-desde-la-antiguedad-hasta-el-mundo-moderno\/\" target=\"_blank\" rel=\"noreferrer noopener\">Universidad de Castilla-La Mancha<\/a>, 2016<br \/>\u2013&nbsp;M. Teresa Santamar\u00eda Hern\u00e1ndez \/ Concepci\u00f3n Ferragut Dom\u00ednguez (eds.), <a href=\"https:\/\/pages.uv.es\/sphv\/cas\/numero17.wiki\" target=\"_blank\" rel=\"noreferrer noopener\"><em>Via ad sapientiam: lat\u00edn, griego y transmisi\u00f3n del conocimiento<\/em><\/a>. Valencia: Universidad de Valencia, 2015 (=&nbsp;<a href=\"http:\/\/www.uv.es\/sphv\/\"><em>Studia Philologica Valentina<\/em><\/a><a href=\"http:\/\/www.uv.es\/sphv\/\">, 17<\/a>&nbsp;(2015).<br \/>\u2013&nbsp;Klaus-Dietrich Fischer, <em>Sorani quae feruntur Quaestiones medicinales. Lateinischer Text beider Versionen mit deutscher \u00dcbersetzung und Anmerkungen<\/em>, Ediciones de la Universidad de Castilla-La Mancha, Cuenca, 2017 (Textos M\u00e9dicos. Ediciones Cr\u00edticas de la Escuela de Traductores de Toledo, n\u00b0 1 = Ediciones Cr\u00edticas. 20).<br \/>\u2013&nbsp; O. Merisalo &#8211; M. Kuha &#8211; S. Niiranen, eds.&nbsp;<em>Transmission of Knowledge in the Late Middle Ages and the Renaissance<\/em>.&nbsp; Bibliologia 53. Turnhout 2019 (forthcoming).<br \/>&#8211; Marina D\u00edaz Marcos, CruzGuti\u00e9rrez,S.,Aprile,G.,ArroyoQuirce,H.,Bl\u00e1zquezNoya,A.,Bl\u00e1zquezRobledo, I., Lozano S\u00e1iz, M., Pedreira Nores, F., Rodr\u00edguez &nbsp;Sobrino, J. A. (Eds.). <em>Nonnulla spes iuuentutis. Nuevas contribuciones en Estudios Cl\u00e1sicos<\/em>.<em>ActasdelVCongresoNacionalGanimedesdeinvestigadoresnivelesde Filolog\u00eda Cl\u00e1sica (Salamanca 21-24 de marzo del2017)<\/em>, Salamanca 2019.<br \/><a href=\"http:\/\/hdl.handle.net\/2268\/192269\" target=\"_blank\" rel=\"noreferrer noopener\">\u2013&nbsp;Antonio Ricciardetto, &amp;&nbsp;Marganne, M.-H. (Eds.).&nbsp;(2017).&nbsp;En marge du Serment hippocratique: contrats et serments dans le monde gr\u00e9co-romain. Actes de la Journ\u00e9e d&#8217;\u00e9tude internationale (Universit\u00e9 de Li\u00e8ge, 29 octobre 2014).&nbsp;Li\u00e8ge, Belgique: Presses Universitaires de Li\u00e8ge.<\/a>\u2013&nbsp;M\u00aa Luisa De La C\u00e1mara Garc\u00eda, <em>La encrucijada de los afectos. Ensayos spinozistas de Eugenio Fern\u00e1ndez<\/em>, J. Carvajal y M.L. de la C\u00e1mara (Ed), Cuenca, SPUCLM, 2018.<br \/>&#8211; I. Garc\u00eda Pinilla, M. J. Herr\u00e1iz Pareja y J. Nelson (eds.), <em>Reginaldus Gonsalvius Montanus<\/em>, <em>Inquisitionis Hispanicae Artes: The Arts of the Spanish Inquisition<\/em>, Leiden, Brill, 2018, ISBN 978-90-04-36576-6.<br \/>&#8211; Ignacio J. Garcia Pinilla (ed.), <em>Omn\u00edbona. Utop\u00eda del siglo XVI<\/em>, Salamanca: SEMYR, 2018.<br \/>&#8211; Eduardo del Pino Gonz\u00e1lez &#8211; Ignacio J. Garc\u00eda Pinilla, <em>Juan P\u00e1ez de Castro<\/em>,<em> Poes\u00eda latina, <\/em>(Cuenca: Universidad de Castilla-La Mancha, 2017, ISBN&nbsp; 9788490442524.<\/p>\n","protected":false},"excerpt":{"rendered":"<p>\u2013&nbsp;M. Teresa Santamar\u00eda Hern\u00e1ndez, Pedro Jaime Esteve.&nbsp;Nicandri Theriaca: traducci\u00f3n latina en verso (1552).&nbsp;Introducci\u00f3n, edici\u00f3n cr\u00edtica, traducci\u00f3n y notas. Cuenca:&nbsp;Universidad de Castilla-La Mancha, 2018.&nbsp; Colecci\u00f3n Ediciones Cr\u00edticas n\u00ba 25, Serie Textos M\u00e9dicos. Ediciones Cr\u00edticas de la Escuela de Traductores de Toledo, &hellip; <a href=\"https:\/\/blog.uclm.es\/operamed\/libros\/\">Sigue leyendo <span class=\"meta-nav\">&rarr;<\/span><\/a><\/p>\n","protected":false},"author":164,"featured_media":0,"parent":0,"menu_order":0,"comment_status":"closed","ping_status":"closed","template":"","meta":{"footnotes":""},"class_list":["post-40","page","type-page","status-publish","hentry"],"_links":{"self":[{"href":"https:\/\/blog.uclm.es\/operamed\/wp-json\/wp\/v2\/pages\/40","targetHints":{"allow":["GET"]}}],"collection":[{"href":"https:\/\/blog.uclm.es\/operamed\/wp-json\/wp\/v2\/pages"}],"about":[{"href":"https:\/\/blog.uclm.es\/operamed\/wp-json\/wp\/v2\/types\/page"}],"author":[{"embeddable":true,"href":"https:\/\/blog.uclm.es\/operamed\/wp-json\/wp\/v2\/users\/164"}],"replies":[{"embeddable":true,"href":"https:\/\/blog.uclm.es\/operamed\/wp-json\/wp\/v2\/comments?post=40"}],"version-history":[{"count":0,"href":"https:\/\/blog.uclm.es\/operamed\/wp-json\/wp\/v2\/pages\/40\/revisions"}],"wp:attachment":[{"href":"https:\/\/blog.uclm.es\/operamed\/wp-json\/wp\/v2\/media?parent=40"}],"curies":[{"name":"wp","href":"https:\/\/api.w.org\/{rel}","templated":true}]}}