{"id":14,"date":"2022-07-20T11:50:39","date_gmt":"2022-07-20T10:50:39","guid":{"rendered":"https:\/\/blogdev.uclm.es\/fullsite\/?page_id=14"},"modified":"2025-05-11T21:32:51","modified_gmt":"2025-05-11T19:32:51","slug":"investigacion","status":"publish","type":"page","link":"https:\/\/blog.uclm.es\/nataliasimon\/investigacion\/","title":{"rendered":"Investigaci\u00f3n"},"content":{"rendered":"\n<div class=\"wp-block-group alignwide\"><div class=\"wp-block-group__inner-container is-layout-flow wp-block-group-is-layout-flow\">\n<figure class=\"wp-block-image size-full\"><img loading=\"lazy\" decoding=\"async\" width=\"1584\" height=\"396\" src=\"https:\/\/blog.uclm.es\/nataliasimon\/wp-content\/uploads\/sites\/321\/2025\/05\/Banner-Para-Linkedin-Recursos-Humanos-Fotografico-Gris-Claro-2.png\" alt=\"\" class=\"wp-image-522\" srcset=\"https:\/\/blog.uclm.es\/nataliasimon\/wp-content\/uploads\/sites\/321\/2025\/05\/Banner-Para-Linkedin-Recursos-Humanos-Fotografico-Gris-Claro-2.png 1584w, https:\/\/blog.uclm.es\/nataliasimon\/wp-content\/uploads\/sites\/321\/2025\/05\/Banner-Para-Linkedin-Recursos-Humanos-Fotografico-Gris-Claro-2-300x75.png 300w, https:\/\/blog.uclm.es\/nataliasimon\/wp-content\/uploads\/sites\/321\/2025\/05\/Banner-Para-Linkedin-Recursos-Humanos-Fotografico-Gris-Claro-2-1024x256.png 1024w, https:\/\/blog.uclm.es\/nataliasimon\/wp-content\/uploads\/sites\/321\/2025\/05\/Banner-Para-Linkedin-Recursos-Humanos-Fotografico-Gris-Claro-2-768x192.png 768w, https:\/\/blog.uclm.es\/nataliasimon\/wp-content\/uploads\/sites\/321\/2025\/05\/Banner-Para-Linkedin-Recursos-Humanos-Fotografico-Gris-Claro-2-1536x384.png 1536w\" sizes=\"auto, (max-width: 1584px) 100vw, 1584px\" \/><\/figure>\n\n\n\n<div class=\"wp-block-columns is-layout-flex wp-container-core-columns-is-layout-9d6595d7 wp-block-columns-is-layout-flex\">\n<div class=\"wp-block-column is-vertically-aligned-top is-layout-flow wp-block-column-is-layout-flow\" style=\"flex-basis:30%\">\n<h5 class=\"wp-block-heading has-x-large-font-size\" style=\"font-style:normal;font-weight:300;line-height:0\">Investigaci\u00f3n<\/h5>\n<\/div>\n\n\n\n<div class=\"wp-block-column is-vertically-aligned-bottom is-layout-flow wp-block-column-is-layout-flow\" style=\"padding-bottom:0rem\">\n<p>Como soci\u00f3loga siempre me he definido como \u201ccuriosa\u201d, he sentido curiosidad por todos aquellos aspectos sociales determinantes para una plena convivencia, real, de todos los ciudadanos en una sociedad cada vez m\u00e1s globalizada y m\u00e1s interconectada en la que todo debe comenzar con el conocimiento de uno mismo y del otro, y para ello, la investigaci\u00f3n como medio.<\/p>\n\n\n\n<p>Formo parte del Grupo de Investigaci\u00f3n de Psicolog\u00eda Ambiental &#8211; GIPSAMB UCLM<\/p>\n<\/div>\n<\/div>\n\n\n\n<hr class=\"wp-block-separator has-css-opacity is-style-wide\" \/>\n<\/div><\/div>\n\n\n\n<div class=\"wp-block-group\"><div class=\"wp-block-group__inner-container is-layout-flow wp-block-group-is-layout-flow\">\n<h5 class=\"wp-block-heading has-large-font-size\" style=\"font-style:normal;font-weight:500;line-height:1.4\">Resumen<\/h5>\n\n\n\n<div class=\"wp-block-columns is-layout-flex wp-container-core-columns-is-layout-9d6595d7 wp-block-columns-is-layout-flex\">\n<div class=\"wp-block-column is-layout-flow wp-block-column-is-layout-flow\">\n<p style=\"font-size:18px\">Hasta el momento, he sido investigadora principal en 13 proyectos no competitivos de investigaci\u00f3n, todos ellos vinculados al Art\u00edculo 60 (LOSU) y, por lo tanto, con incidencia en la transferencia de conocimientos, con distintas entidades como el Servicio de Consumo de la Direcci\u00f3n General de Salud P\u00fablica de la Junta de Comunidades de Castilla-La Mancha; la Direcci\u00f3n de Humanizaci\u00f3n y Atenci\u00f3n Sociosanitaria de la Consejer\u00eda de Sanidad de Castilla-La Mancha; El Servicio de Salud de Castilla-La Mancha; Tr3s Social; el Colegio de Farmac\u00e9uticos de Albacete; la Federaci\u00f3n Down Castilla-La Mancha; o la Federaci\u00f3n de Asociaciones de Padres y Amigos de Sordos de Castilla-la Mancha.<\/p>\n\n\n\n<figure class=\"wp-block-image size-large\"><img loading=\"lazy\" decoding=\"async\" width=\"853\" height=\"1024\" src=\"https:\/\/blog.uclm.es\/nataliasimon\/wp-content\/uploads\/sites\/321\/2025\/05\/Imagen-de-WhatsApp-2025-05-08-a-las-12.20.28_52d97d3e-853x1024.jpg\" alt=\"\" class=\"wp-image-623\" srcset=\"https:\/\/blog.uclm.es\/nataliasimon\/wp-content\/uploads\/sites\/321\/2025\/05\/Imagen-de-WhatsApp-2025-05-08-a-las-12.20.28_52d97d3e-853x1024.jpg 853w, https:\/\/blog.uclm.es\/nataliasimon\/wp-content\/uploads\/sites\/321\/2025\/05\/Imagen-de-WhatsApp-2025-05-08-a-las-12.20.28_52d97d3e-250x300.jpg 250w, https:\/\/blog.uclm.es\/nataliasimon\/wp-content\/uploads\/sites\/321\/2025\/05\/Imagen-de-WhatsApp-2025-05-08-a-las-12.20.28_52d97d3e-768x922.jpg 768w, https:\/\/blog.uclm.es\/nataliasimon\/wp-content\/uploads\/sites\/321\/2025\/05\/Imagen-de-WhatsApp-2025-05-08-a-las-12.20.28_52d97d3e-1279x1536.jpg 1279w, https:\/\/blog.uclm.es\/nataliasimon\/wp-content\/uploads\/sites\/321\/2025\/05\/Imagen-de-WhatsApp-2025-05-08-a-las-12.20.28_52d97d3e.jpg 1512w\" sizes=\"auto, (max-width: 853px) 100vw, 853px\" \/><\/figure>\n<\/div>\n\n\n\n<div class=\"wp-block-column is-layout-flow wp-block-column-is-layout-flow\">\n<p style=\"font-size:18px\">A su vez, he participado como colaboradora en 7 proyectos no competitivos con distintas entidades como Intermediacci\u00f3n; UNICEF; la Consejer\u00eda de Educaci\u00f3n de Castilla-La Mancha; la Federaci\u00f3n Down Castilla-La Mancha; o la Asociaci\u00f3n Down \u00c1vila. A lo largo de todos estos a\u00f1os he participado en 13 proyectos competitivos. Como colaboradora, en 8 proyectos regionales; 2 estatales y 1 europeo. Como investigadora principal, en un proyecto vinculado a la convocatoria de Las Cortes de Castilla-La Mancha.<\/p>\n\n\n\n<p style=\"font-size:18px\">Evaluadora en ACCUA y DEVA-AAC.<\/p>\n\n\n\n<p>3 estancias de investigaci\u00f3n en Oporto, Valencia y Alcal\u00e1 de Henares.<\/p>\n\n\n\n<figure class=\"wp-block-image size-large is-resized\"><img loading=\"lazy\" decoding=\"async\" width=\"768\" height=\"1024\" src=\"https:\/\/blog.uclm.es\/nataliasimon\/wp-content\/uploads\/sites\/321\/2025\/05\/Imagen-de-WhatsApp-2025-05-08-a-las-12.45.24_8559549d-768x1024.jpg\" alt=\"\" class=\"wp-image-626\" style=\"width:289px;height:auto\" srcset=\"https:\/\/blog.uclm.es\/nataliasimon\/wp-content\/uploads\/sites\/321\/2025\/05\/Imagen-de-WhatsApp-2025-05-08-a-las-12.45.24_8559549d-768x1024.jpg 768w, https:\/\/blog.uclm.es\/nataliasimon\/wp-content\/uploads\/sites\/321\/2025\/05\/Imagen-de-WhatsApp-2025-05-08-a-las-12.45.24_8559549d-225x300.jpg 225w, https:\/\/blog.uclm.es\/nataliasimon\/wp-content\/uploads\/sites\/321\/2025\/05\/Imagen-de-WhatsApp-2025-05-08-a-las-12.45.24_8559549d-1152x1536.jpg 1152w, https:\/\/blog.uclm.es\/nataliasimon\/wp-content\/uploads\/sites\/321\/2025\/05\/Imagen-de-WhatsApp-2025-05-08-a-las-12.45.24_8559549d.jpg 1512w\" sizes=\"auto, (max-width: 768px) 100vw, 768px\" \/><\/figure>\n<\/div>\n<\/div>\n\n\n\n<p style=\"font-size:24px;font-style:normal;font-weight:300;line-height:0\"><strong>P<\/strong>ROYECTOS COMPETITIVOS<\/p>\n<\/div><\/div>\n\n\n\n<ul class=\"wp-block-list\">\n<li>Climate change impacts on mental health in Europe (CLIMENT). 2024\/2028. IP. Francisco Sampaio. Action Cost.<\/li>\n\n\n\n<li>Desarrollo de la autonom\u00eda del alumando de centros de Educaci\u00f3n especial a trav\u00e9s del modelo de Educaci\u00f3n Deportiva. 2024\/2027. IP. Jorge Abell\u00e1n. Junta de Comunidades de Castilla-La Mancha.<\/li>\n\n\n\n<li>Cambio clim\u00e1tico. Actitudes y percepci\u00f3n sobre el cambio clim\u00e1tico, desde una perspectiva intergeneracional y de g\u00e9nero. 2024. IP. Juan Carlos Solano. Centro de Investigaciones Sociol\u00f3gicas.<\/li>\n\n\n\n<li>CIENCIAS+LETRAS=CLAP 2.0. 2023\/2024. IP. Ester Luisa Nieto. FECYT.<\/li>\n<\/ul>\n\n\n<div class=\"wp-block-image\">\n<figure class=\"aligncenter size-large is-resized\"><img loading=\"lazy\" decoding=\"async\" width=\"1024\" height=\"1024\" src=\"https:\/\/blog.uclm.es\/nataliasimon\/wp-content\/uploads\/sites\/321\/2025\/05\/Imagen-de-WhatsApp-2025-05-11-a-las-21.26.51_2c55d89c-1024x1024.jpg\" alt=\"\" class=\"wp-image-1028\" style=\"width:352px;height:auto\" srcset=\"https:\/\/blog.uclm.es\/nataliasimon\/wp-content\/uploads\/sites\/321\/2025\/05\/Imagen-de-WhatsApp-2025-05-11-a-las-21.26.51_2c55d89c-1024x1024.jpg 1024w, https:\/\/blog.uclm.es\/nataliasimon\/wp-content\/uploads\/sites\/321\/2025\/05\/Imagen-de-WhatsApp-2025-05-11-a-las-21.26.51_2c55d89c-300x300.jpg 300w, https:\/\/blog.uclm.es\/nataliasimon\/wp-content\/uploads\/sites\/321\/2025\/05\/Imagen-de-WhatsApp-2025-05-11-a-las-21.26.51_2c55d89c-150x150.jpg 150w, https:\/\/blog.uclm.es\/nataliasimon\/wp-content\/uploads\/sites\/321\/2025\/05\/Imagen-de-WhatsApp-2025-05-11-a-las-21.26.51_2c55d89c-768x768.jpg 768w, https:\/\/blog.uclm.es\/nataliasimon\/wp-content\/uploads\/sites\/321\/2025\/05\/Imagen-de-WhatsApp-2025-05-11-a-las-21.26.51_2c55d89c.jpg 1080w\" sizes=\"auto, (max-width: 1024px) 100vw, 1024px\" \/><\/figure>\n<\/div>\n\n\n<ul class=\"wp-block-list\">\n<li>An\u00e1lisis de la conducta proambiental desde un enfoque integrador impacto intenci\u00f3n: el papel de la huella ecol\u00f3gica personal. 2023\/2025. IP. M\u00aa Am\u00e9rigo. UCLM.<\/li>\n\n\n\n<li>Dando voz a mujeres silenciadas: aportaciones de mujeres matem\u00e1ticas y cient\u00ed cas para el fomento de vocaciones STEAM. 2023\/2024. IP. Ariadna G\u00f3mezescobar. Instituto de las Mujeres del Ministerio.<\/li>\n<\/ul>\n\n\n<div class=\"wp-block-image\">\n<figure class=\"aligncenter size-large is-resized\"><img loading=\"lazy\" decoding=\"async\" width=\"1024\" height=\"758\" src=\"https:\/\/blog.uclm.es\/nataliasimon\/wp-content\/uploads\/sites\/321\/2025\/05\/Imagen-de-WhatsApp-2025-05-08-a-las-12.19.58_e45fb602-1-1024x758.jpg\" alt=\"\" class=\"wp-image-1029\" style=\"width:406px;height:auto\" srcset=\"https:\/\/blog.uclm.es\/nataliasimon\/wp-content\/uploads\/sites\/321\/2025\/05\/Imagen-de-WhatsApp-2025-05-08-a-las-12.19.58_e45fb602-1-1024x758.jpg 1024w, https:\/\/blog.uclm.es\/nataliasimon\/wp-content\/uploads\/sites\/321\/2025\/05\/Imagen-de-WhatsApp-2025-05-08-a-las-12.19.58_e45fb602-1-300x222.jpg 300w, https:\/\/blog.uclm.es\/nataliasimon\/wp-content\/uploads\/sites\/321\/2025\/05\/Imagen-de-WhatsApp-2025-05-08-a-las-12.19.58_e45fb602-1-768x568.jpg 768w, https:\/\/blog.uclm.es\/nataliasimon\/wp-content\/uploads\/sites\/321\/2025\/05\/Imagen-de-WhatsApp-2025-05-08-a-las-12.19.58_e45fb602-1.jpg 1080w\" sizes=\"auto, (max-width: 1024px) 100vw, 1024px\" \/><\/figure>\n<\/div>\n\n\n<ul class=\"wp-block-list\">\n<li>Fomentando procesos de inclusi\u00f3n y participaci\u00f3n social en la poblaci\u00f3n gitana de Castilla-La Mancha a trav\u00e9s del conocimiento de sus necesidades. 2021. IP. Vicenta Rodr\u00edguez. Junta de Comunidades de Castilla-La Mancha<\/li>\n\n\n\n<li>Educaci\u00f3n, g\u00e9nero, trabajo y sociedad en Castilla-La Mancha. 2020\/2021 y 2019\/2020. IP. Paloma Candela. UCLM.<\/li>\n\n\n\n<li>Ciberimaginario. IP. Felipe G\u00e9rtrudix. 2017, 2016 y 2015. UCLM.<\/li>\n\n\n\n<li>An\u00e1lisis sociol\u00f3gico de la aplicaci\u00f3n de la Ley de Promoci\u00f3n de la Autonom\u00eda Personal y Atenci\u00f3n a las Personas en Situaci\u00f3n de Dependencia en CLM. 2009\/2011. IP. Natalia Sim\u00f3n. Las Cortes de Castilla-La Mancha.<\/li>\n<\/ul>\n\n\n\n<div class=\"wp-block-group\"><div class=\"wp-block-group__inner-container is-layout-flow wp-block-group-is-layout-flow\">\n<div class=\"wp-block-columns is-layout-flex wp-container-core-columns-is-layout-9d6595d7 wp-block-columns-is-layout-flex\">\n<div class=\"wp-block-column is-layout-flow wp-block-column-is-layout-flow\">\n<p style=\"font-size:24px;font-style:normal;font-weight:300;line-height:0\"><strong>P<\/strong>ROYECTOS NO COMPETITIVOS<\/p>\n\n\n\n<ul class=\"wp-block-list\">\n<li>Mujeres y consumo inclusivo y consciente en Castilla-La Mancha. Servicio de Consumo de la Direcci\u00f3n General de Salud P\u00fablica de la Junta de Comunidades de Castilla-La Mancha. 2024. IP. Natalia Sim\u00f3n. <\/li>\n\n\n\n<li>Desarrollo de investigaci\u00f3n cualitativa y an\u00e1lisis de los grupos focales realizados sobre la opini\u00f3n de los\/as profesionales vinculados a los distintos \u00e1mbitos de atenci\u00f3n sociosanitaria en Castilla-La Mancha. Direcci\u00f3n de Humanizaci\u00f3n y Atenci\u00f3n Sociosanitaria de la Consejer\u00eda de Sanidad de Castilla-La Mancha. 2024. IP. Natalia Sim\u00f3n. <\/li>\n\n\n\n<li>Formaci\u00f3n a trav\u00e9s de cursos\/seminarios en asesor\u00eda en marco normativo de la educaci\u00f3n inclusiva e intercultural dentro del m\u00e1ster universitario en educaci\u00f3n inclusiva e intercultural per-9124. Universidad Internacional de La Rioja. 2025. IP. Natalia Sim\u00f3n.<\/li>\n\n\n\n<li>Formaci\u00f3n a trav\u00e9s de cursos\/seminarios en asesor\u00eda en marco normativo de la educaci\u00f3n inclusiva e intercultural dentro del m\u00e1ster universitario en educaci\u00f3n inclusiva e intercultural per-8455. Universidad Internacional de La Rioja. IP. 2024. Natalia Sim\u00f3n.<\/li>\n\n\n\n<li>Marco normativo de la educaci\u00f3n inclusiva e intercultural dentro del m\u00e1ster universitario en educaci\u00f3n inclusiva e intercultural per-7326. Universidad Internacional de La Rioja. 2023. IP. Natalia Sim\u00f3n.<\/li>\n\n\n\n<li>An\u00e1lisis de la encuesta de la DG de Agenda 2030 y Consumo sobre el comportamiento del consumidor castellanomanchego. Estudio Diagn\u00f3stico. Direcci\u00f3n General de Agenda 2030 y Consumo de la Junta de Comunidades de Castilla-La Mancha. 2023. IP. Natalia Sim\u00f3n.<\/li>\n\n\n\n<li>An\u00e1lisis de la encuesta de la DG de Humanizaci\u00f3n y Atenci\u00f3n Sociosanitaria sobre la situaci\u00f3n de la coordinaci\u00f3n sociosanitaria en Castilla-La Mancha (profesionales y entidades colaboradoras) e informe de resultados. Direcci\u00f3n de Humanizaci\u00f3n y Atenci\u00f3n Sociosanitaria de la Consejer\u00eda de Sanidad de Castilla-La Mancha. 2023. IP. Natalia Sim\u00f3n.<\/li>\n\n\n\n<li>Dise\u00f1o de un guion de entrevista grupal (j\u00f3venes-internet-salud) y su posterior trabajo de campo, an\u00e1lisis e informe de resultados, dise\u00f1o de cuestionario, an\u00e1lisis e informe. SESCAM \u2013 Servicio de Salud de Castilla-La Mancha. 2022. IP. Natalia Sim\u00f3n.<\/li>\n\n\n\n<li>Realizaci\u00f3n del dise\u00f1o de encuesta de satisfacci\u00f3n y su posterior an\u00e1lisis e informe de resultados. Tr3s Social. 2022. IP. Natalia Sim\u00f3n.<\/li>\n\n\n\n<li>Proceso de investigaci\u00f3n y an\u00e1lisis de encuestas sobre la humanizaci\u00f3n de la asistencia sanitaria y dise\u00f1o, trabajo de campo y an\u00e1lisis cualitativo de grupos ficales e informe de resultados. Direcci\u00f3n de Humanizaci\u00f3n y Atenci\u00f3n Sociosanitaria de la Consejer\u00eda de Sanidad de Castilla-La Mancha. 2022. IP. Natalia Sim\u00f3n.<\/li>\n\n\n\n<li>Realizaci\u00f3n del dise\u00f1o de una encuesta de satisfacci\u00f3n y su posterior an\u00e1lisis e informe de resultados. Colegio Oficial de Farmac\u00e9uticos de Albacete. 2021. IP. Natalia Sim\u00f3n.<\/li>\n\n\n\n<li>Orientaciones y estrategias para la inclusi\u00f3n del alumnado con discapacidad intelectual en el aula ordinaria, a partir de la formaci\u00f3n y acompa\u00f1amiento al profesorado. Federaci\u00f3n Down Castilla-La Mancha. 2019. IP. Natalia Sim\u00f3n.<\/li>\n<\/ul>\n\n\n<div class=\"wp-block-image\">\n<figure class=\"aligncenter size-large is-resized\"><img loading=\"lazy\" decoding=\"async\" width=\"1024\" height=\"768\" src=\"https:\/\/blog.uclm.es\/nataliasimon\/wp-content\/uploads\/sites\/321\/2025\/05\/90209489_10222486167851736_4799047442660065280_n-1-1024x768.jpg\" alt=\"\" class=\"wp-image-1018\" style=\"width:352px;height:auto\" srcset=\"https:\/\/blog.uclm.es\/nataliasimon\/wp-content\/uploads\/sites\/321\/2025\/05\/90209489_10222486167851736_4799047442660065280_n-1-1024x768.jpg 1024w, https:\/\/blog.uclm.es\/nataliasimon\/wp-content\/uploads\/sites\/321\/2025\/05\/90209489_10222486167851736_4799047442660065280_n-1-300x225.jpg 300w, https:\/\/blog.uclm.es\/nataliasimon\/wp-content\/uploads\/sites\/321\/2025\/05\/90209489_10222486167851736_4799047442660065280_n-1-768x576.jpg 768w, https:\/\/blog.uclm.es\/nataliasimon\/wp-content\/uploads\/sites\/321\/2025\/05\/90209489_10222486167851736_4799047442660065280_n-1.jpg 1440w\" sizes=\"auto, (max-width: 1024px) 100vw, 1024px\" \/><\/figure>\n<\/div>\n\n\n<ul class=\"wp-block-list\">\n<li>Estudio sobre la calidad de vida familiar en familias con hijos con discapacidad auditiva. Federaci\u00f3n de Asociaciones de Padres y Amigos de Sordos de Castilla-La Mancha. 2022\/2024. IP. Natalia Sim\u00f3n.<\/li>\n\n\n\n<li>La red de barrios de Castilla-La Mancha. Proyecto regional, contratado por la JCCM y la FEMP, llevado a cabo por la Asociaci\u00f3n Intermediacci\u00f3n. Formaci\u00f3n en metodolog\u00edas de trabajo comunitario. Intermediacci\u00f3n. 2024\/2025. IP. Mar\u00eda Isabel Ralero.<\/li>\n\n\n\n<li>Procesos de participaci\u00f3n y gobernanza vinculados con la infancia y la discapacidad. Unicef Comit\u00e9 Comunidad Valenciana. 2023\/2025. IP. Mar\u00eda \u00c1ngeles Abell\u00e1n.<\/li>\n\n\n\n<li>Sensibilizaci\u00f3n en Comunidades de Aprendizaje. Consejer\u00eda de Cultura de la Junta de Comunidades de CLM. 2021. IP. Mar\u00eda del Carmen S\u00e1nchez.<\/li>\n\n\n\n<li>An\u00e1lisis y evaluaci\u00f3n del proyecto piloto Aulas Inclusivas. Federaci\u00f3n Down Castilla-La Mancha. 2019. IP. Julio C\u00e9sar de Cisneros.<\/li>\n\n\n\n<li>Competencia pragm\u00e1tica en adolescentes y adultos con s\u00edndrome de Down. Federaci\u00f3n Down Castilla-La Mancha. 2021\/2023. IP. Esther Moraleda.<\/li>\n\n\n\n<li>Desarrollo neuropsicol\u00f3gico, ling\u00fc\u00edstico y adaptativo en personas con s\u00edndrome de Down. Federaci\u00f3n Down Castilla-La Mancha. 2022\/2023. IP. Esther Moraleda.<\/li>\n\n\n\n<li>Competencia pragm\u00e1tica en adolescentes y adultos con s\u00edndrome de Down, Asociaci\u00f3n S\u00edndrome de Down \u00c1vila. 2021\/2022. IP. Esther Moraleda.<\/li>\n<\/ul>\n<\/div>\n<\/div>\n<\/div><\/div>\n\n\n\n<hr class=\"wp-block-separator has-css-opacity is-style-wide\" \/>\n\n\n\n<div class=\"wp-block-columns is-layout-flex wp-container-core-columns-is-layout-9d6595d7 wp-block-columns-is-layout-flex\">\n<div class=\"wp-block-column is-layout-flow wp-block-column-is-layout-flow\" style=\"flex-basis:100%\">\n<div class=\"wp-block-group alignfull\"><div class=\"wp-block-group__inner-container is-layout-constrained wp-block-group-is-layout-constrained\">\n<div class=\"wp-block-columns alignfull has-text-color has-background is-layout-flex wp-container-core-columns-is-layout-9d6595d7 wp-block-columns-is-layout-flex\" style=\"color:#000000;background-color:#ffffff\">\n<div class=\"wp-block-column is-layout-flow wp-block-column-is-layout-flow\">\n<h5 class=\"wp-block-heading has-text-align-left\" style=\"font-size:24px;font-style:normal;font-weight:300;line-height:0\"><b>e<\/b>valuadora<\/h5>\n\n\n\n<p>Colaboradora T\u00e9cnica en Calidad de Evaluadora, en materia de \u00c1rea I+D+I. <\/p>\n\n\n\n<p>En la Agencia para la calidad Cient\u00edfica y Universitaria de Andaluc\u00eda (ACCUA) (2023-2026).<\/p>\n\n\n\n<p>En la Direcci\u00f3n de Evaluaci\u00f3n y Acreditaci\u00f3n de la Agencia Andaluza de Conocimiento (DEVA-AAC) (2020-2023).<\/p>\n<\/div>\n\n\n\n<div class=\"wp-block-column is-layout-flow wp-block-column-is-layout-flow\">\n<h5 class=\"wp-block-heading has-text-align-left\" style=\"font-size:24px;font-style:normal;font-weight:300;line-height:0\"><b>E<\/b>stancias<\/h5>\n\n\n\n<p>Universidad de Oporto. Facultad de Letras. 3 meses.<\/p>\n\n\n\n<p>Institut Universitari de Creativitat i Innovacions Educatives de la Universitat de Val\u00e8ncia. 2 meses.<\/p>\n\n\n\n<p>Universidad de Alcal\u00e1 de Henares. Facultad de Educaci\u00f3n. 6 meses.<\/p>\n<\/div>\n<\/div>\n<\/div><\/div>\n<\/div>\n<\/div>\n","protected":false},"excerpt":{"rendered":"<p>Investigaci\u00f3n Como soci\u00f3loga siempre me he definido como \u201ccuriosa\u201d, he sentido curiosidad por todos aquellos aspectos sociales determinantes para una plena convivencia, real, de todos los ciudadanos en una sociedad cada vez m\u00e1s globalizada y m\u00e1s interconectada en la que &hellip; <a href=\"https:\/\/blog.uclm.es\/nataliasimon\/investigacion\/\">Sigue leyendo <span class=\"meta-nav\">&rarr;<\/span><\/a><\/p>\n","protected":false},"author":389,"featured_media":0,"parent":0,"menu_order":0,"comment_status":"closed","ping_status":"closed","template":"","meta":{"footnotes":""},"class_list":["post-14","page","type-page","status-publish","hentry"],"_links":{"self":[{"href":"https:\/\/blog.uclm.es\/nataliasimon\/wp-json\/wp\/v2\/pages\/14","targetHints":{"allow":["GET"]}}],"collection":[{"href":"https:\/\/blog.uclm.es\/nataliasimon\/wp-json\/wp\/v2\/pages"}],"about":[{"href":"https:\/\/blog.uclm.es\/nataliasimon\/wp-json\/wp\/v2\/types\/page"}],"author":[{"embeddable":true,"href":"https:\/\/blog.uclm.es\/nataliasimon\/wp-json\/wp\/v2\/users\/389"}],"replies":[{"embeddable":true,"href":"https:\/\/blog.uclm.es\/nataliasimon\/wp-json\/wp\/v2\/comments?post=14"}],"version-history":[{"count":25,"href":"https:\/\/blog.uclm.es\/nataliasimon\/wp-json\/wp\/v2\/pages\/14\/revisions"}],"predecessor-version":[{"id":1030,"href":"https:\/\/blog.uclm.es\/nataliasimon\/wp-json\/wp\/v2\/pages\/14\/revisions\/1030"}],"wp:attachment":[{"href":"https:\/\/blog.uclm.es\/nataliasimon\/wp-json\/wp\/v2\/media?parent=14"}],"curies":[{"name":"wp","href":"https:\/\/api.w.org\/{rel}","templated":true}]}}