{"id":40,"date":"2022-07-26T18:39:50","date_gmt":"2022-07-26T17:39:50","guid":{"rendered":"https:\/\/blog.uclm.es\/mumade\/?page_id=40"},"modified":"2022-07-26T18:39:50","modified_gmt":"2022-07-26T17:39:50","slug":"redes","status":"publish","type":"page","link":"https:\/\/blog.uclm.es\/mumade\/redes\/","title":{"rendered":"Redes"},"content":{"rendered":"\n<figure class=\"wp-block-image size-large is-style-default\"><img decoding=\"async\" src=\"https:\/\/blog.uclm.es\/mumade\/files\/2022\/07\/jj-ying-8bghKxNU1j0-unsplash1-1024x768.jpg\" alt=\"\" class=\"wp-image-44\" \/><\/figure>\n\n\n<p>\u00a1MUMADE est\u00e1 en diversas redes sociales!<\/p>\n<p>Puedes encontrar nuestros v\u00eddeos en <a href=\"https:\/\/www.youtube.com\/channel\/UCBdY67fZ35wIFyz-6Kc0q7w\" target=\"_blank\" rel=\"noopener\">nuestro canal de Youtube<\/a>. O estar informados de lo \u00faltimo mediante <a href=\"https:\/\/twitter.com\/mumade_uclm\" target=\"_blank\" rel=\"noopener\">nuestra cuenta de Twitter<\/a>. Tambi\u00e9n tenemos <a href=\"https:\/\/www.linkedin.com\/in\/m%C3%A1ster-universitario-en-modelizaci%C3%B3n-y-an%C3%A1l-de-datos-econ%C3%B3micos-07b018234\/\" target=\"_blank\" rel=\"noopener\">nuestro propio perfil en Linkedin<\/a>!<\/p>\n\n\n<p><\/p>\n","protected":false},"excerpt":{"rendered":"<p>\u00a1MUMADE est\u00e1 en diversas redes sociales! Puedes encontrar nuestros v\u00eddeos en nuestro canal de Youtube. O estar informados de lo \u00faltimo mediante nuestra cuenta de Twitter. Tambi\u00e9n tenemos nuestro propio perfil en Linkedin!<\/p>\n","protected":false},"author":78,"featured_media":0,"parent":0,"menu_order":0,"comment_status":"closed","ping_status":"closed","template":"","meta":{"footnotes":""},"class_list":["post-40","page","type-page","status-publish","hentry"],"_links":{"self":[{"href":"https:\/\/blog.uclm.es\/mumade\/wp-json\/wp\/v2\/pages\/40","targetHints":{"allow":["GET"]}}],"collection":[{"href":"https:\/\/blog.uclm.es\/mumade\/wp-json\/wp\/v2\/pages"}],"about":[{"href":"https:\/\/blog.uclm.es\/mumade\/wp-json\/wp\/v2\/types\/page"}],"author":[{"embeddable":true,"href":"https:\/\/blog.uclm.es\/mumade\/wp-json\/wp\/v2\/users\/78"}],"replies":[{"embeddable":true,"href":"https:\/\/blog.uclm.es\/mumade\/wp-json\/wp\/v2\/comments?post=40"}],"version-history":[{"count":0,"href":"https:\/\/blog.uclm.es\/mumade\/wp-json\/wp\/v2\/pages\/40\/revisions"}],"wp:attachment":[{"href":"https:\/\/blog.uclm.es\/mumade\/wp-json\/wp\/v2\/media?parent=40"}],"curies":[{"name":"wp","href":"https:\/\/api.w.org\/{rel}","templated":true}]}}