{"id":25,"date":"2020-12-21T21:53:10","date_gmt":"2020-12-21T20:53:10","guid":{"rendered":"http:\/\/blog.uclm.es\/mumade\/?page_id=25"},"modified":"2020-12-21T21:53:10","modified_gmt":"2020-12-21T20:53:10","slug":"presentacion","status":"publish","type":"page","link":"https:\/\/blog.uclm.es\/mumade\/presentacion\/","title":{"rendered":"Presentaci\u00f3n"},"content":{"rendered":"\n<p>Bienvenidos al blog \u00abModelos y Datos\u00bb. Este blog est\u00e1 vinculado a las actividades realizadas en el marco del<a rel=\"noreferrer noopener\" href=\"https:\/\/www.uclm.es\/Estudios\/masteres\/master-modelizacion-analisis-datos-economicos\" target=\"_blank\"> M\u00e1ster Universitario en Modelizaci\u00f3n y An\u00e1lisis de Datos Econ\u00f3micos (MUMADE)<\/a> de la Universidad de Castilla &#8211; La Mancha. Toda la informaci\u00f3n oficial sobre esta titulaci\u00f3n se encuentra en la <a rel=\"noreferrer noopener\" href=\"https:\/\/www.uclm.es\/Estudios\/masteres\/master-modelizacion-analisis-datos-economicos\" target=\"_blank\">web oficial<\/a>.<\/p>\n\n\n\n<figure class=\"wp-block-image size-large\"><img decoding=\"async\" src=\"https:\/\/blog.uclm.es\/mumade\/files\/2020\/12\/filiberto-santillan-HeyFNqApSLQ-unsplash-1024x683.jpg\" alt=\"\" class=\"wp-image-26\" \/><\/figure>\n\n\n\n<p>En este blog encontrar\u00e9is post sobre las actividades realizadas, material \u00fatil para el an\u00e1lisis y modelizaci\u00f3n de datos econ\u00f3micos, actualidad, perfiles de personas vinculadas a MUMADE, MUMADE en redes sociales y eventos relacionados con nuestras entidades amigas.<\/p>\n","protected":false},"excerpt":{"rendered":"<p>Bienvenidos al blog \u00abModelos y Datos\u00bb. Este blog est\u00e1 vinculado a las actividades realizadas en el marco del M\u00e1ster Universitario en Modelizaci\u00f3n y An\u00e1lisis de Datos Econ\u00f3micos (MUMADE) de la Universidad de Castilla &#8211; La Mancha. Toda la informaci\u00f3n oficial sobre esta titulaci\u00f3n se encuentra en la web oficial. En este blog encontrar\u00e9is post sobre &hellip; <\/p>\n<p class=\"link-more\"><a href=\"https:\/\/blog.uclm.es\/mumade\/presentacion\/\" class=\"more-link\">Continuar leyendo<span class=\"screen-reader-text\"> \u00abPresentaci\u00f3n\u00bb<\/span><\/a><\/p>\n","protected":false},"author":78,"featured_media":0,"parent":0,"menu_order":0,"comment_status":"closed","ping_status":"closed","template":"","meta":{"footnotes":""},"class_list":["post-25","page","type-page","status-publish","hentry"],"_links":{"self":[{"href":"https:\/\/blog.uclm.es\/mumade\/wp-json\/wp\/v2\/pages\/25","targetHints":{"allow":["GET"]}}],"collection":[{"href":"https:\/\/blog.uclm.es\/mumade\/wp-json\/wp\/v2\/pages"}],"about":[{"href":"https:\/\/blog.uclm.es\/mumade\/wp-json\/wp\/v2\/types\/page"}],"author":[{"embeddable":true,"href":"https:\/\/blog.uclm.es\/mumade\/wp-json\/wp\/v2\/users\/78"}],"replies":[{"embeddable":true,"href":"https:\/\/blog.uclm.es\/mumade\/wp-json\/wp\/v2\/comments?post=25"}],"version-history":[{"count":0,"href":"https:\/\/blog.uclm.es\/mumade\/wp-json\/wp\/v2\/pages\/25\/revisions"}],"wp:attachment":[{"href":"https:\/\/blog.uclm.es\/mumade\/wp-json\/wp\/v2\/media?parent=25"}],"curies":[{"name":"wp","href":"https:\/\/api.w.org\/{rel}","templated":true}]}}