{"id":485,"date":"2019-09-30T17:14:20","date_gmt":"2019-09-30T16:14:20","guid":{"rendered":"http:\/\/blog.uclm.es\/momu\/?page_id=485"},"modified":"2019-09-30T17:14:20","modified_gmt":"2019-09-30T16:14:20","slug":"publications","status":"publish","type":"page","link":"https:\/\/blog.uclm.es\/momu\/publications\/","title":{"rendered":"Publications"},"content":{"rendered":"\n<p>Here you can find some of the MOMU publications throughout the three years of the project: <\/p>\n\n\n\n<p><a href=\"https:\/\/ruidera.uclm.es\/xmlui\/handle\/10578\/18111\"><strong>La experiencia espa\u00f1ola del proyecto MOMU<\/strong><\/a><strong>.<\/strong><\/p>\n\n\n\n<p>El libro cuenta con diez cap\u00edtulos donde el lector que se acerque a este trabajo no va a encontrar respuestas. Es todav\u00eda demasiado pronto. Pero s\u00ed va a encontrar pistas, orientaciones, intuiciones a las que se ha comenzado a dar forma y que podr\u00e1n ser desarrolladas si hay voluntad, recursos y tiempo para ello.<\/p>\n\n\n\n<p><strong><a rel=\"noreferrer noopener\" href=\"http:\/\/julkaisut.turkuamk.fi\/isbn9789522166777.pdf\" target=\"_blank\">Handbook for Moving towards Multiprofessional Work<\/a>\u00a0<\/strong><\/p>\n\n\n\n<p>The handbook contains two training packages: one for arts and social work professionals and teachers, and another for students. In addition, it covers theory of multiprofessional work, tools for assessment of trainings and plenty of interesting case examples of multiprofessional cooperation and related training events in the fields of arts and social work in Estonia, Finland, Spain and the UK.&nbsp;<\/p>\n\n\n\n<p><a href=\"http:\/\/www.deusto-publicaciones.es\/deusto\/pdfs\/otraspub\/otraspub12.pdf\"><strong>Trabajo social: arte para generar v\u00ednculos<\/strong><\/a><\/p>\n\n\n\n<p>Libro que recoge  las ponencias y comunicaciones del III Congreso Internacional de Trabajo Social, celebrado en octubre de 2016 en el campus de Donostia\/San Sebasti\u00e1n de la Universidad de Deusto. En este congreso los profesores Emilo G\u00f3mez Ciriano, Jos\u00e9 Mar\u00eda\u00a0Herranz\u00a0de la Casa y Esther Mercado Garc\u00eda presentaron la comunicaci\u00f3n titulada: \u00abEl proyecto MOMU o c\u00f3mo trabajar sin\u00e9rgicamente desde Periodismo, Bellas Artes y Trabajo Social para favorecer la integraci\u00f3n laboral de j\u00f3venes en situaci\u00f3n de vulnerabilidad social\u00bb.<\/p>\n\n\n\n<p><a href=\"https:\/\/uasjournal.fi\/in-english\/contexts-and-approaches-to-multiprofessional-working-in-arts-and-social-care\/\"><strong>Contexts and Approaches to Multiprofessional Working in Arts and Social Care<\/strong><\/a><\/p>\n\n\n\n<p>Primer art\u00edculo cient\u00edfico publicado por el grupo de investigaci\u00f3n del proyecto MOMU en el n\u00famero especial del\u00a0<em>Journal of Finnish Universities of Applied Sciences. <\/em><\/p>\n\n\n\n<p><\/p>\n","protected":false},"excerpt":{"rendered":"<p>Here you can find some of the MOMU publications throughout the three years of the project: La experiencia espa\u00f1ola del proyecto MOMU. El libro cuenta con diez cap\u00edtulos donde el lector que se acerque a este trabajo no va a encontrar respuestas. Es todav\u00eda demasiado pronto. Pero s\u00ed va a encontrar pistas, orientaciones, intuiciones a &hellip; <a href=\"https:\/\/blog.uclm.es\/momu\/publications\/\" class=\"more-link\">Continuar leyendo<span class=\"screen-reader-text\"> \u00abPublications\u00bb<\/span><\/a><\/p>\n","protected":false},"author":84,"featured_media":0,"parent":0,"menu_order":0,"comment_status":"closed","ping_status":"closed","template":"","meta":{"footnotes":""},"class_list":["post-485","page","type-page","status-publish","hentry"],"_links":{"self":[{"href":"https:\/\/blog.uclm.es\/momu\/wp-json\/wp\/v2\/pages\/485","targetHints":{"allow":["GET"]}}],"collection":[{"href":"https:\/\/blog.uclm.es\/momu\/wp-json\/wp\/v2\/pages"}],"about":[{"href":"https:\/\/blog.uclm.es\/momu\/wp-json\/wp\/v2\/types\/page"}],"author":[{"embeddable":true,"href":"https:\/\/blog.uclm.es\/momu\/wp-json\/wp\/v2\/users\/84"}],"replies":[{"embeddable":true,"href":"https:\/\/blog.uclm.es\/momu\/wp-json\/wp\/v2\/comments?post=485"}],"version-history":[{"count":0,"href":"https:\/\/blog.uclm.es\/momu\/wp-json\/wp\/v2\/pages\/485\/revisions"}],"wp:attachment":[{"href":"https:\/\/blog.uclm.es\/momu\/wp-json\/wp\/v2\/media?parent=485"}],"curies":[{"name":"wp","href":"https:\/\/api.w.org\/{rel}","templated":true}]}}