{"id":12,"date":"2016-06-16T08:40:44","date_gmt":"2016-06-16T07:40:44","guid":{"rendered":"http:\/\/blog.uclm.es\/momu\/?page_id=12"},"modified":"2016-06-16T08:40:44","modified_gmt":"2016-06-16T07:40:44","slug":"people","status":"publish","type":"page","link":"https:\/\/blog.uclm.es\/momu\/people\/","title":{"rendered":"People"},"content":{"rendered":"<h2><span style=\"color: #3a67f0\">Emilio Jos\u00e9 G\u00f3mez Ciriano<\/span><\/h2>\n<p><img loading=\"lazy\" decoding=\"async\" class=\"size-medium wp-image-48 alignleft\" src=\"https:\/\/blog.uclm.es\/momu\/wp-content\/uploads\/sites\/21\/2016\/06\/emilio-300x263.jpg\" alt=\"emilio\" width=\"300\" height=\"263\" srcset=\"https:\/\/blog.uclm.es\/momu\/wp-content\/uploads\/sites\/21\/2016\/06\/emilio-300x263.jpg 300w, https:\/\/blog.uclm.es\/momu\/wp-content\/uploads\/sites\/21\/2016\/06\/emilio-1024x896.jpg 1024w, https:\/\/blog.uclm.es\/momu\/wp-content\/uploads\/sites\/21\/2016\/06\/emilio-768x672.jpg 768w, https:\/\/blog.uclm.es\/momu\/wp-content\/uploads\/sites\/21\/2016\/06\/emilio-1200x1050.jpg 1200w, https:\/\/blog.uclm.es\/momu\/wp-content\/uploads\/sites\/21\/2016\/06\/emilio.jpg 1417w\" sizes=\"auto, (max-width: 300px) 85vw, 300px\" \/><\/p>\n<p>Emilio Jos\u00e9 teaches at the Faculty of Social Work (Castilla-la Mancha University) since 2005. His main areas of research are welfare policies, Economic, Social and Cultural Rights and Migration policies. He is a member of the editorial board of Social Work and Education The international journal and also belongs to the Executive Committee of\u00a0 ESWRA\u00a0 (European social work research association) where he is communications officer.<\/p>\n<p>Emilio Jos\u00e9 coordinates the Alter-Accion consolidated research group and has participated in two EU funded research projects as the project coordinator:\u00a0 IPS (Immigrants, Police and social work) and MOMU (Moving towards multiprofessional work).<\/p>\n<p>Emilio has published more than 30 papers in Spanish and International journals and is author and co-author of several books.<\/p>\n<p><a href=\"https:\/\/uclm.academia.edu\/EmilioJoseGomezCiriano\">Read more about Emilio Jos\u00e9 G\u00f3mez Ciriano<\/a><\/p>\n<p><a href=\"https:\/\/uclm.academia.edu\/EmilioJoseGomezCiriano\">Research Publications<\/a><\/p>\n<p>&nbsp;<\/p>\n<hr \/>\n<h2><span style=\"color: #3a67f0\">Fernando Casas M\u00ednguez<\/span><\/h2>\n<p><img loading=\"lazy\" decoding=\"async\" class=\"size-medium wp-image-104 alignleft\" src=\"https:\/\/blog.uclm.es\/momu\/wp-content\/uploads\/sites\/21\/2016\/06\/fernando2-300x238.jpg\" alt=\"fernando2\" width=\"300\" height=\"238\" srcset=\"https:\/\/blog.uclm.es\/momu\/wp-content\/uploads\/sites\/21\/2016\/06\/fernando2-300x238.jpg 300w, https:\/\/blog.uclm.es\/momu\/wp-content\/uploads\/sites\/21\/2016\/06\/fernando2-1024x811.jpg 1024w, https:\/\/blog.uclm.es\/momu\/wp-content\/uploads\/sites\/21\/2016\/06\/fernando2-768x609.jpg 768w, https:\/\/blog.uclm.es\/momu\/wp-content\/uploads\/sites\/21\/2016\/06\/fernando2-1200x951.jpg 1200w, https:\/\/blog.uclm.es\/momu\/wp-content\/uploads\/sites\/21\/2016\/06\/fernando2.jpg 1325w\" sizes=\"auto, (max-width: 300px) 85vw, 300px\" \/><\/p>\n<p><span style=\"color: #808080\">Doctor en Derecho por la Universidad Aut\u00f3noma de Madrid (UAM) y Master en Pol\u00edtica social Internacional, del Instituto de Estudios Avanzados del Consejo Superior de Investigaciones Cient\u00edficas (CSIC). Ha sido Profesor de Ciencia Pol\u00edtica y de la Administraci\u00f3n de la Facultad de Ciencias Econ\u00f3micas y Empresariales de la UAM; profesor de Derecho Pol\u00edtico de la Facultad de Derecho de la UAM; profesor de Ciencia Pol\u00edtica y de la Administraci\u00f3n de la Escuela de Trabajo Social de Cuenca y Director de la Escuela Universitaria de Trabajo social de la Universidad de Castilla-La Mancha; Presidente de Comit\u00e9s de Evaluaci\u00f3n Externa, de la Agencia Nacional de evaluaci\u00f3n, calidad y acreditaci\u00f3n (ANECA). Tambi\u00e9n ha sido profesor invitado en la Universidad de Nottingham Trendt (Reino Unido) y la Universidad de Buenos Aires (Argentina) y Consultor de la Organizaci\u00f3n Internacional para las Migraciones (OIM) en la sede de Santiago de Chile (Chile).<\/span><\/p>\n<p><span style=\"color: #808080\">En la actualidad es profesor de Ciencia pol\u00edtica y de la Administraci\u00f3n de la Facultad de Trabajo Social y Profesor invitado de la Universidad Nacional de Educaci\u00f3n a Distancia (UNED) del Master de Dependencia y Pol\u00edtica Social. Sus trabajos y art\u00edculos publicados giran en torno a las l\u00edneas de investigaci\u00f3n que desarrolla, a saber: la Crisis de la Uni\u00f3n Europea, del Modelo Social Europeo y los Estados de Bienestar; la Sociedad del riesgo global; los Servicios sociales y el mercado de servicios en la Uni\u00f3n Europea, Servicios P\u00fablicos, Calidad y Derechos humanos y Derechos humanos y Pol\u00edticas de integraci\u00f3n de la poblaci\u00f3n extranjera.<\/span><\/p>\n<p><a href=\"https:\/\/dialnet.unirioja.es\/servlet\/autor?codigo=340082\">Read more about Fernando Casas M\u00ednguez<\/a><\/p>\n<p><a href=\"http:\/\/orcid.org\/0000-0002-9308-2206\">Research Publications<\/a><\/p>\n<h2><span style=\"color: #3a67f0\">\u00a0<\/span><\/h2>\n<hr \/>\n<h2><span style=\"color: #3a67f0\">Jose Mar\u00eda Herranz de la Casa<\/span><\/h2>\n<p><img loading=\"lazy\" decoding=\"async\" class=\"size-medium wp-image-46 alignleft\" src=\"https:\/\/blog.uclm.es\/momu\/wp-content\/uploads\/sites\/21\/2016\/06\/fotojmherranzdircom2011-300x265.jpg\" alt=\"fotojmherranzdircom2011\" width=\"300\" height=\"265\" srcset=\"https:\/\/blog.uclm.es\/momu\/wp-content\/uploads\/sites\/21\/2016\/06\/fotojmherranzdircom2011-300x265.jpg 300w, https:\/\/blog.uclm.es\/momu\/wp-content\/uploads\/sites\/21\/2016\/06\/fotojmherranzdircom2011-1024x905.jpg 1024w, https:\/\/blog.uclm.es\/momu\/wp-content\/uploads\/sites\/21\/2016\/06\/fotojmherranzdircom2011-768x679.jpg 768w, https:\/\/blog.uclm.es\/momu\/wp-content\/uploads\/sites\/21\/2016\/06\/fotojmherranzdircom2011-1200x1060.jpg 1200w, https:\/\/blog.uclm.es\/momu\/wp-content\/uploads\/sites\/21\/2016\/06\/fotojmherranzdircom2011.jpg 1416w\" sizes=\"auto, (max-width: 300px) 85vw, 300px\" \/>PhD in Journalism from Complutense University in Madrid (Spain). He has been a reporter at the most widely-read sports newspaper in Spain, Marca, and has also taught at the Catholic University of \u00c1vila (UCAV), where he was the head of the Department of Communication. He was also a lecturer at the Faculty of Humanities and Information at the European University Miguel de Cervantes in Valladolid, teaching courses in Journalism, Advertising and Public Relations. At this university he was also the director of the Office of Communication and Marketing for 4 years.<\/p>\n<p>Currently he is a professor at the School of Journalism in the University of Castilla-La Mancha (Cuenca Campus), where he lectures on Sports Journalism, Specialized Reporting, Feature and Editorial Writing, and Institutional and Corporate Communication. His research interests are in the areas of communication and transparency in social organizations and NGOs, business and organizational communication, social responsibility, and environmental journalism.<\/p>\n<p><span style=\"color: #999999\">Doctor en Periodismo por la Universidad Complutense de Madrid. Ha trabajado como periodista en el diario deportivo MARCA y tambi\u00e9n ha sido profesor de la Universidad Cat\u00f3lica de \u00c1vila (UCAV), donde adem\u00e1s desarroll\u00f3 su labor como responsable adjunto del Gabinete de Comunicaci\u00f3n. Y tambi\u00e9n ha sido profesor de la Facultad de Ciencias Humanas y de la Informaci\u00f3n en la Universidad Europea Miguel de Cervantes (Valladolid), impartiendo su docencia en la licenciatura de Periodismo y Publicidad y Relaciones P\u00fablicas; asimismo fue director de postgrado y director del Gabinete de Comunicaci\u00f3n y Marketing de la UEMC durante 4 a\u00f1os.<\/span><\/p>\n<p><span style=\"color: #999999\">En la actualidad es profesor de la Universidad de Castilla-La Mancha en la Facultad de Periodismo de Cuenca. Tienen distintos trabajos y art\u00edculos publicados que giran en torno a las l\u00edneas de investigaci\u00f3n que desarrolla: la comunicaci\u00f3n y transparencia en las organizaciones sociales y ONG \u2014temas de su tesis doctoral\u2014; la comunicaci\u00f3n empresarial y organizacional; y la responsabilidad social.<\/span><\/p>\n<p><a href=\"http:\/\/www.uclm.es\/cu\/periodismo\/profesorado\/jmHerranz.asp?id=2\">Read more about Jos\u00e9 Mar\u00eda Herranz de la Casa<\/a><\/p>\n<p><a href=\"https:\/\/www.researchgate.net\/profile\/Jose_Maria_Herranz_De_La_Casa\">Research Publications<\/a><\/p>\n<hr \/>\n<h2><span style=\"color: #3a67f0\">Oscar Mart\u00ednez Mart\u00edn<\/span><\/h2>\n<p><img loading=\"lazy\" decoding=\"async\" class=\"alignnone size-medium wp-image-105\" src=\"https:\/\/blog.uclm.es\/momu\/wp-content\/uploads\/sites\/21\/2016\/06\/oscar-300x240.jpg\" alt=\"oscar\" width=\"300\" height=\"240\" srcset=\"https:\/\/blog.uclm.es\/momu\/wp-content\/uploads\/sites\/21\/2016\/06\/oscar-300x240.jpg 300w, https:\/\/blog.uclm.es\/momu\/wp-content\/uploads\/sites\/21\/2016\/06\/oscar-1024x818.jpg 1024w, https:\/\/blog.uclm.es\/momu\/wp-content\/uploads\/sites\/21\/2016\/06\/oscar-768x614.jpg 768w, https:\/\/blog.uclm.es\/momu\/wp-content\/uploads\/sites\/21\/2016\/06\/oscar-1200x959.jpg 1200w, https:\/\/blog.uclm.es\/momu\/wp-content\/uploads\/sites\/21\/2016\/06\/oscar.jpg 1417w\" sizes=\"auto, (max-width: 300px) 85vw, 300px\" \/><\/p>\n<p>&nbsp;<\/p>\n<p><a href=\"http:\/\/www.oscarmartinezmartin.net\/\">Read more about Oscar Mart\u00ednez Mart\u00edn<\/a><\/p>\n<p><a href=\"http:\/\/www.oscarmartinezmartin.net\/\">Research Publications<\/a><\/p>\n<hr \/>\n<h2><span style=\"color: #3a67f0\">Cristina Serna Sarrato<\/span><\/h2>\n<p><img loading=\"lazy\" decoding=\"async\" class=\"size-medium wp-image-107 alignleft\" src=\"https:\/\/blog.uclm.es\/momu\/wp-content\/uploads\/sites\/21\/2016\/06\/cristina-300x254.jpg\" alt=\"cristina\" width=\"300\" height=\"254\" srcset=\"https:\/\/blog.uclm.es\/momu\/wp-content\/uploads\/sites\/21\/2016\/06\/cristina-300x254.jpg 300w, https:\/\/blog.uclm.es\/momu\/wp-content\/uploads\/sites\/21\/2016\/06\/cristina-1024x866.jpg 1024w, https:\/\/blog.uclm.es\/momu\/wp-content\/uploads\/sites\/21\/2016\/06\/cristina-768x649.jpg 768w, https:\/\/blog.uclm.es\/momu\/wp-content\/uploads\/sites\/21\/2016\/06\/cristina-1200x1015.jpg 1200w, https:\/\/blog.uclm.es\/momu\/wp-content\/uploads\/sites\/21\/2016\/06\/cristina.jpg 1417w\" sizes=\"auto, (max-width: 300px) 85vw, 300px\" \/><\/p>\n<p>PhD in Psychology from the University of Castilla-La Mancha (Spain). Since 2000 she is a professor in the College of Social Work of Cuenca (Department of Psychology, University of Castilla-La Mancha). She combines her teaching with research in different areas of intersection between Psychology and Social Work, applying therefore her dual training as Psychologist and Social Worker. Her research career has been characterized by the combination of psychosocial variables with educational variables. She has published several studies in nationally and internationally journal articles and book chapters. She has participated in several research projects with national and regional funding as well as in several national and international congresses. In other areas, she cooperated for seven years as a member of the Group of Psychological Intervention in Emergencies and Disasters (GIPEC) of the Official College of Psychologists of Castilla-La Mancha, as well as in its training plan.<\/p>\n<p><span style=\"color: #808080\">Doctora en Psicolog\u00eda por la Universidad de Castilla-La Mancha. Es profesora del Departamento de Psicolog\u00eda en la Facultad de Trabajo Social de Cuenca (UCLM) desde el a\u00f1o 2000. Compagina su labor docente con la investigaci\u00f3n en distintas \u00e1reas de intersecci\u00f3n entre la Psicolog\u00eda y el Trabajo Social, aplicando as\u00ed su doble formaci\u00f3n como Psic\u00f3loga y Trabajadora Social. Su trayectoria investigadora se ha caracterizado por la conjugaci\u00f3n de variables psicosociales con variables educativas. Ha publicado varios estudios en art\u00edculos de revistas y cap\u00edtulos de libros de \u00edndole nacional e internacional. Ha participado en distintos proyectos de investigaci\u00f3n con fondos nacionales y regionales, as\u00ed como en varios congresos nacionales e internacionales. En otros \u00e1mbitos, colabor\u00f3 durante 7 a\u00f1os como miembro del Grupo de Intervenci\u00f3n Psicol\u00f3gica en Emergencias y Cat\u00e1strofes (GIPEC) del Colegio Oficial de Psic\u00f3logos de Castilla-La Mancha, as\u00ed como en el plan formativo del mismo.<\/span><\/p>\n<p><a href=\"https:\/\/www.researchgate.net\/profile\/Cristina_Serna3\/publications\">Read more about Cristina Serna Sarrato<\/a><\/p>\n<p><a href=\"https:\/\/www.researchgate.net\/profile\/Cristina_Serna3\/publications\">Research Publications<\/a><\/p>\n<hr \/>\n<h2><span style=\"color: #3a67f0\">Pedro de la Paz Elez<br \/>\n<\/span><\/h2>\n<p><img loading=\"lazy\" decoding=\"async\" class=\"size-medium wp-image-234 alignleft\" src=\"https:\/\/blog.uclm.es\/momu\/wp-content\/uploads\/sites\/21\/2016\/06\/pedrodelapaz2-300x280.jpg\" alt=\"pedrodelapaz2\" width=\"300\" height=\"280\" srcset=\"https:\/\/blog.uclm.es\/momu\/wp-content\/uploads\/sites\/21\/2016\/06\/pedrodelapaz2-300x280.jpg 300w, https:\/\/blog.uclm.es\/momu\/wp-content\/uploads\/sites\/21\/2016\/06\/pedrodelapaz2.jpg 303w\" sizes=\"auto, (max-width: 300px) 85vw, 300px\" \/><\/p>\n<div class=\"entry-content\">\n<p><span style=\"color: #999999\">Doctor por el Instituto de Migraciones de la Universidad Pontificia Comillas de Madrid, con la calificaci\u00f3n de Sobresaliente \u201ccum Laude\u201d por unanimidad (19 de noviembre de 2014), con su tesis titulada: La resiliencia como cambio de paradigma en Trabajo Social.<\/span><\/p>\n<p><span style=\"color: #999999\">En la actualidad soy profesor Ayudante Doctor en la Facultad de Ciencias Sociales de Talavera de la Reina (Universidad de Castilla La Mancha) donde imparto docencia en el grado de Trabajo Social. Actualmente adem\u00e1s soy el Coordinador de Pr\u00e1cticas Externas de la Facultad de Ciencias Sociales y de la Titulaci\u00f3n de Grado en Trabajo Social. Las asignaturas que he impartido en mi carrera acad\u00e9mica desde el 2007 son: Trabajo Social I, Direcci\u00f3n y Gesti\u00f3n de Servicios Sociales, Introducci\u00f3n al Trabajo Social, Fundamentos del Trabajo Social, Trabajo Social y Mediaci\u00f3n y Supervisi\u00f3n de grupos de Pr\u00e1cticas Curriculares Externas.<\/span><\/p>\n<p><span style=\"color: #999999\">En el campo de la intervenci\u00f3n social he trabajado con poblaci\u00f3n reclusa, menores y como Director y Gestor de Residencias de Mayores y Centros de d\u00eda. Mis publicaciones han sido relacionadas con la resiliencia, la intervenci\u00f3n en Trabajo Social, el Espacio Europeo de Educaci\u00f3n Superior (EEES), mujer y migraciones.<\/span><\/p>\n<p><a href=\"https:\/\/dialnet.unirioja.es\/servlet\/autor?codigo=2865085\">Read more about Pedro de la Paz Elez<\/a><\/p>\n<p><a href=\"https:\/\/dialnet.unirioja.es\/servlet\/autor?codigo=2865085\">Research Publications<\/a><\/p>\n<\/div>\n<hr \/>\n<hr \/>\n<h3><span style=\"color: #800000\"><em>Steering Group Members<\/em><br \/>\n<\/span><\/h3>\n<hr \/>\n<h2><span style=\"color: #3a67f0\">Esther Mercado Garc\u00eda<\/span><\/h2>\n<p><img loading=\"lazy\" decoding=\"async\" class=\"alignnone size-medium wp-image-106\" src=\"https:\/\/blog.uclm.es\/momu\/wp-content\/uploads\/sites\/21\/2016\/06\/esther-300x230.jpg\" alt=\"esther\" width=\"300\" height=\"230\" srcset=\"https:\/\/blog.uclm.es\/momu\/wp-content\/uploads\/sites\/21\/2016\/06\/esther-300x230.jpg 300w, https:\/\/blog.uclm.es\/momu\/wp-content\/uploads\/sites\/21\/2016\/06\/esther-1024x785.jpg 1024w, https:\/\/blog.uclm.es\/momu\/wp-content\/uploads\/sites\/21\/2016\/06\/esther-768x589.jpg 768w, https:\/\/blog.uclm.es\/momu\/wp-content\/uploads\/sites\/21\/2016\/06\/esther-1200x920.jpg 1200w, https:\/\/blog.uclm.es\/momu\/wp-content\/uploads\/sites\/21\/2016\/06\/esther.jpg 1417w\" sizes=\"auto, (max-width: 300px) 85vw, 300px\" \/><\/p>\n<p><a href=\"https:\/\/www.researchgate.net\/profile\/Esther_Garcia12\">Read more about Esther Mercado Garc\u00eda<\/a><\/p>\n<p><a href=\"https:\/\/www.researchgate.net\/profile\/Esther_Garcia12\">Research Publications<\/a><\/p>\n","protected":false},"excerpt":{"rendered":"<p>Emilio Jos\u00e9 G\u00f3mez Ciriano Emilio Jos\u00e9 teaches at the Faculty of Social Work (Castilla-la Mancha University) since 2005. His main areas of research are welfare policies, Economic, Social and Cultural Rights and Migration policies. He is a member of the editorial board of Social Work and Education The international journal and also belongs to the &hellip; <a href=\"https:\/\/blog.uclm.es\/momu\/people\/\" class=\"more-link\">Continuar leyendo<span class=\"screen-reader-text\"> \u00abPeople\u00bb<\/span><\/a><\/p>\n","protected":false},"author":84,"featured_media":0,"parent":0,"menu_order":0,"comment_status":"closed","ping_status":"closed","template":"","meta":{"footnotes":""},"class_list":["post-12","page","type-page","status-publish","hentry"],"_links":{"self":[{"href":"https:\/\/blog.uclm.es\/momu\/wp-json\/wp\/v2\/pages\/12","targetHints":{"allow":["GET"]}}],"collection":[{"href":"https:\/\/blog.uclm.es\/momu\/wp-json\/wp\/v2\/pages"}],"about":[{"href":"https:\/\/blog.uclm.es\/momu\/wp-json\/wp\/v2\/types\/page"}],"author":[{"embeddable":true,"href":"https:\/\/blog.uclm.es\/momu\/wp-json\/wp\/v2\/users\/84"}],"replies":[{"embeddable":true,"href":"https:\/\/blog.uclm.es\/momu\/wp-json\/wp\/v2\/comments?post=12"}],"version-history":[{"count":0,"href":"https:\/\/blog.uclm.es\/momu\/wp-json\/wp\/v2\/pages\/12\/revisions"}],"wp:attachment":[{"href":"https:\/\/blog.uclm.es\/momu\/wp-json\/wp\/v2\/media?parent=12"}],"curies":[{"name":"wp","href":"https:\/\/api.w.org\/{rel}","templated":true}]}}