{"id":8,"date":"2016-04-28T10:59:06","date_gmt":"2016-04-28T09:59:06","guid":{"rendered":"http:\/\/blog.uclm.es\/molinoferrera\/?page_id=8"},"modified":"2016-04-28T10:59:06","modified_gmt":"2016-04-28T09:59:06","slug":"el-molino-en-almaden","status":"publish","type":"page","link":"https:\/\/blog.uclm.es\/molinoferrera\/el-molino-en-almaden\/","title":{"rendered":"El molino en Almad\u00e9n"},"content":{"rendered":"<p style=\"text-align: justify\">A finales de los a\u00f1os 40 del siglo XX se producen dos circunstancias que cambiaron la vida del molino de la Dehesa. Por un lado la energ\u00eda el\u00e9ctrica llega a Almad\u00e9n y por otro debido a la distancia a la ciudad, se produce una disminuci\u00f3n de su actividad.<\/p>\n<p style=\"text-align: justify\">D. Jer\u00f3nimo Ferrera Donaire, su entonces propietario, en com\u00fan acuerdo con su hermano D. Juli\u00e1n Ferrera Donaire deciden trasladar uno de los dos conjuntos de molienda a la localidad de Almad\u00e9n.<\/p>\n<figure id=\"attachment_263\" aria-describedby=\"caption-attachment-263\" style=\"width: 150px\" class=\"wp-caption aligncenter\"><a href=\"https:\/\/blog.uclm.es\/molinoferrera\/wp-content\/uploads\/sites\/240\/2016\/04\/WhatsApp-Image-20160504.jpg\"><img loading=\"lazy\" decoding=\"async\" class=\"wp-image-263 size-thumbnail\" src=\"https:\/\/blog.uclm.es\/molinoferrera\/wp-content\/uploads\/sites\/240\/2016\/04\/WhatsApp-Image-20160504-150x150.jpg\" alt=\"D.Juli\u00e1n Ferrera Donaire\" width=\"150\" height=\"150\" \/><\/a><figcaption id=\"caption-attachment-263\" class=\"wp-caption-text\">D.Juli\u00e1n Ferrera Donaire<\/figcaption><\/figure>\n<p style=\"text-align: justify\">Como ubicaci\u00f3n se elige el local \/ s\u00f3tano situado en la Plaza del Corcho, o \u00ab<em>puerta falsa<\/em>\u00bb de la vivienda que se encontraba en la entonces Plaza del General Mola, 5 (actualmente Pza. Manuel Meca, 5).<\/p>\n<p style=\"text-align: justify\">Esta finca urbana era propiedad de\u00a0Don Juli\u00e1n Ferrera Donaire, hermano de Don Jer\u00f3nimo. El bajo estaba destinado por entonces a taller mec\u00e1nico y garaje de los veh\u00edculos de transporte de la familia Ferrera, como continuadora de la labor de su padre su padre Don Silvestre Ferrera. \u00a0Posteriormente, Don Jer\u00f3nimo cedi\u00f3 en propiedad el molino a su hermano.<\/p>\n<p style=\"text-align: justify\">La finca data de principios del siglo XX, y estaba ubicada frente a la Real C\u00e1rcel de Forzados de Almad\u00e9n. Fue construida por Don Silvestre Ferrera, que en aquellos tiempos era transportista de la mina con carretas de bueyes, siendo la primera edificaci\u00f3n que se llev\u00f3 a cabo en dicha zona.<\/p>\n<figure id=\"attachment_247\" aria-describedby=\"caption-attachment-247\" style=\"width: 640px\" class=\"wp-caption aligncenter\"><a href=\"https:\/\/blog.uclm.es\/molinoferrera\/wp-content\/uploads\/sites\/240\/2016\/04\/carcel10.jpg\" target=\"_blank\" rel=\"noopener\"><img loading=\"lazy\" decoding=\"async\" class=\"wp-image-247 size-full\" src=\"https:\/\/blog.uclm.es\/molinoferrera\/wp-content\/uploads\/sites\/240\/2016\/04\/carcel10.jpg\" alt=\"Vista de la real C\u00e1rcel de forzados y justo frente a ella la casa de los Ferrera.\" width=\"640\" height=\"445\" srcset=\"https:\/\/blog.uclm.es\/molinoferrera\/wp-content\/uploads\/sites\/240\/2016\/04\/carcel10.jpg 640w, https:\/\/blog.uclm.es\/molinoferrera\/wp-content\/uploads\/sites\/240\/2016\/04\/carcel10-300x209.jpg 300w\" sizes=\"auto, (max-width: 640px) 100vw, 640px\" \/><\/a><figcaption id=\"caption-attachment-247\" class=\"wp-caption-text\">Vista de la real C\u00e1rcel de forzados y justo frente a ella la casa de los Ferrera.<\/figcaption><\/figure>\n<p style=\"text-align: justify\">El edificio inicialmente fue destinado a bodega y taberna y con el paso del tiempo se dividi\u00f3 en dos viviendas, una de ellas para Don Juli\u00e1n Ferrera Donaire y la otra para su hermano Don Bonifacio Ferrera Donaire, toda vez que ambos hab\u00edan contra\u00eddo matrimonio.<\/p>\n<p style=\"text-align: justify\">Tras el fallecimiento de D. Juli\u00e1n Ferrera en 1974 y ante la extensi\u00f3n del uso de los piensos compuestos, la fabricaci\u00f3n del pan con harinas procedentes de f\u00e1bricas industriales, la disminuci\u00f3n de demanda de molienda llev\u00f3 a que finalmente los familiares optaron por cerrar el \u00faltimo molino harinero de Almad\u00e9n.<\/p>\n<p><iframe loading=\"lazy\" src=\"https:\/\/www.google.com\/maps\/d\/embed?mid=1hYHu9ytj0L-W0JwZyoIuUimCU-8\" width=\"640\" height=\"480\"><\/iframe><\/p>\n","protected":false},"excerpt":{"rendered":"<p>A finales de los a\u00f1os 40 del siglo XX se producen dos circunstancias que cambiaron la vida del molino de la Dehesa. Por un lado la energ\u00eda el\u00e9ctrica llega a Almad\u00e9n y por otro debido a la distancia a la ciudad, se produce una disminuci\u00f3n de su actividad. D. Jer\u00f3nimo Ferrera Donaire, su entonces propietario, &hellip; <a href=\"https:\/\/blog.uclm.es\/molinoferrera\/el-molino-en-almaden\/\" class=\"more-link\">Seguir leyendo <span class=\"screen-reader-text\">El molino en Almad\u00e9n<\/span> <span class=\"meta-nav\">&rarr;<\/span><\/a><\/p>\n","protected":false},"author":401,"featured_media":0,"parent":0,"menu_order":0,"comment_status":"closed","ping_status":"closed","template":"","meta":{"footnotes":""},"class_list":["post-8","page","type-page","status-publish","hentry"],"_links":{"self":[{"href":"https:\/\/blog.uclm.es\/molinoferrera\/wp-json\/wp\/v2\/pages\/8","targetHints":{"allow":["GET"]}}],"collection":[{"href":"https:\/\/blog.uclm.es\/molinoferrera\/wp-json\/wp\/v2\/pages"}],"about":[{"href":"https:\/\/blog.uclm.es\/molinoferrera\/wp-json\/wp\/v2\/types\/page"}],"author":[{"embeddable":true,"href":"https:\/\/blog.uclm.es\/molinoferrera\/wp-json\/wp\/v2\/users\/401"}],"replies":[{"embeddable":true,"href":"https:\/\/blog.uclm.es\/molinoferrera\/wp-json\/wp\/v2\/comments?post=8"}],"version-history":[{"count":0,"href":"https:\/\/blog.uclm.es\/molinoferrera\/wp-json\/wp\/v2\/pages\/8\/revisions"}],"wp:attachment":[{"href":"https:\/\/blog.uclm.es\/molinoferrera\/wp-json\/wp\/v2\/media?parent=8"}],"curies":[{"name":"wp","href":"https:\/\/api.w.org\/{rel}","templated":true}]}}