{"id":64,"date":"2016-04-30T13:16:54","date_gmt":"2016-04-30T12:16:54","guid":{"rendered":"http:\/\/blog.uclm.es\/molinoferrera\/?page_id=64"},"modified":"2016-04-30T13:16:54","modified_gmt":"2016-04-30T12:16:54","slug":"cuenca-hidrografica-vinculada-con-almaden","status":"publish","type":"page","link":"https:\/\/blog.uclm.es\/molinoferrera\/el-molino-de-la-dehesa\/cuenca-hidrografica-vinculada-con-almaden\/","title":{"rendered":"Cuenca hidrogr\u00e1fica vinculada con Almad\u00e9n"},"content":{"rendered":"<p style=\"text-align: justify\">Se describen aqu\u00ed los \u00a0r\u00edos y arroyos que fluyen por el t\u00e9rmino municipal de Almad\u00e9n y que han sido lugar de construcci\u00f3n de numerosos molinos de agua, \u00a0de los que en sus orillas algunos perviven a d\u00eda de hoy.\u00a0Todos ellos pertenecen a la Cuenca\u00a0Hidrogr\u00e1fica del Guadiana y guardan relaci\u00f3n con el cauce fluvial que pasa por el Molino de los Ferrera.<\/p>\n<figure id=\"attachment_72\" aria-describedby=\"caption-attachment-72\" style=\"width: 1240px\" class=\"wp-caption aligncenter\"><a href=\"https:\/\/blog.uclm.es\/molinoferrera\/wp-content\/uploads\/sites\/240\/2016\/04\/cuenca_hidro-1.jpg\" target=\"_blank\" rel=\"noopener\"><img loading=\"lazy\" decoding=\"async\" class=\"wp-image-72 size-full\" title=\"Haz clic para ampliar\" src=\"https:\/\/blog.uclm.es\/molinoferrera\/wp-content\/uploads\/sites\/240\/2016\/04\/cuenca_hidro-1.jpg\" alt=\"cuenca_hidro\" width=\"1240\" height=\"700\" srcset=\"https:\/\/blog.uclm.es\/molinoferrera\/wp-content\/uploads\/sites\/240\/2016\/04\/cuenca_hidro-1.jpg 1240w, https:\/\/blog.uclm.es\/molinoferrera\/wp-content\/uploads\/sites\/240\/2016\/04\/cuenca_hidro-1-300x169.jpg 300w, https:\/\/blog.uclm.es\/molinoferrera\/wp-content\/uploads\/sites\/240\/2016\/04\/cuenca_hidro-1-1024x578.jpg 1024w, https:\/\/blog.uclm.es\/molinoferrera\/wp-content\/uploads\/sites\/240\/2016\/04\/cuenca_hidro-1-768x434.jpg 768w\" sizes=\"auto, (max-width: 1240px) 100vw, 1240px\" \/><\/a><figcaption id=\"caption-attachment-72\" class=\"wp-caption-text\">Relaci\u00f3n de emisarios desde el R\u00edo Guadalmez hasta el R\u00edo Guadiana a trav\u00e9s del R\u00edo Zujar<\/figcaption><\/figure>\n<ul>\n<li style=\"text-align: justify\"><strong>R\u00edo Guadiana<\/strong>, discurre por Espa\u00f1a y Portugal y con una extensi\u00f3n en torno a los 740 km y que nace en Las Lagunas de Ruidera. \u00a0De su longitud total, unos 500 Km. discurren por Espa\u00f1a, pasando luego a\u00a0Portugal en distancia de 140 Km. y siendo igualmente l\u00ednea divisoria y fronteriza entre\u00a0ambos pa\u00edses en unos 100 Km.<\/li>\n<li style=\"text-align: justify\"><strong>R\u00edo Z\u00fajar<\/strong>, con una longitud de 213 kil\u00f3metros,\u00a0siendo uno de los m\u00e1s\u00a0importantes afluentes por aporte h\u00eddrico del R\u00edo Guadiana y sobre el cual, vierte sus\u00a0aguas el R\u00edo Guadalmez, que discurre por el t\u00e9rmino de Almad\u00e9n, r\u00edo este sobre el que se\u00a0levantan diversos molinos de agua de esta localidad.<\/li>\n<\/ul>\n<figure id=\"attachment_68\" aria-describedby=\"caption-attachment-68\" style=\"width: 1406px\" class=\"wp-caption aligncenter\"><a href=\"https:\/\/blog.uclm.es\/molinoferrera\/wp-content\/uploads\/sites\/240\/2016\/04\/rio_detalle.jpg\" target=\"_blank\" rel=\"noopener\"><img loading=\"lazy\" decoding=\"async\" class=\"wp-image-68 size-full\" src=\"https:\/\/blog.uclm.es\/molinoferrera\/wp-content\/uploads\/sites\/240\/2016\/04\/rio_detalle.jpg\" alt=\"rio_detalle\" width=\"1406\" height=\"757\" srcset=\"https:\/\/blog.uclm.es\/molinoferrera\/wp-content\/uploads\/sites\/240\/2016\/04\/rio_detalle.jpg 1406w, https:\/\/blog.uclm.es\/molinoferrera\/wp-content\/uploads\/sites\/240\/2016\/04\/rio_detalle-300x162.jpg 300w, https:\/\/blog.uclm.es\/molinoferrera\/wp-content\/uploads\/sites\/240\/2016\/04\/rio_detalle-1024x551.jpg 1024w, https:\/\/blog.uclm.es\/molinoferrera\/wp-content\/uploads\/sites\/240\/2016\/04\/rio_detalle-768x413.jpg 768w\" sizes=\"auto, (max-width: 1406px) 100vw, 1406px\" \/><\/a><figcaption id=\"caption-attachment-68\" class=\"wp-caption-text\">Detalle situaci\u00f3n R\u00edo Valdeazogues y Ribera de Gargantiel<\/figcaption><\/figure>\n<ul>\n<li style=\"text-align: justify\"><strong>R\u00edo Guadalmez<\/strong>, afluente del Guadiana, de manera indirecta a trav\u00e9s del Z\u00fajar. Tiene\u00a0una longitud de 90 Km., de muy escaso caudal y rodeado pr\u00e1cticamente\u00a0en todo su recorrido de distintos tipos de \u00e1rboles y vegetaci\u00f3n con abundancia de muchos\u00a0tipos de animales salvajes, destacando ciervos, nutrias y gal\u00e1pagos. En su tramo final sirve de\u00a0frontera\u00a0natural entre las provincias de Ciudad Real y C\u00f3rdoba.<\/li>\n<li style=\"text-align: justify\"><strong>R\u00edo Alcudia<\/strong>, es afluente del Guadalmez, naciendo en Valle de Alcudia,\u00a0dentro de la provincia de C. Real, con una longitud total de\u00a046 Km. aproximadamente. A su vez, tiene diversos arroyos entre los que destaca el de\u00a0Valdeazogues, famoso por la cat\u00e1strofe ferroviaria que tuvo lugar en uno de los\u00a0puentes que lo cruzan, concretamente el Puente de Alcudia, el d\u00eda 27 de abril de 1884, de\u00a0infausto recuerdo en la zona y donde fallecieron m\u00e1s de 50 personas.<\/li>\n<li style=\"text-align: justify\"><strong>Rio Valdeazogues<\/strong>, peque\u00f1o r\u00edo que nace\u00a0entre la localidad de Brazatortas y Valdeazogues, dentro de la provincia de Ciudad\u00a0Real. Tiene un caudal irregular, que unido a un\u00a0trazado sinuoso y una naturaleza exuberante, hacen del mismo un aut\u00e9ntico y peque\u00f1o\u00a0para\u00edso natural. Su longitud es de 69 km aproximadamente.<\/li>\n<li style=\"text-align: justify\"><strong>Arroyo Ribera del Gargantiel<\/strong>, es un peque\u00f1o arroyo que tiene una longitud de\u00a0unos 23 kil\u00f3metros, naciendo el mismo en el Valle del Quejigo Gordo,\u00a0siendo afluente del Valdeazogues, con un curso de agua\u00a0irregular, cruzando varios t\u00e9rminos municipales donde se ha de\u00a0destacar, el de Almad\u00e9n.<\/li>\n<\/ul>\n","protected":false},"excerpt":{"rendered":"<p>Se describen aqu\u00ed los \u00a0r\u00edos y arroyos que fluyen por el t\u00e9rmino municipal de Almad\u00e9n y que han sido lugar de construcci\u00f3n de numerosos molinos de agua, \u00a0de los que en sus orillas algunos perviven a d\u00eda de hoy.\u00a0Todos ellos pertenecen a la Cuenca\u00a0Hidrogr\u00e1fica del Guadiana y guardan relaci\u00f3n con el cauce fluvial que pasa &hellip; <a href=\"https:\/\/blog.uclm.es\/molinoferrera\/el-molino-de-la-dehesa\/cuenca-hidrografica-vinculada-con-almaden\/\" class=\"more-link\">Seguir leyendo <span class=\"screen-reader-text\">Cuenca hidrogr\u00e1fica vinculada con Almad\u00e9n<\/span> <span class=\"meta-nav\">&rarr;<\/span><\/a><\/p>\n","protected":false},"author":401,"featured_media":0,"parent":6,"menu_order":0,"comment_status":"closed","ping_status":"closed","template":"","meta":{"footnotes":""},"class_list":["post-64","page","type-page","status-publish","hentry"],"_links":{"self":[{"href":"https:\/\/blog.uclm.es\/molinoferrera\/wp-json\/wp\/v2\/pages\/64","targetHints":{"allow":["GET"]}}],"collection":[{"href":"https:\/\/blog.uclm.es\/molinoferrera\/wp-json\/wp\/v2\/pages"}],"about":[{"href":"https:\/\/blog.uclm.es\/molinoferrera\/wp-json\/wp\/v2\/types\/page"}],"author":[{"embeddable":true,"href":"https:\/\/blog.uclm.es\/molinoferrera\/wp-json\/wp\/v2\/users\/401"}],"replies":[{"embeddable":true,"href":"https:\/\/blog.uclm.es\/molinoferrera\/wp-json\/wp\/v2\/comments?post=64"}],"version-history":[{"count":0,"href":"https:\/\/blog.uclm.es\/molinoferrera\/wp-json\/wp\/v2\/pages\/64\/revisions"}],"up":[{"embeddable":true,"href":"https:\/\/blog.uclm.es\/molinoferrera\/wp-json\/wp\/v2\/pages\/6"}],"wp:attachment":[{"href":"https:\/\/blog.uclm.es\/molinoferrera\/wp-json\/wp\/v2\/media?parent=64"}],"curies":[{"name":"wp","href":"https:\/\/api.w.org\/{rel}","templated":true}]}}