{"id":6,"date":"2016-04-28T10:58:43","date_gmt":"2016-04-28T09:58:43","guid":{"rendered":"http:\/\/blog.uclm.es\/molinoferrera\/?page_id=6"},"modified":"2016-04-28T10:58:43","modified_gmt":"2016-04-28T09:58:43","slug":"el-molino-de-la-dehesa","status":"publish","type":"page","link":"https:\/\/blog.uclm.es\/molinoferrera\/el-molino-de-la-dehesa\/","title":{"rendered":"El molino de la Dehesa"},"content":{"rendered":"<p style=\"text-align: justify\">Para poder entender la importancia de este molino en la historia de la moliner\u00eda de la comarca Almad\u00e9n, es necesario conocer la cuenca hidrografica del entorno y el porqu\u00e9 de la ubicaci\u00f3n de los molinos harineros .<\/p>\n<p style=\"text-align: justify\">Dentro de este recorrido, haremos una breve parada por los molinos de la Ribera del Gargantiel. Lamentablemente, de aquellos molinos apenas quedan sus restos en la mayor\u00eda de los casos.<\/p>\n<p style=\"text-align: justify\">Terminaremos por visitar a trav\u00e9s de este blog, el Molino de los Ferrera, cuyo nombre es realmente es Molino de la Dehesa<\/p>\n","protected":false},"excerpt":{"rendered":"<p>Para poder entender la importancia de este molino en la historia de la moliner\u00eda de la comarca Almad\u00e9n, es necesario conocer la cuenca hidrografica del entorno y el porqu\u00e9 de la ubicaci\u00f3n de los molinos harineros . Dentro de este recorrido, haremos una breve parada por los molinos de la Ribera del Gargantiel. Lamentablemente, de &hellip; <a href=\"https:\/\/blog.uclm.es\/molinoferrera\/el-molino-de-la-dehesa\/\" class=\"more-link\">Seguir leyendo <span class=\"screen-reader-text\">El molino de la Dehesa<\/span> <span class=\"meta-nav\">&rarr;<\/span><\/a><\/p>\n","protected":false},"author":401,"featured_media":0,"parent":0,"menu_order":0,"comment_status":"closed","ping_status":"closed","template":"","meta":{"footnotes":""},"class_list":["post-6","page","type-page","status-publish","hentry"],"_links":{"self":[{"href":"https:\/\/blog.uclm.es\/molinoferrera\/wp-json\/wp\/v2\/pages\/6","targetHints":{"allow":["GET"]}}],"collection":[{"href":"https:\/\/blog.uclm.es\/molinoferrera\/wp-json\/wp\/v2\/pages"}],"about":[{"href":"https:\/\/blog.uclm.es\/molinoferrera\/wp-json\/wp\/v2\/types\/page"}],"author":[{"embeddable":true,"href":"https:\/\/blog.uclm.es\/molinoferrera\/wp-json\/wp\/v2\/users\/401"}],"replies":[{"embeddable":true,"href":"https:\/\/blog.uclm.es\/molinoferrera\/wp-json\/wp\/v2\/comments?post=6"}],"version-history":[{"count":0,"href":"https:\/\/blog.uclm.es\/molinoferrera\/wp-json\/wp\/v2\/pages\/6\/revisions"}],"wp:attachment":[{"href":"https:\/\/blog.uclm.es\/molinoferrera\/wp-json\/wp\/v2\/media?parent=6"}],"curies":[{"name":"wp","href":"https:\/\/api.w.org\/{rel}","templated":true}]}}