{"id":40,"date":"2016-04-29T17:20:47","date_gmt":"2016-04-29T16:20:47","guid":{"rendered":"http:\/\/blog.uclm.es\/molinoferrera\/?page_id=40"},"modified":"2016-04-29T17:20:47","modified_gmt":"2016-04-29T16:20:47","slug":"caracteristicas","status":"publish","type":"page","link":"https:\/\/blog.uclm.es\/molinoferrera\/el-molino-en-almaden\/caracteristicas\/","title":{"rendered":"Caracter\u00edsticas"},"content":{"rendered":"<p style=\"text-align: justify\">Con el traslado a su nueva ubicaci\u00f3n el conjunto del molino tuvo que sufrir varias transformaciones. Un importante cambio fue la necesidad de dise\u00f1ar una nueva estructura de apoyo para las piedras. El apoyo del conjunto se hizo sobre una estructura met\u00e1lica muy peculiar.<\/p>\n<figure id=\"attachment_281\" aria-describedby=\"caption-attachment-281\" style=\"width: 474px\" class=\"wp-caption aligncenter\"><a href=\"https:\/\/blog.uclm.es\/molinoferrera\/wp-content\/uploads\/sites\/240\/2016\/04\/RIMG0011-e1462912895396.jpg\" target=\"_blank\" rel=\"noopener\"><img loading=\"lazy\" decoding=\"async\" class=\"wp-image-281 size-large\" src=\"https:\/\/blog.uclm.es\/molinoferrera\/wp-content\/uploads\/sites\/240\/2016\/04\/RIMG0011-e1462912895396-1024x1009.jpg\" alt=\"Vista lateral de la estructura de apoyo de las piedras\" width=\"474\" height=\"467\" srcset=\"https:\/\/blog.uclm.es\/molinoferrera\/wp-content\/uploads\/sites\/240\/2016\/04\/RIMG0011-e1462912895396-1024x1009.jpg 1024w, https:\/\/blog.uclm.es\/molinoferrera\/wp-content\/uploads\/sites\/240\/2016\/04\/RIMG0011-e1462912895396-300x296.jpg 300w, https:\/\/blog.uclm.es\/molinoferrera\/wp-content\/uploads\/sites\/240\/2016\/04\/RIMG0011-e1462912895396-768x756.jpg 768w, https:\/\/blog.uclm.es\/molinoferrera\/wp-content\/uploads\/sites\/240\/2016\/04\/RIMG0011-e1462912895396.jpg 1200w\" sizes=\"auto, (max-width: 474px) 100vw, 474px\" \/><\/a><figcaption id=\"caption-attachment-281\" class=\"wp-caption-text\">Vista lateral de la estructura de apoyo de las piedras<\/figcaption><\/figure>\n<p style=\"text-align: justify\">Aprovechando que la empresa Ferrera se dedicaba al transporte por carretera y por otro lado que el local era utilizado como taller mec\u00e1nico de reparaci\u00f3n de los camiones de transporte, se recurri\u00f3 a reutilizar el chasis de un cami\u00f3n\u00a0marca Saurer, modelo 5 BLD, del a\u00f1o 1.934.<\/p>\n<figure id=\"attachment_283\" aria-describedby=\"caption-attachment-283\" style=\"width: 474px\" class=\"wp-caption aligncenter\"><a href=\"https:\/\/blog.uclm.es\/molinoferrera\/wp-content\/uploads\/sites\/240\/2016\/04\/1934_5bld__20130904_1179783271.jpg\"><img loading=\"lazy\" decoding=\"async\" class=\"size-large wp-image-283\" src=\"https:\/\/blog.uclm.es\/molinoferrera\/wp-content\/uploads\/sites\/240\/2016\/04\/1934_5bld__20130904_1179783271-1024x680.jpg\" alt=\"Cami\u00f3n Saurer modelo 5BLD del a\u00f1o 1934\" width=\"474\" height=\"315\" srcset=\"https:\/\/blog.uclm.es\/molinoferrera\/wp-content\/uploads\/sites\/240\/2016\/04\/1934_5bld__20130904_1179783271-1024x680.jpg 1024w, https:\/\/blog.uclm.es\/molinoferrera\/wp-content\/uploads\/sites\/240\/2016\/04\/1934_5bld__20130904_1179783271-300x199.jpg 300w, https:\/\/blog.uclm.es\/molinoferrera\/wp-content\/uploads\/sites\/240\/2016\/04\/1934_5bld__20130904_1179783271-768x510.jpg 768w, https:\/\/blog.uclm.es\/molinoferrera\/wp-content\/uploads\/sites\/240\/2016\/04\/1934_5bld__20130904_1179783271.jpg 1355w\" sizes=\"auto, (max-width: 474px) 100vw, 474px\" \/><\/a><figcaption id=\"caption-attachment-283\" class=\"wp-caption-text\">Cami\u00f3n Saurer modelo 5BLD del a\u00f1o 1934<\/figcaption><\/figure>\n<figure id=\"attachment_284\" aria-describedby=\"caption-attachment-284\" style=\"width: 944px\" class=\"wp-caption aligncenter\"><a href=\"https:\/\/blog.uclm.es\/molinoferrera\/wp-content\/uploads\/sites\/240\/2016\/04\/RIMG0001.jpg\" target=\"_blank\" rel=\"noopener\"><img loading=\"lazy\" decoding=\"async\" class=\"wp-image-284 size-full\" src=\"https:\/\/blog.uclm.es\/molinoferrera\/wp-content\/uploads\/sites\/240\/2016\/04\/RIMG0001.jpg\" alt=\"Vista de la estructura met\u00e1lica de apoyo del conjunto\" width=\"944\" height=\"513\" srcset=\"https:\/\/blog.uclm.es\/molinoferrera\/wp-content\/uploads\/sites\/240\/2016\/04\/RIMG0001.jpg 944w, https:\/\/blog.uclm.es\/molinoferrera\/wp-content\/uploads\/sites\/240\/2016\/04\/RIMG0001-300x163.jpg 300w, https:\/\/blog.uclm.es\/molinoferrera\/wp-content\/uploads\/sites\/240\/2016\/04\/RIMG0001-768x417.jpg 768w\" sizes=\"auto, (max-width: 944px) 100vw, 944px\" \/><\/a><figcaption id=\"caption-attachment-284\" class=\"wp-caption-text\">Vista de la estructura met\u00e1lica de apoyo del conjunto<\/figcaption><\/figure>\n<p style=\"text-align: justify\">Los dos perfiles del bastidor se corresponden con los del cami\u00f3n y se encontraban empotrados en el muro. A su vez constaba de un apoyo vertical en un lateral y otro soporte empotrado en la muralla de fachada. De este modo la estructura quedaba totalmente fijada y lista para ubicar sobre ella la piedra solera y el resto de elementos.<\/p>\n<figure id=\"attachment_286\" aria-describedby=\"caption-attachment-286\" style=\"width: 474px\" class=\"wp-caption aligncenter\"><a href=\"https:\/\/blog.uclm.es\/molinoferrera\/wp-content\/uploads\/sites\/240\/2016\/04\/DCP02862-e1462914667341.jpg\" target=\"_blank\" rel=\"noopener\"><img loading=\"lazy\" decoding=\"async\" class=\"wp-image-286 size-large\" src=\"http:\/\/blog.uclm.es\/molinoferrera\/files\/2016\/04\/DCP02862-768x1024.jpg\" alt=\"Vista lateral donde se aprecia el soporte empotrado en la muralla\" width=\"474\" height=\"632\" \/><\/a><figcaption id=\"caption-attachment-286\" class=\"wp-caption-text\">Vista lateral donde se aprecia el soporte empotrado en la muralla<\/figcaption><\/figure>\n<p style=\"text-align: justify\">Pero no s\u00f3lo fue necesario introducir esta modificaci\u00f3n. La m\u00e1s importante y compleja fue la necesidad de transmitir el movimiento circular que generaba el motor el\u00e9ctrico al eje vertical que se encargaba del giro de la piedra volandera.<\/p>\n<figure id=\"attachment_289\" aria-describedby=\"caption-attachment-289\" style=\"width: 474px\" class=\"wp-caption aligncenter\"><a href=\"https:\/\/blog.uclm.es\/molinoferrera\/wp-content\/uploads\/sites\/240\/2016\/04\/RIMG0003.jpg\"><img loading=\"lazy\" decoding=\"async\" class=\"size-large wp-image-289\" src=\"https:\/\/blog.uclm.es\/molinoferrera\/wp-content\/uploads\/sites\/240\/2016\/04\/RIMG0003-1024x686.jpg\" alt=\"Sistema de transmisi\u00f3n del movimiento al eje vertical.\" width=\"474\" height=\"318\" srcset=\"https:\/\/blog.uclm.es\/molinoferrera\/wp-content\/uploads\/sites\/240\/2016\/04\/RIMG0003-1024x686.jpg 1024w, https:\/\/blog.uclm.es\/molinoferrera\/wp-content\/uploads\/sites\/240\/2016\/04\/RIMG0003-300x201.jpg 300w, https:\/\/blog.uclm.es\/molinoferrera\/wp-content\/uploads\/sites\/240\/2016\/04\/RIMG0003-768x514.jpg 768w, https:\/\/blog.uclm.es\/molinoferrera\/wp-content\/uploads\/sites\/240\/2016\/04\/RIMG0003-1536x1029.jpg 1536w, https:\/\/blog.uclm.es\/molinoferrera\/wp-content\/uploads\/sites\/240\/2016\/04\/RIMG0003.jpg 1792w\" sizes=\"auto, (max-width: 474px) 100vw, 474px\" \/><\/a><figcaption id=\"caption-attachment-289\" class=\"wp-caption-text\">Sistema de transmisi\u00f3n del movimiento al eje vertical.<\/figcaption><\/figure>\n<p style=\"text-align: justify\">El tambor del motor el\u00e9ctrico ten\u00eda a su alrededor una cinta de cuero que en su otro lado estaba arrollada al volante de inercia. Este volante de inercia en realidad era la rueda de cazoletas que estaba en su ubicaci\u00f3n original y que formaba parte del eje vertical, generando el movimiento al impactar sobre los \u00e1labes el flujo de agua del caz.<\/p>\n<figure id=\"attachment_290\" aria-describedby=\"caption-attachment-290\" style=\"width: 879px\" class=\"wp-caption aligncenter\"><a href=\"https:\/\/blog.uclm.es\/molinoferrera\/wp-content\/uploads\/sites\/240\/2016\/04\/IMG_3630.jpg\" target=\"_blank\" rel=\"noopener\"><img loading=\"lazy\" decoding=\"async\" class=\"wp-image-290 size-full\" src=\"https:\/\/blog.uclm.es\/molinoferrera\/wp-content\/uploads\/sites\/240\/2016\/04\/IMG_3630.jpg\" alt=\"Volante de inercia y eje horizontal. Foto tomada en su traslado a la EIMIA\" width=\"879\" height=\"992\" srcset=\"https:\/\/blog.uclm.es\/molinoferrera\/wp-content\/uploads\/sites\/240\/2016\/04\/IMG_3630.jpg 879w, https:\/\/blog.uclm.es\/molinoferrera\/wp-content\/uploads\/sites\/240\/2016\/04\/IMG_3630-266x300.jpg 266w, https:\/\/blog.uclm.es\/molinoferrera\/wp-content\/uploads\/sites\/240\/2016\/04\/IMG_3630-768x867.jpg 768w\" sizes=\"auto, (max-width: 879px) 100vw, 879px\" \/><\/a><figcaption id=\"caption-attachment-290\" class=\"wp-caption-text\">Volante de inercia y eje horizontal. Foto tomada en su traslado a la EIMIA<\/figcaption><\/figure>\n<figure id=\"attachment_291\" aria-describedby=\"caption-attachment-291\" style=\"width: 474px\" class=\"wp-caption aligncenter\"><a href=\"https:\/\/blog.uclm.es\/molinoferrera\/wp-content\/uploads\/sites\/240\/2016\/04\/IMG_3795.jpg\" target=\"_blank\" rel=\"noopener\"><img loading=\"lazy\" decoding=\"async\" class=\"wp-image-291 size-large\" src=\"https:\/\/blog.uclm.es\/molinoferrera\/wp-content\/uploads\/sites\/240\/2016\/04\/IMG_3795-1024x761.jpg\" alt=\"Motor el\u00e9ctrico del molino. Foto tomada en el almac\u00e9n de la EIMIA antes de su montaje.\" width=\"474\" height=\"352\" srcset=\"https:\/\/blog.uclm.es\/molinoferrera\/wp-content\/uploads\/sites\/240\/2016\/04\/IMG_3795-1024x761.jpg 1024w, https:\/\/blog.uclm.es\/molinoferrera\/wp-content\/uploads\/sites\/240\/2016\/04\/IMG_3795-300x223.jpg 300w, https:\/\/blog.uclm.es\/molinoferrera\/wp-content\/uploads\/sites\/240\/2016\/04\/IMG_3795-768x571.jpg 768w, https:\/\/blog.uclm.es\/molinoferrera\/wp-content\/uploads\/sites\/240\/2016\/04\/IMG_3795.jpg 1338w\" sizes=\"auto, (max-width: 474px) 100vw, 474px\" \/><\/a><figcaption id=\"caption-attachment-291\" class=\"wp-caption-text\">Motor el\u00e9ctrico del molino. Foto tomada en el almac\u00e9n de la EIMIA antes de su montaje.<\/figcaption><\/figure>\n<p style=\"text-align: justify\">El giro del motor el\u00e9ctrico transmit\u00eda el movimiento al eje de acero horizontal que parte del volante de inercia.<\/p>\n<figure id=\"attachment_292\" aria-describedby=\"caption-attachment-292\" style=\"width: 474px\" class=\"wp-caption aligncenter\"><a href=\"https:\/\/blog.uclm.es\/molinoferrera\/wp-content\/uploads\/sites\/240\/2016\/04\/DCP02858.jpg\" target=\"_blank\" rel=\"noopener\"><img loading=\"lazy\" decoding=\"async\" class=\"wp-image-292 size-large\" src=\"https:\/\/blog.uclm.es\/molinoferrera\/wp-content\/uploads\/sites\/240\/2016\/04\/DCP02858-1024x768.jpg\" alt=\"Volante de inercia en el que se aprecia la correo de cuero.\" width=\"474\" height=\"356\" srcset=\"https:\/\/blog.uclm.es\/molinoferrera\/wp-content\/uploads\/sites\/240\/2016\/04\/DCP02858-1024x768.jpg 1024w, https:\/\/blog.uclm.es\/molinoferrera\/wp-content\/uploads\/sites\/240\/2016\/04\/DCP02858-300x225.jpg 300w, https:\/\/blog.uclm.es\/molinoferrera\/wp-content\/uploads\/sites\/240\/2016\/04\/DCP02858-768x576.jpg 768w, https:\/\/blog.uclm.es\/molinoferrera\/wp-content\/uploads\/sites\/240\/2016\/04\/DCP02858.jpg 1152w\" sizes=\"auto, (max-width: 474px) 100vw, 474px\" \/><\/a><figcaption id=\"caption-attachment-292\" class=\"wp-caption-text\">Volante de inercia en el que se aprecia la correa de cuero ya sin tensar y arrollar alrededor del volante..<\/figcaption><\/figure>\n<p style=\"text-align: justify\">Este a su vez traslada el giro del eje horizontal al eje vertical mediante dos engranajes en \u00e1ngulo recto. El primero de ellos de acero, como el eje, el segundo estaba formado por cu\u00f1as de madera.<\/p>\n<figure id=\"attachment_293\" aria-describedby=\"caption-attachment-293\" style=\"width: 474px\" class=\"wp-caption aligncenter\"><a href=\"https:\/\/blog.uclm.es\/molinoferrera\/wp-content\/uploads\/sites\/240\/2016\/04\/RIMG0012.jpg\" target=\"_blank\" rel=\"noopener\"><img loading=\"lazy\" decoding=\"async\" class=\"wp-image-293 size-large\" src=\"https:\/\/blog.uclm.es\/molinoferrera\/wp-content\/uploads\/sites\/240\/2016\/04\/RIMG0012-686x1024.jpg\" alt=\"Vista frontal del eje horizontal durante su desmontaje.\" width=\"474\" height=\"708\" srcset=\"https:\/\/blog.uclm.es\/molinoferrera\/wp-content\/uploads\/sites\/240\/2016\/04\/RIMG0012-686x1024.jpg 686w, https:\/\/blog.uclm.es\/molinoferrera\/wp-content\/uploads\/sites\/240\/2016\/04\/RIMG0012-201x300.jpg 201w, https:\/\/blog.uclm.es\/molinoferrera\/wp-content\/uploads\/sites\/240\/2016\/04\/RIMG0012-768x1147.jpg 768w, https:\/\/blog.uclm.es\/molinoferrera\/wp-content\/uploads\/sites\/240\/2016\/04\/RIMG0012-1029x1536.jpg 1029w, https:\/\/blog.uclm.es\/molinoferrera\/wp-content\/uploads\/sites\/240\/2016\/04\/RIMG0012.jpg 1200w\" sizes=\"auto, (max-width: 474px) 100vw, 474px\" \/><\/a><figcaption id=\"caption-attachment-293\" class=\"wp-caption-text\">Vista frontal del eje horizontal durante su desmontaje.<\/figcaption><\/figure>\n<figure id=\"attachment_294\" aria-describedby=\"caption-attachment-294\" style=\"width: 474px\" class=\"wp-caption aligncenter\"><a href=\"https:\/\/blog.uclm.es\/molinoferrera\/wp-content\/uploads\/sites\/240\/2016\/04\/RIMG0007.jpg\" target=\"_blank\" rel=\"noopener\"><img loading=\"lazy\" decoding=\"async\" class=\"wp-image-294 size-large\" src=\"https:\/\/blog.uclm.es\/molinoferrera\/wp-content\/uploads\/sites\/240\/2016\/04\/RIMG0007-1024x686.jpg\" alt=\"Eje horizontal y vertical durante el desmontaje. \" width=\"474\" height=\"318\" srcset=\"https:\/\/blog.uclm.es\/molinoferrera\/wp-content\/uploads\/sites\/240\/2016\/04\/RIMG0007-1024x686.jpg 1024w, https:\/\/blog.uclm.es\/molinoferrera\/wp-content\/uploads\/sites\/240\/2016\/04\/RIMG0007-300x201.jpg 300w, https:\/\/blog.uclm.es\/molinoferrera\/wp-content\/uploads\/sites\/240\/2016\/04\/RIMG0007-768x514.jpg 768w, https:\/\/blog.uclm.es\/molinoferrera\/wp-content\/uploads\/sites\/240\/2016\/04\/RIMG0007-1536x1029.jpg 1536w, https:\/\/blog.uclm.es\/molinoferrera\/wp-content\/uploads\/sites\/240\/2016\/04\/RIMG0007.jpg 1792w\" sizes=\"auto, (max-width: 474px) 100vw, 474px\" \/><\/a><figcaption id=\"caption-attachment-294\" class=\"wp-caption-text\">Eje horizontal y vertical durante el desmontaje.<\/figcaption><\/figure>\n<p style=\"text-align: justify\">\u00a0Sobre el chasis met\u00e1lico se ubic\u00f3 la piedra solera, aprovechando los elementos del bastidor para situar los apoyos de la piedra.<\/p>\n<figure id=\"attachment_295\" aria-describedby=\"caption-attachment-295\" style=\"width: 474px\" class=\"wp-caption aligncenter\"><a href=\"https:\/\/blog.uclm.es\/molinoferrera\/wp-content\/uploads\/sites\/240\/2016\/04\/IMG_3635.jpg\" target=\"_blank\" rel=\"noopener\"><img loading=\"lazy\" decoding=\"async\" class=\"wp-image-295 size-large\" src=\"https:\/\/blog.uclm.es\/molinoferrera\/wp-content\/uploads\/sites\/240\/2016\/04\/IMG_3635-1024x768.jpg\" alt=\"Vista del chasis por su parte inferior donde se pueden ver los elementos de apoyo.\" width=\"474\" height=\"356\" srcset=\"https:\/\/blog.uclm.es\/molinoferrera\/wp-content\/uploads\/sites\/240\/2016\/04\/IMG_3635-1024x768.jpg 1024w, https:\/\/blog.uclm.es\/molinoferrera\/wp-content\/uploads\/sites\/240\/2016\/04\/IMG_3635-300x225.jpg 300w, https:\/\/blog.uclm.es\/molinoferrera\/wp-content\/uploads\/sites\/240\/2016\/04\/IMG_3635-768x576.jpg 768w, https:\/\/blog.uclm.es\/molinoferrera\/wp-content\/uploads\/sites\/240\/2016\/04\/IMG_3635-1536x1152.jpg 1536w, https:\/\/blog.uclm.es\/molinoferrera\/wp-content\/uploads\/sites\/240\/2016\/04\/IMG_3635.jpg 1776w\" sizes=\"auto, (max-width: 474px) 100vw, 474px\" \/><\/a><figcaption id=\"caption-attachment-295\" class=\"wp-caption-text\">Vista del chasis por su parte inferior donde se pueden ver los elementos de apoyo. Foto tomada en su ubicaci\u00f3n en el almac\u00e9n de la EIMIA.<\/figcaption><\/figure>\n<figure id=\"attachment_296\" aria-describedby=\"caption-attachment-296\" style=\"width: 300px\" class=\"wp-caption aligncenter\"><a href=\"https:\/\/blog.uclm.es\/molinoferrera\/wp-content\/uploads\/sites\/240\/2016\/04\/RIMG0035.jpg\" target=\"_blank\" rel=\"noopener\"><img loading=\"lazy\" decoding=\"async\" class=\"wp-image-296 size-medium\" src=\"https:\/\/blog.uclm.es\/molinoferrera\/wp-content\/uploads\/sites\/240\/2016\/04\/RIMG0035-300x201.jpg\" alt=\"Detalle del apoyo de la piedra solera sobre el bastidor\" width=\"300\" height=\"201\" srcset=\"https:\/\/blog.uclm.es\/molinoferrera\/wp-content\/uploads\/sites\/240\/2016\/04\/RIMG0035-300x201.jpg 300w, https:\/\/blog.uclm.es\/molinoferrera\/wp-content\/uploads\/sites\/240\/2016\/04\/RIMG0035-1024x686.jpg 1024w, https:\/\/blog.uclm.es\/molinoferrera\/wp-content\/uploads\/sites\/240\/2016\/04\/RIMG0035-768x514.jpg 768w, https:\/\/blog.uclm.es\/molinoferrera\/wp-content\/uploads\/sites\/240\/2016\/04\/RIMG0035-1536x1029.jpg 1536w, https:\/\/blog.uclm.es\/molinoferrera\/wp-content\/uploads\/sites\/240\/2016\/04\/RIMG0035.jpg 1792w\" sizes=\"auto, (max-width: 300px) 100vw, 300px\" \/><\/a><figcaption id=\"caption-attachment-296\" class=\"wp-caption-text\">Detalle del apoyo de la piedra solera sobre el bastidor<\/figcaption><\/figure>\n<p>Sobre toda esta estructura estaba montado el resto de las piezas del molino, que son exactamente iguales a las de su pareja en el Molino de la Dehesa.<\/p>\n<figure id=\"attachment_297\" aria-describedby=\"caption-attachment-297\" style=\"width: 474px\" class=\"wp-caption aligncenter\"><a href=\"https:\/\/blog.uclm.es\/molinoferrera\/wp-content\/uploads\/sites\/240\/2016\/04\/RIMG0007b.jpg\"><img loading=\"lazy\" decoding=\"async\" class=\"size-large wp-image-297\" src=\"https:\/\/blog.uclm.es\/molinoferrera\/wp-content\/uploads\/sites\/240\/2016\/04\/RIMG0007b-686x1024.jpg\" alt=\"Piezas de la parte superior del molino en su estado cuando fue desmontado.\" width=\"474\" height=\"708\" srcset=\"https:\/\/blog.uclm.es\/molinoferrera\/wp-content\/uploads\/sites\/240\/2016\/04\/RIMG0007b-686x1024.jpg 686w, https:\/\/blog.uclm.es\/molinoferrera\/wp-content\/uploads\/sites\/240\/2016\/04\/RIMG0007b-201x300.jpg 201w, https:\/\/blog.uclm.es\/molinoferrera\/wp-content\/uploads\/sites\/240\/2016\/04\/RIMG0007b-768x1147.jpg 768w, https:\/\/blog.uclm.es\/molinoferrera\/wp-content\/uploads\/sites\/240\/2016\/04\/RIMG0007b-1029x1536.jpg 1029w, https:\/\/blog.uclm.es\/molinoferrera\/wp-content\/uploads\/sites\/240\/2016\/04\/RIMG0007b.jpg 1200w\" sizes=\"auto, (max-width: 474px) 100vw, 474px\" \/><\/a><figcaption id=\"caption-attachment-297\" class=\"wp-caption-text\">Piezas de la parte superior del molino en su estado cuando fue desmontado.<\/figcaption><\/figure>\n<p style=\"text-align: justify\">Cuando se concluy\u00f3 el montaje de este molino, movido por energ\u00eda el\u00e9ctrica en Almad\u00e9n, fue el primer con esta fuente de energ\u00eda que existi\u00f3 en la localidad, dedic\u00e1ndose pr\u00e1cticamente a la molienda de cereales para pienso, aunque tambi\u00e9n existi\u00f3 otro molino en la localidad conocido como el molino \u00abdel Quintanar\u00bb, si bien este \u00faltimo estaba movido por un motor a vapor.<\/p>\n<p style=\"text-align: justify\">Su puesta en marcha atrajo una gran afluencia de clientes desde el mismo momento de su instalaci\u00f3n y podemos considerar, visto desde la lejan\u00eda, que este era un buen negocio, por lo que, a\u00f1os despu\u00e9s, otro vecino de la localidad, Don Daniel Oca\u00f1a, procedi\u00f3 a construir un molino mucho m\u00e1s moderno y hacer as\u00ed la competencia a este hist\u00f3rico molino, que a su vez hab\u00eda desbancado al molino \u201cdel Quintanar\u201d.<\/p>\n<p style=\"text-align: justify\">Muchos de los molinos existentes en Almad\u00e9n estuvieron en uso hasta mediados de los a\u00f1os 70, que debido a su baja rentabilidad fueron quedando en el olvido y todo ello, tambi\u00e9n por la comercializaci\u00f3n de los denominados \u201cpiensos compuestos\u201d que fueron reemplazando a aquellos otros piensos que hist\u00f3ricamente se hab\u00edan realizado en los mismos, si bien el cierre del molino de los Ferrera, no obedeci\u00f3 exactamente a esas razones.<\/p>\n","protected":false},"excerpt":{"rendered":"<p>Con el traslado a su nueva ubicaci\u00f3n el conjunto del molino tuvo que sufrir varias transformaciones. Un importante cambio fue la necesidad de dise\u00f1ar una nueva estructura de apoyo para las piedras. El apoyo del conjunto se hizo sobre una estructura met\u00e1lica muy peculiar. Aprovechando que la empresa Ferrera se dedicaba al transporte por carretera &hellip; <a href=\"https:\/\/blog.uclm.es\/molinoferrera\/el-molino-en-almaden\/caracteristicas\/\" class=\"more-link\">Seguir leyendo <span class=\"screen-reader-text\">Caracter\u00edsticas<\/span> <span class=\"meta-nav\">&rarr;<\/span><\/a><\/p>\n","protected":false},"author":401,"featured_media":0,"parent":8,"menu_order":1,"comment_status":"closed","ping_status":"closed","template":"","meta":{"footnotes":""},"class_list":["post-40","page","type-page","status-publish","hentry"],"_links":{"self":[{"href":"https:\/\/blog.uclm.es\/molinoferrera\/wp-json\/wp\/v2\/pages\/40","targetHints":{"allow":["GET"]}}],"collection":[{"href":"https:\/\/blog.uclm.es\/molinoferrera\/wp-json\/wp\/v2\/pages"}],"about":[{"href":"https:\/\/blog.uclm.es\/molinoferrera\/wp-json\/wp\/v2\/types\/page"}],"author":[{"embeddable":true,"href":"https:\/\/blog.uclm.es\/molinoferrera\/wp-json\/wp\/v2\/users\/401"}],"replies":[{"embeddable":true,"href":"https:\/\/blog.uclm.es\/molinoferrera\/wp-json\/wp\/v2\/comments?post=40"}],"version-history":[{"count":0,"href":"https:\/\/blog.uclm.es\/molinoferrera\/wp-json\/wp\/v2\/pages\/40\/revisions"}],"up":[{"embeddable":true,"href":"https:\/\/blog.uclm.es\/molinoferrera\/wp-json\/wp\/v2\/pages\/8"}],"wp:attachment":[{"href":"https:\/\/blog.uclm.es\/molinoferrera\/wp-json\/wp\/v2\/media?parent=40"}],"curies":[{"name":"wp","href":"https:\/\/api.w.org\/{rel}","templated":true}]}}