{"id":38,"date":"2016-04-29T17:20:21","date_gmt":"2016-04-29T16:20:21","guid":{"rendered":"http:\/\/blog.uclm.es\/molinoferrera\/?page_id=38"},"modified":"2016-04-29T17:20:21","modified_gmt":"2016-04-29T16:20:21","slug":"ubicacion","status":"publish","type":"page","link":"https:\/\/blog.uclm.es\/molinoferrera\/el-molino-en-almaden\/ubicacion\/","title":{"rendered":"Ubicaci\u00f3n"},"content":{"rendered":"<p style=\"text-align: justify\">La nueva ubicaci\u00f3n de este segundo conjunto del molino llevo a una importante modificaci\u00f3n del molino original. No s\u00f3lo era necesario cambiar la fuente de energ\u00eda sino tambi\u00e9n su dise\u00f1o estructural.<\/p>\n<p style=\"text-align: justify\">Era necesario transformar un conjunto mec\u00e1nico movido por energ\u00eda hidr\u00e1ulica con un \u00fanico eje rotatorio vertical a un conjunto mec\u00e1nico movido por energ\u00eda el\u00e9ctrica al que se incorpora un eje horizontal que debe transmitir el movimiento al anterior eje horizontal.<\/p>\n<p style=\"text-align: justify\">Junto a estas reformas t\u00e9cnicas, tambi\u00e9n fue necesario modificar el propio local donde se iba a ubicar. \u00a0A tal efecto se tuvo que construir un cerramiento interior a base de tabiquer\u00eda de adobe con una puerta de doble hoja para acceso a fin de separar esta estancia del resto del local del s\u00f3tano.<\/p>\n<p style=\"text-align: justify\">Para dotar de mayor espacio en altura, hubo que eliminar parte de la c\u00e1mara o desv\u00e1n construido sobre el local. \u00a0Se consegu\u00eda as\u00ed una mayor altura para la operaci\u00f3n, sin tener que llegar a levantar la cubierta de teja \u00e1rabe entonces existente, y colocar la gr\u00faa o cabria necesaria para levantar las piedras del molino y dem\u00e1s piezas que lo componen.<\/p>\n<figure id=\"attachment_269\" aria-describedby=\"caption-attachment-269\" style=\"width: 474px\" class=\"wp-caption aligncenter\"><a href=\"https:\/\/blog.uclm.es\/molinoferrera\/wp-content\/uploads\/sites\/240\/2016\/04\/PLANTA_recover-Model.png\" target=\"_blank\" rel=\"noopener\"><img loading=\"lazy\" decoding=\"async\" class=\"wp-image-269 size-large\" src=\"https:\/\/blog.uclm.es\/molinoferrera\/wp-content\/uploads\/sites\/240\/2016\/04\/PLANTA_recover-Model-1024x819.png\" alt=\"Plano en planta del local de molino\" width=\"474\" height=\"379\" srcset=\"https:\/\/blog.uclm.es\/molinoferrera\/wp-content\/uploads\/sites\/240\/2016\/04\/PLANTA_recover-Model-1024x819.png 1024w, https:\/\/blog.uclm.es\/molinoferrera\/wp-content\/uploads\/sites\/240\/2016\/04\/PLANTA_recover-Model-300x240.png 300w, https:\/\/blog.uclm.es\/molinoferrera\/wp-content\/uploads\/sites\/240\/2016\/04\/PLANTA_recover-Model-768x614.png 768w, https:\/\/blog.uclm.es\/molinoferrera\/wp-content\/uploads\/sites\/240\/2016\/04\/PLANTA_recover-Model-1536x1229.png 1536w, https:\/\/blog.uclm.es\/molinoferrera\/wp-content\/uploads\/sites\/240\/2016\/04\/PLANTA_recover-Model.png 1600w\" sizes=\"auto, (max-width: 474px) 100vw, 474px\" \/><\/a><figcaption id=\"caption-attachment-269\" class=\"wp-caption-text\">Plano en planta del local de molino<\/figcaption><\/figure>\n<p style=\"text-align: justify\">El espacio ocupado por el local era mayor que la cubierta de teja existente. Esto oblig\u00f3 a ampliar la cubierta, para lo que se emple\u00f3 como material de cubrici\u00f3n uralita y reforzando la estructura existente con vigas de madera y una viga de hierro a lo ancho del hueco.<\/p>\n<figure id=\"attachment_272\" aria-describedby=\"caption-attachment-272\" style=\"width: 594px\" class=\"wp-caption aligncenter\"><a href=\"https:\/\/blog.uclm.es\/molinoferrera\/wp-content\/uploads\/sites\/240\/2016\/04\/DCP02867baja-e1462910422923.jpg\" target=\"_blank\" rel=\"noopener\"><img loading=\"lazy\" decoding=\"async\" class=\"wp-image-272 size-full\" src=\"https:\/\/blog.uclm.es\/molinoferrera\/wp-content\/uploads\/sites\/240\/2016\/04\/DCP02867baja-e1462910422923.jpg\" alt=\"Vista del molino donde se puede apreciar la cubierta de uralita. Foto tomada despu\u00e9s de titar los tabiques\" width=\"594\" height=\"222\" srcset=\"https:\/\/blog.uclm.es\/molinoferrera\/wp-content\/uploads\/sites\/240\/2016\/04\/DCP02867baja-e1462910422923.jpg 594w, https:\/\/blog.uclm.es\/molinoferrera\/wp-content\/uploads\/sites\/240\/2016\/04\/DCP02867baja-e1462910422923-300x112.jpg 300w\" sizes=\"auto, (max-width: 594px) 100vw, 594px\" \/><\/a><figcaption id=\"caption-attachment-272\" class=\"wp-caption-text\">Vista del molino donde se puede apreciar la cubierta de uralita. Foto tomada despu\u00e9s de tirar los tabiques<\/figcaption><\/figure>\n<figure id=\"attachment_273\" aria-describedby=\"caption-attachment-273\" style=\"width: 567px\" class=\"wp-caption alignnone\"><a href=\"https:\/\/blog.uclm.es\/molinoferrera\/wp-content\/uploads\/sites\/240\/2016\/04\/DCP02870baja.jpg\" target=\"_blank\" rel=\"noopener\"><img loading=\"lazy\" decoding=\"async\" class=\"wp-image-273 size-full\" src=\"https:\/\/blog.uclm.es\/molinoferrera\/wp-content\/uploads\/sites\/240\/2016\/04\/DCP02870baja.jpg\" alt=\"Vista de la ubicaci\u00f3n de las piedras en el local donde se aprecia una de las vigas de hierro y la zona que se elimin\u00f3 de la c\u00e1mara\" width=\"567\" height=\"425\" srcset=\"https:\/\/blog.uclm.es\/molinoferrera\/wp-content\/uploads\/sites\/240\/2016\/04\/DCP02870baja.jpg 567w, https:\/\/blog.uclm.es\/molinoferrera\/wp-content\/uploads\/sites\/240\/2016\/04\/DCP02870baja-300x225.jpg 300w\" sizes=\"auto, (max-width: 567px) 100vw, 567px\" \/><\/a><figcaption id=\"caption-attachment-273\" class=\"wp-caption-text\">Vista de la ubicaci\u00f3n de las piedras en el local donde se aprecia una de las vigas de hierro y la zona que se elimin\u00f3 de la c\u00e1mara<\/figcaption><\/figure>\n<p>Seg\u00fan diversos testimonios orales de personas de esta localidad, la gr\u00faa o cabr\u00eda que exist\u00eda en el molino, no solo se utilizaba para levantar las piedras de molienda u otros componentes del molino, sino que tambi\u00e9n se utilizaba de manera habitual, a trav\u00e9s de un gancho, para subir los sacos y costales cargados de granos de todo tipo para descargarlos en la tolva.<\/p>\n<figure id=\"attachment_271\" aria-describedby=\"caption-attachment-271\" style=\"width: 397px\" class=\"wp-caption aligncenter\"><a href=\"https:\/\/blog.uclm.es\/molinoferrera\/wp-content\/uploads\/sites\/240\/2016\/04\/RIMG0031blog.jpg\"><img loading=\"lazy\" decoding=\"async\" class=\"size-full wp-image-271\" src=\"https:\/\/blog.uclm.es\/molinoferrera\/wp-content\/uploads\/sites\/240\/2016\/04\/RIMG0031blog.jpg\" alt=\"Cabria sujetando la piedra volandera en su ubicaci\u00f3n en Almad\u00e9n\" width=\"397\" height=\"593\" srcset=\"https:\/\/blog.uclm.es\/molinoferrera\/wp-content\/uploads\/sites\/240\/2016\/04\/RIMG0031blog.jpg 397w, https:\/\/blog.uclm.es\/molinoferrera\/wp-content\/uploads\/sites\/240\/2016\/04\/RIMG0031blog-201x300.jpg 201w\" sizes=\"auto, (max-width: 397px) 100vw, 397px\" \/><\/a><figcaption id=\"caption-attachment-271\" class=\"wp-caption-text\">Cabria sujetando la piedra volandera en su ubicaci\u00f3n en Almad\u00e9n<\/figcaption><\/figure>\n<p style=\"text-align: justify\">Pr\u00e1cticamente toda la obra civil se realiz\u00f3 despu\u00e9s del montaje del molino, acondicionando todo ello, de la mejor manera posible alrededor del mismo.<\/p>\n","protected":false},"excerpt":{"rendered":"<p>La nueva ubicaci\u00f3n de este segundo conjunto del molino llevo a una importante modificaci\u00f3n del molino original. No s\u00f3lo era necesario cambiar la fuente de energ\u00eda sino tambi\u00e9n su dise\u00f1o estructural. Era necesario transformar un conjunto mec\u00e1nico movido por energ\u00eda hidr\u00e1ulica con un \u00fanico eje rotatorio vertical a un conjunto mec\u00e1nico movido por energ\u00eda el\u00e9ctrica &hellip; <a href=\"https:\/\/blog.uclm.es\/molinoferrera\/el-molino-en-almaden\/ubicacion\/\" class=\"more-link\">Seguir leyendo <span class=\"screen-reader-text\">Ubicaci\u00f3n<\/span> <span class=\"meta-nav\">&rarr;<\/span><\/a><\/p>\n","protected":false},"author":401,"featured_media":0,"parent":8,"menu_order":0,"comment_status":"closed","ping_status":"closed","template":"","meta":{"footnotes":""},"class_list":["post-38","page","type-page","status-publish","hentry"],"_links":{"self":[{"href":"https:\/\/blog.uclm.es\/molinoferrera\/wp-json\/wp\/v2\/pages\/38","targetHints":{"allow":["GET"]}}],"collection":[{"href":"https:\/\/blog.uclm.es\/molinoferrera\/wp-json\/wp\/v2\/pages"}],"about":[{"href":"https:\/\/blog.uclm.es\/molinoferrera\/wp-json\/wp\/v2\/types\/page"}],"author":[{"embeddable":true,"href":"https:\/\/blog.uclm.es\/molinoferrera\/wp-json\/wp\/v2\/users\/401"}],"replies":[{"embeddable":true,"href":"https:\/\/blog.uclm.es\/molinoferrera\/wp-json\/wp\/v2\/comments?post=38"}],"version-history":[{"count":0,"href":"https:\/\/blog.uclm.es\/molinoferrera\/wp-json\/wp\/v2\/pages\/38\/revisions"}],"up":[{"embeddable":true,"href":"https:\/\/blog.uclm.es\/molinoferrera\/wp-json\/wp\/v2\/pages\/8"}],"wp:attachment":[{"href":"https:\/\/blog.uclm.es\/molinoferrera\/wp-json\/wp\/v2\/media?parent=38"}],"curies":[{"name":"wp","href":"https:\/\/api.w.org\/{rel}","templated":true}]}}