{"id":36,"date":"2016-04-29T17:19:49","date_gmt":"2016-04-29T16:19:49","guid":{"rendered":"http:\/\/blog.uclm.es\/molinoferrera\/?page_id=36"},"modified":"2016-04-29T17:19:49","modified_gmt":"2016-04-29T16:19:49","slug":"el-molino-de-los-ferrera","status":"publish","type":"page","link":"https:\/\/blog.uclm.es\/molinoferrera\/el-molino-de-la-dehesa\/el-molino-de-los-ferrera\/","title":{"rendered":"El Molino de los Ferrera"},"content":{"rendered":"<p style=\"text-align: justify\">El molino se encontraba originariamente ubicado en el t\u00e9rmino municipal de Almad\u00e9n en la ribera del r\u00edo Valdeazogues y cerca de la confluencia con el arroyo de la Candelera, pr\u00f3ximo tanto al antiguo trazado de la carretera comarcal C-424 como al actual trazado. Se accede a \u00e9l a trav\u00e9s de un desv\u00edo hacia la antigua carretera que parte hacia la izquierda en el kil\u00f3metro 6,300 en sentido Almadenejos desde Almad\u00e9n antes de llegar al puente nuevo de Almadenejos. A unos 550 metros parte a la derecha un camino que cruza con un peque\u00f1o puente sobre el arroyo del Tamujar, llegando a la finca tomando el camino de la derecha a unos 300 metros. La distancia que hab\u00eda desde el molino a la poblaci\u00f3n de Almad\u00e9n por la carretera antigua era de uno 7,1 km.<\/p>\n<figure id=\"attachment_93\" aria-describedby=\"caption-attachment-93\" style=\"width: 474px\" class=\"wp-caption aligncenter\"><a href=\"https:\/\/blog.uclm.es\/molinoferrera\/wp-content\/uploads\/sites\/240\/2016\/04\/UBICACION.jpg\" target=\"_blank\" rel=\"noopener\"><img loading=\"lazy\" decoding=\"async\" class=\"wp-image-93 size-large\" title=\"Pulsa para ver en grande\" src=\"https:\/\/blog.uclm.es\/molinoferrera\/wp-content\/uploads\/sites\/240\/2016\/04\/UBICACION-1024x711.jpg\" alt=\"Ubicaci\u00f3n del Molino Ferrera\" width=\"474\" height=\"329\" srcset=\"https:\/\/blog.uclm.es\/molinoferrera\/wp-content\/uploads\/sites\/240\/2016\/04\/UBICACION-1024x711.jpg 1024w, https:\/\/blog.uclm.es\/molinoferrera\/wp-content\/uploads\/sites\/240\/2016\/04\/UBICACION-300x208.jpg 300w, https:\/\/blog.uclm.es\/molinoferrera\/wp-content\/uploads\/sites\/240\/2016\/04\/UBICACION-768x533.jpg 768w, https:\/\/blog.uclm.es\/molinoferrera\/wp-content\/uploads\/sites\/240\/2016\/04\/UBICACION-1536x1066.jpg 1536w, https:\/\/blog.uclm.es\/molinoferrera\/wp-content\/uploads\/sites\/240\/2016\/04\/UBICACION.jpg 1700w\" sizes=\"auto, (max-width: 474px) 100vw, 474px\" \/><\/a><figcaption id=\"caption-attachment-93\" class=\"wp-caption-text\">Ubicaci\u00f3n del Molino Ferrera<\/figcaption><\/figure>\n<p>http:\/\/www.scribblemaps.com\/maps\/view\/Prueba_1\/Molin<\/p>\n<p style=\"text-align: justify\">En el catastro de Ensenada (Ensenada, 1749-1756) se recoge en la relaci\u00f3n de molinos con el nombre de Molino de Pe\u00f1atejeda, propiedad de D. Jos\u00e9 Barea, con dos piedras, produc\u00eda durante cinco meses al a\u00f1o por falta de agua y \u201cregulan cada a\u00f1o 5 fanegas de trigo\u201d. Sin embargo, en el plano topogr\u00e1fico de 1889 (Espa\u00f1a, 1889) ya aparece con el nombre de Molino de la Dehesa, sin embargo es popularmente conocido con el nombre de Molino de los Ferrera, en virtud de sus \u00faltimos due\u00f1os.<\/p>\n<figure id=\"attachment_96\" aria-describedby=\"caption-attachment-96\" style=\"width: 474px\" class=\"wp-caption aligncenter\"><a href=\"https:\/\/blog.uclm.es\/molinoferrera\/wp-content\/uploads\/sites\/240\/2016\/04\/UBICACION21.jpg\" target=\"_blank\" rel=\"noopener\"><img loading=\"lazy\" decoding=\"async\" class=\"wp-image-96 size-large\" title=\"Pulsa para ver en grande\" src=\"https:\/\/blog.uclm.es\/molinoferrera\/wp-content\/uploads\/sites\/240\/2016\/04\/UBICACION21-1024x543.jpg\" alt=\"UBICACION21\" width=\"474\" height=\"251\" srcset=\"https:\/\/blog.uclm.es\/molinoferrera\/wp-content\/uploads\/sites\/240\/2016\/04\/UBICACION21-1024x543.jpg 1024w, https:\/\/blog.uclm.es\/molinoferrera\/wp-content\/uploads\/sites\/240\/2016\/04\/UBICACION21-300x159.jpg 300w, https:\/\/blog.uclm.es\/molinoferrera\/wp-content\/uploads\/sites\/240\/2016\/04\/UBICACION21-768x407.jpg 768w, https:\/\/blog.uclm.es\/molinoferrera\/wp-content\/uploads\/sites\/240\/2016\/04\/UBICACION21-1536x815.jpg 1536w, https:\/\/blog.uclm.es\/molinoferrera\/wp-content\/uploads\/sites\/240\/2016\/04\/UBICACION21.jpg 1800w\" sizes=\"auto, (max-width: 474px) 100vw, 474px\" \/><\/a><figcaption id=\"caption-attachment-96\" class=\"wp-caption-text\">Detalle ubicaci\u00f3n<\/figcaption><\/figure>\n<p style=\"text-align: justify\">Seg\u00fan la informaci\u00f3n catastral actual est\u00e1 ubicado en el Pol\u00edgono 3 Parcela 133, Guadalperal, Almad\u00e9n con una superficie total de unas 16,22 ha. Sin embargo, su extensi\u00f3n era mucho mayor a mediados del siglo XX, produci\u00e9ndose la venta parcial de algunas zonas por sus propietarios a finales del siglo XX.<\/p>\n<p style=\"text-align: justify\">El molino que se estudia, era uno de los dos existentes en el molino de los Ferrera donde originalmente en el mismo edificio se albergaban dos molinos de piedra. Uno de ellos estaba destinado al trigo y el otro a la cebada\u00a0 (<em>Ferrera, Isabel, entrevista personal, 2015<\/em>).<\/p>\n<figure id=\"attachment_98\" aria-describedby=\"caption-attachment-98\" style=\"width: 474px\" class=\"wp-caption aligncenter\"><a href=\"https:\/\/blog.uclm.es\/molinoferrera\/wp-content\/uploads\/sites\/240\/2016\/04\/molino_ferrera.jpg\" target=\"_blank\" rel=\"noopener\"><img loading=\"lazy\" decoding=\"async\" class=\"wp-image-98 size-large\" title=\"Pulsa para ver la foto en grande\" src=\"https:\/\/blog.uclm.es\/molinoferrera\/wp-content\/uploads\/sites\/240\/2016\/04\/molino_ferrera-1024x683.jpg\" alt=\"molino_ferrera\" width=\"474\" height=\"316\" srcset=\"https:\/\/blog.uclm.es\/molinoferrera\/wp-content\/uploads\/sites\/240\/2016\/04\/molino_ferrera-1024x683.jpg 1024w, https:\/\/blog.uclm.es\/molinoferrera\/wp-content\/uploads\/sites\/240\/2016\/04\/molino_ferrera-300x200.jpg 300w, https:\/\/blog.uclm.es\/molinoferrera\/wp-content\/uploads\/sites\/240\/2016\/04\/molino_ferrera-768x512.jpg 768w, https:\/\/blog.uclm.es\/molinoferrera\/wp-content\/uploads\/sites\/240\/2016\/04\/molino_ferrera-1536x1024.jpg 1536w, https:\/\/blog.uclm.es\/molinoferrera\/wp-content\/uploads\/sites\/240\/2016\/04\/molino_ferrera-2048x1365.jpg 2048w\" sizes=\"auto, (max-width: 474px) 100vw, 474px\" \/><\/a><figcaption id=\"caption-attachment-98\" class=\"wp-caption-text\">Interior del Molino Ferrera<\/figcaption><\/figure>\n<p style=\"text-align: justify\">\u00a0En la foto superior se puede apreciar el espacio dejado por la piedra que fue trasladada a Almad\u00e9n.<\/p>\n<p style=\"text-align: justify\">Originariamente el molino ten\u00eda una presa que desviaba el agua hacia el caz, hoy\u00a0desaparecida, La longitud del caz es de unos 1.200 metros, construido en tierra, piedra y mamposter\u00eda,\u00a0que discurre de manera pr\u00e1cticamente paralela al r\u00edo, apreci\u00e1ndose parte del mismo en la\u00a0fotograf\u00eda a\u00e9rea y conserv\u00e1ndose en la parte trasera del molino, el inicio del\u00a0socaz en buen estado.<\/p>\n<figure id=\"attachment_101\" aria-describedby=\"caption-attachment-101\" style=\"width: 474px\" class=\"wp-caption aligncenter\"><a href=\"https:\/\/blog.uclm.es\/molinoferrera\/wp-content\/uploads\/sites\/240\/2016\/04\/cazbing.jpg\" target=\"_blank\" rel=\"noopener\"><img loading=\"lazy\" decoding=\"async\" class=\"wp-image-101 size-large\" title=\"Pulsa para ver en grande\" src=\"https:\/\/blog.uclm.es\/molinoferrera\/wp-content\/uploads\/sites\/240\/2016\/04\/cazbing-1024x634.jpg\" alt=\"cazbing\" width=\"474\" height=\"293\" srcset=\"https:\/\/blog.uclm.es\/molinoferrera\/wp-content\/uploads\/sites\/240\/2016\/04\/cazbing-1024x634.jpg 1024w, https:\/\/blog.uclm.es\/molinoferrera\/wp-content\/uploads\/sites\/240\/2016\/04\/cazbing-300x186.jpg 300w, https:\/\/blog.uclm.es\/molinoferrera\/wp-content\/uploads\/sites\/240\/2016\/04\/cazbing-768x475.jpg 768w, https:\/\/blog.uclm.es\/molinoferrera\/wp-content\/uploads\/sites\/240\/2016\/04\/cazbing.jpg 1451w\" sizes=\"auto, (max-width: 474px) 100vw, 474px\" \/><\/a><figcaption id=\"caption-attachment-101\" class=\"wp-caption-text\">Situaci\u00f3n del caz<\/figcaption><\/figure>\n<figure id=\"attachment_102\" aria-describedby=\"caption-attachment-102\" style=\"width: 726px\" class=\"wp-caption aligncenter\"><a href=\"https:\/\/blog.uclm.es\/molinoferrera\/wp-content\/uploads\/sites\/240\/2016\/04\/caz.jpg\" target=\"_blank\" rel=\"noopener\"><img loading=\"lazy\" decoding=\"async\" class=\"wp-image-102 size-full\" src=\"https:\/\/blog.uclm.es\/molinoferrera\/wp-content\/uploads\/sites\/240\/2016\/04\/caz.jpg\" alt=\"caz\" width=\"726\" height=\"375\" srcset=\"https:\/\/blog.uclm.es\/molinoferrera\/wp-content\/uploads\/sites\/240\/2016\/04\/caz.jpg 726w, https:\/\/blog.uclm.es\/molinoferrera\/wp-content\/uploads\/sites\/240\/2016\/04\/caz-300x155.jpg 300w\" sizes=\"auto, (max-width: 726px) 100vw, 726px\" \/><\/a><figcaption id=\"caption-attachment-102\" class=\"wp-caption-text\">El caz en las minutas topogr\u00e1ficas de 1887<\/figcaption><\/figure>\n","protected":false},"excerpt":{"rendered":"<p>El molino se encontraba originariamente ubicado en el t\u00e9rmino municipal de Almad\u00e9n en la ribera del r\u00edo Valdeazogues y cerca de la confluencia con el arroyo de la Candelera, pr\u00f3ximo tanto al antiguo trazado de la carretera comarcal C-424 como al actual trazado. Se accede a \u00e9l a trav\u00e9s de un desv\u00edo hacia la antigua &hellip; <a href=\"https:\/\/blog.uclm.es\/molinoferrera\/el-molino-de-la-dehesa\/el-molino-de-los-ferrera\/\" class=\"more-link\">Seguir leyendo <span class=\"screen-reader-text\">El Molino de los Ferrera<\/span> <span class=\"meta-nav\">&rarr;<\/span><\/a><\/p>\n","protected":false},"author":401,"featured_media":0,"parent":6,"menu_order":1,"comment_status":"closed","ping_status":"closed","template":"","meta":{"footnotes":""},"class_list":["post-36","page","type-page","status-publish","hentry"],"_links":{"self":[{"href":"https:\/\/blog.uclm.es\/molinoferrera\/wp-json\/wp\/v2\/pages\/36","targetHints":{"allow":["GET"]}}],"collection":[{"href":"https:\/\/blog.uclm.es\/molinoferrera\/wp-json\/wp\/v2\/pages"}],"about":[{"href":"https:\/\/blog.uclm.es\/molinoferrera\/wp-json\/wp\/v2\/types\/page"}],"author":[{"embeddable":true,"href":"https:\/\/blog.uclm.es\/molinoferrera\/wp-json\/wp\/v2\/users\/401"}],"replies":[{"embeddable":true,"href":"https:\/\/blog.uclm.es\/molinoferrera\/wp-json\/wp\/v2\/comments?post=36"}],"version-history":[{"count":0,"href":"https:\/\/blog.uclm.es\/molinoferrera\/wp-json\/wp\/v2\/pages\/36\/revisions"}],"up":[{"embeddable":true,"href":"https:\/\/blog.uclm.es\/molinoferrera\/wp-json\/wp\/v2\/pages\/6"}],"wp:attachment":[{"href":"https:\/\/blog.uclm.es\/molinoferrera\/wp-json\/wp\/v2\/media?parent=36"}],"curies":[{"name":"wp","href":"https:\/\/api.w.org\/{rel}","templated":true}]}}