{"id":34,"date":"2016-04-29T17:19:18","date_gmt":"2016-04-29T16:19:18","guid":{"rendered":"http:\/\/blog.uclm.es\/molinoferrera\/?page_id=34"},"modified":"2016-04-29T17:19:18","modified_gmt":"2016-04-29T16:19:18","slug":"los-molinos-de-agua-en-la-ribera-de-gargantiel","status":"publish","type":"page","link":"https:\/\/blog.uclm.es\/molinoferrera\/el-molino-de-la-dehesa\/los-molinos-de-agua-en-la-ribera-de-gargantiel\/","title":{"rendered":"Los molinos de agua en la Ribera de Gargantiel"},"content":{"rendered":"<p style=\"text-align: justify\">La Ribera del Gargantiel fue una de los cauces fluviales de la comarca de Almad\u00e9n con un mayor n\u00famero de molinos hidr\u00e1ulicos.<\/p>\n<p style=\"text-align: justify\">En las Relaciones Topogr\u00e1ficas de Felipe II del a\u00f1o 1575 podemos encontrar como respuesta a la cuesti\u00f3n 22 el siguiente texto:<\/p>\n<p style=\"text-align: justify\"><em>En cuanto al cap\u00edtulo veinte y dos, en el dicho r\u00edo de Gargantiel hay veinte y seis\u00a0molinos y dos batanes; los molinos son de poca calidad y la mitad de ellos no muelen en\u00a0verano por falta de agua. Son de particulares aunque los m\u00e1s de ellos pagan censo\u00a0enfit\u00e9utico al comendador de Alcolea y diezmo de lo que ganan, y otros pagan a cierta\u00a0montarac\u00eda que dicen de Almod\u00f3var.<\/em><\/p>\n<p style=\"text-align: justify\">Con posterioridad en el catastro del Marqu\u00e9s de Ensenada, realizado a partir de 1749, \u00a0se encuentran registrados en la\u00a0Comarca de Almad\u00e9n un n\u00famero de 34 molinos, de los que una veintena se estaban ubicados en la Ribera del R\u00edo Gargantiel.<\/p>\n<p style=\"text-align: justify\">En la siguiente tabla se incluye una\u00a0relaci\u00f3n de estos con indicaci\u00f3n sobre el n\u00famero de piedras que ten\u00eda cada uno, el n\u00famero de meses que trabajaban a lo largo del a\u00f1o, su regulaci\u00f3n o parte cuant\u00eda anual de la molienda que se quedaba el molino y su due\u00f1o.<\/p>\n<p style=\"text-align: justify\">Algunos de estos molinos han ido cambiando de nombre a lo largo del tiempo y de algunos de ellos a\u00fan podemos encontrar sus restos. Lamentablemente muchos de ellos se encuentran derruidos.<\/p>\n<table style=\"border-style: hidden;height: 1790px;background-color: #e6e6fa\" border=\"1\" width=\"476\" cellspacing=\"0\" cellpadding=\"0\">\n<thead>\n<tr>\n<th style=\"width: 89px;vertical-align: middle;background-color: #339966\" scope=\"col\"><span style=\"font-family: verdana,geneva,sans-serif\"><span style=\"font-size: 12px\"><span style=\"color: #ffffff\"><strong>Nombre<\/strong><\/span><\/span><\/span><\/th>\n<th style=\"width: 112px;vertical-align: middle;background-color: #339966\" scope=\"col\"><span style=\"font-family: verdana,geneva,sans-serif\"><span style=\"font-size: 12px\"><span style=\"color: #ffffff\"><strong>Rio\/Cauce<\/strong><\/span><\/span><\/span><\/th>\n<th style=\"width: 134px;vertical-align: middle;background-color: #339966\" scope=\"col\"><span style=\"font-family: verdana,geneva,sans-serif\"><span style=\"font-size: 12px\"><span style=\"color: #ffffff\"><strong>Due\u00f1o<\/strong><\/span><\/span><\/span><\/th>\n<th style=\"width: 55px;vertical-align: middle;background-color: #339966\" scope=\"col\"><span style=\"font-family: verdana,geneva,sans-serif\"><span style=\"font-size: 12px\"><span style=\"color: #ffffff\"><strong>Piedra<\/strong><\/span><\/span><\/span><\/th>\n<th style=\"width: 147px;vertical-align: middle;background-color: #339966\" scope=\"col\"><span style=\"font-family: verdana,geneva,sans-serif\"><span style=\"font-size: 12px\"><span style=\"color: #ffffff\"><strong>Prod.\u00a0\/ Reg.<\/strong><\/span><\/span><\/span><\/th>\n<\/tr>\n<\/thead>\n<tbody>\n<tr>\n<td style=\"width: 89px\">\n<p style=\"text-align: center\"><strong><em><span style=\"font-family: verdana,geneva,sans-serif\"><span style=\"font-size: 12px\">Pe\u00f1atejada<\/span><\/span><\/em><\/strong><\/p>\n<\/td>\n<td style=\"width: 112px\">\n<p style=\"text-align: center\"><span style=\"font-family: verdana,geneva,sans-serif\"><span style=\"font-size: 12px\">Rio Gargantiel<\/span><\/span><\/p>\n<\/td>\n<td style=\"width: 134px\">\n<p style=\"text-align: center\"><span style=\"font-family: verdana,geneva,sans-serif\"><span style=\"font-size: 12px\">Jos\u00e9 Barea<\/span><\/span><\/p>\n<\/td>\n<td style=\"width: 55px\">\n<p style=\"text-align: center\"><span style=\"font-family: verdana,geneva,sans-serif\"><span style=\"font-size: 12px\">Dos<\/span><\/span><\/p>\n<\/td>\n<td style=\"width: 147px\">\n<p style=\"text-align: center\"><span style=\"font-family: verdana,geneva,sans-serif\"><span style=\"font-size: 12px\">Cinco meses \/ 10 fanegas<\/span><\/span><\/p>\n<\/td>\n<\/tr>\n<tr>\n<td style=\"width: 89px\">\n<p style=\"text-align: center\"><span style=\"font-family: verdana,geneva,sans-serif\"><span style=\"font-size: 12px\">Ana Bl\u00e1zquez<\/span><\/span><\/p>\n<\/td>\n<td style=\"width: 112px\">\n<p style=\"text-align: center\"><span style=\"font-family: verdana,geneva,sans-serif\"><span style=\"font-size: 12px\">Rio Gargantiel<\/span><\/span><\/p>\n<\/td>\n<td style=\"width: 134px\">\n<p style=\"text-align: center\"><span style=\"font-family: verdana,geneva,sans-serif\"><span style=\"font-size: 12px\">Ana Gonzalez<\/span><\/span><\/p>\n<\/td>\n<td style=\"width: 55px\">\n<p style=\"text-align: center\"><span style=\"font-family: verdana,geneva,sans-serif\"><span style=\"font-size: 12px\">Una<\/span><\/span><\/p>\n<\/td>\n<td style=\"width: 147px\">\n<p style=\"text-align: center\"><span style=\"font-family: verdana,geneva,sans-serif\"><span style=\"font-size: 12px\">Cinco meses\/12<\/span><\/span><\/p>\n<\/td>\n<\/tr>\n<tr>\n<td style=\"width: 89px\">\n<p style=\"text-align: center\"><span style=\"font-family: verdana,geneva,sans-serif\"><span style=\"font-size: 12px\">Toledano<\/span><\/span><\/p>\n<\/td>\n<td style=\"width: 112px\">\n<p style=\"text-align: center\"><span style=\"font-family: verdana,geneva,sans-serif\"><span style=\"font-size: 12px\">Ribera Baja de Gargantiel<\/span><\/span><\/p>\n<\/td>\n<td style=\"width: 134px\">\n<p style=\"text-align: center\"><span style=\"font-family: verdana,geneva,sans-serif\"><span style=\"font-size: 12px\">Antonio Batanero<\/span><\/span><\/p>\n<\/td>\n<td style=\"width: 55px\">\n<p style=\"text-align: center\"><span style=\"font-family: verdana,geneva,sans-serif\"><span style=\"font-size: 12px\">Una<\/span><\/span><\/p>\n<\/td>\n<td style=\"width: 147px\">\n<p style=\"text-align: center\"><span style=\"font-family: verdana,geneva,sans-serif\"><span style=\"font-size: 12px\">Cinco meses\/18<\/span><\/span><\/p>\n<\/td>\n<\/tr>\n<tr>\n<td style=\"width: 89px\">\n<p style=\"text-align: center\"><span style=\"font-family: verdana,geneva,sans-serif\"><span style=\"font-size: 12px\">De Malla<\/span><\/span><\/p>\n<\/td>\n<td style=\"width: 112px\">\n<p style=\"text-align: center\"><span style=\"font-family: verdana,geneva,sans-serif\"><span style=\"font-size: 12px\">Ribera Baja de Gargantiel<\/span><\/span><\/p>\n<\/td>\n<td style=\"width: 134px\">\n<p style=\"text-align: center\"><span style=\"font-family: verdana,geneva,sans-serif\"><span style=\"font-size: 12px\">Miguel de Zafra<\/span><\/span><\/p>\n<\/td>\n<td style=\"width: 55px\">\n<p style=\"text-align: center\"><span style=\"font-family: verdana,geneva,sans-serif\"><span style=\"font-size: 12px\">Una<\/span><\/span><\/p>\n<\/td>\n<td style=\"width: 147px\">\n<p style=\"text-align: center\"><span style=\"font-family: verdana,geneva,sans-serif\"><span style=\"font-size: 12px\">Cinco meses\/10<\/span><\/span><\/p>\n<\/td>\n<\/tr>\n<tr>\n<td style=\"width: 89px\">\n<p style=\"text-align: center\"><span style=\"font-family: verdana,geneva,sans-serif\"><span style=\"font-size: 12px\">Gastador<\/span><\/span><\/p>\n<\/td>\n<td style=\"width: 112px\">\n<p style=\"text-align: center\"><span style=\"font-family: verdana,geneva,sans-serif\"><span style=\"font-size: 12px\">Ribera Baja de Gargantiel<\/span><\/span><\/p>\n<\/td>\n<td style=\"width: 134px\">\n<p style=\"text-align: center\"><span style=\"font-family: verdana,geneva,sans-serif\"><span style=\"font-size: 12px\">Diego de C\u00f3rdova<\/span><\/span><\/p>\n<\/td>\n<td style=\"width: 55px\">\n<p style=\"text-align: center\"><span style=\"font-family: verdana,geneva,sans-serif\"><span style=\"font-size: 12px\">Una<\/span><\/span><\/p>\n<\/td>\n<td style=\"width: 147px\">\n<p style=\"text-align: center\"><span style=\"font-family: verdana,geneva,sans-serif\"><span style=\"font-size: 12px\">Seis meses\/ 25 de arrendamiento<\/span><\/span><\/p>\n<\/td>\n<\/tr>\n<tr>\n<td style=\"width: 89px\">\n<p style=\"text-align: center\"><span style=\"font-family: verdana,geneva,sans-serif\"><span style=\"font-size: 12px\">Retamiro<\/span><\/span><\/p>\n<\/td>\n<td style=\"width: 112px\">\n<p style=\"text-align: center\"><span style=\"font-family: verdana,geneva,sans-serif\"><span style=\"font-size: 12px\">Ribera Baja de Gargantiel<\/span><\/span><\/p>\n<\/td>\n<td style=\"width: 134px\">\n<p style=\"text-align: center\"><span style=\"font-family: verdana,geneva,sans-serif\"><span style=\"font-size: 12px\">Cayetano Le\u00f3n<\/span><\/span><\/p>\n<\/td>\n<td style=\"width: 55px\">\n<p style=\"text-align: center\"><span style=\"font-family: verdana,geneva,sans-serif\"><span style=\"font-size: 12px\">Una<\/span><\/span><\/p>\n<\/td>\n<td style=\"width: 147px\">\n<p style=\"text-align: center\"><span style=\"font-family: verdana,geneva,sans-serif\"><span style=\"font-size: 12px\">Seis meses\/13<\/span><\/span><\/p>\n<\/td>\n<\/tr>\n<tr>\n<td style=\"width: 89px\">\n<p style=\"text-align: center\"><span style=\"font-family: verdana,geneva,sans-serif\"><span style=\"font-size: 12px\">De la Virgen<\/span><\/span><\/p>\n<\/td>\n<td style=\"width: 112px\">\n<p style=\"text-align: center\"><span style=\"font-family: verdana,geneva,sans-serif\"><span style=\"font-size: 12px\">Ribera Baja de Gargantiel<\/span><\/span><\/p>\n<\/td>\n<td style=\"width: 134px\">\n<p style=\"text-align: center\"><span style=\"font-family: verdana,geneva,sans-serif\"><span style=\"font-size: 12px\">Francisco Cantalejo y Juan Balent\u00edn<\/span><\/span><\/p>\n<\/td>\n<td style=\"width: 55px\">\n<p style=\"text-align: center\"><span style=\"font-family: verdana,geneva,sans-serif\"><span style=\"font-size: 12px\">Una<\/span><\/span><\/p>\n<\/td>\n<td style=\"width: 147px\">\n<p style=\"text-align: center\"><span style=\"font-family: verdana,geneva,sans-serif\"><span style=\"font-size: 12px\">Diez meses\/12<\/span><\/span><\/p>\n<\/td>\n<\/tr>\n<tr>\n<td style=\"width: 89px\">\n<p style=\"text-align: center\"><span style=\"font-family: verdana,geneva,sans-serif\"><span style=\"font-size: 12px\">Del Moro<\/span><\/span><\/p>\n<\/td>\n<td style=\"width: 112px\">\n<p style=\"text-align: center\"><span style=\"font-family: verdana,geneva,sans-serif\"><span style=\"font-size: 12px\">Ribera Baja de Gargantiel<\/span><\/span><\/p>\n<\/td>\n<td style=\"width: 134px\">\n<p style=\"text-align: center\"><span style=\"font-family: verdana,geneva,sans-serif\"><span style=\"font-size: 12px\">Capellan\u00eda (Juan Mayoral y Barea)<\/span><\/span><\/p>\n<\/td>\n<td style=\"width: 55px\">\n<p style=\"text-align: center\"><span style=\"font-family: verdana,geneva,sans-serif\"><span style=\"font-size: 12px\">Una<\/span><\/span><\/p>\n<\/td>\n<td style=\"width: 147px\">\n<p style=\"text-align: center\"><span style=\"font-family: verdana,geneva,sans-serif\"><span style=\"font-size: 12px\">Doce meses\/ 22,5<\/span><\/span><\/p>\n<\/td>\n<\/tr>\n<tr>\n<td style=\"width: 89px\">\n<p style=\"text-align: center\"><strong><em><span style=\"font-family: verdana,geneva,sans-serif\"><span style=\"font-size: 12px\">De los \u00e1rboles<\/span><\/span><\/em><\/strong><\/p>\n<\/td>\n<td style=\"width: 112px\">\n<p style=\"text-align: center\"><span style=\"font-family: verdana,geneva,sans-serif\"><span style=\"font-size: 12px\">Ribera Alta de Gargantiel<\/span><\/span><\/p>\n<\/td>\n<td style=\"width: 134px\">\n<p style=\"text-align: center\"><span style=\"font-family: verdana,geneva,sans-serif\"><span style=\"font-size: 12px\">Mateo Calbo Send\u00edn<\/span><\/span><\/p>\n<\/td>\n<td style=\"width: 55px\">\n<p style=\"text-align: center\"><span style=\"font-family: verdana,geneva,sans-serif\"><span style=\"font-size: 12px\">Una<\/span><\/span><\/p>\n<\/td>\n<td style=\"width: 147px\">\n<p style=\"text-align: center\"><span style=\"font-family: verdana,geneva,sans-serif\"><span style=\"font-size: 12px\">Doce meses\/30<\/span><\/span><\/p>\n<\/td>\n<\/tr>\n<tr>\n<td style=\"width: 89px\">\n<p style=\"text-align: center\"><strong><em><span style=\"font-family: verdana,geneva,sans-serif\"><span style=\"font-size: 12px\">Chapinero<\/span><\/span><\/em><\/strong><\/p>\n<\/td>\n<td style=\"width: 112px\">\n<p style=\"text-align: center\"><span style=\"font-family: verdana,geneva,sans-serif\"><span style=\"font-size: 12px\">Ribera Alta de Gargantiel<\/span><\/span><\/p>\n<\/td>\n<td style=\"width: 134px\">\n<p style=\"text-align: center\"><span style=\"font-family: verdana,geneva,sans-serif\"><span style=\"font-size: 12px\">Capellan\u00eda (Andr\u00e9s de Puelles)<\/span><\/span><\/p>\n<\/td>\n<td style=\"width: 55px\">\n<p style=\"text-align: center\"><span style=\"font-family: verdana,geneva,sans-serif\"><span style=\"font-size: 12px\">Una<\/span><\/span><\/p>\n<\/td>\n<td style=\"width: 147px\">\n<p style=\"text-align: center\"><span style=\"font-family: verdana,geneva,sans-serif\"><span style=\"font-size: 12px\">Doce meses\/15,5<\/span><\/span><\/p>\n<\/td>\n<\/tr>\n<tr>\n<td style=\"width: 89px\">\n<p style=\"text-align: center\"><strong><em><span style=\"font-family: verdana,geneva,sans-serif\"><span style=\"font-size: 12px\">Abad<\/span><\/span><\/em><\/strong><\/p>\n<\/td>\n<td style=\"width: 112px\">\n<p style=\"text-align: center\"><span style=\"font-family: verdana,geneva,sans-serif\"><span style=\"font-size: 12px\">Ribera Alta de Gargantiel<\/span><\/span><\/p>\n<\/td>\n<td style=\"width: 134px\">\n<p style=\"text-align: center\"><span style=\"font-family: verdana,geneva,sans-serif\"><span style=\"font-size: 12px\">Antonia Batanero y Francisco Manuel Merino<\/span><\/span><\/p>\n<\/td>\n<td style=\"width: 55px\">\n<p style=\"text-align: center\"><span style=\"font-family: verdana,geneva,sans-serif\"><span style=\"font-size: 12px\">Una<\/span><\/span><\/p>\n<\/td>\n<td style=\"width: 147px\">\n<p style=\"text-align: center\"><span style=\"font-family: verdana,geneva,sans-serif\"><span style=\"font-size: 12px\">Doce meses\/28<\/span><\/span><\/p>\n<\/td>\n<\/tr>\n<tr>\n<td style=\"width: 89px\">\n<p style=\"text-align: center\"><strong><em><span style=\"font-family: verdana,geneva,sans-serif\"><span style=\"font-size: 12px\">Igueruela<\/span><\/span><\/em><\/strong><\/p>\n<\/td>\n<td style=\"width: 112px\">\n<p style=\"text-align: center\"><span style=\"font-family: verdana,geneva,sans-serif\"><span style=\"font-size: 12px\">Ribera Alta de Gargantiel<\/span><\/span><\/p>\n<\/td>\n<td style=\"width: 134px\">\n<p style=\"text-align: center\"><span style=\"font-family: verdana,geneva,sans-serif\"><span style=\"font-size: 12px\">Mateo Calbo Send\u00edn<\/span><\/span><\/p>\n<\/td>\n<td style=\"width: 55px\">\n<p style=\"text-align: center\"><span style=\"font-family: verdana,geneva,sans-serif\"><span style=\"font-size: 12px\">Una<\/span><\/span><\/p>\n<\/td>\n<td style=\"width: 147px\">\n<p style=\"text-align: center\"><span style=\"font-family: verdana,geneva,sans-serif\"><span style=\"font-size: 12px\">Doce meses\/19<\/span><\/span><\/p>\n<\/td>\n<\/tr>\n<tr>\n<td style=\"width: 89px\">\n<p style=\"text-align: center\"><em><strong><span style=\"font-family: verdana,geneva,sans-serif\"><span style=\"font-size: 12px\">Aulla Lobos<\/span><\/span><\/strong><\/em><\/p>\n<\/td>\n<td style=\"width: 112px\">\n<p style=\"text-align: center\"><span style=\"font-family: verdana,geneva,sans-serif\"><span style=\"font-size: 12px\">Ribera Alta de Gargantiel<\/span><\/span><\/p>\n<\/td>\n<td style=\"width: 134px\">\n<p style=\"text-align: center\"><span style=\"font-family: verdana,geneva,sans-serif\"><span style=\"font-size: 12px\">Juan Ramirez Calder\u00f3n y Mar\u00eda L\u00f3pez de la Serrana<\/span><\/span><\/p>\n<\/td>\n<td style=\"width: 55px\">\n<p style=\"text-align: center\"><span style=\"font-family: verdana,geneva,sans-serif\"><span style=\"font-size: 12px\">Una<\/span><\/span><\/p>\n<\/td>\n<td style=\"width: 147px\">\n<p style=\"text-align: center\"><span style=\"font-family: verdana,geneva,sans-serif\"><span style=\"font-size: 12px\">Doce meses\/12<\/span><\/span><\/p>\n<\/td>\n<\/tr>\n<tr>\n<td style=\"width: 89px\">\n<p style=\"text-align: center\"><span style=\"font-family: verdana,geneva,sans-serif\"><span style=\"font-size: 12px\">Castanilla<\/span><\/span><\/p>\n<\/td>\n<td style=\"width: 112px\">\n<p style=\"text-align: center\"><span style=\"font-family: verdana,geneva,sans-serif\"><span style=\"font-size: 12px\">Ribera Alta de Gargantiel<\/span><\/span><\/p>\n<\/td>\n<td style=\"width: 134px\">\n<p style=\"text-align: center\"><span style=\"font-family: verdana,geneva,sans-serif\"><span style=\"font-size: 12px\">Lorenzo Tajada y la Obra P\u00eda de Chill\u00f3n<\/span><\/span><\/p>\n<\/td>\n<td style=\"width: 55px\">\n<p style=\"text-align: center\"><span style=\"font-family: verdana,geneva,sans-serif\"><span style=\"font-size: 12px\">Una<\/span><\/span><\/p>\n<\/td>\n<td style=\"width: 147px\">\n<p style=\"text-align: center\"><span style=\"font-family: verdana,geneva,sans-serif\"><span style=\"font-size: 12px\">Doce meses\/30<\/span><\/span><\/p>\n<\/td>\n<\/tr>\n<tr>\n<td style=\"width: 89px\">\n<p style=\"text-align: center\"><span style=\"font-family: verdana,geneva,sans-serif\"><span style=\"font-size: 12px\">El de Carrasco<\/span><\/span><\/p>\n<\/td>\n<td style=\"width: 112px\">\n<p style=\"text-align: center\"><span style=\"font-family: verdana,geneva,sans-serif\"><span style=\"font-size: 12px\">Ribera Alta de Gargantiel<\/span><\/span><\/p>\n<\/td>\n<td style=\"width: 134px\">\n<p style=\"text-align: center\"><span style=\"font-family: verdana,geneva,sans-serif\"><span style=\"font-size: 12px\">Diego Astorga y Francisco Antonio Montes<\/span><\/span><\/p>\n<\/td>\n<td style=\"width: 55px\">\n<p style=\"text-align: center\"><span style=\"font-family: verdana,geneva,sans-serif\"><span style=\"font-size: 12px\">Una<\/span><\/span><\/p>\n<\/td>\n<td style=\"width: 147px\">\n<p style=\"text-align: center\"><span style=\"font-family: verdana,geneva,sans-serif\"><span style=\"font-size: 12px\">Doce meses\/28<\/span><\/span><\/p>\n<\/td>\n<\/tr>\n<tr>\n<td style=\"width: 89px\">\n<p style=\"text-align: center\"><span style=\"font-family: verdana,geneva,sans-serif\"><span style=\"font-size: 12px\">Ca\u00f1ada del Picado<\/span><\/span><\/p>\n<\/td>\n<td style=\"width: 112px\">\n<p style=\"text-align: center\"><span style=\"font-family: verdana,geneva,sans-serif\"><span style=\"font-size: 12px\">Ribera Alta de Gargantiel<\/span><\/span><\/p>\n<\/td>\n<td style=\"width: 134px\">\n<p style=\"text-align: center\"><span style=\"font-family: verdana,geneva,sans-serif\"><span style=\"font-size: 12px\">Juan Antonio Fern\u00e1ndez Calderon<\/span><\/span><\/p>\n<\/td>\n<td style=\"width: 55px\">\n<p style=\"text-align: center\"><span style=\"font-family: verdana,geneva,sans-serif\"><span style=\"font-size: 12px\">Una<\/span><\/span><\/p>\n<\/td>\n<td style=\"width: 147px\">\n<p style=\"text-align: center\"><span style=\"font-family: verdana,geneva,sans-serif\"><span style=\"font-size: 12px\">Doce meses\/16<\/span><\/span><\/p>\n<\/td>\n<\/tr>\n<tr>\n<td style=\"width: 89px\">\n<p style=\"text-align: center\"><span style=\"font-family: verdana,geneva,sans-serif\"><span style=\"font-size: 12px\">Del de la Calle<\/span><\/span><\/p>\n<\/td>\n<td style=\"width: 112px\">\n<p style=\"text-align: center\"><span style=\"font-family: verdana,geneva,sans-serif\"><span style=\"font-size: 12px\">Ribera Alta de Gargantiel<\/span><\/span><\/p>\n<\/td>\n<td style=\"width: 134px\">\n<p style=\"text-align: center\"><span style=\"font-family: verdana,geneva,sans-serif\"><span style=\"font-size: 12px\">Mateo Calbo Send\u00edn<\/span><\/span><\/p>\n<\/td>\n<td style=\"width: 55px\">\n<p style=\"text-align: center\"><span style=\"font-family: verdana,geneva,sans-serif\"><span style=\"font-size: 12px\">Una<\/span><\/span><\/p>\n<\/td>\n<td style=\"width: 147px\">\n<p style=\"text-align: center\"><span style=\"font-family: verdana,geneva,sans-serif\"><span style=\"font-size: 12px\">Doce meses\/8<\/span><\/span><\/p>\n<\/td>\n<\/tr>\n<tr>\n<td style=\"width: 89px\">\n<p style=\"text-align: center\"><span style=\"font-family: verdana,geneva,sans-serif\"><span style=\"font-size: 12px\">De la Nieta<\/span><\/span><\/p>\n<\/td>\n<td style=\"width: 112px\">\n<p style=\"text-align: center\"><span style=\"font-family: verdana,geneva,sans-serif\"><span style=\"font-size: 12px\">Ribera Alta de Gargantiel<\/span><\/span><\/p>\n<\/td>\n<td style=\"width: 134px\">\n<p style=\"text-align: center\"><span style=\"font-family: verdana,geneva,sans-serif\"><span style=\"font-size: 12px\">Manuel Pizarro<\/span><\/span><\/p>\n<\/td>\n<td style=\"width: 55px\">\n<p style=\"text-align: center\"><span style=\"font-family: verdana,geneva,sans-serif\"><span style=\"font-size: 12px\">Una<\/span><\/span><\/p>\n<\/td>\n<td style=\"width: 147px\">\n<p style=\"text-align: center\"><span style=\"font-family: verdana,geneva,sans-serif\"><span style=\"font-size: 12px\">Doce meses\/12<\/span><\/span><\/p>\n<\/td>\n<\/tr>\n<tr>\n<td style=\"width: 89px\">\n<p style=\"text-align: center\"><span style=\"font-family: verdana,geneva,sans-serif\"><span style=\"font-size: 12px\">De\u00a0la Corcha<\/span><\/span><\/p>\n<\/td>\n<td style=\"width: 112px\">\n<p style=\"text-align: center\"><span style=\"font-family: verdana,geneva,sans-serif\"><span style=\"font-size: 12px\">Ribera Alta de Gargantiel<\/span><\/span><\/p>\n<\/td>\n<td style=\"width: 134px\">\n<p style=\"text-align: center\"><span style=\"font-family: verdana,geneva,sans-serif\"><span style=\"font-size: 12px\">Manuel Avilero y Juan Bador Carbonero<\/span><\/span><\/p>\n<\/td>\n<td style=\"width: 55px\">\n<p style=\"text-align: center\"><span style=\"font-family: verdana,geneva,sans-serif\"><span style=\"font-size: 12px\">Una<\/span><\/span><\/p>\n<\/td>\n<td style=\"width: 147px\">\n<p style=\"text-align: center\"><span style=\"font-family: verdana,geneva,sans-serif\"><span style=\"font-size: 12px\">Doce meses\/28<\/span><\/span><\/p>\n<\/td>\n<\/tr>\n<tr>\n<td style=\"width: 89px\">\n<p style=\"text-align: center\"><span style=\"font-family: verdana,geneva,sans-serif\"><span style=\"font-size: 12px\">Soterriza<\/span><\/span><\/p>\n<\/td>\n<td style=\"width: 112px\">\n<p style=\"text-align: center\"><span style=\"font-family: verdana,geneva,sans-serif\"><span style=\"font-size: 12px\">Ribera Alta de Gargantiel<\/span><\/span><\/p>\n<\/td>\n<td style=\"width: 134px\">\n<p style=\"text-align: center\"><span style=\"font-family: verdana,geneva,sans-serif\"><span style=\"font-size: 12px\">Domingo de la Cruz<\/span><\/span><\/p>\n<\/td>\n<td style=\"width: 55px\">\n<p style=\"text-align: center\"><span style=\"font-family: verdana,geneva,sans-serif\"><span style=\"font-size: 12px\">Una<\/span><\/span><\/p>\n<\/td>\n<td style=\"width: 147px\">\n<p style=\"text-align: center\"><span style=\"font-family: verdana,geneva,sans-serif\"><span style=\"font-size: 12px\">Doce meses\/18<\/span><\/span><\/p>\n<\/td>\n<\/tr>\n<tr>\n<td style=\"width: 89px\">\n<p style=\"text-align: center\"><span style=\"font-family: verdana,geneva,sans-serif\"><span style=\"font-size: 12px\">Toconal<\/span><\/span><\/p>\n<\/td>\n<td style=\"width: 112px\">\n<p style=\"text-align: center\"><span style=\"font-family: verdana,geneva,sans-serif\"><span style=\"font-size: 12px\">Rio Gargantiel<\/span><\/span><\/p>\n<\/td>\n<td style=\"width: 134px\">\n<p style=\"text-align: center\"><span style=\"font-family: verdana,geneva,sans-serif\"><span style=\"font-size: 12px\">Francisco Antonio Montes<\/span><\/span><\/p>\n<\/td>\n<td style=\"width: 55px\">\n<p style=\"text-align: center\"><span style=\"font-family: verdana,geneva,sans-serif\"><span style=\"font-size: 12px\">Dos<\/span><\/span><\/p>\n<\/td>\n<td style=\"width: 147px\"><span style=\"font-family: verdana,geneva,sans-serif\"><span style=\"font-size: 12px\">Cinco meses\/100<\/span><\/span><\/td>\n<\/tr>\n<\/tbody>\n<\/table>\n<p>&nbsp;<\/p>\n<p>En la siguiente imagen puedes ver m\u00e1s informaci\u00f3n sobre cada uno de los molinos.<\/p>\n<p><iframe loading=\"lazy\" src=\"https:\/\/www.google.com\/maps\/d\/embed?mid=12J16sTmK0jOtJwR4sTKjwTff_Xc\" width=\"640\" height=\"480\"><\/iframe><\/p>\n","protected":false},"excerpt":{"rendered":"<p>La Ribera del Gargantiel fue una de los cauces fluviales de la comarca de Almad\u00e9n con un mayor n\u00famero de molinos hidr\u00e1ulicos. En las Relaciones Topogr\u00e1ficas de Felipe II del a\u00f1o 1575 podemos encontrar como respuesta a la cuesti\u00f3n 22 el siguiente texto: En cuanto al cap\u00edtulo veinte y dos, en el dicho r\u00edo de &hellip; <a href=\"https:\/\/blog.uclm.es\/molinoferrera\/el-molino-de-la-dehesa\/los-molinos-de-agua-en-la-ribera-de-gargantiel\/\" class=\"more-link\">Seguir leyendo <span class=\"screen-reader-text\">Los molinos de agua en la Ribera de Gargantiel<\/span> <span class=\"meta-nav\">&rarr;<\/span><\/a><\/p>\n","protected":false},"author":401,"featured_media":0,"parent":6,"menu_order":0,"comment_status":"closed","ping_status":"closed","template":"","meta":{"footnotes":""},"class_list":["post-34","page","type-page","status-publish","hentry"],"_links":{"self":[{"href":"https:\/\/blog.uclm.es\/molinoferrera\/wp-json\/wp\/v2\/pages\/34","targetHints":{"allow":["GET"]}}],"collection":[{"href":"https:\/\/blog.uclm.es\/molinoferrera\/wp-json\/wp\/v2\/pages"}],"about":[{"href":"https:\/\/blog.uclm.es\/molinoferrera\/wp-json\/wp\/v2\/types\/page"}],"author":[{"embeddable":true,"href":"https:\/\/blog.uclm.es\/molinoferrera\/wp-json\/wp\/v2\/users\/401"}],"replies":[{"embeddable":true,"href":"https:\/\/blog.uclm.es\/molinoferrera\/wp-json\/wp\/v2\/comments?post=34"}],"version-history":[{"count":0,"href":"https:\/\/blog.uclm.es\/molinoferrera\/wp-json\/wp\/v2\/pages\/34\/revisions"}],"up":[{"embeddable":true,"href":"https:\/\/blog.uclm.es\/molinoferrera\/wp-json\/wp\/v2\/pages\/6"}],"wp:attachment":[{"href":"https:\/\/blog.uclm.es\/molinoferrera\/wp-json\/wp\/v2\/media?parent=34"}],"curies":[{"name":"wp","href":"https:\/\/api.w.org\/{rel}","templated":true}]}}