{"id":32,"date":"2016-04-29T17:16:28","date_gmt":"2016-04-29T16:16:28","guid":{"rendered":"http:\/\/blog.uclm.es\/molinoferrera\/?page_id=32"},"modified":"2016-04-29T17:16:28","modified_gmt":"2016-04-29T16:16:28","slug":"el-molino-hidraulico","status":"publish","type":"page","link":"https:\/\/blog.uclm.es\/molinoferrera\/pagina-ejemplo-2\/el-molino-hidraulico\/","title":{"rendered":"El molino hidra\u00falico"},"content":{"rendered":"<p style=\"text-align: justify\">El molino hidr\u00e1ulico o molino de agua es aquel que utiliza la energ\u00eda cin\u00e9tica del movimiento del agua para mover un artilugio mec\u00e1nicos y que puede ser utilizado para la molienda de cereales, la generaci\u00f3n de electricidad o el drenaje de grandes \u00e1reas de humedales utilizando la energ\u00eda potencial que libera el agua al fluir.<\/p>\n<p style=\"text-align: justify\">Una posible clasificaci\u00f3n de estos se puede hacer en funci\u00f3n de la posici\u00f3n de la <strong>rueda<\/strong>.<\/p>\n<ol>\n<li style=\"padding-left: 30px\">Rueda vertical o \u00ab<em>ace\u00f1as\u00bb<\/em>\n<ul>\n<li style=\"padding-left: 30px\">De rueda vitruviana.<\/li>\n<li style=\"padding-left: 30px\">De rueda gravitatoria o de cangilones.<\/li>\n<li style=\"padding-left: 30px\">Molinos flotantes.<\/li>\n<\/ul>\n<\/li>\n<li style=\"padding-left: 30px\">Rueda horizontal o \u00ab<em>rodeznos\u00bb<\/em>\n<ul>\n<li style=\"padding-left: 30px\">Molino de canal.<\/li>\n<li style=\"padding-left: 30px\">Molino de cubo.<\/li>\n<li style=\"padding-left: 30px\">Molino de regolfos con cubos.<\/li>\n<li style=\"padding-left: 30px\">Molino de mareas.<\/li>\n<li style=\"padding-left: 30px\">Molino de turbinas.<\/li>\n<\/ul>\n<\/li>\n<\/ol>\n<p style=\"text-align: justify\">El molino de rueda vertical se situaba en importantes corrientes de agua dando una\u00a0gran producci\u00f3n y eficacia en la molienda.<\/p>\n<figure id=\"attachment_351\" aria-describedby=\"caption-attachment-351\" style=\"width: 300px\" class=\"wp-caption aligncenter\"><a href=\"https:\/\/blog.uclm.es\/molinoferrera\/wp-content\/uploads\/sites\/240\/2016\/04\/Arnsdorf_muhle.jpg\" target=\"_blank\" rel=\"noopener\"><img loading=\"lazy\" decoding=\"async\" class=\"wp-image-351 size-medium\" src=\"https:\/\/blog.uclm.es\/molinoferrera\/wp-content\/uploads\/sites\/240\/2016\/04\/Arnsdorf_muhle-300x236.jpg\" alt=\"SAMSUNG DIGITAL CAMERA\" width=\"300\" height=\"236\" srcset=\"https:\/\/blog.uclm.es\/molinoferrera\/wp-content\/uploads\/sites\/240\/2016\/04\/Arnsdorf_muhle-300x236.jpg 300w, https:\/\/blog.uclm.es\/molinoferrera\/wp-content\/uploads\/sites\/240\/2016\/04\/Arnsdorf_muhle-1024x804.jpg 1024w, https:\/\/blog.uclm.es\/molinoferrera\/wp-content\/uploads\/sites\/240\/2016\/04\/Arnsdorf_muhle-768x603.jpg 768w, https:\/\/blog.uclm.es\/molinoferrera\/wp-content\/uploads\/sites\/240\/2016\/04\/Arnsdorf_muhle.jpg 1263w\" sizes=\"auto, (max-width: 300px) 100vw, 300px\" \/><\/a><figcaption id=\"caption-attachment-351\" class=\"wp-caption-text\">Molina de rueda vertical<\/figcaption><\/figure>\n<p style=\"text-align: justify\">El principal problema t\u00e9cnico de este tipo de molinos, es la transformaci\u00f3n de la fuerza que transmite la rueda vertical, a trav\u00e9s de su eje en horizontal, a las piedras de la molienda que trabajaban igualmente en posici\u00f3n horizontal.<\/p>\n<p style=\"text-align: justify\">El molino de rueda vitruviana de paletas, se caracterizaba por su capacidad para dar una gran producci\u00f3n en la molienda de grano,\u00a0que pod\u00eda llegar hasta los 200 kilos\/hora. \u00a0Dependiendo de sus caracter\u00edsticas geom\u00e9tricas pod\u00eda llegar a mover piedras de hasta 1,4 a 2 metros.<\/p>\n<p style=\"text-align: justify\">El agua mov\u00eda la rueda empuj\u00e1ndola por su parte inferior.<\/p>\n<figure id=\"attachment_355\" aria-describedby=\"caption-attachment-355\" style=\"width: 226px\" class=\"wp-caption aligncenter\"><a href=\"https:\/\/blog.uclm.es\/molinoferrera\/wp-content\/uploads\/sites\/240\/2016\/04\/IMG3_Rueda-hidraulica-vertical-del-Martinete.jpg\" target=\"_blank\" rel=\"noopener\"><img loading=\"lazy\" decoding=\"async\" class=\"wp-image-355 size-medium\" src=\"https:\/\/blog.uclm.es\/molinoferrera\/wp-content\/uploads\/sites\/240\/2016\/04\/IMG3_Rueda-hidraulica-vertical-del-Martinete-226x300.jpg\" alt=\"Rueda vertical de martinete\" width=\"226\" height=\"300\" srcset=\"https:\/\/blog.uclm.es\/molinoferrera\/wp-content\/uploads\/sites\/240\/2016\/04\/IMG3_Rueda-hidraulica-vertical-del-Martinete-226x300.jpg 226w, https:\/\/blog.uclm.es\/molinoferrera\/wp-content\/uploads\/sites\/240\/2016\/04\/IMG3_Rueda-hidraulica-vertical-del-Martinete.jpg 557w\" sizes=\"auto, (max-width: 226px) 100vw, 226px\" \/><\/a><figcaption id=\"caption-attachment-355\" class=\"wp-caption-text\">Rueda vertical de martinete<\/figcaption><\/figure>\n<p>Los molinos de rueda gravitatoria o cangilones, se empleaban en cauces con caudal escaso, aprovechando la fuerza de la gravedad para mover la rueda. El agua alimentaba a la rueda por su parte superior.<\/p>\n<figure id=\"attachment_358\" aria-describedby=\"caption-attachment-358\" style=\"width: 855px\" class=\"wp-caption aligncenter\"><a href=\"https:\/\/blog.uclm.es\/molinoferrera\/wp-content\/uploads\/sites\/240\/2016\/04\/vertical.jpg\" target=\"_blank\" rel=\"noopener\"><img loading=\"lazy\" decoding=\"async\" class=\"wp-image-358 size-full\" src=\"https:\/\/blog.uclm.es\/molinoferrera\/wp-content\/uploads\/sites\/240\/2016\/04\/vertical.jpg\" alt=\"Variantes de molino de rueda vertical\" width=\"855\" height=\"526\" srcset=\"https:\/\/blog.uclm.es\/molinoferrera\/wp-content\/uploads\/sites\/240\/2016\/04\/vertical.jpg 855w, https:\/\/blog.uclm.es\/molinoferrera\/wp-content\/uploads\/sites\/240\/2016\/04\/vertical-300x185.jpg 300w, https:\/\/blog.uclm.es\/molinoferrera\/wp-content\/uploads\/sites\/240\/2016\/04\/vertical-768x472.jpg 768w\" sizes=\"auto, (max-width: 855px) 100vw, 855px\" \/><\/a><figcaption id=\"caption-attachment-358\" class=\"wp-caption-text\">Variantes de molino de rueda vertical<\/figcaption><\/figure>\n<p style=\"text-align: justify\">Por \u00faltimo, los molinos flotantes, se montaba una rueda\u00a0de ace\u00f1a en una o dos barcazas. La fuerza del agua mov\u00eda la rueda generando la energ\u00eda para los trabajos necesarios. Su uso fue limitado por la necesidad de un fuerte caudal .<\/p>\n<figure id=\"attachment_359\" aria-describedby=\"caption-attachment-359\" style=\"width: 330px\" class=\"wp-caption aligncenter\"><a href=\"https:\/\/blog.uclm.es\/molinoferrera\/wp-content\/uploads\/sites\/240\/2016\/04\/flotantes.jpg\" target=\"_blank\" rel=\"noopener\"><img loading=\"lazy\" decoding=\"async\" class=\"wp-image-359 size-full\" src=\"https:\/\/blog.uclm.es\/molinoferrera\/wp-content\/uploads\/sites\/240\/2016\/04\/flotantes.jpg\" alt=\"Molino flotante\" width=\"330\" height=\"203\" srcset=\"https:\/\/blog.uclm.es\/molinoferrera\/wp-content\/uploads\/sites\/240\/2016\/04\/flotantes.jpg 330w, https:\/\/blog.uclm.es\/molinoferrera\/wp-content\/uploads\/sites\/240\/2016\/04\/flotantes-300x185.jpg 300w\" sizes=\"auto, (max-width: 330px) 100vw, 330px\" \/><\/a><figcaption id=\"caption-attachment-359\" class=\"wp-caption-text\">Molino flotante<\/figcaption><\/figure>\n<p style=\"text-align: justify\">En lo que se refiere a los molinos de rueda horizontal, presentan menor complejidad t\u00e9cnica a la hora de la transmisi\u00f3n del movimiento y por su menor tama\u00f1o ten\u00edan una mayor versatilidad y adaptaci\u00f3n a los cauces y reg\u00edmenes hidr\u00e1ulicos.<\/p>\n<p style=\"text-align: justify\">En el de canal, se constru\u00eda un caz o canal para desviar a trav\u00e9s de \u00e9l la corriente del r\u00edo. Al principio del canal se pod\u00eda disponer de una zona de embalse y mediante un sistema de compuertas permitir el acceso del agua al caz. La compuerta tambi\u00e9n permit\u00eda regular el caudal que entraba al canal. El final del canal descargaba al c\u00e1rcavo o espacio situado bajo el molino, donde se encontraba el rodezno que recib\u00eda el chorro de agua y hac\u00eda girar toda la maquinaria.<br \/>\nEn estos molinos es fundamental el desnivel entre la entrada y punto de descarga, el dise\u00f1o de los \u00e1labes del rodezno, el \u00e1ngulo de incidencia del chorro de agua y la altura del salto final de agua. El di\u00e1metro de los rodeznos, no sol\u00eda superar 1,5 metros.<\/p>\n<figure id=\"attachment_364\" aria-describedby=\"caption-attachment-364\" style=\"width: 300px\" class=\"wp-caption aligncenter\"><a href=\"https:\/\/blog.uclm.es\/molinoferrera\/wp-content\/uploads\/sites\/240\/2016\/04\/canal-entrada.jpg\" target=\"_blank\" rel=\"noopener\"><img loading=\"lazy\" decoding=\"async\" class=\"wp-image-364 size-medium\" src=\"https:\/\/blog.uclm.es\/molinoferrera\/wp-content\/uploads\/sites\/240\/2016\/04\/canal-entrada-300x225.jpg\" alt=\"Caz de alimentaci\u00f3n al molino\" width=\"300\" height=\"225\" srcset=\"https:\/\/blog.uclm.es\/molinoferrera\/wp-content\/uploads\/sites\/240\/2016\/04\/canal-entrada-300x225.jpg 300w, https:\/\/blog.uclm.es\/molinoferrera\/wp-content\/uploads\/sites\/240\/2016\/04\/canal-entrada.jpg 517w\" sizes=\"auto, (max-width: 300px) 100vw, 300px\" \/><\/a><figcaption id=\"caption-attachment-364\" class=\"wp-caption-text\">Caz de alimentaci\u00f3n al molino<\/figcaption><\/figure>\n<p style=\"text-align: justify\">\u00a0En los molinos de cubo, se constru\u00eda un \u201ccubo de presi\u00f3n\u201d para ganar altura en el salto de agua y aumentar la energ\u00eda potencial. Se pod\u00eda conseguir que con una menor cantidad de agua la fuerza con la que incid\u00eda el chorro de agua sobre el rodezno fuese mayor y se obtuviese un mayor rendimiento. El cubo sol\u00eda estar hecho de piedra o ladrillo, variando su altura y di\u00e1metro.<br \/>\nEn estos casos, la tipolog\u00eda constructiva del molino constaba de una edificaci\u00f3n de tres o cuatro alturas, encontr\u00e1ndose en la inferior (semienterrada) el c\u00e1rcavo y rodezno. En las superiores se encontraba el resto de la maquinaria y zonas de trabajo con los cereales.<br \/>\nComo en los molinos de canales, el agua se hac\u00eda llegar al cubo a trav\u00e9s de un caz.\u00a0Algunos de estos molinos a su vez, ten\u00edan una presa que acumulaba agua para abastecer el cubo de una forma m\u00e1s regular.<\/p>\n<figure id=\"attachment_366\" aria-describedby=\"caption-attachment-366\" style=\"width: 300px\" class=\"wp-caption aligncenter\"><a href=\"https:\/\/blog.uclm.es\/molinoferrera\/wp-content\/uploads\/sites\/240\/2016\/04\/cubo-molino-arboles.jpg\" target=\"_blank\" rel=\"noopener\"><img loading=\"lazy\" decoding=\"async\" class=\"wp-image-366 size-medium\" src=\"https:\/\/blog.uclm.es\/molinoferrera\/wp-content\/uploads\/sites\/240\/2016\/04\/cubo-molino-arboles-300x225.jpg\" alt=\"Cubo del molino de Los Arboles de Almad\u00e9n\" width=\"300\" height=\"225\" srcset=\"https:\/\/blog.uclm.es\/molinoferrera\/wp-content\/uploads\/sites\/240\/2016\/04\/cubo-molino-arboles-300x225.jpg 300w, https:\/\/blog.uclm.es\/molinoferrera\/wp-content\/uploads\/sites\/240\/2016\/04\/cubo-molino-arboles-768x576.jpg 768w, https:\/\/blog.uclm.es\/molinoferrera\/wp-content\/uploads\/sites\/240\/2016\/04\/cubo-molino-arboles.jpg 801w\" sizes=\"auto, (max-width: 300px) 100vw, 300px\" \/><\/a><figcaption id=\"caption-attachment-366\" class=\"wp-caption-text\">Cubo del molino de Los Arboles de Almad\u00e9n<\/figcaption><\/figure>\n<p style=\"text-align: justify\">En molino de\u00a0regolfo, el rodezno trabaja a presi\u00f3n dentro de\u00a0una c\u00e1mara, aprovechando la energ\u00eda cin\u00e9tica y de presi\u00f3n del agua.<\/p>\n<figure id=\"attachment_368\" aria-describedby=\"caption-attachment-368\" style=\"width: 400px\" class=\"wp-caption aligncenter\"><a href=\"https:\/\/blog.uclm.es\/molinoferrera\/wp-content\/uploads\/sites\/240\/2016\/04\/molino-de-regolfo.png\" target=\"_blank\" rel=\"noopener\"><img loading=\"lazy\" decoding=\"async\" class=\"wp-image-368 size-full\" src=\"https:\/\/blog.uclm.es\/molinoferrera\/wp-content\/uploads\/sites\/240\/2016\/04\/molino-de-regolfo.png\" alt=\"Molino de regolfo\" width=\"400\" height=\"241\" \/><\/a><figcaption id=\"caption-attachment-368\" class=\"wp-caption-text\">Molino de regolfo<\/figcaption><\/figure>\n<p style=\"text-align: justify\">Una de las novedades de este tipo de molinos consist\u00eda en que la rueda hidr\u00e1ulica que impulsaba el conjunto del molino, ya no se colocaba en un gran c\u00e1rcavo inferior, sino que esta se encontraba en el interior de un dep\u00f3sito cil\u00edndrico cerrado y as\u00ed, el agua que chocaba contra los \u00e1labes a presi\u00f3n en el interior de la cubeta, imprim\u00eda mucha mayor fuerza de empuje, aunque necesitaba un mayor consumo de agua.<\/p>\n<p style=\"text-align: justify\">En los molinos de mareas se aprovecha el flujo y reflujo del agua del mar durante las mareas. Se ubicaban en lugares espec\u00edficos de la costa de modo que mediante la construcci\u00f3n de diques de contenci\u00f3n se creaban amplias zonas de retenci\u00f3n de agua con la pleamar que luega era utilizada cuando se produc\u00eda la bajamar. \u00a0Se regulaba la\u00a0entrada de agua, con unas compuertas situadas a lo largo del\u00a0dique, que permit\u00eda la entrada de agua a los dep\u00f3sitos con la subida de la marea e impidiendo que esta se escapara en la baja mar.<\/p>\n<figure id=\"attachment_374\" aria-describedby=\"caption-attachment-374\" style=\"width: 550px\" class=\"wp-caption aligncenter\"><a href=\"https:\/\/blog.uclm.es\/molinoferrera\/wp-content\/uploads\/sites\/240\/2016\/04\/molino-de-mareas.jpg\" target=\"_blank\" rel=\"noopener\"><img loading=\"lazy\" decoding=\"async\" class=\"wp-image-374 size-full\" src=\"https:\/\/blog.uclm.es\/molinoferrera\/wp-content\/uploads\/sites\/240\/2016\/04\/molino-de-mareas.jpg\" alt=\"Mu\u00ed\u00f1o de Mareas do Pozo de Cach\u00f3n\" width=\"550\" height=\"407\" srcset=\"https:\/\/blog.uclm.es\/molinoferrera\/wp-content\/uploads\/sites\/240\/2016\/04\/molino-de-mareas.jpg 550w, https:\/\/blog.uclm.es\/molinoferrera\/wp-content\/uploads\/sites\/240\/2016\/04\/molino-de-mareas-300x222.jpg 300w\" sizes=\"auto, (max-width: 550px) 100vw, 550px\" \/><\/a><figcaption id=\"caption-attachment-374\" class=\"wp-caption-text\">Mu\u00ed\u00f1o de Mareas do Pozo de Cach\u00f3n<\/figcaption><\/figure>\n","protected":false},"excerpt":{"rendered":"<p>El molino hidr\u00e1ulico o molino de agua es aquel que utiliza la energ\u00eda cin\u00e9tica del movimiento del agua para mover un artilugio mec\u00e1nicos y que puede ser utilizado para la molienda de cereales, la generaci\u00f3n de electricidad o el drenaje de grandes \u00e1reas de humedales utilizando la energ\u00eda potencial que libera el agua al fluir. &hellip; <a href=\"https:\/\/blog.uclm.es\/molinoferrera\/pagina-ejemplo-2\/el-molino-hidraulico\/\" class=\"more-link\">Seguir leyendo <span class=\"screen-reader-text\">El molino hidra\u00falico<\/span> <span class=\"meta-nav\">&rarr;<\/span><\/a><\/p>\n","protected":false},"author":401,"featured_media":0,"parent":367,"menu_order":2,"comment_status":"closed","ping_status":"closed","template":"","meta":{"footnotes":""},"class_list":["post-32","page","type-page","status-publish","hentry"],"_links":{"self":[{"href":"https:\/\/blog.uclm.es\/molinoferrera\/wp-json\/wp\/v2\/pages\/32","targetHints":{"allow":["GET"]}}],"collection":[{"href":"https:\/\/blog.uclm.es\/molinoferrera\/wp-json\/wp\/v2\/pages"}],"about":[{"href":"https:\/\/blog.uclm.es\/molinoferrera\/wp-json\/wp\/v2\/types\/page"}],"author":[{"embeddable":true,"href":"https:\/\/blog.uclm.es\/molinoferrera\/wp-json\/wp\/v2\/users\/401"}],"replies":[{"embeddable":true,"href":"https:\/\/blog.uclm.es\/molinoferrera\/wp-json\/wp\/v2\/comments?post=32"}],"version-history":[{"count":0,"href":"https:\/\/blog.uclm.es\/molinoferrera\/wp-json\/wp\/v2\/pages\/32\/revisions"}],"up":[{"embeddable":true,"href":"https:\/\/blog.uclm.es\/molinoferrera\/wp-json\/wp\/v2\/pages\/367"}],"wp:attachment":[{"href":"https:\/\/blog.uclm.es\/molinoferrera\/wp-json\/wp\/v2\/media?parent=32"}],"curies":[{"name":"wp","href":"https:\/\/api.w.org\/{rel}","templated":true}]}}