{"id":30,"date":"2016-04-29T17:14:50","date_gmt":"2016-04-29T16:14:50","guid":{"rendered":"http:\/\/blog.uclm.es\/molinoferrera\/?page_id=30"},"modified":"2016-04-29T17:14:50","modified_gmt":"2016-04-29T16:14:50","slug":"los-molinos","status":"publish","type":"page","link":"https:\/\/blog.uclm.es\/molinoferrera\/pagina-ejemplo-2\/los-molinos\/","title":{"rendered":"Los molinos harineros"},"content":{"rendered":"<p style=\"text-align: justify\">Buscando siempre el m\u00e1ximo rendimiento en el trabajo de molienda del grano, el hombre ha ido desarrollando diferentes artilugios y m\u00e1quinas que van desde un simple par de piedras para machacar hasta las tecnolog\u00edas actualmente empleadas.<\/p>\n<p style=\"text-align: justify\">Una clasificaci\u00f3n elemental de los molinos harineros en funci\u00f3n de la fuente de energ\u00eda empleada para su funcionamiento, permite separarlos en:<\/p>\n<p style=\"padding-left: 90px\">Molino de Sangre.<\/p>\n<p style=\"padding-left: 90px\">Molinos de Viento.<\/p>\n<p style=\"padding-left: 90px\">Molino de Agua.<\/p>\n<p style=\"text-align: justify\"><span style=\"color: #0000ff\"><span style=\"color: #000000\"><strong>Los molinos de sangre\u00a0<\/strong>son aquellos que para su funcionamiento hacen uso de la fuerza animal o la fuerza del hombre. \u00a0En este grupo encontramos desde el simple mortero de piedra de forma c\u00f3ncava donde se realizaba la trituraci\u00f3n del grano\u00a0<\/span><\/span>mediante repetidos golpes con un palo o maza, con su evoluci\u00f3n al\u00a0molino de piedra de vaiv\u00e9n mediante el que se consegu\u00eda una molienda m\u00e1s eficaz.<\/p>\n<figure id=\"attachment_322\" aria-describedby=\"caption-attachment-322\" style=\"width: 300px\" class=\"wp-caption aligncenter\"><a href=\"https:\/\/blog.uclm.es\/molinoferrera\/wp-content\/uploads\/sites\/240\/2016\/04\/PIEDRAVAIVEN.jpg\" target=\"_blank\" rel=\"noopener\"><img loading=\"lazy\" decoding=\"async\" class=\"wp-image-322 size-medium\" src=\"https:\/\/blog.uclm.es\/molinoferrera\/wp-content\/uploads\/sites\/240\/2016\/04\/PIEDRAVAIVEN-300x230.jpg\" alt=\"Molino de piedra de vaiv\u00e9n\" width=\"300\" height=\"230\" srcset=\"https:\/\/blog.uclm.es\/molinoferrera\/wp-content\/uploads\/sites\/240\/2016\/04\/PIEDRAVAIVEN-300x230.jpg 300w, https:\/\/blog.uclm.es\/molinoferrera\/wp-content\/uploads\/sites\/240\/2016\/04\/PIEDRAVAIVEN.jpg 400w\" sizes=\"auto, (max-width: 300px) 100vw, 300px\" \/><\/a><figcaption id=\"caption-attachment-322\" class=\"wp-caption-text\">Molino de piedra de vaiv\u00e9n<\/figcaption><\/figure>\n<p style=\"text-align: justify\">Una evoluci\u00f3n de este sistema fueron los molinos de piedra rotativos, en donde una piedra fija, que serv\u00eda a la vez de recipiente de contenci\u00f3n, y una piedra m\u00f3vil superior que giraba sobre la primera, triturando de esta manera el grano.<\/p>\n<figure id=\"attachment_325\" aria-describedby=\"caption-attachment-325\" style=\"width: 300px\" class=\"wp-caption aligncenter\"><a href=\"https:\/\/blog.uclm.es\/molinoferrera\/wp-content\/uploads\/sites\/240\/2016\/04\/MOLINOROTATIVODEPIEDRA.jpg\" target=\"_blank\" rel=\"noopener\"><img loading=\"lazy\" decoding=\"async\" class=\"wp-image-325 size-medium\" src=\"https:\/\/blog.uclm.es\/molinoferrera\/wp-content\/uploads\/sites\/240\/2016\/04\/MOLINOROTATIVODEPIEDRA-300x277.jpg\" alt=\"Molino rotativo de piedra\" width=\"300\" height=\"277\" srcset=\"https:\/\/blog.uclm.es\/molinoferrera\/wp-content\/uploads\/sites\/240\/2016\/04\/MOLINOROTATIVODEPIEDRA-300x277.jpg 300w, https:\/\/blog.uclm.es\/molinoferrera\/wp-content\/uploads\/sites\/240\/2016\/04\/MOLINOROTATIVODEPIEDRA.jpg 500w\" sizes=\"auto, (max-width: 300px) 100vw, 300px\" \/><\/a><figcaption id=\"caption-attachment-325\" class=\"wp-caption-text\">Molino rotativo de piedra<\/figcaption><\/figure>\n<p style=\"text-align: justify\">Sin embargo, estos rudimentarios artilugios no ten\u00edan la capacidad de producci\u00f3n suficiente para su utilizaci\u00f3n industrial. Con este objeto se construyeron molinos de mayor tama\u00f1o en lo que se utilizan piedras de forma troncoc\u00f3nica. \u00a0Una de las dos piedras es fija y la otra m\u00f3vil,\u00a0\u00a0colocada sobre la anterior, que estaba atravesada de arriba hacia abajo por un orificio central por donde se introduc\u00eda el cereal que iba a ser molido. La piedra m\u00f3vil se hac\u00eda girar mediante una o dos palancas encastradas en uno o dos agujeros laterales.<\/p>\n<figure id=\"attachment_326\" aria-describedby=\"caption-attachment-326\" style=\"width: 300px\" class=\"wp-caption aligncenter\"><a href=\"https:\/\/blog.uclm.es\/molinoferrera\/wp-content\/uploads\/sites\/240\/2016\/04\/molinosangre.jpg\" target=\"_blank\" rel=\"noopener\"><img loading=\"lazy\" decoding=\"async\" class=\"wp-image-326 size-medium\" src=\"https:\/\/blog.uclm.es\/molinoferrera\/wp-content\/uploads\/sites\/240\/2016\/04\/molinosangre-300x246.jpg\" alt=\"Molino de sangre troncoc\u00f3nico\" width=\"300\" height=\"246\" srcset=\"https:\/\/blog.uclm.es\/molinoferrera\/wp-content\/uploads\/sites\/240\/2016\/04\/molinosangre-300x246.jpg 300w, https:\/\/blog.uclm.es\/molinoferrera\/wp-content\/uploads\/sites\/240\/2016\/04\/molinosangre.jpg 452w\" sizes=\"auto, (max-width: 300px) 100vw, 300px\" \/><\/a><figcaption id=\"caption-attachment-326\" class=\"wp-caption-text\">Molino de sangre troncoc\u00f3nica<\/figcaption><\/figure>\n<p style=\"text-align: justify\">La introducci\u00f3n de la fuerza animal y el incremento del tama\u00f1o de las piedras, permiti\u00f3 lograr un incremento en la producci\u00f3n. Se sustituyen las dos piedras<\/p>\n<figure id=\"attachment_328\" aria-describedby=\"caption-attachment-328\" style=\"width: 474px\" class=\"wp-caption aligncenter\"><a href=\"https:\/\/blog.uclm.es\/molinoferrera\/wp-content\/uploads\/sites\/240\/2016\/04\/Molino_de_sangre.jpg\" target=\"_blank\" rel=\"noopener\"><img loading=\"lazy\" decoding=\"async\" class=\"wp-image-328 size-large\" src=\"https:\/\/blog.uclm.es\/molinoferrera\/wp-content\/uploads\/sites\/240\/2016\/04\/Molino_de_sangre-1024x682.jpg\" alt=\"Molino de sangre con tracci\u00f3n animal. https:\/\/upload.wikimedia.org\/wikipedia\/commons\/3\/30\/Molino_de_sangre.JPG\" width=\"474\" height=\"316\" srcset=\"https:\/\/blog.uclm.es\/molinoferrera\/wp-content\/uploads\/sites\/240\/2016\/04\/Molino_de_sangre-1024x682.jpg 1024w, https:\/\/blog.uclm.es\/molinoferrera\/wp-content\/uploads\/sites\/240\/2016\/04\/Molino_de_sangre-300x200.jpg 300w, https:\/\/blog.uclm.es\/molinoferrera\/wp-content\/uploads\/sites\/240\/2016\/04\/Molino_de_sangre-768x512.jpg 768w, https:\/\/blog.uclm.es\/molinoferrera\/wp-content\/uploads\/sites\/240\/2016\/04\/Molino_de_sangre.jpg 1489w\" sizes=\"auto, (max-width: 474px) 100vw, 474px\" \/><\/a><figcaption id=\"caption-attachment-328\" class=\"wp-caption-text\">Molino de sangre con tracci\u00f3n animal. https:\/\/upload.wikimedia.org\/wikipedia\/commons\/3\/30\/Molino_de_sangre.JPG<\/figcaption><\/figure>\n<p style=\"text-align: justify\"><strong>Los molinos de viento\u00a0<\/strong>se basan en el aprovechamiento de la energ\u00eda e\u00f3lica para mover los mecanismos del molino harinero.<\/p>\n<p style=\"text-align: justify\">Se pueden clasificar en dos tipos:<\/p>\n<ul>\n<li style=\"text-align: justify\">Molinos de viento de eje vertical: formado por un n\u00famero de aspas unidas a un eje vertical, el cual est\u00e1 a su vez conectado con las piedras, bien directamente o bien a trav\u00e9s de mecanismos intermedios.<\/li>\n<li style=\"text-align: justify\">Molinos de viento de eje horizontal: Su eje no est\u00e1 realmente paralelo al suelo. En el eje est\u00e1n engarzadas unas aspas o velas que recogen la energ\u00eda generada por el impulso del viento y lo transmite a las muelas a trav\u00e9s de una serie de mecanismos de transmisi\u00f3n.<\/li>\n<\/ul>\n<p style=\"text-align: justify\">Los\u00a0primeros molinos de viento destinados a la molienda de cereales de los que se tiene conocimiento, son \u00ablos molinos persas de eje vertical\u00bb.<\/p>\n<figure id=\"attachment_331\" aria-describedby=\"caption-attachment-331\" style=\"width: 790px\" class=\"wp-caption aligncenter\"><a href=\"https:\/\/blog.uclm.es\/molinoferrera\/wp-content\/uploads\/sites\/240\/2016\/04\/primermolinoviento.jpg\" target=\"_blank\" rel=\"noopener\"><img loading=\"lazy\" decoding=\"async\" class=\"wp-image-331 size-full\" src=\"https:\/\/blog.uclm.es\/molinoferrera\/wp-content\/uploads\/sites\/240\/2016\/04\/primermolinoviento.jpg\" alt=\"Molinos de viento de eje vertical. Nashtifan es una ciudad situada en el sur de la provincia de Joras\u00e1n Razavi, en Ir\u00e1n\" width=\"790\" height=\"592\" srcset=\"https:\/\/blog.uclm.es\/molinoferrera\/wp-content\/uploads\/sites\/240\/2016\/04\/primermolinoviento.jpg 790w, https:\/\/blog.uclm.es\/molinoferrera\/wp-content\/uploads\/sites\/240\/2016\/04\/primermolinoviento-300x225.jpg 300w, https:\/\/blog.uclm.es\/molinoferrera\/wp-content\/uploads\/sites\/240\/2016\/04\/primermolinoviento-768x576.jpg 768w\" sizes=\"auto, (max-width: 790px) 100vw, 790px\" \/><\/a><figcaption id=\"caption-attachment-331\" class=\"wp-caption-text\">Molinos de viento de eje vertical. Localizados en Nashtifan, ciudad situada en el sur de la provincia de Joras\u00e1n Razavi, en Ir\u00e1n.<\/figcaption><\/figure>\n<p>El molino de viento llega a Espa\u00f1a con la invasi\u00f3n \u00e1rabe, con los \u00ab<em>molinos de vela<\/em>\u00ab.<\/p>\n<figure id=\"attachment_335\" aria-describedby=\"caption-attachment-335\" style=\"width: 646px\" class=\"wp-caption aligncenter\"><a href=\"https:\/\/blog.uclm.es\/molinoferrera\/wp-content\/uploads\/sites\/240\/2016\/04\/molinodevela.jpg\" target=\"_blank\" rel=\"noopener\"><img loading=\"lazy\" decoding=\"async\" class=\"wp-image-335 size-full\" src=\"https:\/\/blog.uclm.es\/molinoferrera\/wp-content\/uploads\/sites\/240\/2016\/04\/molinodevela.jpg\" alt=\"Molino de vela.\" width=\"646\" height=\"444\" srcset=\"https:\/\/blog.uclm.es\/molinoferrera\/wp-content\/uploads\/sites\/240\/2016\/04\/molinodevela.jpg 646w, https:\/\/blog.uclm.es\/molinoferrera\/wp-content\/uploads\/sites\/240\/2016\/04\/molinodevela-300x206.jpg 300w\" sizes=\"auto, (max-width: 646px) 100vw, 646px\" \/><\/a><figcaption id=\"caption-attachment-335\" class=\"wp-caption-text\">Molino de vela.<\/figcaption><\/figure>\n<p>En nuestra regi\u00f3n, la zona por excelencia para visitar los molinos de viento est\u00e1 en Campo de Criptana.<\/p>\n<p>El \u00faltimo grupo son los <strong>molinos de agua<\/strong>. Dedicamos a estos un apartado propio.<\/p>\n<p><a href=\"https:\/\/blog.uclm.es\/molinoferrera\/wp-content\/uploads\/sites\/240\/2016\/04\/molinos_manchegos.jpg\" target=\"_blank\" rel=\"noopener\"><img loading=\"lazy\" decoding=\"async\" class=\"aligncenter wp-image-339 size-full\" src=\"https:\/\/blog.uclm.es\/molinoferrera\/wp-content\/uploads\/sites\/240\/2016\/04\/molinos_manchegos.jpg\" alt=\"molinos_manchegos\" width=\"792\" height=\"530\" srcset=\"https:\/\/blog.uclm.es\/molinoferrera\/wp-content\/uploads\/sites\/240\/2016\/04\/molinos_manchegos.jpg 792w, https:\/\/blog.uclm.es\/molinoferrera\/wp-content\/uploads\/sites\/240\/2016\/04\/molinos_manchegos-300x201.jpg 300w, https:\/\/blog.uclm.es\/molinoferrera\/wp-content\/uploads\/sites\/240\/2016\/04\/molinos_manchegos-768x514.jpg 768w\" sizes=\"auto, (max-width: 792px) 100vw, 792px\" \/><\/a><\/p>\n","protected":false},"excerpt":{"rendered":"<p>Buscando siempre el m\u00e1ximo rendimiento en el trabajo de molienda del grano, el hombre ha ido desarrollando diferentes artilugios y m\u00e1quinas que van desde un simple par de piedras para machacar hasta las tecnolog\u00edas actualmente empleadas. Una clasificaci\u00f3n elemental de los molinos harineros en funci\u00f3n de la fuente de energ\u00eda empleada para su funcionamiento, permite &hellip; <a href=\"https:\/\/blog.uclm.es\/molinoferrera\/pagina-ejemplo-2\/los-molinos\/\" class=\"more-link\">Seguir leyendo <span class=\"screen-reader-text\">Los molinos harineros<\/span> <span class=\"meta-nav\">&rarr;<\/span><\/a><\/p>\n","protected":false},"author":401,"featured_media":0,"parent":367,"menu_order":1,"comment_status":"closed","ping_status":"closed","template":"","meta":{"footnotes":""},"class_list":["post-30","page","type-page","status-publish","hentry"],"_links":{"self":[{"href":"https:\/\/blog.uclm.es\/molinoferrera\/wp-json\/wp\/v2\/pages\/30","targetHints":{"allow":["GET"]}}],"collection":[{"href":"https:\/\/blog.uclm.es\/molinoferrera\/wp-json\/wp\/v2\/pages"}],"about":[{"href":"https:\/\/blog.uclm.es\/molinoferrera\/wp-json\/wp\/v2\/types\/page"}],"author":[{"embeddable":true,"href":"https:\/\/blog.uclm.es\/molinoferrera\/wp-json\/wp\/v2\/users\/401"}],"replies":[{"embeddable":true,"href":"https:\/\/blog.uclm.es\/molinoferrera\/wp-json\/wp\/v2\/comments?post=30"}],"version-history":[{"count":0,"href":"https:\/\/blog.uclm.es\/molinoferrera\/wp-json\/wp\/v2\/pages\/30\/revisions"}],"up":[{"embeddable":true,"href":"https:\/\/blog.uclm.es\/molinoferrera\/wp-json\/wp\/v2\/pages\/367"}],"wp:attachment":[{"href":"https:\/\/blog.uclm.es\/molinoferrera\/wp-json\/wp\/v2\/media?parent=30"}],"curies":[{"name":"wp","href":"https:\/\/api.w.org\/{rel}","templated":true}]}}