{"id":22,"date":"2016-04-28T20:19:47","date_gmt":"2016-04-28T19:19:47","guid":{"rendered":"http:\/\/blog.uclm.es\/molinoferrera\/?page_id=22"},"modified":"2016-04-28T20:19:47","modified_gmt":"2016-04-28T19:19:47","slug":"el-cereal","status":"publish","type":"page","link":"https:\/\/blog.uclm.es\/molinoferrera\/pagina-ejemplo-2\/el-cereal\/","title":{"rendered":"El cereal"},"content":{"rendered":"<p style=\"text-align: justify\">A lo largo de nuestros a\u00f1os de estudios hemos conocido como los cereales son plantas cultivadas por el hombre y que pertenecen a la familia de las gram\u00edneas y cuyo objetivo principal est\u00e1 en su grano.<br \/>\nDesde la antig\u00fcedad los cereales han sido mucho m\u00e1s que un alimento b\u00e1sico para el hombre; el propio nombre de cereal, procede de la palabra cerialia, una celebraci\u00f3n en honor a Ceres, diosa romana de la agricultura, la cosecha y la fecundidad.<\/p>\n<p style=\"text-align: justify\"><a href=\"https:\/\/blog.uclm.es\/molinoferrera\/wp-content\/uploads\/sites\/240\/2016\/04\/TrigoIMG_2222.Bjpg_.jpg\" target=\"_blank\" rel=\"noopener\"><img loading=\"lazy\" decoding=\"async\" class=\"aligncenter wp-image-341 size-medium\" src=\"https:\/\/blog.uclm.es\/molinoferrera\/wp-content\/uploads\/sites\/240\/2016\/04\/TrigoIMG_2222.Bjpg_-300x200.jpg\" alt=\"TrigoIMG_2222.Bjpg\" width=\"300\" height=\"200\" srcset=\"https:\/\/blog.uclm.es\/molinoferrera\/wp-content\/uploads\/sites\/240\/2016\/04\/TrigoIMG_2222.Bjpg_-300x200.jpg 300w, https:\/\/blog.uclm.es\/molinoferrera\/wp-content\/uploads\/sites\/240\/2016\/04\/TrigoIMG_2222.Bjpg_-768x512.jpg 768w, https:\/\/blog.uclm.es\/molinoferrera\/wp-content\/uploads\/sites\/240\/2016\/04\/TrigoIMG_2222.Bjpg_.jpg 800w\" sizes=\"auto, (max-width: 300px) 100vw, 300px\" \/><\/a><br \/>\nLa producci\u00f3n mundial de cereales supera los 1600 millones de toneladas; solo los cereales m\u00e1s tradicionales como el trigo, ma\u00edz y arroz suponen 400 millones de toneladas.<br \/>\nEl trigo y el arroz suponen el alimento b\u00e1sico de 4\/5 partes de la humanidad y cerca del 60% de las prote\u00ednas consumidas por la poblaci\u00f3n mundial.<br \/>\nEspecialmente para esta p\u00e1gina nos interesa un cereal: el trigo.<br \/>\nHace unos 9000 a\u00f1os en el valle del E\u00fafrates descubrieron que si almacenaban de forma apropiada las semillas, estas se pod\u00edan comer posteriormente. Unos de estos granos era un trigo primitivo.<br \/>\nEl trigo se cultivaba en Irak hacia el a\u00f1o 6700 a.c. y se extendi\u00f3 hacia Asia Menor y el mediterr\u00e1nea, encontr\u00e1ndose huellas de su existencia en el delta del Danubio en el a\u00f1o 4000 a.c.<br \/>\nInicialmente se consum\u00eda crudo hasta que se comenz\u00f3 a moler para obtener una harina que permit\u00eda cocinar unas papillas o tortas asadas sobre piedras, es lo que hoy conocemos como pan sin fermentar y cuya forma sigue estando vigente en pa\u00edses como India, Pakistan y algunos pa\u00edses \u00e1rabes.<br \/>\nEl trigo ha sido tradicionalmente el origen de la harina para fabricar pan, gracias a su gluten que facilita su panificaci\u00f3n, cuando se prepara la masa de harina de trigo con agua y levadura, el gluten se expande y atrapa las burbujas del gas dentro de la masa. La harina fuerte, rica en gluten, da un pan de textura esponjosa y gran volumen, en cambio la harina d\u00e9bil, baja en gluten, permite cocinar bizcochos, pasteles y galletas. Otros trigos de menor calidad o triturados con texturas de mayor tama\u00f1o han sido tambi\u00e9n alimento para animales.<\/p>\n","protected":false},"excerpt":{"rendered":"<p>A lo largo de nuestros a\u00f1os de estudios hemos conocido como los cereales son plantas cultivadas por el hombre y que pertenecen a la familia de las gram\u00edneas y cuyo objetivo principal est\u00e1 en su grano. Desde la antig\u00fcedad los cereales han sido mucho m\u00e1s que un alimento b\u00e1sico para el hombre; el propio nombre &hellip; <a href=\"https:\/\/blog.uclm.es\/molinoferrera\/pagina-ejemplo-2\/el-cereal\/\" class=\"more-link\">Seguir leyendo <span class=\"screen-reader-text\">El cereal<\/span> <span class=\"meta-nav\">&rarr;<\/span><\/a><\/p>\n","protected":false},"author":401,"featured_media":0,"parent":367,"menu_order":0,"comment_status":"closed","ping_status":"closed","template":"","meta":{"footnotes":""},"class_list":["post-22","page","type-page","status-publish","hentry"],"_links":{"self":[{"href":"https:\/\/blog.uclm.es\/molinoferrera\/wp-json\/wp\/v2\/pages\/22","targetHints":{"allow":["GET"]}}],"collection":[{"href":"https:\/\/blog.uclm.es\/molinoferrera\/wp-json\/wp\/v2\/pages"}],"about":[{"href":"https:\/\/blog.uclm.es\/molinoferrera\/wp-json\/wp\/v2\/types\/page"}],"author":[{"embeddable":true,"href":"https:\/\/blog.uclm.es\/molinoferrera\/wp-json\/wp\/v2\/users\/401"}],"replies":[{"embeddable":true,"href":"https:\/\/blog.uclm.es\/molinoferrera\/wp-json\/wp\/v2\/comments?post=22"}],"version-history":[{"count":0,"href":"https:\/\/blog.uclm.es\/molinoferrera\/wp-json\/wp\/v2\/pages\/22\/revisions"}],"up":[{"embeddable":true,"href":"https:\/\/blog.uclm.es\/molinoferrera\/wp-json\/wp\/v2\/pages\/367"}],"wp:attachment":[{"href":"https:\/\/blog.uclm.es\/molinoferrera\/wp-json\/wp\/v2\/media?parent=22"}],"curies":[{"name":"wp","href":"https:\/\/api.w.org\/{rel}","templated":true}]}}