{"id":110,"date":"2016-05-01T01:03:44","date_gmt":"2016-05-01T00:03:44","guid":{"rendered":"http:\/\/blog.uclm.es\/molinoferrera\/?page_id=110"},"modified":"2016-05-01T01:03:44","modified_gmt":"2016-05-01T00:03:44","slug":"el-molino-y-su-maquinaria","status":"publish","type":"page","link":"https:\/\/blog.uclm.es\/molinoferrera\/el-molino-de-la-dehesa\/el-molino-de-los-ferrera\/el-molino-y-su-maquinaria\/","title":{"rendered":"El molino y su maquinaria"},"content":{"rendered":"<p style=\"text-align: justify\">En este molino estaba formado por dos conjuntos de molienda que se encontraban en la misma sala en la planta baja del edificio.\u00a0Uno de ellos se destinaba a la molienda de trigo y el otro a la molienda de cebada.<\/p>\n<p style=\"text-align: justify\">Debido a que su funcionamiento se ten\u00eda que restringir al per\u00edodo que exist\u00eda suficiente fuerza hidr\u00e1ulica para la molienda, el uso se acomodaba a las necesidades de molienda de trigo o cebada que ten\u00edan los vecinos del lugar, que guardaban el grano de la siega en los graneros o c\u00e1maras que ten\u00edan en sus propias viviendas, procediendo a la molienda cuando necesitaban harina o salvado.<\/p>\n<p style=\"text-align: justify\">Uno de los hijos de D. Silvestre Ferrera, transportista de la MIna de Almad\u00e9n, D. Jer\u00f3nimo Ferrera Donaire, adquiere el molino. Ostenta el cargo de Inspector de Hacienda despu\u00e9s de la Guerra Civil. Existen razones para pensar que en aqu\u00e9lla dif\u00edcil \u00e9poca del estraperlo y cartillas de racionamiento para la poblaci\u00f3n, este molino harinero fue utilizado por la gente de la comarca fuera del horario y per\u00edodo establecido por ley, con el consentimiento del due\u00f1o y de las autoridades de la zona, todo esto impulsado por las enormes carencias que se ten\u00edan y la necesidad de poder disponer de alimentos b\u00e1sicos de subsistencia.<\/p>\n<p style=\"text-align: justify\">Despu\u00e9s de los tratados militares realizados por el Gobierno de Espa\u00f1a con Estados Unidos en los a\u00f1os 1.953 y 1.955, se acab\u00f3 con el problema del pan y algunos de los molinos que se hab\u00edan cerrado en la anterior d\u00e9cada volvieron a su uso originario y otros fueron transformados, para usarlos con otras fuentes de energ\u00edas y ubicaciones y as\u00ed obtener el producto terminado en el propio lugar donde iba a ser consumido, con un mejor aprovechamiento, no s\u00f3lo en el proceso de molienda, sino tambi\u00e9n en el transporte y comercializaci\u00f3n de la harina que del mismo se obten\u00eda.<\/p>\n<p style=\"text-align: justify\">En el molino, en una ampl\u00eda sala en la planta baja, se puede apreciar la configuraci\u00f3n original que ocupan los dos conjuntos y donde se observa el espacio dejado por el traslado del segundo conjunto a Almad\u00e9n. \u00a0Todo ello se encuentra en buen estado de conservaci\u00f3n.<\/p>\n<figure id=\"attachment_98\" aria-describedby=\"caption-attachment-98\" style=\"width: 3600px\" class=\"wp-caption aligncenter\"><a href=\"https:\/\/blog.uclm.es\/molinoferrera\/wp-content\/uploads\/sites\/240\/2016\/04\/molino_ferrera.jpg\" target=\"_blank\" rel=\"noopener\"><img loading=\"lazy\" decoding=\"async\" class=\"wp-image-98 size-full\" src=\"https:\/\/blog.uclm.es\/molinoferrera\/wp-content\/uploads\/sites\/240\/2016\/04\/molino_ferrera.jpg\" alt=\"Sala de molienda\" width=\"3600\" height=\"2400\" \/><\/a><figcaption id=\"caption-attachment-98\" class=\"wp-caption-text\">Sala de molienda<\/figcaption><\/figure>\n<p style=\"text-align: justify\">Destaca en la sala molinera, la presencia de la cabria ubicada entre los conjuntos de molienda y que permit\u00eda que fuese utilizada indistintamente para los trabajos propios en cada una de las piedras, auxiliada con unas pinzas que se denominaban torillos y que serv\u00edan para sujetar las piedras que eran levantadas con el torno o husillo que se encontraba en la parte anterior de la cabria.<\/p>\n<figure id=\"attachment_126\" aria-describedby=\"caption-attachment-126\" style=\"width: 817px\" class=\"wp-caption aligncenter\"><a href=\"https:\/\/blog.uclm.es\/molinoferrera\/wp-content\/uploads\/sites\/240\/2016\/05\/MOLINO8.jpg\"><img loading=\"lazy\" decoding=\"async\" class=\"size-full wp-image-126\" src=\"https:\/\/blog.uclm.es\/molinoferrera\/wp-content\/uploads\/sites\/240\/2016\/05\/MOLINO8.jpg\" alt=\"Cabria entre piedras\" width=\"817\" height=\"613\" srcset=\"https:\/\/blog.uclm.es\/molinoferrera\/wp-content\/uploads\/sites\/240\/2016\/05\/MOLINO8.jpg 817w, https:\/\/blog.uclm.es\/molinoferrera\/wp-content\/uploads\/sites\/240\/2016\/05\/MOLINO8-300x225.jpg 300w, https:\/\/blog.uclm.es\/molinoferrera\/wp-content\/uploads\/sites\/240\/2016\/05\/MOLINO8-768x576.jpg 768w\" sizes=\"auto, (max-width: 817px) 100vw, 817px\" \/><\/a><figcaption id=\"caption-attachment-126\" class=\"wp-caption-text\">Cabria entre piedras<\/figcaption><\/figure>\n<p style=\"text-align: justify\">En el molino existente se aprecia una magnifica tolva realizada en madera de estructura piramidal invertida de cuatro lados y todo ello montado sobre una estructura tambi\u00e9n de madera, conocida como castillete, que se asienta sobre unos refuerzos que existen sobre el guardapolvo cil\u00edndrico que cubr\u00eda las muelas o piedras de molienda. El guardapolvo est\u00e1 realizado tambi\u00e9n en madera del mismo tipo que el conjunto, unido todo ello a la tolva con una canaleta por la que se introduc\u00eda el trigo en el ojo de la piedra volandera, con una boquilla o piquera por donde sal\u00eda la harina una vez triturada entre las dos muelas. La harina era recogida en un caj\u00f3n de madera existente a tal fin con\u00a0una terminaci\u00f3n en cu\u00f1a para facilitar el llenado de los sacos donde la harina finalmente\u00a0se recog\u00eda, montado todo el conjunto sobre tres soportes que forman el conjunto de la denominada bancada o mesa que es la estructura donde se apoyaba el conjunto de molienda.<\/p>\n<figure id=\"attachment_186\" aria-describedby=\"caption-attachment-186\" style=\"width: 474px\" class=\"wp-caption aligncenter\"><a href=\"https:\/\/blog.uclm.es\/molinoferrera\/wp-content\/uploads\/sites\/240\/2016\/05\/TOLVA.jpg\"><img loading=\"lazy\" decoding=\"async\" class=\"size-large wp-image-186\" src=\"https:\/\/blog.uclm.es\/molinoferrera\/wp-content\/uploads\/sites\/240\/2016\/05\/TOLVA-853x1024.jpg\" alt=\"Tolva de carga de cereal\" width=\"474\" height=\"569\" srcset=\"https:\/\/blog.uclm.es\/molinoferrera\/wp-content\/uploads\/sites\/240\/2016\/05\/TOLVA-853x1024.jpg 853w, https:\/\/blog.uclm.es\/molinoferrera\/wp-content\/uploads\/sites\/240\/2016\/05\/TOLVA-250x300.jpg 250w, https:\/\/blog.uclm.es\/molinoferrera\/wp-content\/uploads\/sites\/240\/2016\/05\/TOLVA-768x922.jpg 768w, https:\/\/blog.uclm.es\/molinoferrera\/wp-content\/uploads\/sites\/240\/2016\/05\/TOLVA.jpg 970w\" sizes=\"auto, (max-width: 474px) 100vw, 474px\" \/><\/a><figcaption id=\"caption-attachment-186\" class=\"wp-caption-text\">Tolva de carga de cereal<\/figcaption><\/figure>\n<p style=\"text-align: justify\">En la sala existe una estructura de madera m\u00f3vil de tres pelda\u00f1os con una base superior m\u00e1s amplia que era utilizada para poder subir el grano m\u00e1s c\u00f3modamente y descargarlo en la tolva para su posterior molienda, pudiendo ser colocada esta en cada momento concreto \u00a0en \u00a0el \u00a0lugar, \u00a0donde \u00a0m\u00e1s\u00a0 c\u00f3modamente \u00a0pudieran necesitar \u00a0su utilizaci\u00f3n.<\/p>\n<figure id=\"attachment_188\" aria-describedby=\"caption-attachment-188\" style=\"width: 300px\" class=\"wp-caption aligncenter\"><a href=\"https:\/\/blog.uclm.es\/molinoferrera\/wp-content\/uploads\/sites\/240\/2016\/05\/escalera.jpg\"><img loading=\"lazy\" decoding=\"async\" class=\"size-medium wp-image-188\" src=\"https:\/\/blog.uclm.es\/molinoferrera\/wp-content\/uploads\/sites\/240\/2016\/05\/escalera-300x276.jpg\" alt=\"Escalera\" width=\"300\" height=\"276\" srcset=\"https:\/\/blog.uclm.es\/molinoferrera\/wp-content\/uploads\/sites\/240\/2016\/05\/escalera-300x276.jpg 300w, https:\/\/blog.uclm.es\/molinoferrera\/wp-content\/uploads\/sites\/240\/2016\/05\/escalera.jpg 764w\" sizes=\"auto, (max-width: 300px) 100vw, 300px\" \/><\/a><figcaption id=\"caption-attachment-188\" class=\"wp-caption-text\">Escalera<\/figcaption><\/figure>\n<p style=\"text-align: justify\">Exist\u00eda una en el conjunto una palanca met\u00e1lica, denominada palanca de\u00a0alivio y destinada para regular la distancia entre las dos muelas del molino, y que serv\u00eda\u00a0en gran medida para conseguir distintos grados de molienda de los cereales, adem\u00e1s de otra palanca que regulaba la cantidad de trigo que entraba a las muelas.<\/p>\n<figure id=\"attachment_190\" aria-describedby=\"caption-attachment-190\" style=\"width: 442px\" class=\"wp-caption aligncenter\"><a href=\"https:\/\/blog.uclm.es\/molinoferrera\/wp-content\/uploads\/sites\/240\/2016\/05\/palancalaivio.jpg\"><img loading=\"lazy\" decoding=\"async\" class=\"size-full wp-image-190\" src=\"https:\/\/blog.uclm.es\/molinoferrera\/wp-content\/uploads\/sites\/240\/2016\/05\/palancalaivio.jpg\" alt=\"Palanca de alivio\" width=\"442\" height=\"579\" srcset=\"https:\/\/blog.uclm.es\/molinoferrera\/wp-content\/uploads\/sites\/240\/2016\/05\/palancalaivio.jpg 442w, https:\/\/blog.uclm.es\/molinoferrera\/wp-content\/uploads\/sites\/240\/2016\/05\/palancalaivio-229x300.jpg 229w\" sizes=\"auto, (max-width: 442px) 100vw, 442px\" \/><\/a><figcaption id=\"caption-attachment-190\" class=\"wp-caption-text\">Palanca de alivio<\/figcaption><\/figure>\n<p>Se distinguen tambi\u00e9n unas palancas denominadas llaves del saet\u00edn que era el mecanismo por el cual se regulaba el caudal de agua que hace girar cada uno de los rodetes.<\/p>\n<figure id=\"attachment_191\" aria-describedby=\"caption-attachment-191\" style=\"width: 683px\" class=\"wp-caption aligncenter\"><a href=\"https:\/\/blog.uclm.es\/molinoferrera\/wp-content\/uploads\/sites\/240\/2016\/05\/llavesaetin.jpg\"><img loading=\"lazy\" decoding=\"async\" class=\"size-full wp-image-191\" src=\"https:\/\/blog.uclm.es\/molinoferrera\/wp-content\/uploads\/sites\/240\/2016\/05\/llavesaetin.jpg\" alt=\"Llaves saetin\" width=\"683\" height=\"803\" srcset=\"https:\/\/blog.uclm.es\/molinoferrera\/wp-content\/uploads\/sites\/240\/2016\/05\/llavesaetin.jpg 683w, https:\/\/blog.uclm.es\/molinoferrera\/wp-content\/uploads\/sites\/240\/2016\/05\/llavesaetin-255x300.jpg 255w\" sizes=\"auto, (max-width: 683px) 100vw, 683px\" \/><\/a><figcaption id=\"caption-attachment-191\" class=\"wp-caption-text\">Llaves saet\u00edn<\/figcaption><\/figure>\n<p style=\"text-align: justify\">En \u00a0el \u00a0lugar \u00a0donde \u00a0se \u00a0encontraba \u00a0ubicado \u00a0el \u00a0conjunto \u00a0del molienda \u00a0que \u00a0fue\u00a0trasladado a Almad\u00e9n, se aprecia colocado de manera invertida el \u00e1rbol realizado en hierro ( eje vertical que transmite el movimiento del rodete a la piedra volandera \u00a0) \u00a0y \u00a0parte de\u00a0 la \u00a0base \u00a0de \u00a0sujeci\u00f3n \u00a0del \u00a0rodete \u00a0que \u00a0ten\u00eda \u00a0aquel \u00a0conjunto \u00a0de molienda,\u00a0 y \u00a0todo \u00a0ello \u00a0colocado \u00a0sobre \u00a0una \u00a0piedra \u00a0de \u00a0molino \u00a0con \u00a0aros\u00a0 met\u00e1licos \u00a0de refuerzo.<\/p>\n<figure id=\"attachment_193\" aria-describedby=\"caption-attachment-193\" style=\"width: 474px\" class=\"wp-caption aligncenter\"><a href=\"https:\/\/blog.uclm.es\/molinoferrera\/wp-content\/uploads\/sites\/240\/2016\/05\/Arbol-y-rodete.jpg\"><img loading=\"lazy\" decoding=\"async\" class=\"size-large wp-image-193\" src=\"https:\/\/blog.uclm.es\/molinoferrera\/wp-content\/uploads\/sites\/240\/2016\/05\/Arbol-y-rodete-527x1024.jpg\" alt=\"Eje del rodete en posici\u00f3n invertida y piedra\" width=\"474\" height=\"921\" srcset=\"https:\/\/blog.uclm.es\/molinoferrera\/wp-content\/uploads\/sites\/240\/2016\/05\/Arbol-y-rodete-527x1024.jpg 527w, https:\/\/blog.uclm.es\/molinoferrera\/wp-content\/uploads\/sites\/240\/2016\/05\/Arbol-y-rodete-154x300.jpg 154w, https:\/\/blog.uclm.es\/molinoferrera\/wp-content\/uploads\/sites\/240\/2016\/05\/Arbol-y-rodete.jpg 678w\" sizes=\"auto, (max-width: 474px) 100vw, 474px\" \/><\/a><figcaption id=\"caption-attachment-193\" class=\"wp-caption-text\">Eje del rodete en posici\u00f3n invertida y piedra<\/figcaption><\/figure>\n<p style=\"text-align: justify\">La sala es bastante luminosa y en la parte contraria a donde se ubicaban los\u00a0conjuntos de molienda existe una gran chimenea colocada junto a una esquina de la sala para poder calentar de alguna manera la estancia y hacer este m\u00e1s habitable para el uso cotidiano de sus moradores al igual que de las personas que all\u00ed se desplazaban para obtener la molienda de sus productos siendo de especial menci\u00f3n una bomba manual de agua realizada en hierro forjado y que serv\u00eda para elevar agua desde el r\u00edo a la sala de molienda para las necesidades propias del trabajo y de sus moradores.<\/p>\n<figure id=\"attachment_194\" aria-describedby=\"caption-attachment-194\" style=\"width: 474px\" class=\"wp-caption aligncenter\"><a href=\"https:\/\/blog.uclm.es\/molinoferrera\/wp-content\/uploads\/sites\/240\/2016\/05\/sala-de-molienda.jpg\"><img loading=\"lazy\" decoding=\"async\" class=\"size-large wp-image-194\" src=\"https:\/\/blog.uclm.es\/molinoferrera\/wp-content\/uploads\/sites\/240\/2016\/05\/sala-de-molienda-1024x768.jpg\" alt=\"Habitaci\u00f3n anexa a la sala de molienda\" width=\"474\" height=\"356\" srcset=\"https:\/\/blog.uclm.es\/molinoferrera\/wp-content\/uploads\/sites\/240\/2016\/05\/sala-de-molienda-1024x768.jpg 1024w, https:\/\/blog.uclm.es\/molinoferrera\/wp-content\/uploads\/sites\/240\/2016\/05\/sala-de-molienda-300x225.jpg 300w, https:\/\/blog.uclm.es\/molinoferrera\/wp-content\/uploads\/sites\/240\/2016\/05\/sala-de-molienda-768x576.jpg 768w, https:\/\/blog.uclm.es\/molinoferrera\/wp-content\/uploads\/sites\/240\/2016\/05\/sala-de-molienda.jpg 1027w\" sizes=\"auto, (max-width: 474px) 100vw, 474px\" \/><\/a><figcaption id=\"caption-attachment-194\" class=\"wp-caption-text\">Habitaci\u00f3n anexa a la sala de molienda<\/figcaption><\/figure>\n<p style=\"text-align: justify\">Quedan a\u00fan antiguos restos de la adaptaci\u00f3n de la finca a las nuevas tecnolog\u00edas\u00a0de la primera mitad del siglo XX cuando por fin llego la energ\u00eda el\u00e9ctrica al lugar siendo digno de menci\u00f3n los restos de un cuadro el\u00e9ctrico de aquella \u00e9poca con tres cuchillas coronado con un volt\u00edmetro con una escala de 0 a 130 voltios, que sin lugar a dudas represent\u00f3 un enorme salto t\u00e9cnico en aquellos tiempos<\/p>\n<figure id=\"attachment_195\" aria-describedby=\"caption-attachment-195\" style=\"width: 474px\" class=\"wp-caption aligncenter\"><a href=\"https:\/\/blog.uclm.es\/molinoferrera\/wp-content\/uploads\/sites\/240\/2016\/05\/cuadro-electrico.jpg\"><img loading=\"lazy\" decoding=\"async\" class=\"size-large wp-image-195\" src=\"https:\/\/blog.uclm.es\/molinoferrera\/wp-content\/uploads\/sites\/240\/2016\/05\/cuadro-electrico-806x1024.jpg\" alt=\"Cuadro el\u00e9ctrico \" width=\"474\" height=\"602\" srcset=\"https:\/\/blog.uclm.es\/molinoferrera\/wp-content\/uploads\/sites\/240\/2016\/05\/cuadro-electrico-806x1024.jpg 806w, https:\/\/blog.uclm.es\/molinoferrera\/wp-content\/uploads\/sites\/240\/2016\/05\/cuadro-electrico-236x300.jpg 236w, https:\/\/blog.uclm.es\/molinoferrera\/wp-content\/uploads\/sites\/240\/2016\/05\/cuadro-electrico-768x976.jpg 768w, https:\/\/blog.uclm.es\/molinoferrera\/wp-content\/uploads\/sites\/240\/2016\/05\/cuadro-electrico.jpg 966w\" sizes=\"auto, (max-width: 474px) 100vw, 474px\" \/><\/a><figcaption id=\"caption-attachment-195\" class=\"wp-caption-text\">Cuadro el\u00e9ctrico<\/figcaption><\/figure>\n","protected":false},"excerpt":{"rendered":"<p>En este molino estaba formado por dos conjuntos de molienda que se encontraban en la misma sala en la planta baja del edificio.\u00a0Uno de ellos se destinaba a la molienda de trigo y el otro a la molienda de cebada. Debido a que su funcionamiento se ten\u00eda que restringir al per\u00edodo que exist\u00eda suficiente fuerza &hellip; <a href=\"https:\/\/blog.uclm.es\/molinoferrera\/el-molino-de-la-dehesa\/el-molino-de-los-ferrera\/el-molino-y-su-maquinaria\/\" class=\"more-link\">Seguir leyendo <span class=\"screen-reader-text\">El molino y su maquinaria<\/span> <span class=\"meta-nav\">&rarr;<\/span><\/a><\/p>\n","protected":false},"author":401,"featured_media":0,"parent":36,"menu_order":3,"comment_status":"closed","ping_status":"closed","template":"","meta":{"footnotes":""},"class_list":["post-110","page","type-page","status-publish","hentry"],"_links":{"self":[{"href":"https:\/\/blog.uclm.es\/molinoferrera\/wp-json\/wp\/v2\/pages\/110","targetHints":{"allow":["GET"]}}],"collection":[{"href":"https:\/\/blog.uclm.es\/molinoferrera\/wp-json\/wp\/v2\/pages"}],"about":[{"href":"https:\/\/blog.uclm.es\/molinoferrera\/wp-json\/wp\/v2\/types\/page"}],"author":[{"embeddable":true,"href":"https:\/\/blog.uclm.es\/molinoferrera\/wp-json\/wp\/v2\/users\/401"}],"replies":[{"embeddable":true,"href":"https:\/\/blog.uclm.es\/molinoferrera\/wp-json\/wp\/v2\/comments?post=110"}],"version-history":[{"count":0,"href":"https:\/\/blog.uclm.es\/molinoferrera\/wp-json\/wp\/v2\/pages\/110\/revisions"}],"up":[{"embeddable":true,"href":"https:\/\/blog.uclm.es\/molinoferrera\/wp-json\/wp\/v2\/pages\/36"}],"wp:attachment":[{"href":"https:\/\/blog.uclm.es\/molinoferrera\/wp-json\/wp\/v2\/media?parent=110"}],"curies":[{"name":"wp","href":"https:\/\/api.w.org\/{rel}","templated":true}]}}