{"id":108,"date":"2016-05-01T01:02:23","date_gmt":"2016-05-01T00:02:23","guid":{"rendered":"http:\/\/blog.uclm.es\/molinoferrera\/?page_id=108"},"modified":"2016-05-01T01:02:23","modified_gmt":"2016-05-01T00:02:23","slug":"el-entorno-del-molino","status":"publish","type":"page","link":"https:\/\/blog.uclm.es\/molinoferrera\/el-molino-de-la-dehesa\/el-molino-de-los-ferrera\/el-entorno-del-molino\/","title":{"rendered":"El entorno del molino"},"content":{"rendered":"<p style=\"text-align: justify\">Este molino se encuentra situado en una terraza fluvial de mediana extensi\u00f3n, donde se une el rio Valdeazogues con el arroyo Candelera, rodeado de ligeras elevaciones del terreno, pr\u00e1cticamente por todos sus puntos cardinales, muy pr\u00f3ximo a la carretera que une la localidad de Almad\u00e9n con Almadenejos.<\/p>\n<p><a href=\"https:\/\/blog.uclm.es\/molinoferrera\/wp-content\/uploads\/sites\/240\/2016\/05\/cartel_MG_5950.jpg\" target=\"_blank\" rel=\"noopener\"><img loading=\"lazy\" decoding=\"async\" class=\"aligncenter wp-image-258 size-full\" src=\"https:\/\/blog.uclm.es\/molinoferrera\/wp-content\/uploads\/sites\/240\/2016\/05\/cartel_MG_5950.jpg\" width=\"533\" height=\"800\" srcset=\"https:\/\/blog.uclm.es\/molinoferrera\/wp-content\/uploads\/sites\/240\/2016\/05\/cartel_MG_5950.jpg 533w, https:\/\/blog.uclm.es\/molinoferrera\/wp-content\/uploads\/sites\/240\/2016\/05\/cartel_MG_5950-200x300.jpg 200w\" sizes=\"auto, (max-width: 533px) 100vw, 533px\" \/><\/a><\/p>\n<p style=\"text-align: justify\">La cubierta vegetal que tiene dicha terraza es muy rica a efectos de cultivos agr\u00edcolas en general y todo ello ayudado con el aporte de agua para su riego que pod\u00eda tomarse del r\u00edo que discurre por la misma.<\/p>\n<p style=\"text-align: justify\"><a href=\"https:\/\/blog.uclm.es\/molinoferrera\/wp-content\/uploads\/sites\/240\/2016\/05\/Entorno_MG_5891.jpg\"><img loading=\"lazy\" decoding=\"async\" class=\"aligncenter wp-image-256 size-full\" src=\"https:\/\/blog.uclm.es\/molinoferrera\/wp-content\/uploads\/sites\/240\/2016\/05\/Entorno_MG_5891.jpg\" width=\"800\" height=\"533\" srcset=\"https:\/\/blog.uclm.es\/molinoferrera\/wp-content\/uploads\/sites\/240\/2016\/05\/Entorno_MG_5891.jpg 800w, https:\/\/blog.uclm.es\/molinoferrera\/wp-content\/uploads\/sites\/240\/2016\/05\/Entorno_MG_5891-300x200.jpg 300w, https:\/\/blog.uclm.es\/molinoferrera\/wp-content\/uploads\/sites\/240\/2016\/05\/Entorno_MG_5891-768x512.jpg 768w\" sizes=\"auto, (max-width: 800px) 100vw, 800px\" \/><\/a><\/p>\n<p style=\"text-align: justify\">En esta terraza se tiene un verano e invierno con claro predominio de tiempo anticicl\u00f3nico, cambiando dicho tiempo en las estaciones de primavera y oto\u00f1o a un tiempo claramente cicl\u00f3nico, con una diferencia de temperaturas bastante elevadas entre invierno y verano, caracteriz\u00e1ndose esta zona por unas precipitaciones m\u00e1s bien escasas.<\/p>\n<p style=\"text-align: justify\"><a href=\"https:\/\/blog.uclm.es\/molinoferrera\/wp-content\/uploads\/sites\/240\/2016\/05\/MolinoCampo_MG_5910.jpg\"><img loading=\"lazy\" decoding=\"async\" class=\"aligncenter wp-image-259 size-full\" src=\"https:\/\/blog.uclm.es\/molinoferrera\/wp-content\/uploads\/sites\/240\/2016\/05\/MolinoCampo_MG_5910.jpg\" width=\"800\" height=\"533\" srcset=\"https:\/\/blog.uclm.es\/molinoferrera\/wp-content\/uploads\/sites\/240\/2016\/05\/MolinoCampo_MG_5910.jpg 800w, https:\/\/blog.uclm.es\/molinoferrera\/wp-content\/uploads\/sites\/240\/2016\/05\/MolinoCampo_MG_5910-300x200.jpg 300w, https:\/\/blog.uclm.es\/molinoferrera\/wp-content\/uploads\/sites\/240\/2016\/05\/MolinoCampo_MG_5910-768x512.jpg 768w\" sizes=\"auto, (max-width: 800px) 100vw, 800px\" \/><\/a><\/p>\n<p style=\"text-align: justify\">Dichos terrenos fueron destinados a lo largo de los siglos como tierras de cultivo y en parte a dedicaci\u00f3n ganadera para el servicio del molino, pudiendo describir los mismos como f\u00e9rtiles, existiendo diversas encinas que se encuentran perfectamente adaptadas a los rigores invernales del lugar, y con fuertes ra\u00edces para aprovechar al\u00a0m\u00e1ximo la humedad existente en el terreno, encontr\u00e1ndose al d\u00eda de hoy dicha parcela\u00a0sin cultivar y con abundancia de matorrales y distintas especies herb\u00e1ceas de escasa altura destacando principalmente tomillo y romero.<\/p>\n<figure id=\"attachment_279\" aria-describedby=\"caption-attachment-279\" style=\"width: 474px\" class=\"wp-caption aligncenter\"><a href=\"https:\/\/blog.uclm.es\/molinoferrera\/wp-content\/uploads\/sites\/240\/2016\/05\/PlanoZona_MolinoFerreras.jpg\" target=\"_blank\" rel=\"noopener\"><img loading=\"lazy\" decoding=\"async\" class=\"wp-image-279 size-large\" src=\"https:\/\/blog.uclm.es\/molinoferrera\/wp-content\/uploads\/sites\/240\/2016\/05\/PlanoZona_MolinoFerreras-1024x534.jpg\" alt=\"Vista a\u00e9rea de El Molino donde se aprecia perfectamente la traza del caz\" width=\"474\" height=\"247\" srcset=\"https:\/\/blog.uclm.es\/molinoferrera\/wp-content\/uploads\/sites\/240\/2016\/05\/PlanoZona_MolinoFerreras-1024x534.jpg 1024w, https:\/\/blog.uclm.es\/molinoferrera\/wp-content\/uploads\/sites\/240\/2016\/05\/PlanoZona_MolinoFerreras-300x157.jpg 300w, https:\/\/blog.uclm.es\/molinoferrera\/wp-content\/uploads\/sites\/240\/2016\/05\/PlanoZona_MolinoFerreras-768x401.jpg 768w, https:\/\/blog.uclm.es\/molinoferrera\/wp-content\/uploads\/sites\/240\/2016\/05\/PlanoZona_MolinoFerreras-1536x801.jpg 1536w, https:\/\/blog.uclm.es\/molinoferrera\/wp-content\/uploads\/sites\/240\/2016\/05\/PlanoZona_MolinoFerreras.jpg 1654w\" sizes=\"auto, (max-width: 474px) 100vw, 474px\" \/><\/a><figcaption id=\"caption-attachment-279\" class=\"wp-caption-text\">Vista a\u00e9rea de El Molino donde se aprecia perfectamente la traza del caz<\/figcaption><\/figure>\n<p style=\"text-align: justify\">Se trata de un bonito lugar que inspirar\u00eda un deseo de permanencia en el molino y su entorno al poder este facilitar y cubrir en gran medida las necesidades de las personas que all\u00ed viv\u00edan, haciendo que el tiempo transcurriera agradablemente dentro de las dif\u00edciles situaciones que a lo largo de los siglos han azotado esta comarca.<\/p>\n<figure id=\"attachment_142\" aria-describedby=\"caption-attachment-142\" style=\"width: 474px\" class=\"wp-caption aligncenter\"><a href=\"https:\/\/blog.uclm.es\/molinoferrera\/wp-content\/uploads\/sites\/240\/2016\/05\/trabajadores-molino-de-los-ferrera.jpg\" target=\"_blank\" rel=\"noopener\"><img loading=\"lazy\" decoding=\"async\" class=\"wp-image-142 size-large\" src=\"https:\/\/blog.uclm.es\/molinoferrera\/wp-content\/uploads\/sites\/240\/2016\/05\/trabajadores-molino-de-los-ferrera-1024x670.jpg\" alt=\"Trabajadores del Molino de los Ferrera\" width=\"474\" height=\"310\" \/><\/a><figcaption id=\"caption-attachment-142\" class=\"wp-caption-text\">Trabajadores del Molino de los Ferrera<\/figcaption><\/figure>\n<p style=\"text-align: justify\">\n","protected":false},"excerpt":{"rendered":"<p>Este molino se encuentra situado en una terraza fluvial de mediana extensi\u00f3n, donde se une el rio Valdeazogues con el arroyo Candelera, rodeado de ligeras elevaciones del terreno, pr\u00e1cticamente por todos sus puntos cardinales, muy pr\u00f3ximo a la carretera que une la localidad de Almad\u00e9n con Almadenejos. La cubierta vegetal que tiene dicha terraza es &hellip; <a href=\"https:\/\/blog.uclm.es\/molinoferrera\/el-molino-de-la-dehesa\/el-molino-de-los-ferrera\/el-entorno-del-molino\/\" class=\"more-link\">Seguir leyendo <span class=\"screen-reader-text\">El entorno del molino<\/span> <span class=\"meta-nav\">&rarr;<\/span><\/a><\/p>\n","protected":false},"author":401,"featured_media":0,"parent":36,"menu_order":1,"comment_status":"closed","ping_status":"closed","template":"","meta":{"footnotes":""},"class_list":["post-108","page","type-page","status-publish","hentry"],"_links":{"self":[{"href":"https:\/\/blog.uclm.es\/molinoferrera\/wp-json\/wp\/v2\/pages\/108","targetHints":{"allow":["GET"]}}],"collection":[{"href":"https:\/\/blog.uclm.es\/molinoferrera\/wp-json\/wp\/v2\/pages"}],"about":[{"href":"https:\/\/blog.uclm.es\/molinoferrera\/wp-json\/wp\/v2\/types\/page"}],"author":[{"embeddable":true,"href":"https:\/\/blog.uclm.es\/molinoferrera\/wp-json\/wp\/v2\/users\/401"}],"replies":[{"embeddable":true,"href":"https:\/\/blog.uclm.es\/molinoferrera\/wp-json\/wp\/v2\/comments?post=108"}],"version-history":[{"count":0,"href":"https:\/\/blog.uclm.es\/molinoferrera\/wp-json\/wp\/v2\/pages\/108\/revisions"}],"up":[{"embeddable":true,"href":"https:\/\/blog.uclm.es\/molinoferrera\/wp-json\/wp\/v2\/pages\/36"}],"wp:attachment":[{"href":"https:\/\/blog.uclm.es\/molinoferrera\/wp-json\/wp\/v2\/media?parent=108"}],"curies":[{"name":"wp","href":"https:\/\/api.w.org\/{rel}","templated":true}]}}