{"id":106,"date":"2016-05-01T01:01:28","date_gmt":"2016-05-01T00:01:28","guid":{"rendered":"http:\/\/blog.uclm.es\/molinoferrera\/?page_id=106"},"modified":"2016-05-01T01:01:28","modified_gmt":"2016-05-01T00:01:28","slug":"historia-del-molino","status":"publish","type":"page","link":"https:\/\/blog.uclm.es\/molinoferrera\/el-molino-de-la-dehesa\/el-molino-de-los-ferrera\/historia-del-molino\/","title":{"rendered":"Historia del molino"},"content":{"rendered":"<p style=\"text-align: justify\">Este molino conocido en la actualidad como molino de los Ferrera, ha tenido a lo largo de su dilatada historia otros nombres, entre los que cabe destacar el de Pe\u00f1atejeda o de la Dehesa.<\/p>\n<figure id=\"attachment_131\" aria-describedby=\"caption-attachment-131\" style=\"width: 474px\" class=\"wp-caption aligncenter\"><a href=\"https:\/\/blog.uclm.es\/molinoferrera\/wp-content\/uploads\/sites\/240\/2016\/05\/MTN50-0808-1889-nnn-Almaden.jpg\" target=\"_blank\" rel=\"noopener\"><img loading=\"lazy\" decoding=\"async\" class=\"wp-image-131 size-large\" title=\"Pulsar para ver a tama\u00f1o real\" src=\"https:\/\/blog.uclm.es\/molinoferrera\/wp-content\/uploads\/sites\/240\/2016\/05\/MTN50-0808-1889-nnn-Almaden-1024x509.jpg\" alt=\"MTN50-0808-1889-nnn-Almaden\" width=\"474\" height=\"236\" srcset=\"https:\/\/blog.uclm.es\/molinoferrera\/wp-content\/uploads\/sites\/240\/2016\/05\/MTN50-0808-1889-nnn-Almaden-1024x509.jpg 1024w, https:\/\/blog.uclm.es\/molinoferrera\/wp-content\/uploads\/sites\/240\/2016\/05\/MTN50-0808-1889-nnn-Almaden-300x149.jpg 300w, https:\/\/blog.uclm.es\/molinoferrera\/wp-content\/uploads\/sites\/240\/2016\/05\/MTN50-0808-1889-nnn-Almaden-768x382.jpg 768w, https:\/\/blog.uclm.es\/molinoferrera\/wp-content\/uploads\/sites\/240\/2016\/05\/MTN50-0808-1889-nnn-Almaden-1536x763.jpg 1536w, https:\/\/blog.uclm.es\/molinoferrera\/wp-content\/uploads\/sites\/240\/2016\/05\/MTN50-0808-1889-nnn-Almaden.jpg 1825w\" sizes=\"auto, (max-width: 474px) 100vw, 474px\" \/><\/a><figcaption id=\"caption-attachment-131\" class=\"wp-caption-text\">Plano topogr\u00e1fico 1889 donde se aprecia a la derecha el Molino de la Dehesa<\/figcaption><\/figure>\n<p style=\"text-align: justify\">La primera referencia documental que se tiene de este molino, aparece recogida en el Catastro de la Ensenada del a\u00f1o 1.752, donde ya se le nombra con el nombre de \u00abPe\u00f1atejeda\u00bb, siendo este propiedad de D. Jos\u00e9 Barea, encontr\u00e1ndose este igualmente recogido en diversos planos topogr\u00e1ficos levantados en los a\u00f1os 1.889, 1.953 y 2007, en su actual ubicaci\u00f3n, aunque aparece denominado como \u00abMolino de la Dehesa\u00bb.<\/p>\n<figure id=\"attachment_135\" aria-describedby=\"caption-attachment-135\" style=\"width: 474px\" class=\"wp-caption aligncenter\"><a href=\"https:\/\/blog.uclm.es\/molinoferrera\/wp-content\/uploads\/sites\/240\/2016\/05\/AGS_CE_RG_L466_117.jpg\" target=\"_blank\" rel=\"noopener\"><img loading=\"lazy\" decoding=\"async\" class=\"wp-image-135 size-large\" src=\"https:\/\/blog.uclm.es\/molinoferrera\/wp-content\/uploads\/sites\/240\/2016\/05\/AGS_CE_RG_L466_117-1024x751.jpg\" alt=\"Corresponde a a la microfilmaci\u00f3n realizada por el CECOMi sobre las Respuestas Generales depositadas en Simancas e individualizada por pueblos seg\u00fan el Catastro\" width=\"474\" height=\"348\" srcset=\"https:\/\/blog.uclm.es\/molinoferrera\/wp-content\/uploads\/sites\/240\/2016\/05\/AGS_CE_RG_L466_117-1024x751.jpg 1024w, https:\/\/blog.uclm.es\/molinoferrera\/wp-content\/uploads\/sites\/240\/2016\/05\/AGS_CE_RG_L466_117-300x220.jpg 300w, https:\/\/blog.uclm.es\/molinoferrera\/wp-content\/uploads\/sites\/240\/2016\/05\/AGS_CE_RG_L466_117-768x563.jpg 768w, https:\/\/blog.uclm.es\/molinoferrera\/wp-content\/uploads\/sites\/240\/2016\/05\/AGS_CE_RG_L466_117-1536x1126.jpg 1536w, https:\/\/blog.uclm.es\/molinoferrera\/wp-content\/uploads\/sites\/240\/2016\/05\/AGS_CE_RG_L466_117.jpg 1880w\" sizes=\"auto, (max-width: 474px) 100vw, 474px\" \/><\/a><figcaption id=\"caption-attachment-135\" class=\"wp-caption-text\">Corresponde a la microfilmaci\u00f3n realizada por el CECOMi sobre las Respuestas Generales depositadas en Simancas e individualizada por pueblos seg\u00fan el Catastro,<\/figcaption><\/figure>\n<figure id=\"attachment_267\" aria-describedby=\"caption-attachment-267\" style=\"width: 765px\" class=\"wp-caption aligncenter\"><a href=\"https:\/\/blog.uclm.es\/molinoferrera\/wp-content\/uploads\/sites\/240\/2016\/05\/EasyCapture1.png\"><img loading=\"lazy\" decoding=\"async\" class=\"size-full wp-image-267\" src=\"https:\/\/blog.uclm.es\/molinoferrera\/wp-content\/uploads\/sites\/240\/2016\/05\/EasyCapture1.png\" alt=\"Ubicaci\u00f3n del molino. Coordenadas\" width=\"765\" height=\"394\" srcset=\"https:\/\/blog.uclm.es\/molinoferrera\/wp-content\/uploads\/sites\/240\/2016\/05\/EasyCapture1.png 765w, https:\/\/blog.uclm.es\/molinoferrera\/wp-content\/uploads\/sites\/240\/2016\/05\/EasyCapture1-300x155.png 300w\" sizes=\"auto, (max-width: 765px) 100vw, 765px\" \/><\/a><figcaption id=\"caption-attachment-267\" class=\"wp-caption-text\">Ubicaci\u00f3n del molino. Coordenadas<\/figcaption><\/figure>\n<p style=\"text-align: justify\">Este molino estaba formado por dos conjuntos de muelas, realizadas en dura roca de origen volc\u00e1nico obtenida en canteras de la comarca.<\/p>\n<p style=\"text-align: justify\">Dependiendo del tipo de molienda que se iba a realizar, se sustitu\u00eda la piedra superior o volandera, coloc\u00e1ndose una que se denominaba \u00abbazo\u00bb, cuando el producto que se iba a moler era grano para el consumo de animales y por tanto, de obtenci\u00f3n de pienso y en cambio, cuando se iba a fabricar harina destinada al consumo humano y por tanto, a la realizaci\u00f3n de pan, se sustitu\u00eda la piedra volandera, coloc\u00e1ndose otra destinada a tal fin que se denominaba \u00abblanco\u00bb.<\/p>\n<p style=\"text-align: justify\">A mediados del siglo XVIII, se produjo en la localidad de Almad\u00e9n un tremendo\u00a0aumento demogr\u00e1fico, lo que conllev\u00f3 la necesidad de materias primas necesarias para la vida, en especial la molienda de harina para consumo humano y de grano destinado a pienso para uso ganadero, conllevando todo ello, la creaci\u00f3n de nuevos molinos hasta alcanzar casi 30 molinos de agua, en los distintos r\u00edos y arroyos de esta comarca, que sin lugar a dudas han representado un aut\u00e9ntico patrimonio industrial de esta localidad.<\/p>\n<p style=\"text-align: justify\">El molino fue adquirido por la familia Ferrera de la que tomo su nombre, siendo punto obligado de reuni\u00f3n y de molienda durante muchas generaciones, quedando el mismo casi en desuso a mediados de los a\u00f1os 40 del siglo XX, cuando por cuestiones derivadas de la tr\u00e1gica Guerra Civil Espa\u00f1ola, se adoptaron por el Gobierno prohibiciones de moler grano de manera libre en muchos de los molinos que exist\u00edan en la amplia geograf\u00eda espa\u00f1ola, supli\u00e9ndose dicha tarea de molienda por las edificaciones de f\u00e1bricas de harina, movidas por motores de gasoil o impulsadas por energ\u00eda el\u00e9ctrica, con mayor potencial productivo.<\/p>\n<p style=\"text-align: justify\">Desgraciadamente este y otros muchos molinos, fueron cerrados despu\u00e9s de la Guerra Civil Espa\u00f1ola, concretamente en el a\u00f1o 1.941, por mandato del Gobierno, se cerraron todos los molinos destinados a la molienda de cereales, procedi\u00e9ndose a obligar por Ley, a que todo el trigo que se produc\u00eda deb\u00eda ser entregado al Servicio Nacional de Cereales, excepto aquel que iba a ser utilizado para simienza del siguiente ejercicio.<\/p>\n<p><a href=\"https:\/\/blog.uclm.es\/molinoferrera\/wp-content\/uploads\/sites\/240\/2016\/05\/MolinoCampo_MG_5910.jpg\" target=\"_blank\" rel=\"noopener\"><img loading=\"lazy\" decoding=\"async\" class=\"aligncenter wp-image-259 size-full\" src=\"https:\/\/blog.uclm.es\/molinoferrera\/wp-content\/uploads\/sites\/240\/2016\/05\/MolinoCampo_MG_5910.jpg\" width=\"800\" height=\"533\" srcset=\"https:\/\/blog.uclm.es\/molinoferrera\/wp-content\/uploads\/sites\/240\/2016\/05\/MolinoCampo_MG_5910.jpg 800w, https:\/\/blog.uclm.es\/molinoferrera\/wp-content\/uploads\/sites\/240\/2016\/05\/MolinoCampo_MG_5910-300x200.jpg 300w, https:\/\/blog.uclm.es\/molinoferrera\/wp-content\/uploads\/sites\/240\/2016\/05\/MolinoCampo_MG_5910-768x512.jpg 768w\" sizes=\"auto, (max-width: 800px) 100vw, 800px\" \/><\/a><\/p>\n<p style=\"text-align: justify\">Se fij\u00f3 a los agricultores la suma de 200 kilos de trigo por persona y a\u00f1o, de los\u00a0que se entregaban 160 kilos de harina y otros 40 kilos de salvado, para el sustento animal, mayormente de cerdos, con el fin de obtenci\u00f3n de carne.<\/p>\n<p style=\"text-align: justify\">El resto de la cosecha ten\u00eda que ser vendida obligatoriamente al Servicio Nacional de Cereales, que era el Organismo encargado de su regulaci\u00f3n a nivel legal y por ello y paralelo al mismo se organiz\u00f3 otro comercio ilegal de trigo y de diversos productos, denominado \u00abEstraperlo\u00bb.<\/p>\n<figure id=\"attachment_137\" aria-describedby=\"caption-attachment-137\" style=\"width: 474px\" class=\"wp-caption aligncenter\"><a href=\"https:\/\/blog.uclm.es\/molinoferrera\/wp-content\/uploads\/sites\/240\/2016\/05\/MOLINO9.jpg\"><img loading=\"lazy\" decoding=\"async\" class=\"size-large wp-image-137\" src=\"https:\/\/blog.uclm.es\/molinoferrera\/wp-content\/uploads\/sites\/240\/2016\/05\/MOLINO9-1024x768.jpg\" alt=\"Detalle interior del molino de la Dehesa\" width=\"474\" height=\"356\" srcset=\"https:\/\/blog.uclm.es\/molinoferrera\/wp-content\/uploads\/sites\/240\/2016\/05\/MOLINO9-1024x768.jpg 1024w, https:\/\/blog.uclm.es\/molinoferrera\/wp-content\/uploads\/sites\/240\/2016\/05\/MOLINO9-300x225.jpg 300w, https:\/\/blog.uclm.es\/molinoferrera\/wp-content\/uploads\/sites\/240\/2016\/05\/MOLINO9-768x576.jpg 768w, https:\/\/blog.uclm.es\/molinoferrera\/wp-content\/uploads\/sites\/240\/2016\/05\/MOLINO9.jpg 1218w\" sizes=\"auto, (max-width: 474px) 100vw, 474px\" \/><\/a><figcaption id=\"caption-attachment-137\" class=\"wp-caption-text\">Detalle interior del molino de la Dehesa<\/figcaption><\/figure>\n<p style=\"text-align: justify\">Todos estos acontecimientos conllevaron que los molinos de trigo, quedaran cerrados y en desuso, con prohibici\u00f3n legal de molienda, salvo para aquellos que el Gobierno autorizaba para la molienda y posterior regulaci\u00f3n por racionamiento de la harina que depend\u00eda del Servicio Nacional del Trigo. Este era el caso de este molino.<\/p>\n<p style=\"text-align: justify\">Muchos de los datos que aqu\u00ed se exponen han sido obtenidos por declaraciones personales de <em>Do\u00f1a Isabel Ferrera, Do\u00f1a\u00a0Gregoria\u00a0Ferrera y D.\u00a0Pedro Saucedo.<\/em>\u00a0que han contribuido en gran medida a conocer curiosidades y datos de este molino a lo largo del \u00faltimo siglo.<\/p>\n<p style=\"text-align: justify\">\n","protected":false},"excerpt":{"rendered":"<p>Este molino conocido en la actualidad como molino de los Ferrera, ha tenido a lo largo de su dilatada historia otros nombres, entre los que cabe destacar el de Pe\u00f1atejeda o de la Dehesa. La primera referencia documental que se tiene de este molino, aparece recogida en el Catastro de la Ensenada del a\u00f1o 1.752, &hellip; <a href=\"https:\/\/blog.uclm.es\/molinoferrera\/el-molino-de-la-dehesa\/el-molino-de-los-ferrera\/historia-del-molino\/\" class=\"more-link\">Seguir leyendo <span class=\"screen-reader-text\">Historia del molino<\/span> <span class=\"meta-nav\">&rarr;<\/span><\/a><\/p>\n","protected":false},"author":401,"featured_media":0,"parent":36,"menu_order":0,"comment_status":"closed","ping_status":"closed","template":"","meta":{"footnotes":""},"class_list":["post-106","page","type-page","status-publish","hentry"],"_links":{"self":[{"href":"https:\/\/blog.uclm.es\/molinoferrera\/wp-json\/wp\/v2\/pages\/106","targetHints":{"allow":["GET"]}}],"collection":[{"href":"https:\/\/blog.uclm.es\/molinoferrera\/wp-json\/wp\/v2\/pages"}],"about":[{"href":"https:\/\/blog.uclm.es\/molinoferrera\/wp-json\/wp\/v2\/types\/page"}],"author":[{"embeddable":true,"href":"https:\/\/blog.uclm.es\/molinoferrera\/wp-json\/wp\/v2\/users\/401"}],"replies":[{"embeddable":true,"href":"https:\/\/blog.uclm.es\/molinoferrera\/wp-json\/wp\/v2\/comments?post=106"}],"version-history":[{"count":0,"href":"https:\/\/blog.uclm.es\/molinoferrera\/wp-json\/wp\/v2\/pages\/106\/revisions"}],"up":[{"embeddable":true,"href":"https:\/\/blog.uclm.es\/molinoferrera\/wp-json\/wp\/v2\/pages\/36"}],"wp:attachment":[{"href":"https:\/\/blog.uclm.es\/molinoferrera\/wp-json\/wp\/v2\/media?parent=106"}],"curies":[{"name":"wp","href":"https:\/\/api.w.org\/{rel}","templated":true}]}}