{"id":104,"date":"2016-05-01T00:59:58","date_gmt":"2016-04-30T23:59:58","guid":{"rendered":"http:\/\/blog.uclm.es\/molinoferrera\/?page_id=104"},"modified":"2016-05-01T00:59:58","modified_gmt":"2016-04-30T23:59:58","slug":"descripcion-del-edificio","status":"publish","type":"page","link":"https:\/\/blog.uclm.es\/molinoferrera\/el-molino-de-la-dehesa\/el-molino-de-los-ferrera\/descripcion-del-edificio\/","title":{"rendered":"Descripci\u00f3n del edificio"},"content":{"rendered":"<p style=\"text-align: justify\">El molino tiene una construcci\u00f3n de planta rectangular en dos alturas, encontr\u00e1ndose destinada la planta baja a las labores de molienda y la planta superior como vivienda.<\/p>\n<figure style=\"width: 300px\" class=\"wp-caption aligncenter\"><a href=\"https:\/\/blog.uclm.es\/molinoferrera\/wp-content\/uploads\/sites\/240\/2016\/05\/MOLINO1.jpg\" target=\"_blank\" rel=\"noopener\"><img loading=\"lazy\" decoding=\"async\" class=\"wp-image-113 size-medium\" title=\"Pulsa para ver a mayor tama\u00f1o\" src=\"https:\/\/blog.uclm.es\/molinoferrera\/wp-content\/uploads\/sites\/240\/2016\/05\/MOLINO1-300x225.jpg\" alt=\"MOLINO1\" width=\"300\" height=\"225\" srcset=\"https:\/\/blog.uclm.es\/molinoferrera\/wp-content\/uploads\/sites\/240\/2016\/05\/MOLINO1-300x225.jpg 300w, https:\/\/blog.uclm.es\/molinoferrera\/wp-content\/uploads\/sites\/240\/2016\/05\/MOLINO1-768x576.jpg 768w, https:\/\/blog.uclm.es\/molinoferrera\/wp-content\/uploads\/sites\/240\/2016\/05\/MOLINO1.jpg 995w\" sizes=\"auto, (max-width: 300px) 100vw, 300px\" \/><\/a><figcaption class=\"wp-caption-text\">Vista exterior del Molino<\/figcaption><\/figure>\n<p style=\"text-align: justify\">En la planta baja o de molienda se constatan la existencia de restos de dos equipos de \u00a0molienda, \u00a0aunque \u00a0uno de ellos apenas \u00a0tiene \u00a0su \u00a0 maquinaria . Algunas de las antiguas piedras del molino aparecen recuperadas como mesas en la explanada de acceso.<\/p>\n<figure id=\"attachment_115\" aria-describedby=\"caption-attachment-115\" style=\"width: 300px\" class=\"wp-caption aligncenter\"><a href=\"https:\/\/blog.uclm.es\/molinoferrera\/wp-content\/uploads\/sites\/240\/2016\/05\/MOLINO2.jpg\" target=\"_blank\" rel=\"noopener\"><img loading=\"lazy\" decoding=\"async\" class=\"wp-image-115 size-medium\" title=\"Pulsar para ampliar\" src=\"https:\/\/blog.uclm.es\/molinoferrera\/wp-content\/uploads\/sites\/240\/2016\/05\/MOLINO2-300x225.jpg\" alt=\"PIEDRA\" width=\"300\" height=\"225\" srcset=\"https:\/\/blog.uclm.es\/molinoferrera\/wp-content\/uploads\/sites\/240\/2016\/05\/MOLINO2-300x225.jpg 300w, https:\/\/blog.uclm.es\/molinoferrera\/wp-content\/uploads\/sites\/240\/2016\/05\/MOLINO2.jpg 649w\" sizes=\"auto, (max-width: 300px) 100vw, 300px\" \/><\/a><figcaption id=\"caption-attachment-115\" class=\"wp-caption-text\">Piedra del molino original<\/figcaption><\/figure>\n<p style=\"text-align: justify\">En un lateral se encuentran los restos de la balsa de recepci\u00f3n de agua al final de caz que cuenta con dos entradas dos entradas de agua para suministrar la fuerza necesaria para el movimiento de las dos piedras del molino. \u00a0Su estado de conservaci\u00f3n es muy bueno al igual que sus c\u00e1rcavos a los que en la actualidad no es posible acceder.<\/p>\n<table style=\"width: 410px\" border=\"0\" cellspacing=\"0\" cellpadding=\"0\">\n<tbody>\n<tr>\n<td style=\"border-color: #ffffff\" colspan=\"2\">\n<p><figure id=\"attachment_118\" aria-describedby=\"caption-attachment-118\" style=\"width: 150px\" class=\"wp-caption aligncenter\"><a href=\"https:\/\/blog.uclm.es\/molinoferrera\/wp-content\/uploads\/sites\/240\/2016\/05\/MOLINO4.jpg\" target=\"_blank\" rel=\"noopener\"><img loading=\"lazy\" decoding=\"async\" class=\"wp-image-118 size-thumbnail\" src=\"https:\/\/blog.uclm.es\/molinoferrera\/wp-content\/uploads\/sites\/240\/2016\/05\/MOLINO4-150x150.jpg\" alt=\"MOLINO4\" width=\"150\" height=\"150\" \/><\/a><figcaption id=\"caption-attachment-118\" class=\"wp-caption-text\">Vista posterior de balsa final del caz<\/figcaption><\/figure><\/td>\n<\/tr>\n<tr>\n<td style=\"border-color: #ffffff\">\n<p><figure id=\"attachment_119\" aria-describedby=\"caption-attachment-119\" style=\"width: 150px\" class=\"wp-caption aligncenter\"><a href=\"https:\/\/blog.uclm.es\/molinoferrera\/wp-content\/uploads\/sites\/240\/2016\/05\/MOLINO5.jpg\" target=\"_blank\" rel=\"noopener\"><img loading=\"lazy\" decoding=\"async\" class=\"wp-image-119 size-thumbnail\" src=\"https:\/\/blog.uclm.es\/molinoferrera\/wp-content\/uploads\/sites\/240\/2016\/05\/MOLINO5-150x150.jpg\" alt=\"MOLINO5\" width=\"150\" height=\"150\" \/><\/a><figcaption id=\"caption-attachment-119\" class=\"wp-caption-text\">Entradas de agua a los rodeznos<\/figcaption><\/figure><\/td>\n<td style=\"border-color: #ffffff\">\n<p><figure id=\"attachment_120\" aria-describedby=\"caption-attachment-120\" style=\"width: 150px\" class=\"wp-caption aligncenter\"><a href=\"https:\/\/blog.uclm.es\/molinoferrera\/wp-content\/uploads\/sites\/240\/2016\/05\/MOLINO6.jpg\" target=\"_blank\" rel=\"noopener\"><img loading=\"lazy\" decoding=\"async\" class=\"wp-image-120 size-thumbnail\" src=\"https:\/\/blog.uclm.es\/molinoferrera\/wp-content\/uploads\/sites\/240\/2016\/05\/MOLINO6-150x150.jpg\" alt=\"MOLINO6\" width=\"150\" height=\"150\" \/><\/a><figcaption id=\"caption-attachment-120\" class=\"wp-caption-text\">Entrada izquierda<\/figcaption><\/figure><\/td>\n<\/tr>\n<tr>\n<td style=\"border-color: #ffffff\">\n<p><figure id=\"attachment_197\" aria-describedby=\"caption-attachment-197\" style=\"width: 150px\" class=\"wp-caption aligncenter\"><a href=\"https:\/\/blog.uclm.es\/molinoferrera\/wp-content\/uploads\/sites\/240\/2016\/05\/caz1.jpg\" target=\"_blank\" rel=\"noopener\"><img loading=\"lazy\" decoding=\"async\" class=\"wp-image-197 size-thumbnail\" src=\"https:\/\/blog.uclm.es\/molinoferrera\/wp-content\/uploads\/sites\/240\/2016\/05\/caz1-150x150.jpg\" alt=\"caz1\" width=\"150\" height=\"150\" \/><\/a><figcaption id=\"caption-attachment-197\" class=\"wp-caption-text\">Vista del caz desde la casa<\/figcaption><\/figure><\/td>\n<td style=\"border-color: #ffffff\">\n<p><figure id=\"attachment_198\" aria-describedby=\"caption-attachment-198\" style=\"width: 150px\" class=\"wp-caption aligncenter\"><a href=\"https:\/\/blog.uclm.es\/molinoferrera\/wp-content\/uploads\/sites\/240\/2016\/05\/socaz.jpg\" target=\"_blank\" rel=\"noopener\"><img loading=\"lazy\" decoding=\"async\" class=\"wp-image-198 size-thumbnail\" src=\"https:\/\/blog.uclm.es\/molinoferrera\/wp-content\/uploads\/sites\/240\/2016\/05\/socaz-150x150.jpg\" alt=\"socaz\" width=\"150\" height=\"150\" \/><\/a><figcaption id=\"caption-attachment-198\" class=\"wp-caption-text\">Vista del socaz<\/figcaption><\/figure><\/td>\n<\/tr>\n<\/tbody>\n<\/table>\n<p style=\"text-align: justify\">De los dos equipos de molienda que exist\u00edan en el molino, s\u00f3lo quedan los restos de uno de ellos, ya que el otro fue trasladado a la localidad de Almad\u00e9n a mediados del siglo XX y posteriormente donado \u00a0a la actualidad es propiedad de la ESCUELA DE INGENIER\u00cdA MINERA E INDUSTRIAL DE ALMAD\u00c9N, por la familia Ferrera de la Torre.<\/p>\n<figure id=\"attachment_126\" aria-describedby=\"caption-attachment-126\" style=\"width: 300px\" class=\"wp-caption aligncenter\"><a href=\"https:\/\/blog.uclm.es\/molinoferrera\/wp-content\/uploads\/sites\/240\/2016\/05\/MOLINO8.jpg\" target=\"_blank\" rel=\"noopener\"><img loading=\"lazy\" decoding=\"async\" class=\"wp-image-126 size-medium\" src=\"https:\/\/blog.uclm.es\/molinoferrera\/wp-content\/uploads\/sites\/240\/2016\/05\/MOLINO8-300x225.jpg\" alt=\"MOLINO8\" width=\"300\" height=\"225\" srcset=\"https:\/\/blog.uclm.es\/molinoferrera\/wp-content\/uploads\/sites\/240\/2016\/05\/MOLINO8-300x225.jpg 300w, https:\/\/blog.uclm.es\/molinoferrera\/wp-content\/uploads\/sites\/240\/2016\/05\/MOLINO8-768x576.jpg 768w, https:\/\/blog.uclm.es\/molinoferrera\/wp-content\/uploads\/sites\/240\/2016\/05\/MOLINO8.jpg 817w\" sizes=\"auto, (max-width: 300px) 100vw, 300px\" \/><\/a><figcaption id=\"caption-attachment-126\" class=\"wp-caption-text\">Ubicaci\u00f3n de las piedras en planta baja<\/figcaption><\/figure>\n","protected":false},"excerpt":{"rendered":"<p>El molino tiene una construcci\u00f3n de planta rectangular en dos alturas, encontr\u00e1ndose destinada la planta baja a las labores de molienda y la planta superior como vivienda. En la planta baja o de molienda se constatan la existencia de restos de dos equipos de \u00a0molienda, \u00a0aunque \u00a0uno de ellos apenas \u00a0tiene \u00a0su \u00a0 maquinaria . &hellip; <a href=\"https:\/\/blog.uclm.es\/molinoferrera\/el-molino-de-la-dehesa\/el-molino-de-los-ferrera\/descripcion-del-edificio\/\" class=\"more-link\">Seguir leyendo <span class=\"screen-reader-text\">Descripci\u00f3n del edificio<\/span> <span class=\"meta-nav\">&rarr;<\/span><\/a><\/p>\n","protected":false},"author":401,"featured_media":0,"parent":36,"menu_order":2,"comment_status":"closed","ping_status":"closed","template":"","meta":{"footnotes":""},"class_list":["post-104","page","type-page","status-publish","hentry"],"_links":{"self":[{"href":"https:\/\/blog.uclm.es\/molinoferrera\/wp-json\/wp\/v2\/pages\/104","targetHints":{"allow":["GET"]}}],"collection":[{"href":"https:\/\/blog.uclm.es\/molinoferrera\/wp-json\/wp\/v2\/pages"}],"about":[{"href":"https:\/\/blog.uclm.es\/molinoferrera\/wp-json\/wp\/v2\/types\/page"}],"author":[{"embeddable":true,"href":"https:\/\/blog.uclm.es\/molinoferrera\/wp-json\/wp\/v2\/users\/401"}],"replies":[{"embeddable":true,"href":"https:\/\/blog.uclm.es\/molinoferrera\/wp-json\/wp\/v2\/comments?post=104"}],"version-history":[{"count":0,"href":"https:\/\/blog.uclm.es\/molinoferrera\/wp-json\/wp\/v2\/pages\/104\/revisions"}],"up":[{"embeddable":true,"href":"https:\/\/blog.uclm.es\/molinoferrera\/wp-json\/wp\/v2\/pages\/36"}],"wp:attachment":[{"href":"https:\/\/blog.uclm.es\/molinoferrera\/wp-json\/wp\/v2\/media?parent=104"}],"curies":[{"name":"wp","href":"https:\/\/api.w.org\/{rel}","templated":true}]}}