{"id":10,"date":"2016-04-28T10:59:22","date_gmt":"2016-04-28T09:59:22","guid":{"rendered":"http:\/\/blog.uclm.es\/molinoferrera\/?page_id=10"},"modified":"2016-04-28T10:59:22","modified_gmt":"2016-04-28T09:59:22","slug":"el-molino-en-la-eimia","status":"publish","type":"page","link":"https:\/\/blog.uclm.es\/molinoferrera\/el-molino-en-la-eimia\/","title":{"rendered":"El molino en la EIMIA"},"content":{"rendered":"<p style=\"text-align: justify\">La \u00faltima etapa de este recorrido hist\u00f3rico es su recuperaci\u00f3n en la actual Escuela de Ingenier\u00eda Minera e Industrial de Almad\u00e9n.<\/p>\n<p style=\"text-align: justify\">Desde su donaci\u00f3n en el a\u00f1o 1999, tuvieron que pasar diecis\u00e9is a\u00f1os hasta que se iniciaron los trabajos de recuperaci\u00f3n.<\/p>\n<p style=\"text-align: justify\">En este punto, hay que reconocer la ayuda de la Universidad de\u00a0Castilla La Mancha, que con una aportaci\u00f3n cercana a los 12.000 \u20ac, supuso el impulso definitivo para materializar el proyecto. A esta aportaci\u00f3n, hay que unir otra importante ayuda a cargo del Convenio firmado con la empresa Schlumberger, lo que ha permitido que este elemento patrimonial haya podido ser recuperado sin comprometer fondos de la propia Escuela.<\/p>\n<p style=\"text-align: justify\">Desde aqu\u00ed reiterar mi agradecimiento a la Universidad por atender mi petici\u00f3n y por otro lado a la empresa Schlumberger por su colaboraci\u00f3n.<\/p>\n<p style=\"text-align: justify\">A lo largo de las secciones de este apartado se va a intentar resumir en im\u00e1genes su montaje y las modificaciones que fue necesario introducir para ubicar el molino.<\/p>\n<p style=\"text-align: justify\"><em><strong>El Molino\u00a0Ferrera<\/strong><\/em> est\u00e1 ah\u00ed, pero a\u00fan quedan algunas cosas por hacer. Desde aqu\u00ed esperamos poder culminar el proyecto con el fin de que este bien quede preservado en el tiempo.<\/p>\n<hr \/>\n<p>&nbsp;<\/p>\n","protected":false},"excerpt":{"rendered":"<p>La \u00faltima etapa de este recorrido hist\u00f3rico es su recuperaci\u00f3n en la actual Escuela de Ingenier\u00eda Minera e Industrial de Almad\u00e9n. Desde su donaci\u00f3n en el a\u00f1o 1999, tuvieron que pasar diecis\u00e9is a\u00f1os hasta que se iniciaron los trabajos de recuperaci\u00f3n. En este punto, hay que reconocer la ayuda de la Universidad de\u00a0Castilla La Mancha, &hellip; <a href=\"https:\/\/blog.uclm.es\/molinoferrera\/el-molino-en-la-eimia\/\" class=\"more-link\">Seguir leyendo <span class=\"screen-reader-text\">El molino en la EIMIA<\/span> <span class=\"meta-nav\">&rarr;<\/span><\/a><\/p>\n","protected":false},"author":401,"featured_media":0,"parent":0,"menu_order":0,"comment_status":"closed","ping_status":"closed","template":"","meta":{"footnotes":""},"class_list":["post-10","page","type-page","status-publish","hentry"],"_links":{"self":[{"href":"https:\/\/blog.uclm.es\/molinoferrera\/wp-json\/wp\/v2\/pages\/10","targetHints":{"allow":["GET"]}}],"collection":[{"href":"https:\/\/blog.uclm.es\/molinoferrera\/wp-json\/wp\/v2\/pages"}],"about":[{"href":"https:\/\/blog.uclm.es\/molinoferrera\/wp-json\/wp\/v2\/types\/page"}],"author":[{"embeddable":true,"href":"https:\/\/blog.uclm.es\/molinoferrera\/wp-json\/wp\/v2\/users\/401"}],"replies":[{"embeddable":true,"href":"https:\/\/blog.uclm.es\/molinoferrera\/wp-json\/wp\/v2\/comments?post=10"}],"version-history":[{"count":0,"href":"https:\/\/blog.uclm.es\/molinoferrera\/wp-json\/wp\/v2\/pages\/10\/revisions"}],"wp:attachment":[{"href":"https:\/\/blog.uclm.es\/molinoferrera\/wp-json\/wp\/v2\/media?parent=10"}],"curies":[{"name":"wp","href":"https:\/\/api.w.org\/{rel}","templated":true}]}}