{"id":601,"date":"2016-04-29T12:27:32","date_gmt":"2016-04-29T11:27:32","guid":{"rendered":"http:\/\/blog.uclm.es\/mjruiz\/?page_id=601"},"modified":"2026-02-07T22:09:22","modified_gmt":"2026-02-07T22:09:22","slug":"docencia","status":"publish","type":"page","link":"https:\/\/blog.uclm.es\/mjruiz\/docencia\/","title":{"rendered":"Docencia"},"content":{"rendered":"\n<h2 class=\"wp-block-heading\">Curso 2025 &#8211; 2026<\/h2>\n\n\n\n<h2 class=\"wp-block-heading\"><span style=\"font-size: medium\"><a href=\"https:\/\/guiae.uclm.es\/vistaGuia\/341\/13304\" target=\"_blank\" rel=\"noopener\">Enlace y estructura<\/a><\/span><\/h2>\n\n\n\n<div class=\"wp-block-media-text is-stacked-on-mobile\"><figure class=\"wp-block-media-text__media\"><img loading=\"lazy\" decoding=\"async\" width=\"300\" height=\"212\" src=\"https:\/\/blog.uclm.es\/mjruiz\/wp-content\/uploads\/sites\/12\/2026\/02\/Molecular_model_of_Penicillin_by_Dorothy_Hodgkin_9663803982-1-300x212-2.jpg\" alt=\"\" class=\"wp-image-1294 size-full\" \/><\/figure><div class=\"wp-block-media-text__content\">\n<p>Asignatura de primer curso del\u00a0<a href=\"http:\/\/www.uclm.es\/to\/MAmbiente\/gradoBioquimica\/\" target=\"_blank\" rel=\"noopener\">Grado en Bioqu\u00edmica<\/a>\u00a0cuyo objetivo principal \u00a0es que los alumnos aprendan los conceptos y principios b\u00e1sicos de los modelos de enlace que determinan la estructura de la materia, desde las sustancias m\u00e1s simples a las complejas biomol\u00e9culas que componen los seres vivos.<\/p>\n<\/div><\/div>\n\n\n\n<p><strong><a href=\"https:\/\/planea.apps.uclm.es\/web\/guia\/340\/37342\/\">Qu\u00edmica Sostenible<\/a><\/strong><\/p>\n\n\n\n<div class=\"wp-block-media-text is-stacked-on-mobile\"><figure class=\"wp-block-media-text__media\"><img loading=\"lazy\" decoding=\"async\" width=\"370\" height=\"315\" src=\"https:\/\/blog.uclm.es\/mjruiz\/wp-content\/uploads\/sites\/12\/2026\/02\/biodegradable22.jpg\" alt=\"\" class=\"wp-image-1281 size-full\" srcset=\"https:\/\/blog.uclm.es\/mjruiz\/wp-content\/uploads\/sites\/12\/2026\/02\/biodegradable22.jpg 370w, https:\/\/blog.uclm.es\/mjruiz\/wp-content\/uploads\/sites\/12\/2026\/02\/biodegradable22-300x255.jpg 300w\" sizes=\"auto, (max-width: 370px) 100vw, 370px\" \/><\/figure><div class=\"wp-block-media-text__content\">\n<p>Asignatura de cuarto curso del\u00a0<a href=\"https:\/\/www.uclm.es\/es\/toledo\/MAmbiente\/Titulaciones\/Amb\">Grado en Ciencias Ambientales<\/a> cuyo objetivo principal es que los estudiantes comprendan los principios de la qu\u00edmica verde como alternativa a los procesos m\u00e1s tradicionales utilizados en la industria.<\/p>\n<\/div><\/div>\n\n\n\n<h3 class=\"wp-block-heading\"><a href=\"https:\/\/guiae.uclm.es\/vistaPrevia\/9982\/40\" target=\"_blank\" rel=\"noopener\">Innovaci<\/a><a href=\"https:\/\/guiae.uclm.es\/vistaPrevia\/9982\/40\" target=\"_blank\" rel=\"noopener\">\u00f3n docente en ciencias<\/a><\/h3>\n\n\n\n<div class=\"wp-block-media-text is-stacked-on-mobile\"><figure class=\"wp-block-media-text__media\"><img loading=\"lazy\" decoding=\"async\" width=\"475\" height=\"316\" src=\"https:\/\/blog.uclm.es\/mjruiz\/wp-content\/uploads\/sites\/12\/2013\/11\/BMS_classrooms.jpg\" alt=\"\" class=\"wp-image-533 size-full\" srcset=\"https:\/\/blog.uclm.es\/mjruiz\/wp-content\/uploads\/sites\/12\/2013\/11\/BMS_classrooms.jpg 475w, https:\/\/blog.uclm.es\/mjruiz\/wp-content\/uploads\/sites\/12\/2013\/11\/BMS_classrooms-300x200.jpg 300w\" sizes=\"auto, (max-width: 475px) 100vw, 475px\" \/><\/figure><div class=\"wp-block-media-text__content\">\n<p>En esta asignatura del <a href=\"http:\/\/mufps.masteruniversitario.uclm.es\/presentacion.aspx\" target=\"_blank\" rel=\"noopener\">MUFPS<\/a>\u00a0se presentan\u00a0a los futuros profesores de secundaria distintas t\u00e9cnicas docentes orientadas a\u00a0la adquisici\u00f3n de las llamadas \u00abcompetencias del siglo XXI\u00bb. Tambi\u00e9n se les anima a profundizar en su desarrollo profesional como docentes a trav\u00e9s de la innovaci\u00f3n, la investigaci\u00f3n y la autoformaci\u00f3n.<\/p>\n<\/div><\/div>\n\n\n\n<h3 class=\"wp-block-heading\"><a href=\"https:\/\/guiae.uclm.es\/vistaPrevia\/9982\/40\" target=\"_blank\" rel=\"noopener\">Seminario de investigaci\u00f3n<\/a><a href=\"https:\/\/guiae.uclm.es\/vistaGuia\/2307\/310436\/2021-22\/999\" target=\"_blank\" rel=\"noopener\">&nbsp;educativa en ciencias<\/a><\/h3>\n\n\n\n<div class=\"wp-block-media-text is-stacked-on-mobile\"><figure class=\"wp-block-media-text__media\"><img loading=\"lazy\" decoding=\"async\" width=\"1024\" height=\"792\" src=\"https:\/\/blog.uclm.es\/mjruiz\/wp-content\/uploads\/sites\/12\/2022\/07\/Imagen-1-1024x792.gif\" alt=\"\" class=\"wp-image-1220 size-full\" srcset=\"https:\/\/blog.uclm.es\/mjruiz\/wp-content\/uploads\/sites\/12\/2022\/07\/Imagen-1-1024x792.gif 1024w, https:\/\/blog.uclm.es\/mjruiz\/wp-content\/uploads\/sites\/12\/2022\/07\/Imagen-1-300x232.gif 300w, https:\/\/blog.uclm.es\/mjruiz\/wp-content\/uploads\/sites\/12\/2022\/07\/Imagen-1-768x594.gif 768w, https:\/\/blog.uclm.es\/mjruiz\/wp-content\/uploads\/sites\/12\/2022\/07\/Imagen-1-624x483.gif 624w\" sizes=\"auto, (max-width: 1024px) 100vw, 1024px\" \/><\/figure><div class=\"wp-block-media-text__content\">\n<p>En esta asignatura del <a href=\"http:\/\/mufps.masteruniversitario.uclm.es\/presentacion.aspx\" target=\"_blank\" rel=\"noopener\">MUFPS<\/a> se presentan a los futuros profesores de secundaria distintas t\u00e9cnicas de investigaci\u00f3n educativa. Dada la formaci\u00f3n de grado de los alumnos del m\u00e1ster es probable que conozcan las tradiciones metodol\u00f3gicas o paradigm\u00e1ticas pero, en su aplicaci\u00f3n al perfil profesional docente. Con la materia se trata entonces de dotar a los profesores de herramientas metodol\u00f3gicas que les permitan investigar desde su pr\u00e1ctica educativa (investigaci\u00f3n cuantitativa, cualitativa, investigaci\u00f3n en la acci\u00f3n, modelos emergentes).<\/p>\n<\/div><\/div>\n\n\n\n<hr class=\"wp-block-separator has-alpha-channel-opacity\" \/>\n\n\n\n<h1 class=\"wp-block-heading\">Cursos anteriores<\/h1>\n\n\n\n<h3 class=\"wp-block-heading\"><a href=\"https:\/\/guiae.uclm.es\/vistaGuia\/341\/13343\" target=\"_blank\" rel=\"noopener\">Biomateriales<\/a><\/h3>\n\n\n\n<div class=\"wp-block-media-text is-stacked-on-mobile\"><figure class=\"wp-block-media-text__media\"><img loading=\"lazy\" decoding=\"async\" width=\"393\" height=\"356\" src=\"https:\/\/blog.uclm.es\/mjruiz\/wp-content\/uploads\/sites\/12\/2013\/11\/09_12_Missing-Touch-1.jpg\" alt=\"\" class=\"wp-image-526 size-full\" srcset=\"https:\/\/blog.uclm.es\/mjruiz\/wp-content\/uploads\/sites\/12\/2013\/11\/09_12_Missing-Touch-1.jpg 393w, https:\/\/blog.uclm.es\/mjruiz\/wp-content\/uploads\/sites\/12\/2013\/11\/09_12_Missing-Touch-1-300x272.jpg 300w\" sizes=\"auto, (max-width: 393px) 100vw, 393px\" \/><\/figure><div class=\"wp-block-media-text__content\">\n<p>El dise\u00f1o de biomateriales implica la contribuci\u00f3n de distintas ramas de la ciencia (qu\u00edmica, f\u00edsica, biolog\u00eda y bioqu\u00edmica) de las que\u00a0los estudiantes\u00a0de cuarto curso del <a href=\"http:\/\/www.uclm.es\/to\/MAmbiente\/gradoBioquimica\/\" target=\"_blank\" rel=\"noopener\">Grado en Bioqu\u00edmica<\/a>\u00a0 ya conocen los principios b\u00e1sicos necesarios.\u00a0Haciendo uso de este bagage y con\u00a0la incorporaci\u00f3n de conocimientos Ciencia de Materiales, analizaremos cu\u00e1les son los criterios a tener en cuenta en el dise\u00f1o y uso de biomateriales.<\/p>\n<\/div><\/div>\n\n\n\n<p><\/p>\n\n\n\n<h3 class=\"wp-block-heading\"><strong><a href=\"https:\/\/guiae.uclm.es\/es\/vistaPrevia\/47132\" target=\"_blank\" rel=\"noreferrer noopener\">Qu\u00edmica Bioinorg\u00e1nica<\/a><\/strong><\/h3>\n\n\n\n<div class=\"wp-block-media-text is-stacked-on-mobile\"><figure class=\"wp-block-media-text__media\"><img loading=\"lazy\" decoding=\"async\" width=\"330\" height=\"330\" src=\"https:\/\/blog.uclm.es\/mjruiz\/wp-content\/uploads\/sites\/12\/2022\/07\/330px-Carbonic_anhydrase_1CA2_active_site.png\" alt=\"\" class=\"wp-image-1216 size-full\" srcset=\"https:\/\/blog.uclm.es\/mjruiz\/wp-content\/uploads\/sites\/12\/2022\/07\/330px-Carbonic_anhydrase_1CA2_active_site.png 330w, https:\/\/blog.uclm.es\/mjruiz\/wp-content\/uploads\/sites\/12\/2022\/07\/330px-Carbonic_anhydrase_1CA2_active_site-300x300.png 300w, https:\/\/blog.uclm.es\/mjruiz\/wp-content\/uploads\/sites\/12\/2022\/07\/330px-Carbonic_anhydrase_1CA2_active_site-150x150.png 150w\" sizes=\"auto, (max-width: 330px) 100vw, 330px\" \/><\/figure><div class=\"wp-block-media-text__content\">\n<p>Esta asignatura se encuentra en el segundo curso del <a href=\"http:\/\/www.uclm.es\/to\/MAmbiente\/gradoBioquimica\/\">Grado en Bioqu\u00edmica<\/a>. Su principal objetivo es que el alumnado conozca el papel que juegan los distintos elementos qu\u00edmicos en los sistemas biol\u00f3gicos, haciendo especial hincapi\u00e9 en el estudio de los centros activos de algunas metaloprote\u00ednas como principales responsables de la actividad que \u00e9stas desempe\u00f1an en los sistemas biol\u00f3gicos. Se abordar\u00e1n tambi\u00e9n aspectos de Qu\u00edmica Inorg\u00e1nica medicinal y sobre la toxicolog\u00eda de algunos metales.<\/p>\n<\/div><\/div>\n","protected":false},"excerpt":{"rendered":"<p>Curso 2025 &#8211; 2026 Enlace y estructura Asignatura de primer curso del\u00a0Grado en Bioqu\u00edmica\u00a0cuyo objetivo principal \u00a0es que los alumnos aprendan los conceptos y principios b\u00e1sicos de los modelos de enlace que determinan la estructura de la materia, desde las sustancias m\u00e1s simples a las complejas biomol\u00e9culas que componen los seres vivos. Qu\u00edmica Sostenible Asignatura [&hellip;]<\/p>\n","protected":false},"author":32,"featured_media":0,"parent":0,"menu_order":0,"comment_status":"closed","ping_status":"closed","template":"","meta":{"footnotes":""},"class_list":["post-601","page","type-page","status-publish","hentry"],"_links":{"self":[{"href":"https:\/\/blog.uclm.es\/mjruiz\/wp-json\/wp\/v2\/pages\/601","targetHints":{"allow":["GET"]}}],"collection":[{"href":"https:\/\/blog.uclm.es\/mjruiz\/wp-json\/wp\/v2\/pages"}],"about":[{"href":"https:\/\/blog.uclm.es\/mjruiz\/wp-json\/wp\/v2\/types\/page"}],"author":[{"embeddable":true,"href":"https:\/\/blog.uclm.es\/mjruiz\/wp-json\/wp\/v2\/users\/32"}],"replies":[{"embeddable":true,"href":"https:\/\/blog.uclm.es\/mjruiz\/wp-json\/wp\/v2\/comments?post=601"}],"version-history":[{"count":12,"href":"https:\/\/blog.uclm.es\/mjruiz\/wp-json\/wp\/v2\/pages\/601\/revisions"}],"predecessor-version":[{"id":1298,"href":"https:\/\/blog.uclm.es\/mjruiz\/wp-json\/wp\/v2\/pages\/601\/revisions\/1298"}],"wp:attachment":[{"href":"https:\/\/blog.uclm.es\/mjruiz\/wp-json\/wp\/v2\/media?parent=601"}],"curies":[{"name":"wp","href":"https:\/\/api.w.org\/{rel}","templated":true}]}}