{"id":578,"date":"2016-04-29T12:12:15","date_gmt":"2016-04-29T11:12:15","guid":{"rendered":"http:\/\/blog.uclm.es\/mjruiz\/?page_id=578"},"modified":"2026-02-08T01:03:39","modified_gmt":"2026-02-08T01:03:39","slug":"inicio","status":"publish","type":"page","link":"https:\/\/blog.uclm.es\/mjruiz\/","title":{"rendered":"Presentaci\u00f3n"},"content":{"rendered":"\n<div class=\"wp-block-group\"><div class=\"wp-block-group__inner-container is-layout-flow wp-block-group-is-layout-flow\">\n<p>Natural de Socu\u00e9llamos, Ciudad Real. Licenciada en Ciencias Qu\u00edmicas por la Universidad Complutense de Madrid (1989). Investigadora Predoctoral en la Universidad de Groningen (1992). Doctora en Qu\u00edmica por la Universidad de Castilla \u2013 La Mancha (1997). Investigadora Postdoctoral en el CPE (CNRS), Lyon (1997-1998). Profesora Titular de Universidad desde 2003. Decana de la Facultad de Ciencias Ambientales y Bioqu\u00edmica (2008-2012). Coordinadora del M\u00e1ster Universitario en Profesor de Educaci\u00f3n Secundaria Obligatoria y Bachillerato, Formaci\u00f3n Profesional y Ense\u00f1anza de Idiomas (MUFPS) desde 2024 hasta la actualidad.<\/p>\n\n\n\n<p><strong>Datos de contacto<\/strong><\/p>\n\n\n\n<ul class=\"wp-block-list\">\n<li><a href=\"https:\/\/www.uclm.es\/toledo\/MAmbiente\">Facultad de Ciencias Ambientales y Bioqu\u00edmica<\/a> de la <a href=\"http:\/\/www.uclm.es\/\">Universidad de Castilla &#8211; La Mancha<\/a>. Avenida de Carlos III, sn. 45071, Toledo.<\/li>\n\n\n\n<li>Correo electr\u00f3nico: <a href=\"mailto:MJ.Ruiz@uclm.es\">MJ.Ruiz@uclm.es<\/a><\/li>\n\n\n\n<li><a href=\"https:\/\/www.linkedin.com\/in\/maria-jose-ruiz-garcia-uclm\/\"> LinkedIn<\/a><\/li>\n<\/ul>\n<\/div><\/div>\n","protected":false},"excerpt":{"rendered":"<p>Natural de Socu\u00e9llamos, Ciudad Real. Licenciada en Ciencias Qu\u00edmicas por la Universidad Complutense de Madrid (1989). Investigadora Predoctoral en la Universidad de Groningen (1992). Doctora en Qu\u00edmica por la Universidad de Castilla \u2013 La Mancha (1997). Investigadora Postdoctoral en el CPE (CNRS), Lyon (1997-1998). Profesora Titular de Universidad desde 2003. Decana de la Facultad de [&hellip;]<\/p>\n","protected":false},"author":32,"featured_media":1346,"parent":0,"menu_order":0,"comment_status":"closed","ping_status":"closed","template":"page-templates\/front-page.php","meta":{"footnotes":""},"class_list":["post-578","page","type-page","status-publish","has-post-thumbnail","hentry"],"_links":{"self":[{"href":"https:\/\/blog.uclm.es\/mjruiz\/wp-json\/wp\/v2\/pages\/578","targetHints":{"allow":["GET"]}}],"collection":[{"href":"https:\/\/blog.uclm.es\/mjruiz\/wp-json\/wp\/v2\/pages"}],"about":[{"href":"https:\/\/blog.uclm.es\/mjruiz\/wp-json\/wp\/v2\/types\/page"}],"author":[{"embeddable":true,"href":"https:\/\/blog.uclm.es\/mjruiz\/wp-json\/wp\/v2\/users\/32"}],"replies":[{"embeddable":true,"href":"https:\/\/blog.uclm.es\/mjruiz\/wp-json\/wp\/v2\/comments?post=578"}],"version-history":[{"count":11,"href":"https:\/\/blog.uclm.es\/mjruiz\/wp-json\/wp\/v2\/pages\/578\/revisions"}],"predecessor-version":[{"id":1347,"href":"https:\/\/blog.uclm.es\/mjruiz\/wp-json\/wp\/v2\/pages\/578\/revisions\/1347"}],"wp:featuredmedia":[{"embeddable":true,"href":"https:\/\/blog.uclm.es\/mjruiz\/wp-json\/wp\/v2\/media\/1346"}],"wp:attachment":[{"href":"https:\/\/blog.uclm.es\/mjruiz\/wp-json\/wp\/v2\/media?parent=578"}],"curies":[{"name":"wp","href":"https:\/\/api.w.org\/{rel}","templated":true}]}}