{"id":4,"date":"2016-04-21T15:45:32","date_gmt":"2016-04-21T14:45:32","guid":{"rendered":"http:\/\/blog.uclm.es\/miguelredondo\/?page_id=4"},"modified":"2025-06-27T07:11:43","modified_gmt":"2025-06-27T07:11:43","slug":"presentacion","status":"publish","type":"page","link":"https:\/\/blog.uclm.es\/miguelredondo\/","title":{"rendered":"Presentaci\u00f3n"},"content":{"rendered":"<p><img loading=\"lazy\" decoding=\"async\" class=\"alignleft size-medium wp-image-7\" src=\"https:\/\/blog.uclm.es\/miguelredondo\/wp-content\/uploads\/sites\/77\/2016\/04\/MARedondo_Videojuegos-232x300.jpg\" alt=\"MARedondo_Videojuegos\" width=\"232\" height=\"300\" srcset=\"https:\/\/blog.uclm.es\/miguelredondo\/wp-content\/uploads\/sites\/77\/2016\/04\/MARedondo_Videojuegos-232x300.jpg 232w, https:\/\/blog.uclm.es\/miguelredondo\/wp-content\/uploads\/sites\/77\/2016\/04\/MARedondo_Videojuegos.jpg 281w\" sizes=\"auto, (max-width: 232px) 100vw, 232px\" \/><\/p>\n<p>Esta es la p\u00e1gina personal de <strong>Miguel \u00c1ngel Redondo Duque<\/strong>.<\/p>\n<p>Actualmente soy catedr\u00e1tico de universidad del <a href=\"http:\/\/tsi.uclm.es\/\" target=\"_top\" rel=\"noopener noreferrer\">Departamento de Tecnolog\u00edas y Sistemas de Informaci\u00f3n<\/a>\u00a0de la\u00a0<a href=\"http:\/\/www.uclm.es\/\" target=\"_top\" rel=\"noopener noreferrer\">Universidad de Castilla &#8211; La Mancha<\/a>, e imparto clases en la\u00a0<a href=\"http:\/\/www.inf-cr.uclm.es\/\" target=\"_top\" rel=\"noopener noreferrer\">Escuela Superior de Inform\u00e1tica (Ciudad Real)<\/a><\/p>\n<p>En este espacio\u00a0puedes encontrar informaci\u00f3n sobre mi\u00a0actividad docente e investigadora,\u00a0as\u00ed como sobre mi trayectoria profesional.<\/p>\n<h3><\/h3>\n","protected":false},"excerpt":{"rendered":"<p>Esta es la p\u00e1gina personal de Miguel \u00c1ngel Redondo Duque. Actualmente soy catedr\u00e1tico de universidad del Departamento de Tecnolog\u00edas y Sistemas de Informaci\u00f3n\u00a0de la\u00a0Universidad de Castilla &#8211; La Mancha, e imparto clases en la\u00a0Escuela Superior de Inform\u00e1tica (Ciudad Real) En este espacio\u00a0puedes encontrar informaci\u00f3n sobre mi\u00a0actividad docente e investigadora,\u00a0as\u00ed como sobre mi trayectoria profesional.<\/p>\n","protected":false},"author":67,"featured_media":0,"parent":0,"menu_order":0,"comment_status":"closed","ping_status":"closed","template":"","meta":{"footnotes":""},"class_list":["post-4","page","type-page","status-publish","hentry"],"_links":{"self":[{"href":"https:\/\/blog.uclm.es\/miguelredondo\/wp-json\/wp\/v2\/pages\/4","targetHints":{"allow":["GET"]}}],"collection":[{"href":"https:\/\/blog.uclm.es\/miguelredondo\/wp-json\/wp\/v2\/pages"}],"about":[{"href":"https:\/\/blog.uclm.es\/miguelredondo\/wp-json\/wp\/v2\/types\/page"}],"author":[{"embeddable":true,"href":"https:\/\/blog.uclm.es\/miguelredondo\/wp-json\/wp\/v2\/users\/67"}],"replies":[{"embeddable":true,"href":"https:\/\/blog.uclm.es\/miguelredondo\/wp-json\/wp\/v2\/comments?post=4"}],"version-history":[{"count":1,"href":"https:\/\/blog.uclm.es\/miguelredondo\/wp-json\/wp\/v2\/pages\/4\/revisions"}],"predecessor-version":[{"id":66,"href":"https:\/\/blog.uclm.es\/miguelredondo\/wp-json\/wp\/v2\/pages\/4\/revisions\/66"}],"wp:attachment":[{"href":"https:\/\/blog.uclm.es\/miguelredondo\/wp-json\/wp\/v2\/media?parent=4"}],"curies":[{"name":"wp","href":"https:\/\/api.w.org\/{rel}","templated":true}]}}